{"id":5488,"date":"2025-08-29T17:49:13","date_gmt":"2025-08-29T15:49:13","guid":{"rendered":"https:\/\/www.lokefoil.com\/store\/\/"},"modified":"2025-09-16T16:44:14","modified_gmt":"2025-09-16T14:44:14","slug":"mat-gold","status":"publish","type":"product","link":"https:\/\/www.lokefoil.com\/fr\/store\/mat-gold\/","title":{"rendered":"M\u00e2t GOLD"},"content":{"rendered":"<div class=\"uk-grid-large\">\n<div class=\"uk-flex-middle uk-width-1-3@m\">\n<h2 class=\"uk-h5 uk-margin-small\">Description<\/h2>\n<p>Le m\u00e2t Gold est le m\u00e2t de race par excellence made in Lokefoil. Son nouveau profil ainsi que son outline sont des \u00e9volutions direct de notre m\u00e2t Ultimate.\u00a0 Cette nouvelle gamme gold est d\u00e9velopp\u00e9 dans l&rsquo;objectif d&rsquo;avoir un foil avec beaucoup de glisse tout en gardant un maximum de stabilit\u00e9 et de contr\u00f4le, afin de pouvoir atteindre des vitesses tr\u00e8s \u00e9lev\u00e9es avec beaucoup de facilit\u00e9. Il accompagne un nouvel ensemble complet avec son fuselage carbone 105 comprenant un nouvel appui pour plus de rigidit\u00e9. La connexion m\u00e2t\/fuselage est d\u00e9sormais conique facilitant la mis en place, cela am\u00e9liore \u00e9galement la rigidit\u00e9 de la connexion ainsi que la rigidit\u00e9 et solidit\u00e9 du fuselage. Toujours \u00e0 la pointe de l&rsquo;innovation le m\u00e2t gold introduit un nouveau syst\u00e8me pour r\u00e9gler le rake en un temps record avec beaucoup de pr\u00e9cision, coupl\u00e9 \u00e0 notre kit OTO, vous pouvez ajuster votre foil sans outils au bord de l&rsquo;eau.<\/p>\n<\/div>\n<\/div>\n","protected":false},"excerpt":{"rendered":"<p>Un concentr\u00e9 d&rsquo;exp\u00e9rience et d&rsquo;innovation, glisse ultime et contr\u00f4le maximale et simplicit\u00e9 de mise en place in\u00e9gal\u00e9 pour un set up de race.<\/p>\n","protected":false},"featured_media":5494,"comment_status":"open","ping_status":"closed","template":"","meta":{"_acf_changed":false},"product_brand":[],"product_cat":[136],"product_tag":[103,203],"class_list":{"0":"post-5488","1":"product","2":"type-product","3":"status-publish","4":"has-post-thumbnail","6":"product_cat-mats-ultimate","7":"product_tag-race","8":"product_tag-windfoil","9":"product_shipping_class-colis-m","11":"first","12":"instock","13":"taxable","14":"shipping-taxable","15":"purchasable","16":"product-type-simple"},"bundled_by":["5557"],"bundle_stock_status":"instock","bundle_stock_quantity":20,"bundle_virtual":false,"bundle_layout":"","bundle_add_to_cart_form_location":"","bundle_editable_in_cart":false,"bundle_sold_individually_context":"","bundle_item_grouping":"","bundle_min_size":"","bundle_max_size":"","bundle_price":[],"bundled_items":[],"bundle_sell_ids":[],"exclude_global_add_ons":[],"addons":[],"acf":[],"yoast_head":"<!-- This site is optimized with the Yoast SEO Premium plugin v27.0 (Yoast SEO v27.1.1) - https:\/\/yoast.com\/product\/yoast-seo-premium-wordpress\/ -->\n<title>M\u00e2t GOLD - LOKEFOIL<\/title>\n<meta name=\"description\" content=\"Le m\u00e2t Gold est le m\u00e2t de race par excellence made in Lokefoil, il apporte nouveaut\u00e9s et innovations dans le monde du windfoil. Son nouveau profil ainsi que son d\u00e9croch\u00e9 son des \u00e9volutions direct de notre m\u00e2t Ultimate, encore plus de glisse et de contr\u00f4le. Cette nouvelle gamme gold est d\u00e9velopp\u00e9 dans l&#039;objectif d&#039;avoir un foil avec beaucoup de glisse tout en gardant un maximum de stabilit\u00e9 et de contr\u00f4le, afin de pouvoir atteindre des vitesses tr\u00e8s \u00e9lev\u00e9es avec beaucoup de facilit\u00e9. Il accompagne un nouvel ensemble complet avec son fuselage carbone 105 comprenant un nouvel appui avec 4 vis m6 pour plus de rigidit\u00e9. La connexion m\u00e2t\/fuselage est d\u00e9sormais conique facilitant la mis en place, cela am\u00e9liore \u00e9galement la rigidit\u00e9 de la connexion ainsi que la rigidit\u00e9 et solidit\u00e9 du fuselage. Toujours \u00e0 la pointe de l&#039;innovation le m\u00e2t gold introduit un nouveau syst\u00e8me pour r\u00e9gler le rake en un temps record avec beaucoup de pr\u00e9cision, coupl\u00e9 \u00e0 notre kit OTO, vous pouvez ajuster votre foil en quelques instants et sans outils.\" \/>\n<meta name=\"robots\" content=\"index, follow, max-snippet:-1, max-image-preview:large, max-video-preview:-1\" \/>\n<link rel=\"canonical\" href=\"https:\/\/www.lokefoil.com\/fr\/store\/mat-gold\/\" \/>\n<meta property=\"og:locale\" content=\"fr_FR\" \/>\n<meta property=\"og:type\" content=\"article\" \/>\n<meta property=\"og:title\" content=\"M\u00e2t GOLD\" \/>\n<meta property=\"og:description\" content=\"Le m\u00e2t Gold est le m\u00e2t de race par excellence made in Lokefoil, il apporte nouveaut\u00e9s et innovations dans le monde du windfoil. Son nouveau profil ainsi que son d\u00e9croch\u00e9 son des \u00e9volutions direct de notre m\u00e2t Ultimate, encore plus de glisse et de contr\u00f4le. Cette nouvelle gamme gold est d\u00e9velopp\u00e9 dans l&#039;objectif d&#039;avoir un foil avec beaucoup de glisse tout en gardant un maximum de stabilit\u00e9 et de contr\u00f4le, afin de pouvoir atteindre des vitesses tr\u00e8s \u00e9lev\u00e9es avec beaucoup de facilit\u00e9. Il accompagne un nouvel ensemble complet avec son fuselage carbone 105 comprenant un nouvel appui avec 4 vis m6 pour plus de rigidit\u00e9. La connexion m\u00e2t\/fuselage est d\u00e9sormais conique facilitant la mis en place, cela am\u00e9liore \u00e9galement la rigidit\u00e9 de la connexion ainsi que la rigidit\u00e9 et solidit\u00e9 du fuselage. Toujours \u00e0 la pointe de l&#039;innovation le m\u00e2t gold introduit un nouveau syst\u00e8me pour r\u00e9gler le rake en un temps record avec beaucoup de pr\u00e9cision, coupl\u00e9 \u00e0 notre kit OTO, vous pouvez ajuster votre foil en quelques instants et sans outils.\" \/>\n<meta property=\"og:url\" content=\"https:\/\/www.lokefoil.com\/fr\/store\/mat-gold\/\" \/>\n<meta property=\"og:site_name\" content=\"LOKEFOIL\" \/>\n<meta property=\"article:modified_time\" content=\"2025-09-16T14:44:14+00:00\" \/>\n<meta property=\"og:image\" content=\"https:\/\/www.lokefoil.com\/wp-content\/uploads\/2025\/08\/gold_10_2.jpg\" \/>\n\t<meta property=\"og:image:width\" content=\"1599\" \/>\n\t<meta property=\"og:image:height\" content=\"1850\" \/>\n\t<meta property=\"og:image:type\" content=\"image\/jpeg\" \/>\n<meta name=\"twitter:card\" content=\"summary_large_image\" \/>\n<meta name=\"twitter:label1\" content=\"Prix\" \/>\n\t<meta name=\"twitter:data1\" content=\"2399,00&nbsp;&euro;\" \/>\n\t<meta name=\"twitter:label2\" content=\"Disponibilit\u00e9\" \/>\n\t<meta name=\"twitter:data2\" content=\"En stock\" \/>\n<script type=\"application\/ld+json\" class=\"yoast-schema-graph\">{\"@context\":\"https:\/\/schema.org\",\"@graph\":[{\"@type\":[\"WebPage\",\"ItemPage\"],\"@id\":\"https:\/\/www.lokefoil.com\/fr\/store\/mat-gold\/\",\"url\":\"https:\/\/www.lokefoil.com\/fr\/store\/mat-gold\/\",\"name\":\"M\u00e2t GOLD - LOKEFOIL\",\"isPartOf\":{\"@id\":\"https:\/\/www.lokefoil.com\/#website\"},\"primaryImageOfPage\":{\"@id\":\"https:\/\/www.lokefoil.com\/fr\/store\/mat-gold\/#primaryimage\"},\"image\":{\"@id\":\"https:\/\/www.lokefoil.com\/fr\/store\/mat-gold\/#primaryimage\"},\"thumbnailUrl\":\"https:\/\/www.lokefoil.com\/wp-content\/uploads\/2025\/08\/gold_10_2.jpg\",\"datePublished\":\"2025-08-29T15:49:13+00:00\",\"dateModified\":\"2025-09-16T14:44:14+00:00\",\"description\":\"Le m\u00e2t Gold est le m\u00e2t de race par excellence made in Lokefoil, il apporte nouveaut\u00e9s et innovations dans le monde du windfoil. Son nouveau profil ainsi que son d\u00e9croch\u00e9 son des \u00e9volutions direct de notre m\u00e2t Ultimate, encore plus de glisse et de contr\u00f4le. Cette nouvelle gamme gold est d\u00e9velopp\u00e9 dans l'objectif d'avoir un foil avec beaucoup de glisse tout en gardant un maximum de stabilit\u00e9 et de contr\u00f4le, afin de pouvoir atteindre des vitesses tr\u00e8s \u00e9lev\u00e9es avec beaucoup de facilit\u00e9. Il accompagne un nouvel ensemble complet avec son fuselage carbone 105 comprenant un nouvel appui avec 4 vis m6 pour plus de rigidit\u00e9. La connexion m\u00e2t\/fuselage est d\u00e9sormais conique facilitant la mis en place, cela am\u00e9liore \u00e9galement la rigidit\u00e9 de la connexion ainsi que la rigidit\u00e9 et solidit\u00e9 du fuselage. Toujours \u00e0 la pointe de l'innovation le m\u00e2t gold introduit un nouveau syst\u00e8me pour r\u00e9gler le rake en un temps record avec beaucoup de pr\u00e9cision, coupl\u00e9 \u00e0 notre kit OTO, vous pouvez ajuster votre foil en quelques instants et sans outils.\",\"breadcrumb\":{\"@id\":\"https:\/\/www.lokefoil.com\/fr\/store\/mat-gold\/#breadcrumb\"},\"inLanguage\":\"fr-FR\",\"potentialAction\":[{\"@type\":\"ReadAction\",\"target\":[\"https:\/\/www.lokefoil.com\/fr\/store\/mat-gold\/\"]}]},{\"@type\":\"ImageObject\",\"inLanguage\":\"fr-FR\",\"@id\":\"https:\/\/www.lokefoil.com\/fr\/store\/mat-gold\/#primaryimage\",\"url\":\"https:\/\/www.lokefoil.com\/wp-content\/uploads\/2025\/08\/gold_10_2.jpg\",\"contentUrl\":\"https:\/\/www.lokefoil.com\/wp-content\/uploads\/2025\/08\/gold_10_2.jpg\",\"width\":1599,\"height\":1850},{\"@type\":\"BreadcrumbList\",\"@id\":\"https:\/\/www.lokefoil.com\/fr\/store\/mat-gold\/#breadcrumb\",\"itemListElement\":[{\"@type\":\"ListItem\",\"position\":1,\"name\":\"Accueil\",\"item\":\"https:\/\/www.lokefoil.com\/fr\/\"},{\"@type\":\"ListItem\",\"position\":2,\"name\":\"Store\",\"item\":\"https:\/\/www.lokefoil.com\/fr\/store\/\"},{\"@type\":\"ListItem\",\"position\":3,\"name\":\"M\u00e2t GOLD\"}]},{\"@type\":\"WebSite\",\"@id\":\"https:\/\/www.lokefoil.com\/#website\",\"url\":\"https:\/\/www.lokefoil.com\/\",\"name\":\"LOKEFOIL\",\"description\":\"Foils 100% Made in France\",\"publisher\":{\"@id\":\"https:\/\/www.lokefoil.com\/#organization\"},\"potentialAction\":[{\"@type\":\"SearchAction\",\"target\":{\"@type\":\"EntryPoint\",\"urlTemplate\":\"https:\/\/www.lokefoil.com\/?s={search_term_string}\"},\"query-input\":{\"@type\":\"PropertyValueSpecification\",\"valueRequired\":true,\"valueName\":\"search_term_string\"}}],\"inLanguage\":\"fr-FR\"},{\"@type\":\"Organization\",\"@id\":\"https:\/\/www.lokefoil.com\/#organization\",\"name\":\"LOKEFOIL\",\"url\":\"https:\/\/www.lokefoil.com\/\",\"logo\":{\"@type\":\"ImageObject\",\"inLanguage\":\"fr-FR\",\"@id\":\"https:\/\/www.lokefoil.com\/#\/schema\/logo\/image\/\",\"url\":\"https:\/\/www.lokefoil.com\/wp-content\/uploads\/2025\/08\/logo-seo.png\",\"contentUrl\":\"https:\/\/www.lokefoil.com\/wp-content\/uploads\/2025\/08\/logo-seo.png\",\"width\":696,\"height\":696,\"caption\":\"LOKEFOIL\"},\"image\":{\"@id\":\"https:\/\/www.lokefoil.com\/#\/schema\/logo\/image\/\"}}]}<\/script>\n<meta property=\"product:price:amount\" content=\"2399.00\" \/>\n<meta property=\"product:price:currency\" content=\"EUR\" \/>\n<meta property=\"og:availability\" content=\"instock\" \/>\n<meta property=\"product:availability\" content=\"instock\" \/>\n<meta property=\"product:retailer_item_id\" content=\"gold-100\" \/>\n<meta property=\"product:condition\" content=\"new\" \/>\n<!-- \/ Yoast SEO Premium plugin. -->","yoast_head_json":{"title":"M\u00e2t GOLD - LOKEFOIL","description":"Le m\u00e2t Gold est le m\u00e2t de race par excellence made in Lokefoil, il apporte nouveaut\u00e9s et innovations dans le monde du windfoil. Son nouveau profil ainsi que son d\u00e9croch\u00e9 son des \u00e9volutions direct de notre m\u00e2t Ultimate, encore plus de glisse et de contr\u00f4le. Cette nouvelle gamme gold est d\u00e9velopp\u00e9 dans l'objectif d'avoir un foil avec beaucoup de glisse tout en gardant un maximum de stabilit\u00e9 et de contr\u00f4le, afin de pouvoir atteindre des vitesses tr\u00e8s \u00e9lev\u00e9es avec beaucoup de facilit\u00e9. Il accompagne un nouvel ensemble complet avec son fuselage carbone 105 comprenant un nouvel appui avec 4 vis m6 pour plus de rigidit\u00e9. La connexion m\u00e2t\/fuselage est d\u00e9sormais conique facilitant la mis en place, cela am\u00e9liore \u00e9galement la rigidit\u00e9 de la connexion ainsi que la rigidit\u00e9 et solidit\u00e9 du fuselage. Toujours \u00e0 la pointe de l'innovation le m\u00e2t gold introduit un nouveau syst\u00e8me pour r\u00e9gler le rake en un temps record avec beaucoup de pr\u00e9cision, coupl\u00e9 \u00e0 notre kit OTO, vous pouvez ajuster votre foil en quelques instants et sans outils.","robots":{"index":"index","follow":"follow","max-snippet":"max-snippet:-1","max-image-preview":"max-image-preview:large","max-video-preview":"max-video-preview:-1"},"canonical":"https:\/\/www.lokefoil.com\/fr\/store\/mat-gold\/","og_locale":"fr_FR","og_type":"article","og_title":"M\u00e2t GOLD","og_description":"Le m\u00e2t Gold est le m\u00e2t de race par excellence made in Lokefoil, il apporte nouveaut\u00e9s et innovations dans le monde du windfoil. Son nouveau profil ainsi que son d\u00e9croch\u00e9 son des \u00e9volutions direct de notre m\u00e2t Ultimate, encore plus de glisse et de contr\u00f4le. Cette nouvelle gamme gold est d\u00e9velopp\u00e9 dans l'objectif d'avoir un foil avec beaucoup de glisse tout en gardant un maximum de stabilit\u00e9 et de contr\u00f4le, afin de pouvoir atteindre des vitesses tr\u00e8s \u00e9lev\u00e9es avec beaucoup de facilit\u00e9. Il accompagne un nouvel ensemble complet avec son fuselage carbone 105 comprenant un nouvel appui avec 4 vis m6 pour plus de rigidit\u00e9. La connexion m\u00e2t\/fuselage est d\u00e9sormais conique facilitant la mis en place, cela am\u00e9liore \u00e9galement la rigidit\u00e9 de la connexion ainsi que la rigidit\u00e9 et solidit\u00e9 du fuselage. Toujours \u00e0 la pointe de l'innovation le m\u00e2t gold introduit un nouveau syst\u00e8me pour r\u00e9gler le rake en un temps record avec beaucoup de pr\u00e9cision, coupl\u00e9 \u00e0 notre kit OTO, vous pouvez ajuster votre foil en quelques instants et sans outils.","og_url":"https:\/\/www.lokefoil.com\/fr\/store\/mat-gold\/","og_site_name":"LOKEFOIL","article_modified_time":"2025-09-16T14:44:14+00:00","og_image":[{"width":1599,"height":1850,"url":"https:\/\/www.lokefoil.com\/wp-content\/uploads\/2025\/08\/gold_10_2.jpg","type":"image\/jpeg"}],"twitter_card":"summary_large_image","twitter_misc":{"Prix":"2399,00&nbsp;&euro;","Disponibilit\u00e9":"En stock"},"schema":{"@context":"https:\/\/schema.org","@graph":[{"@type":["WebPage","ItemPage"],"@id":"https:\/\/www.lokefoil.com\/fr\/store\/mat-gold\/","url":"https:\/\/www.lokefoil.com\/fr\/store\/mat-gold\/","name":"M\u00e2t GOLD - LOKEFOIL","isPartOf":{"@id":"https:\/\/www.lokefoil.com\/#website"},"primaryImageOfPage":{"@id":"https:\/\/www.lokefoil.com\/fr\/store\/mat-gold\/#primaryimage"},"image":{"@id":"https:\/\/www.lokefoil.com\/fr\/store\/mat-gold\/#primaryimage"},"thumbnailUrl":"https:\/\/www.lokefoil.com\/wp-content\/uploads\/2025\/08\/gold_10_2.jpg","datePublished":"2025-08-29T15:49:13+00:00","dateModified":"2025-09-16T14:44:14+00:00","description":"Le m\u00e2t Gold est le m\u00e2t de race par excellence made in Lokefoil, il apporte nouveaut\u00e9s et innovations dans le monde du windfoil. Son nouveau profil ainsi que son d\u00e9croch\u00e9 son des \u00e9volutions direct de notre m\u00e2t Ultimate, encore plus de glisse et de contr\u00f4le. Cette nouvelle gamme gold est d\u00e9velopp\u00e9 dans l'objectif d'avoir un foil avec beaucoup de glisse tout en gardant un maximum de stabilit\u00e9 et de contr\u00f4le, afin de pouvoir atteindre des vitesses tr\u00e8s \u00e9lev\u00e9es avec beaucoup de facilit\u00e9. Il accompagne un nouvel ensemble complet avec son fuselage carbone 105 comprenant un nouvel appui avec 4 vis m6 pour plus de rigidit\u00e9. La connexion m\u00e2t\/fuselage est d\u00e9sormais conique facilitant la mis en place, cela am\u00e9liore \u00e9galement la rigidit\u00e9 de la connexion ainsi que la rigidit\u00e9 et solidit\u00e9 du fuselage. Toujours \u00e0 la pointe de l'innovation le m\u00e2t gold introduit un nouveau syst\u00e8me pour r\u00e9gler le rake en un temps record avec beaucoup de pr\u00e9cision, coupl\u00e9 \u00e0 notre kit OTO, vous pouvez ajuster votre foil en quelques instants et sans outils.","breadcrumb":{"@id":"https:\/\/www.lokefoil.com\/fr\/store\/mat-gold\/#breadcrumb"},"inLanguage":"fr-FR","potentialAction":[{"@type":"ReadAction","target":["https:\/\/www.lokefoil.com\/fr\/store\/mat-gold\/"]}]},{"@type":"ImageObject","inLanguage":"fr-FR","@id":"https:\/\/www.lokefoil.com\/fr\/store\/mat-gold\/#primaryimage","url":"https:\/\/www.lokefoil.com\/wp-content\/uploads\/2025\/08\/gold_10_2.jpg","contentUrl":"https:\/\/www.lokefoil.com\/wp-content\/uploads\/2025\/08\/gold_10_2.jpg","width":1599,"height":1850},{"@type":"BreadcrumbList","@id":"https:\/\/www.lokefoil.com\/fr\/store\/mat-gold\/#breadcrumb","itemListElement":[{"@type":"ListItem","position":1,"name":"Accueil","item":"https:\/\/www.lokefoil.com\/fr\/"},{"@type":"ListItem","position":2,"name":"Store","item":"https:\/\/www.lokefoil.com\/fr\/store\/"},{"@type":"ListItem","position":3,"name":"M\u00e2t GOLD"}]},{"@type":"WebSite","@id":"https:\/\/www.lokefoil.com\/#website","url":"https:\/\/www.lokefoil.com\/","name":"LOKEFOIL","description":"Foils 100% Made in France","publisher":{"@id":"https:\/\/www.lokefoil.com\/#organization"},"potentialAction":[{"@type":"SearchAction","target":{"@type":"EntryPoint","urlTemplate":"https:\/\/www.lokefoil.com\/?s={search_term_string}"},"query-input":{"@type":"PropertyValueSpecification","valueRequired":true,"valueName":"search_term_string"}}],"inLanguage":"fr-FR"},{"@type":"Organization","@id":"https:\/\/www.lokefoil.com\/#organization","name":"LOKEFOIL","url":"https:\/\/www.lokefoil.com\/","logo":{"@type":"ImageObject","inLanguage":"fr-FR","@id":"https:\/\/www.lokefoil.com\/#\/schema\/logo\/image\/","url":"https:\/\/www.lokefoil.com\/wp-content\/uploads\/2025\/08\/logo-seo.png","contentUrl":"https:\/\/www.lokefoil.com\/wp-content\/uploads\/2025\/08\/logo-seo.png","width":696,"height":696,"caption":"LOKEFOIL"},"image":{"@id":"https:\/\/www.lokefoil.com\/#\/schema\/logo\/image\/"}}]},"product_price_amount":"2399.00","product_price_currency":"EUR","og_availability":"instock","product_availability":"instock","product_retailer_item_id":"gold-100","product_condition":"new"},"_links":{"self":[{"href":"https:\/\/www.lokefoil.com\/fr\/wp-json\/wp\/v2\/product\/5488","targetHints":{"allow":["GET"]}}],"collection":[{"href":"https:\/\/www.lokefoil.com\/fr\/wp-json\/wp\/v2\/product"}],"about":[{"href":"https:\/\/www.lokefoil.com\/fr\/wp-json\/wp\/v2\/types\/product"}],"replies":[{"embeddable":true,"href":"https:\/\/www.lokefoil.com\/fr\/wp-json\/wp\/v2\/comments?post=5488"}],"wp:featuredmedia":[{"embeddable":true,"href":"https:\/\/www.lokefoil.com\/fr\/wp-json\/wp\/v2\/media\/5494"}],"wp:attachment":[{"href":"https:\/\/www.lokefoil.com\/fr\/wp-json\/wp\/v2\/media?parent=5488"}],"wp:term":[{"taxonomy":"product_brand","embeddable":true,"href":"https:\/\/www.lokefoil.com\/fr\/wp-json\/wp\/v2\/product_brand?post=5488"},{"taxonomy":"product_cat","embeddable":true,"href":"https:\/\/www.lokefoil.com\/fr\/wp-json\/wp\/v2\/product_cat?post=5488"},{"taxonomy":"product_tag","embeddable":true,"href":"https:\/\/www.lokefoil.com\/fr\/wp-json\/wp\/v2\/product_tag?post=5488"}],"curies":[{"name":"wp","href":"https:\/\/api.w.org\/{rel}","templated":true}]}}