{"id":495,"date":"2023-03-22T01:50:00","date_gmt":"2023-03-22T00:50:00","guid":{"rendered":"http:\/\/localhost\/loke2foil\/?post_type=product&#038;p=495"},"modified":"2025-06-24T15:06:31","modified_gmt":"2025-06-24T13:06:31","slug":"fuselage-100","status":"publish","type":"product","link":"https:\/\/www.lokefoil.com\/fr\/store\/fuselage-100\/","title":{"rendered":"Fuselage 100 ULTIMATE"},"content":{"rendered":"<div class=\"uk-grid-large\"uk-grid=\"\">\n<div class=\"uk-flex-middle uk-width-1-3@m\">\n<h2 class=\"uk-h5 uk-margin-small\">Description<\/h2>\n<p><b>Le fuselage carbone 100 Ultimate Slalom<\/b> est un fuselage en carbone ayant un \u00e9quilibre plus recul\u00e9, l\u2019embo\u00eetement du fuselage est proche de l\u2019aile avant afin de favoriser les acc\u00e9l\u00e9rations et le contr\u00f4le \u00e0 haute vitesse. Il vous permettra de naviguer comme en slalom avec la bordure de votre voile proche du pont de votre planche.<\/p>\n<p><b>Le fuselage 100 Ultimate MULTIRACE<\/b> sera aussi \u00e0 l\u2019aise en slalom qu\u2019en longue distance, il est optimis\u00e9 pour naviguer avec un \u00e9quilibre 50% jambe avant et 50% jambe arri\u00e8re. Il est utilis\u00e9 pour les courses de PWA ou pour les longues distances dans les vents faibles \u00e0 mod\u00e9r\u00e9. Son \u00e9quilibre favorisera le contr\u00f4le et la polyvalence dans une grande plage de conditions. Ce fuselage fabriqu\u00e9 en Carbone haute r\u00e9sistance vous permettra d\u2019avoir un assemblage inoxydable et durable dans le temps avec un poids 50% inf\u00e9rieur \u00e0 de l\u2019aluminium. Le fuselage carbone 100 Ultimate est \u00e9quip\u00e9 d\u2019un mini bo\u00eetier d\u2019aileron d\u2019empennage permettant de maximiser la stabilit\u00e9 de votre foil en lacet.<\/p>\n<p><b>Le fuselage 100 Ultimate VMG<\/b> est optimis\u00e9 pour la remont\u00e9 au vent et le travers dans le vent faible. Son \u00e9quilibre avanc\u00e9 privil\u00e9giera le d\u00e9part en vol pr\u00e9coce et sa taille de 100 cm lui procurera des acc\u00e9l\u00e9rations directes d\u00e8s la moindre rafale. Ce fuselage fabriqu\u00e9 en Carbone haute r\u00e9sistance vous permettra d\u2019avoir un assemblage inoxydable et durable dans le temps avec un poids 50% inf\u00e9rieur \u00e0 de l\u2019aluminium. Le fuselage carbone 100 Ultimate est \u00e9quip\u00e9 d\u2019un mini bo\u00eetier d\u2019aileron d\u2019empennage permettant de maximiser la stabilit\u00e9 de votre foil en lacet.\n<\/div>\n<div class=\"uk-width-2-3@m\">\n<div>\n<div class=\"uk-child-width-1-2@s uk-grid-small\" uk-grid=\"\">\n<div><img loading=\"lazy\" decoding=\"async\" src=\"wp-content\/uploads\/2024\/01\/pack_ultimate_races_150.jpg\" alt=\"\" width=\"610\" height=\"455\" \/><\/div>\n<div><img loading=\"lazy\" decoding=\"async\" src=\"wp-content\/uploads\/2024\/01\/pack_4all_freeride_100.jpg\" alt=\"\" width=\"610\" height=\"455\" \/><\/div>\n<\/div>\n<\/div>\n<\/div>\n<\/div>\n","protected":false},"excerpt":{"rendered":"<p>D\u00e9clinaisons SLALOM \/ MULTIRACE \/ VMG<\/p>\n","protected":false},"featured_media":2613,"comment_status":"open","ping_status":"closed","template":"","meta":{"_acf_changed":false},"product_brand":[],"product_cat":[135],"product_tag":[103,203],"class_list":{"0":"post-495","1":"product","2":"type-product","3":"status-publish","4":"has-post-thumbnail","6":"product_cat-fuselages-ultimate","7":"product_tag-race","8":"product_tag-windfoil","9":"product_shipping_class-colis-m","11":"first","12":"instock","13":"sold-individually","14":"taxable","15":"shipping-taxable","16":"purchasable","17":"product-type-variable"},"bundled_by":["2053","2057","3126","2070","3153","611","610","603","5556"],"bundle_stock_status":"instock","bundle_stock_quantity":16,"bundle_virtual":false,"bundle_layout":"","bundle_add_to_cart_form_location":"","bundle_editable_in_cart":false,"bundle_sold_individually_context":"","bundle_item_grouping":"","bundle_min_size":"","bundle_max_size":"","bundle_price":[],"bundled_items":[],"bundle_sell_ids":[],"exclude_global_add_ons":[],"addons":[],"acf":[],"yoast_head":"<!-- This site is optimized with the Yoast SEO Premium plugin v27.0 (Yoast SEO v27.1.1) - https:\/\/yoast.com\/product\/yoast-seo-premium-wordpress\/ -->\n<title>Fuselage 100 ULTIMATE - LOKEFOIL<\/title>\n<meta name=\"robots\" content=\"index, follow, max-snippet:-1, max-image-preview:large, max-video-preview:-1\" \/>\n<link rel=\"canonical\" href=\"https:\/\/www.lokefoil.com\/fr\/store\/fuselage-100\/\" \/>\n<meta property=\"og:locale\" content=\"fr_FR\" \/>\n<meta property=\"og:type\" content=\"article\" \/>\n<meta property=\"og:title\" content=\"Fuselage 100 ULTIMATE\" \/>\n<meta property=\"og:description\" content=\"D\u00e9clinaisons SLALOM \/ MULTIRACE \/ VMG\" \/>\n<meta property=\"og:url\" content=\"https:\/\/www.lokefoil.com\/fr\/store\/fuselage-100\/\" \/>\n<meta property=\"og:site_name\" content=\"LOKEFOIL\" \/>\n<meta property=\"article:modified_time\" content=\"2025-06-24T13:06:31+00:00\" \/>\n<meta property=\"og:image\" content=\"https:\/\/www.lokefoil.com\/wp-content\/uploads\/2023\/03\/fuselage_100_10.jpg\" \/>\n\t<meta property=\"og:image:width\" content=\"1599\" \/>\n\t<meta property=\"og:image:height\" content=\"1850\" \/>\n\t<meta property=\"og:image:type\" content=\"image\/jpeg\" \/>\n<meta name=\"twitter:card\" content=\"summary_large_image\" \/>\n<meta name=\"twitter:label1\" content=\"Disponibilit\u00e9\" \/>\n\t<meta name=\"twitter:data1\" content=\"En stock\" \/>\n<script type=\"application\/ld+json\" class=\"yoast-schema-graph\">{\"@context\":\"https:\/\/schema.org\",\"@graph\":[{\"@type\":[\"WebPage\",\"ItemPage\"],\"@id\":\"https:\/\/www.lokefoil.com\/fr\/store\/fuselage-100\/\",\"url\":\"https:\/\/www.lokefoil.com\/fr\/store\/fuselage-100\/\",\"name\":\"Fuselage 100 ULTIMATE - LOKEFOIL\",\"isPartOf\":{\"@id\":\"https:\/\/www.lokefoil.com\/#website\"},\"primaryImageOfPage\":{\"@id\":\"https:\/\/www.lokefoil.com\/fr\/store\/fuselage-100\/#primaryimage\"},\"image\":{\"@id\":\"https:\/\/www.lokefoil.com\/fr\/store\/fuselage-100\/#primaryimage\"},\"thumbnailUrl\":\"https:\/\/www.lokefoil.com\/wp-content\/uploads\/2023\/03\/fuselage_100_10.jpg\",\"datePublished\":\"2023-03-22T00:50:00+00:00\",\"dateModified\":\"2025-06-24T13:06:31+00:00\",\"breadcrumb\":{\"@id\":\"https:\/\/www.lokefoil.com\/fr\/store\/fuselage-100\/#breadcrumb\"},\"inLanguage\":\"fr-FR\",\"potentialAction\":[{\"@type\":\"ReadAction\",\"target\":[\"https:\/\/www.lokefoil.com\/fr\/store\/fuselage-100\/\"]}]},{\"@type\":\"ImageObject\",\"inLanguage\":\"fr-FR\",\"@id\":\"https:\/\/www.lokefoil.com\/fr\/store\/fuselage-100\/#primaryimage\",\"url\":\"https:\/\/www.lokefoil.com\/wp-content\/uploads\/2023\/03\/fuselage_100_10.jpg\",\"contentUrl\":\"https:\/\/www.lokefoil.com\/wp-content\/uploads\/2023\/03\/fuselage_100_10.jpg\",\"width\":1599,\"height\":1850},{\"@type\":\"BreadcrumbList\",\"@id\":\"https:\/\/www.lokefoil.com\/fr\/store\/fuselage-100\/#breadcrumb\",\"itemListElement\":[{\"@type\":\"ListItem\",\"position\":1,\"name\":\"Accueil\",\"item\":\"https:\/\/www.lokefoil.com\/fr\/\"},{\"@type\":\"ListItem\",\"position\":2,\"name\":\"Store\",\"item\":\"https:\/\/www.lokefoil.com\/fr\/store\/\"},{\"@type\":\"ListItem\",\"position\":3,\"name\":\"Fuselage 100 ULTIMATE\"}]},{\"@type\":\"WebSite\",\"@id\":\"https:\/\/www.lokefoil.com\/#website\",\"url\":\"https:\/\/www.lokefoil.com\/\",\"name\":\"LOKEFOIL\",\"description\":\"Foils 100% Made in France\",\"publisher\":{\"@id\":\"https:\/\/www.lokefoil.com\/#organization\"},\"potentialAction\":[{\"@type\":\"SearchAction\",\"target\":{\"@type\":\"EntryPoint\",\"urlTemplate\":\"https:\/\/www.lokefoil.com\/?s={search_term_string}\"},\"query-input\":{\"@type\":\"PropertyValueSpecification\",\"valueRequired\":true,\"valueName\":\"search_term_string\"}}],\"inLanguage\":\"fr-FR\"},{\"@type\":\"Organization\",\"@id\":\"https:\/\/www.lokefoil.com\/#organization\",\"name\":\"LOKEFOIL\",\"url\":\"https:\/\/www.lokefoil.com\/\",\"logo\":{\"@type\":\"ImageObject\",\"inLanguage\":\"fr-FR\",\"@id\":\"https:\/\/www.lokefoil.com\/#\/schema\/logo\/image\/\",\"url\":\"https:\/\/www.lokefoil.com\/wp-content\/uploads\/2025\/08\/logo-seo.png\",\"contentUrl\":\"https:\/\/www.lokefoil.com\/wp-content\/uploads\/2025\/08\/logo-seo.png\",\"width\":696,\"height\":696,\"caption\":\"LOKEFOIL\"},\"image\":{\"@id\":\"https:\/\/www.lokefoil.com\/#\/schema\/logo\/image\/\"}}]}<\/script>\n<meta property=\"og:availability\" content=\"instock\" \/>\n<meta property=\"product:availability\" content=\"instock\" \/>\n<meta property=\"product:retailer_item_id\" content=\"fuselage-100\" \/>\n<meta property=\"product:condition\" content=\"new\" \/>\n<!-- \/ Yoast SEO Premium plugin. -->","yoast_head_json":{"title":"Fuselage 100 ULTIMATE - LOKEFOIL","robots":{"index":"index","follow":"follow","max-snippet":"max-snippet:-1","max-image-preview":"max-image-preview:large","max-video-preview":"max-video-preview:-1"},"canonical":"https:\/\/www.lokefoil.com\/fr\/store\/fuselage-100\/","og_locale":"fr_FR","og_type":"article","og_title":"Fuselage 100 ULTIMATE","og_description":"D\u00e9clinaisons SLALOM \/ MULTIRACE \/ VMG","og_url":"https:\/\/www.lokefoil.com\/fr\/store\/fuselage-100\/","og_site_name":"LOKEFOIL","article_modified_time":"2025-06-24T13:06:31+00:00","og_image":[{"width":1599,"height":1850,"url":"https:\/\/www.lokefoil.com\/wp-content\/uploads\/2023\/03\/fuselage_100_10.jpg","type":"image\/jpeg"}],"twitter_card":"summary_large_image","twitter_misc":{"Disponibilit\u00e9":"En stock"},"schema":{"@context":"https:\/\/schema.org","@graph":[{"@type":["WebPage","ItemPage"],"@id":"https:\/\/www.lokefoil.com\/fr\/store\/fuselage-100\/","url":"https:\/\/www.lokefoil.com\/fr\/store\/fuselage-100\/","name":"Fuselage 100 ULTIMATE - LOKEFOIL","isPartOf":{"@id":"https:\/\/www.lokefoil.com\/#website"},"primaryImageOfPage":{"@id":"https:\/\/www.lokefoil.com\/fr\/store\/fuselage-100\/#primaryimage"},"image":{"@id":"https:\/\/www.lokefoil.com\/fr\/store\/fuselage-100\/#primaryimage"},"thumbnailUrl":"https:\/\/www.lokefoil.com\/wp-content\/uploads\/2023\/03\/fuselage_100_10.jpg","datePublished":"2023-03-22T00:50:00+00:00","dateModified":"2025-06-24T13:06:31+00:00","breadcrumb":{"@id":"https:\/\/www.lokefoil.com\/fr\/store\/fuselage-100\/#breadcrumb"},"inLanguage":"fr-FR","potentialAction":[{"@type":"ReadAction","target":["https:\/\/www.lokefoil.com\/fr\/store\/fuselage-100\/"]}]},{"@type":"ImageObject","inLanguage":"fr-FR","@id":"https:\/\/www.lokefoil.com\/fr\/store\/fuselage-100\/#primaryimage","url":"https:\/\/www.lokefoil.com\/wp-content\/uploads\/2023\/03\/fuselage_100_10.jpg","contentUrl":"https:\/\/www.lokefoil.com\/wp-content\/uploads\/2023\/03\/fuselage_100_10.jpg","width":1599,"height":1850},{"@type":"BreadcrumbList","@id":"https:\/\/www.lokefoil.com\/fr\/store\/fuselage-100\/#breadcrumb","itemListElement":[{"@type":"ListItem","position":1,"name":"Accueil","item":"https:\/\/www.lokefoil.com\/fr\/"},{"@type":"ListItem","position":2,"name":"Store","item":"https:\/\/www.lokefoil.com\/fr\/store\/"},{"@type":"ListItem","position":3,"name":"Fuselage 100 ULTIMATE"}]},{"@type":"WebSite","@id":"https:\/\/www.lokefoil.com\/#website","url":"https:\/\/www.lokefoil.com\/","name":"LOKEFOIL","description":"Foils 100% Made in France","publisher":{"@id":"https:\/\/www.lokefoil.com\/#organization"},"potentialAction":[{"@type":"SearchAction","target":{"@type":"EntryPoint","urlTemplate":"https:\/\/www.lokefoil.com\/?s={search_term_string}"},"query-input":{"@type":"PropertyValueSpecification","valueRequired":true,"valueName":"search_term_string"}}],"inLanguage":"fr-FR"},{"@type":"Organization","@id":"https:\/\/www.lokefoil.com\/#organization","name":"LOKEFOIL","url":"https:\/\/www.lokefoil.com\/","logo":{"@type":"ImageObject","inLanguage":"fr-FR","@id":"https:\/\/www.lokefoil.com\/#\/schema\/logo\/image\/","url":"https:\/\/www.lokefoil.com\/wp-content\/uploads\/2025\/08\/logo-seo.png","contentUrl":"https:\/\/www.lokefoil.com\/wp-content\/uploads\/2025\/08\/logo-seo.png","width":696,"height":696,"caption":"LOKEFOIL"},"image":{"@id":"https:\/\/www.lokefoil.com\/#\/schema\/logo\/image\/"}}]},"og_availability":"instock","product_availability":"instock","product_retailer_item_id":"fuselage-100","product_condition":"new"},"_links":{"self":[{"href":"https:\/\/www.lokefoil.com\/fr\/wp-json\/wp\/v2\/product\/495","targetHints":{"allow":["GET"]}}],"collection":[{"href":"https:\/\/www.lokefoil.com\/fr\/wp-json\/wp\/v2\/product"}],"about":[{"href":"https:\/\/www.lokefoil.com\/fr\/wp-json\/wp\/v2\/types\/product"}],"replies":[{"embeddable":true,"href":"https:\/\/www.lokefoil.com\/fr\/wp-json\/wp\/v2\/comments?post=495"}],"wp:featuredmedia":[{"embeddable":true,"href":"https:\/\/www.lokefoil.com\/fr\/wp-json\/wp\/v2\/media\/2613"}],"wp:attachment":[{"href":"https:\/\/www.lokefoil.com\/fr\/wp-json\/wp\/v2\/media?parent=495"}],"wp:term":[{"taxonomy":"product_brand","embeddable":true,"href":"https:\/\/www.lokefoil.com\/fr\/wp-json\/wp\/v2\/product_brand?post=495"},{"taxonomy":"product_cat","embeddable":true,"href":"https:\/\/www.lokefoil.com\/fr\/wp-json\/wp\/v2\/product_cat?post=495"},{"taxonomy":"product_tag","embeddable":true,"href":"https:\/\/www.lokefoil.com\/fr\/wp-json\/wp\/v2\/product_tag?post=495"}],"curies":[{"name":"wp","href":"https:\/\/api.w.org\/{rel}","templated":true}]}}