{"id":3922,"date":"2024-03-19T15:03:29","date_gmt":"2024-03-19T14:03:29","guid":{"rendered":"https:\/\/www.lokefoil.com\/?post_type=product&#038;p=3922"},"modified":"2025-06-17T16:00:52","modified_gmt":"2025-06-17T14:00:52","slug":"hydro-bump-complet","status":"publish","type":"product","link":"https:\/\/www.lokefoil.com\/fr\/store\/hydro-bump-complet\/","title":{"rendered":"HYDRO BUMP COMPLET"},"content":{"rendered":"<div class=\"uk-grid-large\">\n<div class=\"uk-flex-middle uk-width-1-3@m\">\n<h2 class=\"uk-h5 uk-margin-small\">Description<\/h2>\n<p>Ce pack a \u00e9t\u00e9 con\u00e7u avec l\u2019objectif de profiter de toutes les ondes. Du clapot aux grosses vagues, l\u2019accroche, la stabilit\u00e9, la rigidit\u00e9 et la maniabilit\u00e9 de cet ensemble en font l\u2019arme ultime aussi bien en Surf qu\u2019en Wing.<br \/>\nSa capacit\u00e9 de vol \u00e0 tr\u00e8s faible vitesse ainsi que la longueur optimale du fuselage vous permettront de relancer facilement au pumping. L\u2019ensemble est parfaitement \u00e9quilibr\u00e9 sur les deux jambes afin de r\u00e9partir les efforts \u00e0 fournir. Il garde un appui constant lors des phases d\u2019acc\u00e9l\u00e9ration et d\u00e9c\u00e9l\u00e9ration au surf. Vous ne sentirez pas votre planche monter soudainement ou s\u2019effondrer. Il sera facile de garder le contr\u00f4le.<br \/>\nL\u2019ensemble aile et stabilisateur BUMP apporte \u00e0 l\u2019HYDRO beaucoup de maniabilit\u00e9 et stabilit\u00e9 dans les carves, l\u2019ensemble est tr\u00e8s r\u00e9actif, il poss\u00e8de beaucoup de roulis, mais reste tr\u00e8s saint et facile \u00e0 anticiper.<br \/>\nLa l\u00e9g\u00e8ret\u00e9 de l\u2019ensemble (moins de 3kg avec la BUMP 1000 et HYDRO 80) le rend extr\u00eamement efficient au pumping vous permettant d\u2019aller chercher quelques vagues de plus.<\/p>\n<\/div>\n<div class=\"uk-width-2-3@m\">\n<div>\n<div class=\"uk-child-width-1-2@s uk-grid-small\">\n<div><img loading=\"lazy\" decoding=\"async\" src=\"wp-content\/uploads\/2024\/01\/pack_hydro_wave_110.jpg\" alt=\"\" width=\"610\" height=\"455\" \/><\/div>\n<div><img loading=\"lazy\" decoding=\"async\" src=\"wp-content\/uploads\/2024\/01\/pack_hydro_wave_120.jpg\" alt=\"\" width=\"610\" height=\"455\" \/><\/div>\n<\/div>\n<\/div>\n<\/div>\n<\/div>\n","protected":false},"excerpt":{"rendered":"<p>Choisissez le pack 3 ailes, 2 stabilisateurs et profitez de 20% de remise.<\/p>\n","protected":false},"featured_media":2656,"comment_status":"open","ping_status":"closed","template":"","meta":{"_acf_changed":false},"product_brand":[],"product_cat":[15],"product_tag":[209,101,206,204],"class_list":{"0":"post-3922","1":"product","2":"type-product","3":"status-publish","4":"has-post-thumbnail","6":"product_cat-pieces","7":"product_tag-pack","8":"product_tag-surf","9":"product_tag-surffoil","10":"product_tag-wingfoil","11":"product_shipping_class-colis-l","13":"first","14":"instock","15":"sale","16":"taxable","17":"shipping-taxable","18":"purchasable","19":"product-type-bundle"},"bundled_by":[],"bundle_stock_status":"instock","bundle_stock_quantity":20,"bundle_virtual":false,"bundle_layout":"default","bundle_add_to_cart_form_location":"default","bundle_editable_in_cart":false,"bundle_sold_individually_context":"product","bundle_item_grouping":"parent","bundle_min_size":"","bundle_max_size":"","bundle_price":{"price":{"min":{"incl_tax":"3163.2","excl_tax":"2636"},"max":{"incl_tax":"3829.6","excl_tax":"3191.33"}},"regular_price":{"min":{"incl_tax":"3975","excl_tax":"3312.5"},"max":{"incl_tax":"4808","excl_tax":"4006.67"}}},"bundled_items":[{"bundled_item_id":330,"product_id":1222,"menu_order":0,"quantity_min":1,"quantity_max":1,"quantity_default":1,"priced_individually":true,"shipped_individually":false,"override_title":false,"title":"T-Bar Hydro","override_description":false,"description":"","optional":false,"hide_thumbnail":false,"discount":"20","override_variations":true,"allowed_variations":[1733,1741,1740,1734,1739,1735],"override_default_variation_attributes":true,"default_variation_attributes":[{"id":6,"name":"Taille de m\u00e2t","option":"85"},{"id":1,"name":"Construction","option":"carbone-hm"}],"single_product_visibility":"visible","cart_visibility":"visible","order_visibility":"visible","single_product_price_visibility":"visible","cart_price_visibility":"visible","order_price_visibility":"visible","stock_status":"in_stock"},{"bundled_item_id":331,"product_id":531,"menu_order":1,"quantity_min":1,"quantity_max":1,"quantity_default":1,"priced_individually":true,"shipped_individually":false,"override_title":false,"title":"Aile BUMP 750","override_description":false,"description":"","optional":false,"hide_thumbnail":false,"discount":"20","override_variations":false,"allowed_variations":[1992,1993],"override_default_variation_attributes":true,"default_variation_attributes":[{"id":1,"name":"Construction","option":"carbone-hr"}],"single_product_visibility":"visible","cart_visibility":"visible","order_visibility":"visible","single_product_price_visibility":"visible","cart_price_visibility":"visible","order_price_visibility":"visible","stock_status":"in_stock"},{"bundled_item_id":332,"product_id":1297,"menu_order":2,"quantity_min":1,"quantity_max":1,"quantity_default":1,"priced_individually":true,"shipped_individually":false,"override_title":false,"title":"Aile BUMP 1000","override_description":false,"description":"","optional":false,"hide_thumbnail":false,"discount":"20","override_variations":false,"allowed_variations":[1714,1710],"override_default_variation_attributes":true,"default_variation_attributes":[{"id":1,"name":"Construction","option":"carbone-hr"}],"single_product_visibility":"visible","cart_visibility":"visible","order_visibility":"visible","single_product_price_visibility":"visible","cart_price_visibility":"visible","order_price_visibility":"visible","stock_status":"in_stock"},{"bundled_item_id":333,"product_id":1298,"menu_order":3,"quantity_min":1,"quantity_max":1,"quantity_default":1,"priced_individually":true,"shipped_individually":false,"override_title":false,"title":"Aile BUMP 1250","override_description":false,"description":"","optional":false,"hide_thumbnail":false,"discount":"20","override_variations":false,"allowed_variations":[3924,1990],"override_default_variation_attributes":true,"default_variation_attributes":[{"id":1,"name":"Construction","option":"carbone-hm"}],"single_product_visibility":"visible","cart_visibility":"visible","order_visibility":"visible","single_product_price_visibility":"visible","cart_price_visibility":"visible","order_price_visibility":"visible","stock_status":"on_backorder"},{"bundled_item_id":365,"product_id":4542,"menu_order":4,"quantity_min":1,"quantity_max":1,"quantity_default":1,"priced_individually":true,"shipped_individually":false,"override_title":false,"title":"Stabilisateur BUMP 145","override_description":false,"description":"","optional":false,"hide_thumbnail":false,"discount":"20","override_variations":false,"allowed_variations":[],"override_default_variation_attributes":false,"default_variation_attributes":[],"single_product_visibility":"visible","cart_visibility":"visible","order_visibility":"visible","single_product_price_visibility":"visible","cart_price_visibility":"visible","order_price_visibility":"visible","stock_status":"in_stock"},{"bundled_item_id":334,"product_id":1294,"menu_order":5,"quantity_min":1,"quantity_max":1,"quantity_default":1,"priced_individually":true,"shipped_individually":false,"override_title":false,"title":"Stabilisateur BUMP 155","override_description":false,"description":"","optional":false,"hide_thumbnail":false,"discount":"20","override_variations":false,"allowed_variations":[],"override_default_variation_attributes":false,"default_variation_attributes":[],"single_product_visibility":"visible","cart_visibility":"visible","order_visibility":"visible","single_product_price_visibility":"visible","cart_price_visibility":"visible","order_price_visibility":"visible","stock_status":"in_stock"},{"bundled_item_id":335,"product_id":3429,"menu_order":6,"quantity_min":1,"quantity_max":1,"quantity_default":1,"priced_individually":true,"shipped_individually":false,"override_title":false,"title":"Stabilisateur BUMP 175","override_description":false,"description":"","optional":false,"hide_thumbnail":false,"discount":"20","override_variations":false,"allowed_variations":[],"override_default_variation_attributes":false,"default_variation_attributes":[],"single_product_visibility":"visible","cart_visibility":"visible","order_visibility":"visible","single_product_price_visibility":"visible","cart_price_visibility":"visible","order_price_visibility":"visible","stock_status":"in_stock"},{"bundled_item_id":336,"product_id":2010,"menu_order":7,"quantity_min":1,"quantity_max":1,"quantity_default":1,"priced_individually":true,"shipped_individually":false,"override_title":false,"title":"Cales de stabilisateurs","override_description":false,"description":"","optional":false,"hide_thumbnail":false,"discount":"100","override_variations":false,"allowed_variations":[],"override_default_variation_attributes":false,"default_variation_attributes":[],"single_product_visibility":"visible","cart_visibility":"visible","order_visibility":"visible","single_product_price_visibility":"visible","cart_price_visibility":"visible","order_price_visibility":"visible","stock_status":"in_stock"},{"bundled_item_id":337,"product_id":1759,"menu_order":8,"quantity_min":1,"quantity_max":1,"quantity_default":1,"priced_individually":true,"shipped_individually":false,"override_title":false,"title":"Pack de visseries","override_description":false,"description":"","optional":false,"hide_thumbnail":false,"discount":"100","override_variations":false,"allowed_variations":[],"override_default_variation_attributes":false,"default_variation_attributes":[],"single_product_visibility":"visible","cart_visibility":"visible","order_visibility":"visible","single_product_price_visibility":"visible","cart_price_visibility":"visible","order_price_visibility":"visible","stock_status":"in_stock"},{"bundled_item_id":338,"product_id":1752,"menu_order":9,"quantity_min":0,"quantity_max":1,"quantity_default":0,"priced_individually":true,"shipped_individually":false,"override_title":false,"title":"Housse pack","override_description":false,"description":"","optional":false,"hide_thumbnail":false,"discount":"20","override_variations":true,"allowed_variations":[1754,1755],"override_default_variation_attributes":true,"default_variation_attributes":[],"single_product_visibility":"visible","cart_visibility":"visible","order_visibility":"visible","single_product_price_visibility":"visible","cart_price_visibility":"visible","order_price_visibility":"visible","stock_status":"in_stock"}],"bundle_sell_ids":[],"exclude_global_add_ons":[],"addons":[],"acf":[],"yoast_head":"<!-- This site is optimized with the Yoast SEO Premium plugin v27.0 (Yoast SEO v27.1.1) - https:\/\/yoast.com\/product\/yoast-seo-premium-wordpress\/ -->\n<title>HYDRO BUMP COMPLET - LOKEFOIL<\/title>\n<meta name=\"robots\" content=\"index, follow, max-snippet:-1, max-image-preview:large, max-video-preview:-1\" \/>\n<link rel=\"canonical\" href=\"https:\/\/www.lokefoil.com\/fr\/store\/hydro-bump-complet\/\" \/>\n<meta property=\"og:locale\" content=\"fr_FR\" \/>\n<meta property=\"og:type\" content=\"article\" \/>\n<meta property=\"og:title\" content=\"HYDRO BUMP COMPLET\" \/>\n<meta property=\"og:description\" content=\"Choisissez le pack 3 ailes, 2 stabilisateurs et profitez de 20% de remise.\" \/>\n<meta property=\"og:url\" content=\"https:\/\/www.lokefoil.com\/fr\/store\/hydro-bump-complet\/\" \/>\n<meta property=\"og:site_name\" content=\"LOKEFOIL\" \/>\n<meta property=\"article:modified_time\" content=\"2025-06-17T14:00:52+00:00\" \/>\n<meta property=\"og:image\" content=\"https:\/\/www.lokefoil.com\/wp-content\/uploads\/2024\/01\/pack_hydro_wave_10.jpg\" \/>\n\t<meta property=\"og:image:width\" content=\"1599\" \/>\n\t<meta property=\"og:image:height\" content=\"1850\" \/>\n\t<meta property=\"og:image:type\" content=\"image\/jpeg\" \/>\n<meta name=\"twitter:card\" content=\"summary_large_image\" \/>\n<meta name=\"twitter:label1\" content=\"Prix\" \/>\n\t<meta name=\"twitter:data1\" content=\"0,00&nbsp;&euro;\" \/>\n\t<meta name=\"twitter:label2\" content=\"Disponibilit\u00e9\" \/>\n\t<meta name=\"twitter:data2\" content=\"En r\u00e9assort\" \/>\n<script type=\"application\/ld+json\" class=\"yoast-schema-graph\">{\"@context\":\"https:\/\/schema.org\",\"@graph\":[{\"@type\":[\"WebPage\",\"ItemPage\"],\"@id\":\"https:\/\/www.lokefoil.com\/fr\/store\/hydro-bump-complet\/\",\"url\":\"https:\/\/www.lokefoil.com\/fr\/store\/hydro-bump-complet\/\",\"name\":\"HYDRO BUMP COMPLET - LOKEFOIL\",\"isPartOf\":{\"@id\":\"https:\/\/www.lokefoil.com\/#website\"},\"primaryImageOfPage\":{\"@id\":\"https:\/\/www.lokefoil.com\/fr\/store\/hydro-bump-complet\/#primaryimage\"},\"image\":{\"@id\":\"https:\/\/www.lokefoil.com\/fr\/store\/hydro-bump-complet\/#primaryimage\"},\"thumbnailUrl\":\"https:\/\/www.lokefoil.com\/wp-content\/uploads\/2024\/01\/pack_hydro_wave_10.jpg\",\"datePublished\":\"2024-03-19T14:03:29+00:00\",\"dateModified\":\"2025-06-17T14:00:52+00:00\",\"breadcrumb\":{\"@id\":\"https:\/\/www.lokefoil.com\/fr\/store\/hydro-bump-complet\/#breadcrumb\"},\"inLanguage\":\"fr-FR\",\"potentialAction\":[{\"@type\":\"ReadAction\",\"target\":[\"https:\/\/www.lokefoil.com\/fr\/store\/hydro-bump-complet\/\"]}]},{\"@type\":\"ImageObject\",\"inLanguage\":\"fr-FR\",\"@id\":\"https:\/\/www.lokefoil.com\/fr\/store\/hydro-bump-complet\/#primaryimage\",\"url\":\"https:\/\/www.lokefoil.com\/wp-content\/uploads\/2024\/01\/pack_hydro_wave_10.jpg\",\"contentUrl\":\"https:\/\/www.lokefoil.com\/wp-content\/uploads\/2024\/01\/pack_hydro_wave_10.jpg\",\"width\":1599,\"height\":1850},{\"@type\":\"BreadcrumbList\",\"@id\":\"https:\/\/www.lokefoil.com\/fr\/store\/hydro-bump-complet\/#breadcrumb\",\"itemListElement\":[{\"@type\":\"ListItem\",\"position\":1,\"name\":\"Accueil\",\"item\":\"https:\/\/www.lokefoil.com\/fr\/\"},{\"@type\":\"ListItem\",\"position\":2,\"name\":\"Store\",\"item\":\"https:\/\/www.lokefoil.com\/fr\/store\/\"},{\"@type\":\"ListItem\",\"position\":3,\"name\":\"HYDRO BUMP COMPLET\"}]},{\"@type\":\"WebSite\",\"@id\":\"https:\/\/www.lokefoil.com\/#website\",\"url\":\"https:\/\/www.lokefoil.com\/\",\"name\":\"LOKEFOIL\",\"description\":\"Foils 100% Made in France\",\"publisher\":{\"@id\":\"https:\/\/www.lokefoil.com\/#organization\"},\"potentialAction\":[{\"@type\":\"SearchAction\",\"target\":{\"@type\":\"EntryPoint\",\"urlTemplate\":\"https:\/\/www.lokefoil.com\/?s={search_term_string}\"},\"query-input\":{\"@type\":\"PropertyValueSpecification\",\"valueRequired\":true,\"valueName\":\"search_term_string\"}}],\"inLanguage\":\"fr-FR\"},{\"@type\":\"Organization\",\"@id\":\"https:\/\/www.lokefoil.com\/#organization\",\"name\":\"LOKEFOIL\",\"url\":\"https:\/\/www.lokefoil.com\/\",\"logo\":{\"@type\":\"ImageObject\",\"inLanguage\":\"fr-FR\",\"@id\":\"https:\/\/www.lokefoil.com\/#\/schema\/logo\/image\/\",\"url\":\"https:\/\/www.lokefoil.com\/wp-content\/uploads\/2025\/08\/logo-seo.png\",\"contentUrl\":\"https:\/\/www.lokefoil.com\/wp-content\/uploads\/2025\/08\/logo-seo.png\",\"width\":696,\"height\":696,\"caption\":\"LOKEFOIL\"},\"image\":{\"@id\":\"https:\/\/www.lokefoil.com\/#\/schema\/logo\/image\/\"}}]}<\/script>\n<meta property=\"product:price:amount\" content=\"0.00\" \/>\n<meta property=\"product:price:currency\" content=\"EUR\" \/>\n<meta property=\"og:availability\" content=\"backorder\" \/>\n<meta property=\"product:availability\" content=\"available for order\" \/>\n<meta property=\"product:retailer_item_id\" content=\"pack-hydro-bump-complet\" \/>\n<meta property=\"product:condition\" content=\"new\" \/>\n<!-- \/ Yoast SEO Premium plugin. -->","yoast_head_json":{"title":"HYDRO BUMP COMPLET - LOKEFOIL","robots":{"index":"index","follow":"follow","max-snippet":"max-snippet:-1","max-image-preview":"max-image-preview:large","max-video-preview":"max-video-preview:-1"},"canonical":"https:\/\/www.lokefoil.com\/fr\/store\/hydro-bump-complet\/","og_locale":"fr_FR","og_type":"article","og_title":"HYDRO BUMP COMPLET","og_description":"Choisissez le pack 3 ailes, 2 stabilisateurs et profitez de 20% de remise.","og_url":"https:\/\/www.lokefoil.com\/fr\/store\/hydro-bump-complet\/","og_site_name":"LOKEFOIL","article_modified_time":"2025-06-17T14:00:52+00:00","og_image":[{"width":1599,"height":1850,"url":"https:\/\/www.lokefoil.com\/wp-content\/uploads\/2024\/01\/pack_hydro_wave_10.jpg","type":"image\/jpeg"}],"twitter_card":"summary_large_image","twitter_misc":{"Prix":"0,00&nbsp;&euro;","Disponibilit\u00e9":"En r\u00e9assort"},"schema":{"@context":"https:\/\/schema.org","@graph":[{"@type":["WebPage","ItemPage"],"@id":"https:\/\/www.lokefoil.com\/fr\/store\/hydro-bump-complet\/","url":"https:\/\/www.lokefoil.com\/fr\/store\/hydro-bump-complet\/","name":"HYDRO BUMP COMPLET - LOKEFOIL","isPartOf":{"@id":"https:\/\/www.lokefoil.com\/#website"},"primaryImageOfPage":{"@id":"https:\/\/www.lokefoil.com\/fr\/store\/hydro-bump-complet\/#primaryimage"},"image":{"@id":"https:\/\/www.lokefoil.com\/fr\/store\/hydro-bump-complet\/#primaryimage"},"thumbnailUrl":"https:\/\/www.lokefoil.com\/wp-content\/uploads\/2024\/01\/pack_hydro_wave_10.jpg","datePublished":"2024-03-19T14:03:29+00:00","dateModified":"2025-06-17T14:00:52+00:00","breadcrumb":{"@id":"https:\/\/www.lokefoil.com\/fr\/store\/hydro-bump-complet\/#breadcrumb"},"inLanguage":"fr-FR","potentialAction":[{"@type":"ReadAction","target":["https:\/\/www.lokefoil.com\/fr\/store\/hydro-bump-complet\/"]}]},{"@type":"ImageObject","inLanguage":"fr-FR","@id":"https:\/\/www.lokefoil.com\/fr\/store\/hydro-bump-complet\/#primaryimage","url":"https:\/\/www.lokefoil.com\/wp-content\/uploads\/2024\/01\/pack_hydro_wave_10.jpg","contentUrl":"https:\/\/www.lokefoil.com\/wp-content\/uploads\/2024\/01\/pack_hydro_wave_10.jpg","width":1599,"height":1850},{"@type":"BreadcrumbList","@id":"https:\/\/www.lokefoil.com\/fr\/store\/hydro-bump-complet\/#breadcrumb","itemListElement":[{"@type":"ListItem","position":1,"name":"Accueil","item":"https:\/\/www.lokefoil.com\/fr\/"},{"@type":"ListItem","position":2,"name":"Store","item":"https:\/\/www.lokefoil.com\/fr\/store\/"},{"@type":"ListItem","position":3,"name":"HYDRO BUMP COMPLET"}]},{"@type":"WebSite","@id":"https:\/\/www.lokefoil.com\/#website","url":"https:\/\/www.lokefoil.com\/","name":"LOKEFOIL","description":"Foils 100% Made in France","publisher":{"@id":"https:\/\/www.lokefoil.com\/#organization"},"potentialAction":[{"@type":"SearchAction","target":{"@type":"EntryPoint","urlTemplate":"https:\/\/www.lokefoil.com\/?s={search_term_string}"},"query-input":{"@type":"PropertyValueSpecification","valueRequired":true,"valueName":"search_term_string"}}],"inLanguage":"fr-FR"},{"@type":"Organization","@id":"https:\/\/www.lokefoil.com\/#organization","name":"LOKEFOIL","url":"https:\/\/www.lokefoil.com\/","logo":{"@type":"ImageObject","inLanguage":"fr-FR","@id":"https:\/\/www.lokefoil.com\/#\/schema\/logo\/image\/","url":"https:\/\/www.lokefoil.com\/wp-content\/uploads\/2025\/08\/logo-seo.png","contentUrl":"https:\/\/www.lokefoil.com\/wp-content\/uploads\/2025\/08\/logo-seo.png","width":696,"height":696,"caption":"LOKEFOIL"},"image":{"@id":"https:\/\/www.lokefoil.com\/#\/schema\/logo\/image\/"}}]},"product_price_amount":"0.00","product_price_currency":"EUR","og_availability":"backorder","product_availability":"available for order","product_retailer_item_id":"pack-hydro-bump-complet","product_condition":"new"},"_links":{"self":[{"href":"https:\/\/www.lokefoil.com\/fr\/wp-json\/wp\/v2\/product\/3922","targetHints":{"allow":["GET"]}}],"collection":[{"href":"https:\/\/www.lokefoil.com\/fr\/wp-json\/wp\/v2\/product"}],"about":[{"href":"https:\/\/www.lokefoil.com\/fr\/wp-json\/wp\/v2\/types\/product"}],"replies":[{"embeddable":true,"href":"https:\/\/www.lokefoil.com\/fr\/wp-json\/wp\/v2\/comments?post=3922"}],"wp:featuredmedia":[{"embeddable":true,"href":"https:\/\/www.lokefoil.com\/fr\/wp-json\/wp\/v2\/media\/2656"}],"wp:attachment":[{"href":"https:\/\/www.lokefoil.com\/fr\/wp-json\/wp\/v2\/media?parent=3922"}],"wp:term":[{"taxonomy":"product_brand","embeddable":true,"href":"https:\/\/www.lokefoil.com\/fr\/wp-json\/wp\/v2\/product_brand?post=3922"},{"taxonomy":"product_cat","embeddable":true,"href":"https:\/\/www.lokefoil.com\/fr\/wp-json\/wp\/v2\/product_cat?post=3922"},{"taxonomy":"product_tag","embeddable":true,"href":"https:\/\/www.lokefoil.com\/fr\/wp-json\/wp\/v2\/product_tag?post=3922"}],"curies":[{"name":"wp","href":"https:\/\/api.w.org\/{rel}","templated":true}]}}