{"id":2092,"date":"2024-01-17T16:38:39","date_gmt":"2024-01-17T15:38:39","guid":{"rendered":"https:\/\/www.lokefoil.com\/?post_type=product&#038;p=2092"},"modified":"2025-07-04T16:16:03","modified_gmt":"2025-07-04T14:16:03","slug":"4all-bump","status":"publish","type":"product","link":"https:\/\/www.lokefoil.com\/fr\/store\/4all-bump\/","title":{"rendered":"4ALL BUMP"},"content":{"rendered":"<div class=\"uk-grid-large\">\n<div class=\"uk-flex-middle uk-width-1-3@m\">\n<h2 class=\"uk-h5 uk-margin-small\">Description<\/h2>\n<p>La l\u00e9g\u00e8ret\u00e9 du full carbone et la rigidit\u00e9 de notre 4ALL vous permettra de profiter pleinement de notre gamme BUMP, l\u2019ensemble est facile \u00e0 d\u00e9monter et \u00e0 transporter.<br \/>\nSa capacit\u00e9 de vol \u00e0 tr\u00e8s faible vitesse ainsi que la longueur optimale du fuselage vous permettront de relancer facilement au pumping. L\u2019ensemble est parfaitement \u00e9quilibr\u00e9 sur les deux jambes afin de r\u00e9partir les efforts \u00e0 fournir. Il garde un appui constant lors des phases d\u2019acc\u00e9l\u00e9ration et d\u00e9c\u00e9l\u00e9ration au surf. Vous ne sentirez pas votre planche monter soudainement ou s\u2019effondrer. Il sera facile de garder le contr\u00f4le.<br \/>\nL\u2019ensemble aile et stabilisateur BUMP apporte au 4ALL beaucoup de maniabilit\u00e9 et de stabilit\u00e9 dans les carves. L\u2019ensemble est tr\u00e8s r\u00e9actif, il poss\u00e8de beaucoup de roulis et reste tr\u00e8s sain.<br \/>\nCe pack convient \u00e9galement \u00e0 des gens qui veulent faire du multisports, vous pouvez facilement changer de m\u00e2t selon vos utilisations.<\/p>\n<\/div>\n<div class=\"uk-width-2-3@m\">\n<div>\n<div class=\"uk-child-width-1-2@s uk-grid-small\">\n<div><img loading=\"lazy\" decoding=\"async\" src=\"wp-content\/uploads\/2024\/01\/pack_hydro_wave_120.jpg\" alt=\"\" width=\"610\" height=\"455\" \/><\/div>\n<div><img loading=\"lazy\" decoding=\"async\" src=\"wp-content\/uploads\/2024\/01\/pack_hydro_wave_110.jpg\" alt=\"\" width=\"610\" height=\"455\" \/><\/div>\n<\/div>\n<\/div>\n<\/div>\n<\/div>\n","protected":false},"excerpt":{"rendered":"<p>D\u00e9montez-le et surfez sur les ondes aux quatre coins du monde. Le 4ALL BUMP est le foil full carbone de voyage par excellence.<\/p>\n","protected":false},"featured_media":2664,"comment_status":"open","ping_status":"closed","template":"","meta":{"_acf_changed":false},"product_brand":[],"product_cat":[117,76],"product_tag":[209,101,206,204],"class_list":{"0":"post-2092","1":"product","2":"type-product","3":"status-publish","4":"has-post-thumbnail","6":"product_cat-surffoil","7":"product_cat-wingfoil","8":"product_tag-pack","9":"product_tag-surf","10":"product_tag-surffoil","11":"product_tag-wingfoil","12":"product_shipping_class-colis-l","14":"first","15":"instock","16":"sale","17":"taxable","18":"shipping-taxable","19":"purchasable","20":"product-type-bundle"},"bundled_by":[],"bundle_stock_status":"instock","bundle_stock_quantity":20,"bundle_virtual":false,"bundle_layout":"default","bundle_add_to_cart_form_location":"default","bundle_editable_in_cart":false,"bundle_sold_individually_context":"product","bundle_item_grouping":"parent","bundle_min_size":3,"bundle_max_size":"","bundle_price":{"price":{"min":{"incl_tax":"1433.7","excl_tax":"1194.75"},"max":{"incl_tax":"6472.8","excl_tax":"5394"}},"regular_price":{"min":{"incl_tax":"1614","excl_tax":"1345"},"max":{"incl_tax":"7213","excl_tax":"6010.83"}}},"bundled_items":[{"bundled_item_id":168,"product_id":1893,"menu_order":0,"quantity_min":1,"quantity_max":1,"quantity_default":1,"priced_individually":true,"shipped_individually":false,"override_title":false,"title":"M\u00e2t LK4ALL Platine","override_description":false,"description":"","optional":false,"hide_thumbnail":false,"discount":"10","override_variations":false,"allowed_variations":[],"override_default_variation_attributes":true,"default_variation_attributes":[{"id":1,"name":"Construction","option":"carbone-hr"},{"id":6,"name":"Taille de m\u00e2t","option":"87"}],"single_product_visibility":"visible","cart_visibility":"visible","order_visibility":"visible","single_product_price_visibility":"visible","cart_price_visibility":"visible","order_price_visibility":"visible","stock_status":"in_stock"},{"bundled_item_id":268,"product_id":511,"menu_order":1,"quantity_min":1,"quantity_max":1,"quantity_default":1,"priced_individually":true,"shipped_individually":false,"override_title":false,"title":"Fuselage 65","override_description":false,"description":"","optional":false,"hide_thumbnail":false,"discount":"10","override_variations":true,"allowed_variations":[3142],"override_default_variation_attributes":true,"default_variation_attributes":[{"id":18,"name":"Appui","option":"65-bump"}],"single_product_visibility":"visible","cart_visibility":"visible","order_visibility":"visible","single_product_price_visibility":"visible","cart_price_visibility":"visible","order_price_visibility":"visible","stock_status":"in_stock"},{"bundled_item_id":474,"product_id":5432,"menu_order":2,"quantity_min":0,"quantity_max":1,"quantity_default":0,"priced_individually":true,"shipped_individually":false,"override_title":false,"title":"Aile BUMP 600","override_description":false,"description":"","optional":false,"hide_thumbnail":false,"discount":"10","override_variations":false,"allowed_variations":[],"override_default_variation_attributes":true,"default_variation_attributes":[{"id":1,"name":"Construction","option":"carbone-hr"}],"single_product_visibility":"visible","cart_visibility":"visible","order_visibility":"visible","single_product_price_visibility":"visible","cart_price_visibility":"visible","order_price_visibility":"visible","stock_status":"in_stock"},{"bundled_item_id":180,"product_id":531,"menu_order":3,"quantity_min":0,"quantity_max":1,"quantity_default":0,"priced_individually":true,"shipped_individually":false,"override_title":false,"title":"Aile BUMP 750","override_description":false,"description":"","optional":false,"hide_thumbnail":false,"discount":"10","override_variations":false,"allowed_variations":[],"override_default_variation_attributes":true,"default_variation_attributes":[{"id":1,"name":"Construction","option":"carbone-hr"}],"single_product_visibility":"visible","cart_visibility":"visible","order_visibility":"visible","single_product_price_visibility":"visible","cart_price_visibility":"visible","order_price_visibility":"visible","stock_status":"in_stock"},{"bundled_item_id":429,"product_id":4630,"menu_order":4,"quantity_min":0,"quantity_max":1,"quantity_default":0,"priced_individually":true,"shipped_individually":false,"override_title":false,"title":"Aile BUMP 860","override_description":false,"description":"","optional":false,"hide_thumbnail":false,"discount":"10","override_variations":false,"allowed_variations":[],"override_default_variation_attributes":true,"default_variation_attributes":[{"id":1,"name":"Construction","option":"carbone-hr"}],"single_product_visibility":"visible","cart_visibility":"visible","order_visibility":"visible","single_product_price_visibility":"visible","cart_price_visibility":"visible","order_price_visibility":"visible","stock_status":"in_stock"},{"bundled_item_id":181,"product_id":1297,"menu_order":5,"quantity_min":0,"quantity_max":1,"quantity_default":1,"priced_individually":true,"shipped_individually":false,"override_title":false,"title":"Aile BUMP 1000","override_description":false,"description":"","optional":false,"hide_thumbnail":false,"discount":"10","override_variations":false,"allowed_variations":[],"override_default_variation_attributes":true,"default_variation_attributes":[{"id":1,"name":"Construction","option":"carbone-hr"}],"single_product_visibility":"visible","cart_visibility":"visible","order_visibility":"visible","single_product_price_visibility":"visible","cart_price_visibility":"visible","order_price_visibility":"visible","stock_status":"in_stock"},{"bundled_item_id":430,"product_id":4636,"menu_order":6,"quantity_min":0,"quantity_max":1,"quantity_default":0,"priced_individually":true,"shipped_individually":false,"override_title":false,"title":"Aile BUMP 1130","override_description":false,"description":"","optional":false,"hide_thumbnail":false,"discount":"10","override_variations":false,"allowed_variations":[],"override_default_variation_attributes":true,"default_variation_attributes":[{"id":1,"name":"Construction","option":"carbone-hr"}],"single_product_visibility":"visible","cart_visibility":"visible","order_visibility":"visible","single_product_price_visibility":"visible","cart_price_visibility":"visible","order_price_visibility":"visible","stock_status":"in_stock"},{"bundled_item_id":182,"product_id":1298,"menu_order":7,"quantity_min":0,"quantity_max":1,"quantity_default":0,"priced_individually":true,"shipped_individually":false,"override_title":false,"title":"Aile BUMP 1250","override_description":false,"description":"","optional":false,"hide_thumbnail":false,"discount":"10","override_variations":false,"allowed_variations":[],"override_default_variation_attributes":true,"default_variation_attributes":[{"id":1,"name":"Construction","option":"carbone-hm"}],"single_product_visibility":"visible","cart_visibility":"visible","order_visibility":"visible","single_product_price_visibility":"visible","cart_price_visibility":"visible","order_price_visibility":"visible","stock_status":"on_backorder"},{"bundled_item_id":475,"product_id":5436,"menu_order":8,"quantity_min":0,"quantity_max":1,"quantity_default":0,"priced_individually":true,"shipped_individually":false,"override_title":false,"title":"Stabilisateur BUMP 158 carve","override_description":false,"description":"","optional":false,"hide_thumbnail":false,"discount":"10","override_variations":false,"allowed_variations":[],"override_default_variation_attributes":false,"default_variation_attributes":[],"single_product_visibility":"visible","cart_visibility":"visible","order_visibility":"visible","single_product_price_visibility":"visible","cart_price_visibility":"visible","order_price_visibility":"visible","stock_status":"in_stock"},{"bundled_item_id":431,"product_id":4542,"menu_order":9,"quantity_min":0,"quantity_max":1,"quantity_default":0,"priced_individually":true,"shipped_individually":false,"override_title":false,"title":"Stabilisateur BUMP 145","override_description":false,"description":"","optional":false,"hide_thumbnail":false,"discount":"10","override_variations":false,"allowed_variations":[],"override_default_variation_attributes":false,"default_variation_attributes":[],"single_product_visibility":"visible","cart_visibility":"visible","order_visibility":"visible","single_product_price_visibility":"visible","cart_price_visibility":"visible","order_price_visibility":"visible","stock_status":"in_stock"},{"bundled_item_id":184,"product_id":1294,"menu_order":10,"quantity_min":0,"quantity_max":1,"quantity_default":1,"priced_individually":true,"shipped_individually":false,"override_title":false,"title":"Stabilisateur BUMP 155","override_description":false,"description":"","optional":false,"hide_thumbnail":false,"discount":"10","override_variations":false,"allowed_variations":[],"override_default_variation_attributes":false,"default_variation_attributes":[],"single_product_visibility":"visible","cart_visibility":"visible","order_visibility":"visible","single_product_price_visibility":"visible","cart_price_visibility":"visible","order_price_visibility":"visible","stock_status":"in_stock"},{"bundled_item_id":320,"product_id":3429,"menu_order":11,"quantity_min":0,"quantity_max":1,"quantity_default":0,"priced_individually":true,"shipped_individually":false,"override_title":false,"title":"Stabilisateur BUMP 175","override_description":false,"description":"","optional":false,"hide_thumbnail":false,"discount":"10","override_variations":false,"allowed_variations":[],"override_default_variation_attributes":false,"default_variation_attributes":[],"single_product_visibility":"visible","cart_visibility":"visible","order_visibility":"visible","single_product_price_visibility":"visible","cart_price_visibility":"visible","order_price_visibility":"visible","stock_status":"in_stock"},{"bundled_item_id":178,"product_id":2010,"menu_order":12,"quantity_min":1,"quantity_max":1,"quantity_default":1,"priced_individually":true,"shipped_individually":false,"override_title":false,"title":"Cales de stabilisateurs","override_description":false,"description":"","optional":false,"hide_thumbnail":false,"discount":"100","override_variations":false,"allowed_variations":[],"override_default_variation_attributes":false,"default_variation_attributes":[],"single_product_visibility":"visible","cart_visibility":"visible","order_visibility":"visible","single_product_price_visibility":"visible","cart_price_visibility":"visible","order_price_visibility":"visible","stock_status":"in_stock"},{"bundled_item_id":179,"product_id":1759,"menu_order":13,"quantity_min":1,"quantity_max":1,"quantity_default":1,"priced_individually":true,"shipped_individually":false,"override_title":false,"title":"Pack de visseries","override_description":false,"description":"","optional":false,"hide_thumbnail":false,"discount":"100","override_variations":false,"allowed_variations":[],"override_default_variation_attributes":false,"default_variation_attributes":[],"single_product_visibility":"visible","cart_visibility":"visible","order_visibility":"visible","single_product_price_visibility":"visible","cart_price_visibility":"visible","order_price_visibility":"visible","stock_status":"in_stock"},{"bundled_item_id":177,"product_id":1752,"menu_order":14,"quantity_min":0,"quantity_max":1,"quantity_default":0,"priced_individually":true,"shipped_individually":false,"override_title":false,"title":"Housse pack","override_description":false,"description":"","optional":false,"hide_thumbnail":false,"discount":"10","override_variations":true,"allowed_variations":[1754,1755],"override_default_variation_attributes":true,"default_variation_attributes":[],"single_product_visibility":"visible","cart_visibility":"visible","order_visibility":"visible","single_product_price_visibility":"visible","cart_price_visibility":"visible","order_price_visibility":"visible","stock_status":"in_stock"}],"bundle_sell_ids":[],"exclude_global_add_ons":[],"addons":[],"acf":[],"yoast_head":"<!-- This site is optimized with the Yoast SEO Premium plugin v27.0 (Yoast SEO v27.1.1) - https:\/\/yoast.com\/product\/yoast-seo-premium-wordpress\/ -->\n<title>4ALL BUMP - LOKEFOIL<\/title>\n<meta name=\"robots\" content=\"index, follow, max-snippet:-1, max-image-preview:large, max-video-preview:-1\" \/>\n<link rel=\"canonical\" href=\"https:\/\/www.lokefoil.com\/fr\/store\/4all-bump\/\" \/>\n<meta property=\"og:locale\" content=\"fr_FR\" \/>\n<meta property=\"og:type\" content=\"article\" \/>\n<meta property=\"og:title\" content=\"4ALL BUMP\" \/>\n<meta property=\"og:description\" content=\"D\u00e9montez-le et surfez sur les ondes aux quatre coins du monde. Le 4ALL BUMP est le foil full carbone de voyage par excellence.\" \/>\n<meta property=\"og:url\" content=\"https:\/\/www.lokefoil.com\/fr\/store\/4all-bump\/\" \/>\n<meta property=\"og:site_name\" content=\"LOKEFOIL\" \/>\n<meta property=\"article:modified_time\" content=\"2025-07-04T14:16:03+00:00\" \/>\n<meta property=\"og:image\" content=\"https:\/\/www.lokefoil.com\/wp-content\/uploads\/2024\/01\/pack_4all_wave_10.jpg\" \/>\n\t<meta property=\"og:image:width\" content=\"1599\" \/>\n\t<meta property=\"og:image:height\" content=\"1850\" \/>\n\t<meta property=\"og:image:type\" content=\"image\/jpeg\" \/>\n<meta name=\"twitter:card\" content=\"summary_large_image\" \/>\n<meta name=\"twitter:label1\" content=\"Prix\" \/>\n\t<meta name=\"twitter:data1\" content=\"0,00&nbsp;&euro;\" \/>\n\t<meta name=\"twitter:label2\" content=\"Disponibilit\u00e9\" \/>\n\t<meta name=\"twitter:data2\" content=\"En stock\" \/>\n<script type=\"application\/ld+json\" class=\"yoast-schema-graph\">{\"@context\":\"https:\/\/schema.org\",\"@graph\":[{\"@type\":[\"WebPage\",\"ItemPage\"],\"@id\":\"https:\/\/www.lokefoil.com\/fr\/store\/4all-bump\/\",\"url\":\"https:\/\/www.lokefoil.com\/fr\/store\/4all-bump\/\",\"name\":\"4ALL BUMP - LOKEFOIL\",\"isPartOf\":{\"@id\":\"https:\/\/www.lokefoil.com\/#website\"},\"primaryImageOfPage\":{\"@id\":\"https:\/\/www.lokefoil.com\/fr\/store\/4all-bump\/#primaryimage\"},\"image\":{\"@id\":\"https:\/\/www.lokefoil.com\/fr\/store\/4all-bump\/#primaryimage\"},\"thumbnailUrl\":\"https:\/\/www.lokefoil.com\/wp-content\/uploads\/2024\/01\/pack_4all_wave_10.jpg\",\"datePublished\":\"2024-01-17T15:38:39+00:00\",\"dateModified\":\"2025-07-04T14:16:03+00:00\",\"breadcrumb\":{\"@id\":\"https:\/\/www.lokefoil.com\/fr\/store\/4all-bump\/#breadcrumb\"},\"inLanguage\":\"fr-FR\",\"potentialAction\":[{\"@type\":\"ReadAction\",\"target\":[\"https:\/\/www.lokefoil.com\/fr\/store\/4all-bump\/\"]}]},{\"@type\":\"ImageObject\",\"inLanguage\":\"fr-FR\",\"@id\":\"https:\/\/www.lokefoil.com\/fr\/store\/4all-bump\/#primaryimage\",\"url\":\"https:\/\/www.lokefoil.com\/wp-content\/uploads\/2024\/01\/pack_4all_wave_10.jpg\",\"contentUrl\":\"https:\/\/www.lokefoil.com\/wp-content\/uploads\/2024\/01\/pack_4all_wave_10.jpg\",\"width\":1599,\"height\":1850},{\"@type\":\"BreadcrumbList\",\"@id\":\"https:\/\/www.lokefoil.com\/fr\/store\/4all-bump\/#breadcrumb\",\"itemListElement\":[{\"@type\":\"ListItem\",\"position\":1,\"name\":\"Accueil\",\"item\":\"https:\/\/www.lokefoil.com\/fr\/\"},{\"@type\":\"ListItem\",\"position\":2,\"name\":\"Store\",\"item\":\"https:\/\/www.lokefoil.com\/fr\/store\/\"},{\"@type\":\"ListItem\",\"position\":3,\"name\":\"4ALL BUMP\"}]},{\"@type\":\"WebSite\",\"@id\":\"https:\/\/www.lokefoil.com\/#website\",\"url\":\"https:\/\/www.lokefoil.com\/\",\"name\":\"LOKEFOIL\",\"description\":\"Foils 100% Made in France\",\"publisher\":{\"@id\":\"https:\/\/www.lokefoil.com\/#organization\"},\"potentialAction\":[{\"@type\":\"SearchAction\",\"target\":{\"@type\":\"EntryPoint\",\"urlTemplate\":\"https:\/\/www.lokefoil.com\/?s={search_term_string}\"},\"query-input\":{\"@type\":\"PropertyValueSpecification\",\"valueRequired\":true,\"valueName\":\"search_term_string\"}}],\"inLanguage\":\"fr-FR\"},{\"@type\":\"Organization\",\"@id\":\"https:\/\/www.lokefoil.com\/#organization\",\"name\":\"LOKEFOIL\",\"url\":\"https:\/\/www.lokefoil.com\/\",\"logo\":{\"@type\":\"ImageObject\",\"inLanguage\":\"fr-FR\",\"@id\":\"https:\/\/www.lokefoil.com\/#\/schema\/logo\/image\/\",\"url\":\"https:\/\/www.lokefoil.com\/wp-content\/uploads\/2025\/08\/logo-seo.png\",\"contentUrl\":\"https:\/\/www.lokefoil.com\/wp-content\/uploads\/2025\/08\/logo-seo.png\",\"width\":696,\"height\":696,\"caption\":\"LOKEFOIL\"},\"image\":{\"@id\":\"https:\/\/www.lokefoil.com\/#\/schema\/logo\/image\/\"}}]}<\/script>\n<meta property=\"product:price:amount\" content=\"0.00\" \/>\n<meta property=\"product:price:currency\" content=\"EUR\" \/>\n<meta property=\"og:availability\" content=\"instock\" \/>\n<meta property=\"product:availability\" content=\"instock\" \/>\n<meta property=\"product:retailer_item_id\" content=\"pack-4all-bump\" \/>\n<meta property=\"product:condition\" content=\"new\" \/>\n<!-- \/ Yoast SEO Premium plugin. -->","yoast_head_json":{"title":"4ALL BUMP - LOKEFOIL","robots":{"index":"index","follow":"follow","max-snippet":"max-snippet:-1","max-image-preview":"max-image-preview:large","max-video-preview":"max-video-preview:-1"},"canonical":"https:\/\/www.lokefoil.com\/fr\/store\/4all-bump\/","og_locale":"fr_FR","og_type":"article","og_title":"4ALL BUMP","og_description":"D\u00e9montez-le et surfez sur les ondes aux quatre coins du monde. Le 4ALL BUMP est le foil full carbone de voyage par excellence.","og_url":"https:\/\/www.lokefoil.com\/fr\/store\/4all-bump\/","og_site_name":"LOKEFOIL","article_modified_time":"2025-07-04T14:16:03+00:00","og_image":[{"width":1599,"height":1850,"url":"https:\/\/www.lokefoil.com\/wp-content\/uploads\/2024\/01\/pack_4all_wave_10.jpg","type":"image\/jpeg"}],"twitter_card":"summary_large_image","twitter_misc":{"Prix":"0,00&nbsp;&euro;","Disponibilit\u00e9":"En stock"},"schema":{"@context":"https:\/\/schema.org","@graph":[{"@type":["WebPage","ItemPage"],"@id":"https:\/\/www.lokefoil.com\/fr\/store\/4all-bump\/","url":"https:\/\/www.lokefoil.com\/fr\/store\/4all-bump\/","name":"4ALL BUMP - LOKEFOIL","isPartOf":{"@id":"https:\/\/www.lokefoil.com\/#website"},"primaryImageOfPage":{"@id":"https:\/\/www.lokefoil.com\/fr\/store\/4all-bump\/#primaryimage"},"image":{"@id":"https:\/\/www.lokefoil.com\/fr\/store\/4all-bump\/#primaryimage"},"thumbnailUrl":"https:\/\/www.lokefoil.com\/wp-content\/uploads\/2024\/01\/pack_4all_wave_10.jpg","datePublished":"2024-01-17T15:38:39+00:00","dateModified":"2025-07-04T14:16:03+00:00","breadcrumb":{"@id":"https:\/\/www.lokefoil.com\/fr\/store\/4all-bump\/#breadcrumb"},"inLanguage":"fr-FR","potentialAction":[{"@type":"ReadAction","target":["https:\/\/www.lokefoil.com\/fr\/store\/4all-bump\/"]}]},{"@type":"ImageObject","inLanguage":"fr-FR","@id":"https:\/\/www.lokefoil.com\/fr\/store\/4all-bump\/#primaryimage","url":"https:\/\/www.lokefoil.com\/wp-content\/uploads\/2024\/01\/pack_4all_wave_10.jpg","contentUrl":"https:\/\/www.lokefoil.com\/wp-content\/uploads\/2024\/01\/pack_4all_wave_10.jpg","width":1599,"height":1850},{"@type":"BreadcrumbList","@id":"https:\/\/www.lokefoil.com\/fr\/store\/4all-bump\/#breadcrumb","itemListElement":[{"@type":"ListItem","position":1,"name":"Accueil","item":"https:\/\/www.lokefoil.com\/fr\/"},{"@type":"ListItem","position":2,"name":"Store","item":"https:\/\/www.lokefoil.com\/fr\/store\/"},{"@type":"ListItem","position":3,"name":"4ALL BUMP"}]},{"@type":"WebSite","@id":"https:\/\/www.lokefoil.com\/#website","url":"https:\/\/www.lokefoil.com\/","name":"LOKEFOIL","description":"Foils 100% Made in France","publisher":{"@id":"https:\/\/www.lokefoil.com\/#organization"},"potentialAction":[{"@type":"SearchAction","target":{"@type":"EntryPoint","urlTemplate":"https:\/\/www.lokefoil.com\/?s={search_term_string}"},"query-input":{"@type":"PropertyValueSpecification","valueRequired":true,"valueName":"search_term_string"}}],"inLanguage":"fr-FR"},{"@type":"Organization","@id":"https:\/\/www.lokefoil.com\/#organization","name":"LOKEFOIL","url":"https:\/\/www.lokefoil.com\/","logo":{"@type":"ImageObject","inLanguage":"fr-FR","@id":"https:\/\/www.lokefoil.com\/#\/schema\/logo\/image\/","url":"https:\/\/www.lokefoil.com\/wp-content\/uploads\/2025\/08\/logo-seo.png","contentUrl":"https:\/\/www.lokefoil.com\/wp-content\/uploads\/2025\/08\/logo-seo.png","width":696,"height":696,"caption":"LOKEFOIL"},"image":{"@id":"https:\/\/www.lokefoil.com\/#\/schema\/logo\/image\/"}}]},"product_price_amount":"0.00","product_price_currency":"EUR","og_availability":"instock","product_availability":"instock","product_retailer_item_id":"pack-4all-bump","product_condition":"new"},"_links":{"self":[{"href":"https:\/\/www.lokefoil.com\/fr\/wp-json\/wp\/v2\/product\/2092","targetHints":{"allow":["GET"]}}],"collection":[{"href":"https:\/\/www.lokefoil.com\/fr\/wp-json\/wp\/v2\/product"}],"about":[{"href":"https:\/\/www.lokefoil.com\/fr\/wp-json\/wp\/v2\/types\/product"}],"replies":[{"embeddable":true,"href":"https:\/\/www.lokefoil.com\/fr\/wp-json\/wp\/v2\/comments?post=2092"}],"wp:featuredmedia":[{"embeddable":true,"href":"https:\/\/www.lokefoil.com\/fr\/wp-json\/wp\/v2\/media\/2664"}],"wp:attachment":[{"href":"https:\/\/www.lokefoil.com\/fr\/wp-json\/wp\/v2\/media?parent=2092"}],"wp:term":[{"taxonomy":"product_brand","embeddable":true,"href":"https:\/\/www.lokefoil.com\/fr\/wp-json\/wp\/v2\/product_brand?post=2092"},{"taxonomy":"product_cat","embeddable":true,"href":"https:\/\/www.lokefoil.com\/fr\/wp-json\/wp\/v2\/product_cat?post=2092"},{"taxonomy":"product_tag","embeddable":true,"href":"https:\/\/www.lokefoil.com\/fr\/wp-json\/wp\/v2\/product_tag?post=2092"}],"curies":[{"name":"wp","href":"https:\/\/api.w.org\/{rel}","templated":true}]}}