{"id":1222,"date":"2023-10-20T16:47:33","date_gmt":"2023-10-20T14:47:33","guid":{"rendered":"http:\/\/localhost\/loke2foil\/?post_type=product&#038;p=1222"},"modified":"2025-06-16T22:20:51","modified_gmt":"2025-06-16T20:20:51","slug":"tbar-hydro","status":"publish","type":"product","link":"https:\/\/www.lokefoil.com\/fr\/store\/tbar-hydro\/","title":{"rendered":"T-Bar Hydro"},"content":{"rendered":"<div class=\"uk-grid-large\" uk-grid=\"\">\n<div class=\"uk-flex-middle uk-width-1-3@m\">\n<h2 class=\"uk-h5 uk-margin-small\">Description<\/h2>\n<p>L\u2019Hydro est notre nouveau T-bar con\u00e7u pour glisser. Tr\u00e8s rigide, il correspond \u00e0 tous les gabarits et toutes les pratiques. De 72 \u00e0 85, sa glisse vous permettra d\u2019exceller partout. Nous avons opt\u00e9 pour le T-bar afin de pouvoir affiner le fuselage tout en ayant un maximum de rigidit\u00e9 et de durabilit\u00e9 en limitant le nombre de connexions.<br \/>\nL\u2019appui de l\u2019aile a \u00e9galement \u00e9t\u00e9 affin\u00e9 au maximum pour garantir de la glisse. Il a \u00e9t\u00e9 repens\u00e9 pour notre gamme BUMP.<br \/>\nNous avons beaucoup d\u2019exp\u00e9rience sur la conception et fabrication des T-bars gr\u00e2ce au LK1, ayant la main sur la production de chaque pi\u00e8ce, nous pouvons proposer aujourd\u2019hui ce T-bar ultra l\u00e9ger et rigide, amenant un ensemble HYDRO et BUMP, en m\u00e2t de 80, \u00e0 moins de 3Kg.<br \/>\nDe 90 \u00e0 95, sa glisse vous permettra d\u2019aller tr\u00e8s vite en gardant un maximum de contr\u00f4le.<br \/>\nL\u2019essayer, c\u2019est l\u2019adopter, plus de probl\u00e8mes de connexion. Son faible poids et la longueur de son fuselage vous donneront un d\u00e9collage facile en SURF et WING, cela vous permettra \u00e9galement d\u2019avoir une fr\u00e9quence id\u00e9ale au pumping pour acc\u00e9l\u00e9rer et s\u2019\u00e9conomiser.<br \/>\nLe prix est \u00e9galement tr\u00e8s fortement impact\u00e9, par rapport \u00e0 la concurrence, lorsque vous souhaitez poss\u00e9der plusieurs ailes.\n<\/p><\/div>\n<div class=\"uk-width-2-3@m\">\n<div>\n<div class=\"uk-child-width-1-2@s uk-grid-small\" uk-grid=\"\">\n<div><img loading=\"lazy\" decoding=\"async\" src=\"wp-content\/uploads\/2024\/01\/pack_hydro_dynamic_100.jpg\" alt=\"\" width=\"610\" height=\"455\" \/><\/div>\n<div><img loading=\"lazy\" decoding=\"async\" src=\"wp-content\/uploads\/2024\/01\/pack_hydro_surf_100.jpg\" alt=\"\" width=\"610\" height=\"455\" \/><\/div>\n<\/div>\n<\/div>\n<\/div>\n<\/div>\n","protected":false},"excerpt":{"rendered":"<p>Un T-bar monobloc pour une performance optimale pluridisciplinaire.<\/p>\n","protected":false},"featured_media":2287,"comment_status":"open","ping_status":"closed","template":"","meta":{"_acf_changed":false},"product_brand":[],"product_cat":[140,118],"product_tag":[111,208,99,103,101,206,204],"class_list":{"0":"post-1222","1":"product","2":"type-product","3":"status-publish","4":"has-post-thumbnail","6":"product_cat-fuselage-tbar","7":"product_cat-mats-tbar","8":"product_tag-debutant","9":"product_tag-dockstart","10":"product_tag-pumping","11":"product_tag-race","12":"product_tag-surf","13":"product_tag-surffoil","14":"product_tag-wingfoil","15":"product_shipping_class-colis-l","17":"first","18":"instock","19":"taxable","20":"shipping-taxable","21":"purchasable","22":"product-type-variable","23":"has-default-attributes"},"bundled_by":["541","2110","2124","2125","2135","2157","3920","3922","4875"],"bundle_stock_status":"instock","bundle_stock_quantity":18,"bundle_virtual":false,"bundle_layout":"","bundle_add_to_cart_form_location":"","bundle_editable_in_cart":false,"bundle_sold_individually_context":"","bundle_item_grouping":"","bundle_min_size":"","bundle_max_size":"","bundle_price":[],"bundled_items":[],"bundle_sell_ids":[2010,1809,1814,1825],"exclude_global_add_ons":[],"addons":[],"acf":[],"yoast_head":"<!-- This site is optimized with the Yoast SEO Premium plugin v27.0 (Yoast SEO v27.1.1) - https:\/\/yoast.com\/product\/yoast-seo-premium-wordpress\/ -->\n<title>T-Bar Hydro - LOKEFOIL<\/title>\n<meta name=\"robots\" content=\"index, follow, max-snippet:-1, max-image-preview:large, max-video-preview:-1\" \/>\n<link rel=\"canonical\" href=\"https:\/\/www.lokefoil.com\/fr\/store\/tbar-hydro\/\" \/>\n<meta property=\"og:locale\" content=\"fr_FR\" \/>\n<meta property=\"og:type\" content=\"article\" \/>\n<meta property=\"og:title\" content=\"T-Bar Hydro\" \/>\n<meta property=\"og:description\" content=\"Un T-bar monobloc pour une performance optimale pluridisciplinaire.\" \/>\n<meta property=\"og:url\" content=\"https:\/\/www.lokefoil.com\/fr\/store\/tbar-hydro\/\" \/>\n<meta property=\"og:site_name\" content=\"LOKEFOIL\" \/>\n<meta property=\"article:modified_time\" content=\"2025-06-16T20:20:51+00:00\" \/>\n<meta property=\"og:image\" content=\"https:\/\/www.lokefoil.com\/wp-content\/uploads\/2023\/10\/hydro_10.jpg\" \/>\n\t<meta property=\"og:image:width\" content=\"1599\" \/>\n\t<meta property=\"og:image:height\" content=\"1850\" \/>\n\t<meta property=\"og:image:type\" content=\"image\/jpeg\" \/>\n<meta name=\"twitter:card\" content=\"summary_large_image\" \/>\n<meta name=\"twitter:label1\" content=\"Disponibilit\u00e9\" \/>\n\t<meta name=\"twitter:data1\" content=\"En stock\" \/>\n<script type=\"application\/ld+json\" class=\"yoast-schema-graph\">{\"@context\":\"https:\/\/schema.org\",\"@graph\":[{\"@type\":[\"WebPage\",\"ItemPage\"],\"@id\":\"https:\/\/www.lokefoil.com\/fr\/store\/tbar-hydro\/\",\"url\":\"https:\/\/www.lokefoil.com\/fr\/store\/tbar-hydro\/\",\"name\":\"T-Bar Hydro - LOKEFOIL\",\"isPartOf\":{\"@id\":\"https:\/\/www.lokefoil.com\/#website\"},\"primaryImageOfPage\":{\"@id\":\"https:\/\/www.lokefoil.com\/fr\/store\/tbar-hydro\/#primaryimage\"},\"image\":{\"@id\":\"https:\/\/www.lokefoil.com\/fr\/store\/tbar-hydro\/#primaryimage\"},\"thumbnailUrl\":\"https:\/\/www.lokefoil.com\/wp-content\/uploads\/2023\/10\/hydro_10.jpg\",\"datePublished\":\"2023-10-20T14:47:33+00:00\",\"dateModified\":\"2025-06-16T20:20:51+00:00\",\"breadcrumb\":{\"@id\":\"https:\/\/www.lokefoil.com\/fr\/store\/tbar-hydro\/#breadcrumb\"},\"inLanguage\":\"fr-FR\",\"potentialAction\":[{\"@type\":\"ReadAction\",\"target\":[\"https:\/\/www.lokefoil.com\/fr\/store\/tbar-hydro\/\"]}]},{\"@type\":\"ImageObject\",\"inLanguage\":\"fr-FR\",\"@id\":\"https:\/\/www.lokefoil.com\/fr\/store\/tbar-hydro\/#primaryimage\",\"url\":\"https:\/\/www.lokefoil.com\/wp-content\/uploads\/2023\/10\/hydro_10.jpg\",\"contentUrl\":\"https:\/\/www.lokefoil.com\/wp-content\/uploads\/2023\/10\/hydro_10.jpg\",\"width\":1599,\"height\":1850},{\"@type\":\"BreadcrumbList\",\"@id\":\"https:\/\/www.lokefoil.com\/fr\/store\/tbar-hydro\/#breadcrumb\",\"itemListElement\":[{\"@type\":\"ListItem\",\"position\":1,\"name\":\"Accueil\",\"item\":\"https:\/\/www.lokefoil.com\/fr\/\"},{\"@type\":\"ListItem\",\"position\":2,\"name\":\"Store\",\"item\":\"https:\/\/www.lokefoil.com\/fr\/store\/\"},{\"@type\":\"ListItem\",\"position\":3,\"name\":\"T-Bar Hydro\"}]},{\"@type\":\"WebSite\",\"@id\":\"https:\/\/www.lokefoil.com\/#website\",\"url\":\"https:\/\/www.lokefoil.com\/\",\"name\":\"LOKEFOIL\",\"description\":\"Foils 100% Made in France\",\"publisher\":{\"@id\":\"https:\/\/www.lokefoil.com\/#organization\"},\"potentialAction\":[{\"@type\":\"SearchAction\",\"target\":{\"@type\":\"EntryPoint\",\"urlTemplate\":\"https:\/\/www.lokefoil.com\/?s={search_term_string}\"},\"query-input\":{\"@type\":\"PropertyValueSpecification\",\"valueRequired\":true,\"valueName\":\"search_term_string\"}}],\"inLanguage\":\"fr-FR\"},{\"@type\":\"Organization\",\"@id\":\"https:\/\/www.lokefoil.com\/#organization\",\"name\":\"LOKEFOIL\",\"url\":\"https:\/\/www.lokefoil.com\/\",\"logo\":{\"@type\":\"ImageObject\",\"inLanguage\":\"fr-FR\",\"@id\":\"https:\/\/www.lokefoil.com\/#\/schema\/logo\/image\/\",\"url\":\"https:\/\/www.lokefoil.com\/wp-content\/uploads\/2025\/08\/logo-seo.png\",\"contentUrl\":\"https:\/\/www.lokefoil.com\/wp-content\/uploads\/2025\/08\/logo-seo.png\",\"width\":696,\"height\":696,\"caption\":\"LOKEFOIL\"},\"image\":{\"@id\":\"https:\/\/www.lokefoil.com\/#\/schema\/logo\/image\/\"}}]}<\/script>\n<meta property=\"og:availability\" content=\"instock\" \/>\n<meta property=\"product:availability\" content=\"instock\" \/>\n<meta property=\"product:retailer_item_id\" content=\"tbar-hydro\" \/>\n<meta property=\"product:condition\" content=\"new\" \/>\n<!-- \/ Yoast SEO Premium plugin. -->","yoast_head_json":{"title":"T-Bar Hydro - LOKEFOIL","robots":{"index":"index","follow":"follow","max-snippet":"max-snippet:-1","max-image-preview":"max-image-preview:large","max-video-preview":"max-video-preview:-1"},"canonical":"https:\/\/www.lokefoil.com\/fr\/store\/tbar-hydro\/","og_locale":"fr_FR","og_type":"article","og_title":"T-Bar Hydro","og_description":"Un T-bar monobloc pour une performance optimale pluridisciplinaire.","og_url":"https:\/\/www.lokefoil.com\/fr\/store\/tbar-hydro\/","og_site_name":"LOKEFOIL","article_modified_time":"2025-06-16T20:20:51+00:00","og_image":[{"width":1599,"height":1850,"url":"https:\/\/www.lokefoil.com\/wp-content\/uploads\/2023\/10\/hydro_10.jpg","type":"image\/jpeg"}],"twitter_card":"summary_large_image","twitter_misc":{"Disponibilit\u00e9":"En stock"},"schema":{"@context":"https:\/\/schema.org","@graph":[{"@type":["WebPage","ItemPage"],"@id":"https:\/\/www.lokefoil.com\/fr\/store\/tbar-hydro\/","url":"https:\/\/www.lokefoil.com\/fr\/store\/tbar-hydro\/","name":"T-Bar Hydro - LOKEFOIL","isPartOf":{"@id":"https:\/\/www.lokefoil.com\/#website"},"primaryImageOfPage":{"@id":"https:\/\/www.lokefoil.com\/fr\/store\/tbar-hydro\/#primaryimage"},"image":{"@id":"https:\/\/www.lokefoil.com\/fr\/store\/tbar-hydro\/#primaryimage"},"thumbnailUrl":"https:\/\/www.lokefoil.com\/wp-content\/uploads\/2023\/10\/hydro_10.jpg","datePublished":"2023-10-20T14:47:33+00:00","dateModified":"2025-06-16T20:20:51+00:00","breadcrumb":{"@id":"https:\/\/www.lokefoil.com\/fr\/store\/tbar-hydro\/#breadcrumb"},"inLanguage":"fr-FR","potentialAction":[{"@type":"ReadAction","target":["https:\/\/www.lokefoil.com\/fr\/store\/tbar-hydro\/"]}]},{"@type":"ImageObject","inLanguage":"fr-FR","@id":"https:\/\/www.lokefoil.com\/fr\/store\/tbar-hydro\/#primaryimage","url":"https:\/\/www.lokefoil.com\/wp-content\/uploads\/2023\/10\/hydro_10.jpg","contentUrl":"https:\/\/www.lokefoil.com\/wp-content\/uploads\/2023\/10\/hydro_10.jpg","width":1599,"height":1850},{"@type":"BreadcrumbList","@id":"https:\/\/www.lokefoil.com\/fr\/store\/tbar-hydro\/#breadcrumb","itemListElement":[{"@type":"ListItem","position":1,"name":"Accueil","item":"https:\/\/www.lokefoil.com\/fr\/"},{"@type":"ListItem","position":2,"name":"Store","item":"https:\/\/www.lokefoil.com\/fr\/store\/"},{"@type":"ListItem","position":3,"name":"T-Bar Hydro"}]},{"@type":"WebSite","@id":"https:\/\/www.lokefoil.com\/#website","url":"https:\/\/www.lokefoil.com\/","name":"LOKEFOIL","description":"Foils 100% Made in France","publisher":{"@id":"https:\/\/www.lokefoil.com\/#organization"},"potentialAction":[{"@type":"SearchAction","target":{"@type":"EntryPoint","urlTemplate":"https:\/\/www.lokefoil.com\/?s={search_term_string}"},"query-input":{"@type":"PropertyValueSpecification","valueRequired":true,"valueName":"search_term_string"}}],"inLanguage":"fr-FR"},{"@type":"Organization","@id":"https:\/\/www.lokefoil.com\/#organization","name":"LOKEFOIL","url":"https:\/\/www.lokefoil.com\/","logo":{"@type":"ImageObject","inLanguage":"fr-FR","@id":"https:\/\/www.lokefoil.com\/#\/schema\/logo\/image\/","url":"https:\/\/www.lokefoil.com\/wp-content\/uploads\/2025\/08\/logo-seo.png","contentUrl":"https:\/\/www.lokefoil.com\/wp-content\/uploads\/2025\/08\/logo-seo.png","width":696,"height":696,"caption":"LOKEFOIL"},"image":{"@id":"https:\/\/www.lokefoil.com\/#\/schema\/logo\/image\/"}}]},"og_availability":"instock","product_availability":"instock","product_retailer_item_id":"tbar-hydro","product_condition":"new"},"_links":{"self":[{"href":"https:\/\/www.lokefoil.com\/fr\/wp-json\/wp\/v2\/product\/1222","targetHints":{"allow":["GET"]}}],"collection":[{"href":"https:\/\/www.lokefoil.com\/fr\/wp-json\/wp\/v2\/product"}],"about":[{"href":"https:\/\/www.lokefoil.com\/fr\/wp-json\/wp\/v2\/types\/product"}],"replies":[{"embeddable":true,"href":"https:\/\/www.lokefoil.com\/fr\/wp-json\/wp\/v2\/comments?post=1222"}],"wp:featuredmedia":[{"embeddable":true,"href":"https:\/\/www.lokefoil.com\/fr\/wp-json\/wp\/v2\/media\/2287"}],"wp:attachment":[{"href":"https:\/\/www.lokefoil.com\/fr\/wp-json\/wp\/v2\/media?parent=1222"}],"wp:term":[{"taxonomy":"product_brand","embeddable":true,"href":"https:\/\/www.lokefoil.com\/fr\/wp-json\/wp\/v2\/product_brand?post=1222"},{"taxonomy":"product_cat","embeddable":true,"href":"https:\/\/www.lokefoil.com\/fr\/wp-json\/wp\/v2\/product_cat?post=1222"},{"taxonomy":"product_tag","embeddable":true,"href":"https:\/\/www.lokefoil.com\/fr\/wp-json\/wp\/v2\/product_tag?post=1222"}],"curies":[{"name":"wp","href":"https:\/\/api.w.org\/{rel}","templated":true}]}}