{"id":4630,"date":"2024-09-26T10:55:21","date_gmt":"2024-09-26T08:55:21","guid":{"rendered":"https:\/\/www.lokefoil.com\/store\/\/"},"modified":"2026-03-17T23:31:52","modified_gmt":"2026-03-17T22:31:52","slug":"bump-860","status":"publish","type":"product","link":"https:\/\/www.lokefoil.com\/es\/store\/bump-860\/","title":{"rendered":"Ala BUMP 860"},"content":{"rendered":"<div class=\"uk-grid-large\">\n<div class=\"uk-flex-middle uk-width-1-3@m\">\n<h2 class=\"uk-h5 uk-margin-small\">Descripci\u00f3n<\/h2>\n<p>Esta vela, incluso m\u00e1s maniobrable que sus hermanas mayores, vuela a baja velocidad. Es perfecto para condiciones de olas de 1 ma 2 m. Un aut\u00e9ntico juguete tan placentero en SURF como en WING. Su vuelo a baja velocidad, su muy buen agarre incluso en \u00e1ngulos de ataque elevados y su maniobrabilidad la convierten en una vela s\u00faper eficiente en los reinicios con bombeo. Dise\u00f1ado para tallar y deslizarse sin esfuerzo.<\/p><\/div>\n<div class=\"uk-width-2-3@m\">\n<div>\n<div class=\"uk-child-width-1-2@s uk-grid-small\">\n<div><img loading=\"lazy\" decoding=\"async\" src=\"wp-content\/uploads\/2024\/01\/pack_hydro_surf_100.jpg\" alt=\"\" width=\"610\" height=\"455\" \/><\/div>\n<div><img loading=\"lazy\" decoding=\"async\" src=\"wp-content\/uploads\/2024\/01\/pack_4all_surf_100.jpg\" alt=\"\" width=\"610\" height=\"455\" \/><\/div>\n<\/div>\n<\/div>\n<\/div>\n<\/div>\n","protected":false},"excerpt":{"rendered":"<p>Rendimiento y radicalidad en el surf, un concentrado de deslizamiento y maniobrabilidad.<\/p>\n","protected":false},"featured_media":4870,"comment_status":"open","ping_status":"closed","template":"","meta":{"_acf_changed":false},"product_brand":[],"product_cat":[114],"product_tag":[101,206,204],"class_list":{"0":"post-4630","1":"product","2":"type-product","3":"status-publish","4":"has-post-thumbnail","6":"product_cat-alas-bump","7":"product_tag-surf","8":"product_tag-surffoil","9":"product_tag-wingfoil","10":"product_shipping_class-colis-m","12":"first","13":"instock","14":"taxable","15":"shipping-taxable","16":"purchasable","17":"product-type-variable","18":"has-default-attributes"},"bundled_by":["2124","2110","4835","2092"],"bundle_stock_status":"instock","bundle_stock_quantity":19,"bundle_virtual":false,"bundle_layout":"","bundle_add_to_cart_form_location":"","bundle_editable_in_cart":false,"bundle_sold_individually_context":"","bundle_item_grouping":"","bundle_min_size":"","bundle_max_size":"","bundle_price":[],"bundled_items":[],"bundle_sell_ids":[1772],"exclude_global_add_ons":[],"addons":[],"acf":[],"yoast_head":"<!-- This site is optimized with the Yoast SEO Premium plugin v27.0 (Yoast SEO v27.1.1) - https:\/\/yoast.com\/product\/yoast-seo-premium-wordpress\/ -->\n<title>Ala BUMP 860<\/title>\n<meta name=\"description\" content=\"Rendimiento y radicalidad en el surf, un concentrado de deslizamiento y maniobrabilidad.\" \/>\n<meta name=\"robots\" content=\"index, follow, max-snippet:-1, max-image-preview:large, max-video-preview:-1\" \/>\n<link rel=\"canonical\" href=\"http:\/\/Rendimiento%20y%20radicalidad%20en%20el%20surf,%20un%20concentrado%20de%20deslizamiento%20y%20maniobrabilidad.\" \/>\n<meta property=\"og:locale\" content=\"es_ES\" \/>\n<meta property=\"og:type\" content=\"article\" \/>\n<meta property=\"og:title\" content=\"Ala BUMP 860\" \/>\n<meta property=\"og:description\" content=\"Rendimiento y radicalidad en el surf, un concentrado de deslizamiento y maniobrabilidad.\" \/>\n<meta property=\"og:url\" content=\"https:\/\/www.lokefoil.com\/es\/store\/bump-860\/\" \/>\n<meta property=\"og:site_name\" content=\"LOKEFOIL\" \/>\n<meta property=\"article:modified_time\" content=\"2026-03-17T22:31:52+00:00\" \/>\n<meta property=\"og:image\" content=\"https:\/\/www.lokefoil.com\/wp-content\/uploads\/2024\/09\/BUMP_860_20.jpg\" \/>\n\t<meta property=\"og:image:width\" content=\"1599\" \/>\n\t<meta property=\"og:image:height\" content=\"1850\" \/>\n\t<meta property=\"og:image:type\" content=\"image\/jpeg\" \/>\n<meta name=\"twitter:card\" content=\"summary_large_image\" \/>\n<meta name=\"twitter:label1\" content=\"Disponibilidad\" \/>\n\t<meta name=\"twitter:data1\" content=\"Disponible\" \/>\n<script type=\"application\/ld+json\" class=\"yoast-schema-graph\">{\"@context\":\"https:\/\/schema.org\",\"@graph\":[{\"@type\":[\"WebPage\",\"ItemPage\"],\"@id\":\"https:\/\/www.lokefoil.com\/es\/store\/bump-860\/\",\"url\":\"https:\/\/www.lokefoil.com\/es\/store\/bump-860\/\",\"name\":\"Aile BUMP 860 - LOKEFOIL\",\"isPartOf\":{\"@id\":\"https:\/\/www.lokefoil.com\/#website\"},\"primaryImageOfPage\":{\"@id\":\"https:\/\/www.lokefoil.com\/es\/store\/bump-860\/#primaryimage\"},\"image\":{\"@id\":\"https:\/\/www.lokefoil.com\/es\/store\/bump-860\/#primaryimage\"},\"thumbnailUrl\":\"https:\/\/www.lokefoil.com\/wp-content\/uploads\/2024\/09\/BUMP_860_20.jpg\",\"datePublished\":\"2024-09-26T08:55:21+00:00\",\"dateModified\":\"2026-03-17T22:31:52+00:00\",\"breadcrumb\":{\"@id\":\"https:\/\/www.lokefoil.com\/es\/store\/bump-860\/#breadcrumb\"},\"inLanguage\":\"es\",\"potentialAction\":[{\"@type\":\"ReadAction\",\"target\":[\"https:\/\/www.lokefoil.com\/es\/store\/bump-860\/\"]}]},{\"@type\":\"ImageObject\",\"inLanguage\":\"es\",\"@id\":\"https:\/\/www.lokefoil.com\/es\/store\/bump-860\/#primaryimage\",\"url\":\"https:\/\/www.lokefoil.com\/wp-content\/uploads\/2024\/09\/BUMP_860_20.jpg\",\"contentUrl\":\"https:\/\/www.lokefoil.com\/wp-content\/uploads\/2024\/09\/BUMP_860_20.jpg\",\"width\":1599,\"height\":1850},{\"@type\":\"BreadcrumbList\",\"@id\":\"https:\/\/www.lokefoil.com\/es\/store\/bump-860\/#breadcrumb\",\"itemListElement\":[{\"@type\":\"ListItem\",\"position\":1,\"name\":\"Hidroalas\",\"item\":\"https:\/\/www.lokefoil.com\/fr\/\"},{\"@type\":\"ListItem\",\"position\":2,\"name\":\"Tienda\",\"item\":\"https:\/\/www.lokefoil.com\/fr\/store\/\"},{\"@type\":\"ListItem\",\"position\":3,\"name\":\"Ala BUMP 860\"}]},{\"@type\":\"WebSite\",\"@id\":\"https:\/\/www.lokefoil.com\/es\/#website\",\"url\":\"https:\/\/www.lokefoil.com\/es\/\",\"name\":\"LOKEFOIL\",\"description\":\"Foils 100% Made in France\",\"publisher\":{\"@id\":\"https:\/\/www.lokefoil.com\/es\/#organization\"},\"potentialAction\":[{\"@type\":\"SearchAction\",\"target\":{\"@type\":\"EntryPoint\",\"urlTemplate\":\"https:\/\/www.lokefoil.com\/es\/?s={search_term_string}\"},\"query-input\":{\"@type\":\"PropertyValueSpecification\",\"valueRequired\":true,\"valueName\":\"search_term_string\"}}],\"inLanguage\":\"es\"},{\"@type\":\"Organization\",\"@id\":\"https:\/\/www.lokefoil.com\/es\/#organization\",\"name\":\"LOKEFOIL\",\"url\":\"https:\/\/www.lokefoil.com\/es\/\",\"logo\":{\"@type\":\"ImageObject\",\"inLanguage\":\"es\",\"@id\":\"https:\/\/www.lokefoil.com\/es\/#\/schema\/logo\/image\/\",\"url\":\"https:\/\/www.lokefoil.com\/wp-content\/uploads\/2025\/08\/logo-seo.png\",\"contentUrl\":\"https:\/\/www.lokefoil.com\/wp-content\/uploads\/2025\/08\/logo-seo.png\",\"width\":696,\"height\":696,\"caption\":\"LOKEFOIL\"},\"image\":{\"@id\":\"https:\/\/www.lokefoil.com\/es\/#\/schema\/logo\/image\/\"}}]}<\/script>\n<meta property=\"og:availability\" content=\"instock\" \/>\n<meta property=\"product:availability\" content=\"instock\" \/>\n<meta property=\"product:retailer_item_id\" content=\"bump-860\" \/>\n<meta property=\"product:condition\" content=\"new\" \/>\n<!-- \/ Yoast SEO Premium plugin. -->","yoast_head_json":{"title":"Ala BUMP 860","description":"Rendimiento y radicalidad en el surf, un concentrado de deslizamiento y maniobrabilidad.","robots":{"index":"index","follow":"follow","max-snippet":"max-snippet:-1","max-image-preview":"max-image-preview:large","max-video-preview":"max-video-preview:-1"},"canonical":"Rendimiento y radicalidad en el surf, un concentrado de deslizamiento y maniobrabilidad.","og_locale":"es_ES","og_type":"article","og_title":"Ala BUMP 860","og_description":"Rendimiento y radicalidad en el surf, un concentrado de deslizamiento y maniobrabilidad.","og_url":"https:\/\/www.lokefoil.com\/es\/store\/bump-860\/","og_site_name":"LOKEFOIL","article_modified_time":"2026-03-17T22:31:52+00:00","og_image":[{"width":1599,"height":1850,"url":"https:\/\/www.lokefoil.com\/wp-content\/uploads\/2024\/09\/BUMP_860_20.jpg","type":"image\/jpeg"}],"twitter_card":"summary_large_image","twitter_misc":{"Disponibilidad":"Disponible"},"schema":{"@context":"https:\/\/schema.org","@graph":[{"@type":["WebPage","ItemPage"],"@id":"https:\/\/www.lokefoil.com\/es\/store\/bump-860\/","url":"https:\/\/www.lokefoil.com\/es\/store\/bump-860\/","name":"Aile BUMP 860 - LOKEFOIL","isPartOf":{"@id":"https:\/\/www.lokefoil.com\/#website"},"primaryImageOfPage":{"@id":"https:\/\/www.lokefoil.com\/es\/store\/bump-860\/#primaryimage"},"image":{"@id":"https:\/\/www.lokefoil.com\/es\/store\/bump-860\/#primaryimage"},"thumbnailUrl":"https:\/\/www.lokefoil.com\/wp-content\/uploads\/2024\/09\/BUMP_860_20.jpg","datePublished":"2024-09-26T08:55:21+00:00","dateModified":"2026-03-17T22:31:52+00:00","breadcrumb":{"@id":"https:\/\/www.lokefoil.com\/es\/store\/bump-860\/#breadcrumb"},"inLanguage":"es","potentialAction":[{"@type":"ReadAction","target":["https:\/\/www.lokefoil.com\/es\/store\/bump-860\/"]}]},{"@type":"ImageObject","inLanguage":"es","@id":"https:\/\/www.lokefoil.com\/es\/store\/bump-860\/#primaryimage","url":"https:\/\/www.lokefoil.com\/wp-content\/uploads\/2024\/09\/BUMP_860_20.jpg","contentUrl":"https:\/\/www.lokefoil.com\/wp-content\/uploads\/2024\/09\/BUMP_860_20.jpg","width":1599,"height":1850},{"@type":"BreadcrumbList","@id":"https:\/\/www.lokefoil.com\/es\/store\/bump-860\/#breadcrumb","itemListElement":[{"@type":"ListItem","position":1,"name":"Hidroalas","item":"https:\/\/www.lokefoil.com\/fr\/"},{"@type":"ListItem","position":2,"name":"Tienda","item":"https:\/\/www.lokefoil.com\/fr\/store\/"},{"@type":"ListItem","position":3,"name":"Ala BUMP 860"}]},{"@type":"WebSite","@id":"https:\/\/www.lokefoil.com\/es\/#website","url":"https:\/\/www.lokefoil.com\/es\/","name":"LOKEFOIL","description":"Foils 100% Made in France","publisher":{"@id":"https:\/\/www.lokefoil.com\/es\/#organization"},"potentialAction":[{"@type":"SearchAction","target":{"@type":"EntryPoint","urlTemplate":"https:\/\/www.lokefoil.com\/es\/?s={search_term_string}"},"query-input":{"@type":"PropertyValueSpecification","valueRequired":true,"valueName":"search_term_string"}}],"inLanguage":"es"},{"@type":"Organization","@id":"https:\/\/www.lokefoil.com\/es\/#organization","name":"LOKEFOIL","url":"https:\/\/www.lokefoil.com\/es\/","logo":{"@type":"ImageObject","inLanguage":"es","@id":"https:\/\/www.lokefoil.com\/es\/#\/schema\/logo\/image\/","url":"https:\/\/www.lokefoil.com\/wp-content\/uploads\/2025\/08\/logo-seo.png","contentUrl":"https:\/\/www.lokefoil.com\/wp-content\/uploads\/2025\/08\/logo-seo.png","width":696,"height":696,"caption":"LOKEFOIL"},"image":{"@id":"https:\/\/www.lokefoil.com\/es\/#\/schema\/logo\/image\/"}}]},"og_availability":"instock","product_availability":"instock","product_retailer_item_id":"bump-860","product_condition":"new"},"_links":{"self":[{"href":"https:\/\/www.lokefoil.com\/es\/wp-json\/wp\/v2\/product\/4630","targetHints":{"allow":["GET"]}}],"collection":[{"href":"https:\/\/www.lokefoil.com\/es\/wp-json\/wp\/v2\/product"}],"about":[{"href":"https:\/\/www.lokefoil.com\/es\/wp-json\/wp\/v2\/types\/product"}],"replies":[{"embeddable":true,"href":"https:\/\/www.lokefoil.com\/es\/wp-json\/wp\/v2\/comments?post=4630"}],"wp:featuredmedia":[{"embeddable":true,"href":"https:\/\/www.lokefoil.com\/es\/wp-json\/wp\/v2\/media\/4870"}],"wp:attachment":[{"href":"https:\/\/www.lokefoil.com\/es\/wp-json\/wp\/v2\/media?parent=4630"}],"wp:term":[{"taxonomy":"product_brand","embeddable":true,"href":"https:\/\/www.lokefoil.com\/es\/wp-json\/wp\/v2\/product_brand?post=4630"},{"taxonomy":"product_cat","embeddable":true,"href":"https:\/\/www.lokefoil.com\/es\/wp-json\/wp\/v2\/product_cat?post=4630"},{"taxonomy":"product_tag","embeddable":true,"href":"https:\/\/www.lokefoil.com\/es\/wp-json\/wp\/v2\/product_tag?post=4630"}],"curies":[{"name":"wp","href":"https:\/\/api.w.org\/{rel}","templated":true}]}}