{"id":229,"date":"2023-03-09T22:34:30","date_gmt":"2023-03-09T21:34:30","guid":{"rendered":"http:\/\/localhost\/loke2foil\/?post_type=product&#038;p=229"},"modified":"2025-06-26T11:19:08","modified_gmt":"2025-06-26T09:19:08","slug":"ultimate-170","status":"publish","type":"product","link":"https:\/\/www.lokefoil.com\/es\/store\/ultimate-170\/","title":{"rendered":"Estabilizador \u00daLTIMATE 170"},"content":{"rendered":"<div class=\"uk-grid-large\">\n<div class=\"uk-flex-middle uk-width-1-3@m\">\n<h2 class=\"uk-h5 uk-margin-small\">Description<\/h2>\n<p>Ce stabilisateur est d\u00e9di\u00e9 \u00e0 la vitesse, parfait en wingfoil avec un Hydro et la 680 Activ.<\/p>\n<\/div>\n<\/div>\n","protected":false},"excerpt":{"rendered":"<p>Pieza \u00fanica de carbono de m\u00f3dulo ultra alto dedicada a la velocidad del windfoil.<\/p>\n","protected":false},"featured_media":5374,"comment_status":"open","ping_status":"closed","template":"","meta":{"_acf_changed":false},"product_brand":[],"product_cat":[242],"product_tag":[],"class_list":{"0":"post-229","1":"product","2":"type-product","3":"status-publish","4":"has-post-thumbnail","6":"product_cat-estabilizadores-gold","7":"product_shipping_class-colis-s","9":"first","10":"instock","11":"taxable","12":"shipping-taxable","13":"purchasable","14":"product-type-simple"},"bundled_by":["5557"],"bundle_stock_status":"instock","bundle_stock_quantity":20,"bundle_virtual":false,"bundle_layout":"","bundle_add_to_cart_form_location":"","bundle_editable_in_cart":false,"bundle_sold_individually_context":"","bundle_item_grouping":"","bundle_min_size":"","bundle_max_size":"","bundle_price":[],"bundled_items":[],"bundle_sell_ids":[1839],"exclude_global_add_ons":[],"addons":[],"acf":[],"yoast_head":"<!-- This site is optimized with the Yoast SEO Premium plugin v27.0 (Yoast SEO v27.1.1) - https:\/\/yoast.com\/product\/yoast-seo-premium-wordpress\/ -->\n<title>Estabilizador \u00daLTIMATE 170<\/title>\n<meta name=\"description\" content=\"Pieza \u00fanica de carbono de m\u00f3dulo ultra alto dedicada a la velocidad del windfoil.\" \/>\n<meta name=\"robots\" content=\"index, follow, max-snippet:-1, max-image-preview:large, max-video-preview:-1\" \/>\n<link rel=\"canonical\" href=\"http:\/\/Pieza%20\u00fanica%20de%20carbono%20de%20m\u00f3dulo%20ultra%20alto%20dedicada%20a%20la%20velocidad%20del%20windfoil.\" \/>\n<meta property=\"og:locale\" content=\"es_ES\" \/>\n<meta property=\"og:type\" content=\"article\" \/>\n<meta property=\"og:title\" content=\"Estabilizador \u00daLTIMATE 170\" \/>\n<meta property=\"og:description\" content=\"Pieza \u00fanica de carbono de m\u00f3dulo ultra alto dedicada a la velocidad del windfoil.\" \/>\n<meta property=\"og:url\" content=\"https:\/\/www.lokefoil.com\/es\/store\/ultimate-170\/\" \/>\n<meta property=\"og:site_name\" content=\"LOKEFOIL\" \/>\n<meta property=\"article:modified_time\" content=\"2025-06-26T09:19:08+00:00\" \/>\n<meta property=\"og:image\" content=\"https:\/\/www.lokefoil.com\/wp-content\/uploads\/2023\/03\/175_gold_50.jpg\" \/>\n\t<meta property=\"og:image:width\" content=\"1599\" \/>\n\t<meta property=\"og:image:height\" content=\"1850\" \/>\n\t<meta property=\"og:image:type\" content=\"image\/jpeg\" \/>\n<meta name=\"twitter:card\" content=\"summary_large_image\" \/>\n<meta name=\"twitter:label1\" content=\"Precio\" \/>\n\t<meta name=\"twitter:data1\" content=\"348,00&nbsp;&euro;\" \/>\n\t<meta name=\"twitter:label2\" content=\"Disponibilidad\" \/>\n\t<meta name=\"twitter:data2\" content=\"Disponible\" \/>\n<script type=\"application\/ld+json\" class=\"yoast-schema-graph\">{\"@context\":\"https:\/\/schema.org\",\"@graph\":[{\"@type\":[\"WebPage\",\"ItemPage\"],\"@id\":\"https:\/\/www.lokefoil.com\/es\/store\/ultimate-170\/\",\"url\":\"https:\/\/www.lokefoil.com\/es\/store\/ultimate-170\/\",\"name\":\"Stabilisateur GOLD 175 - LOKEFOIL\",\"isPartOf\":{\"@id\":\"https:\/\/www.lokefoil.com\/#website\"},\"primaryImageOfPage\":{\"@id\":\"https:\/\/www.lokefoil.com\/es\/store\/ultimate-170\/#primaryimage\"},\"image\":{\"@id\":\"https:\/\/www.lokefoil.com\/es\/store\/ultimate-170\/#primaryimage\"},\"thumbnailUrl\":\"https:\/\/www.lokefoil.com\/wp-content\/uploads\/2023\/03\/175_gold_50.jpg\",\"datePublished\":\"2023-03-09T21:34:30+00:00\",\"dateModified\":\"2025-06-26T09:19:08+00:00\",\"breadcrumb\":{\"@id\":\"https:\/\/www.lokefoil.com\/es\/store\/ultimate-170\/#breadcrumb\"},\"inLanguage\":\"es\",\"potentialAction\":[{\"@type\":\"ReadAction\",\"target\":[\"https:\/\/www.lokefoil.com\/es\/store\/ultimate-170\/\"]}]},{\"@type\":\"ImageObject\",\"inLanguage\":\"es\",\"@id\":\"https:\/\/www.lokefoil.com\/es\/store\/ultimate-170\/#primaryimage\",\"url\":\"https:\/\/www.lokefoil.com\/wp-content\/uploads\/2023\/03\/175_gold_50.jpg\",\"contentUrl\":\"https:\/\/www.lokefoil.com\/wp-content\/uploads\/2023\/03\/175_gold_50.jpg\",\"width\":1599,\"height\":1850},{\"@type\":\"BreadcrumbList\",\"@id\":\"https:\/\/www.lokefoil.com\/es\/store\/ultimate-170\/#breadcrumb\",\"itemListElement\":[{\"@type\":\"ListItem\",\"position\":1,\"name\":\"Hidroalas\",\"item\":\"https:\/\/www.lokefoil.com\/fr\/\"},{\"@type\":\"ListItem\",\"position\":2,\"name\":\"Tienda\",\"item\":\"https:\/\/www.lokefoil.com\/fr\/store\/\"},{\"@type\":\"ListItem\",\"position\":3,\"name\":\"Estabilizador \u00daLTIMATE 170\"}]},{\"@type\":\"WebSite\",\"@id\":\"https:\/\/www.lokefoil.com\/es\/#website\",\"url\":\"https:\/\/www.lokefoil.com\/es\/\",\"name\":\"LOKEFOIL\",\"description\":\"Foils 100% Made in France\",\"publisher\":{\"@id\":\"https:\/\/www.lokefoil.com\/es\/#organization\"},\"potentialAction\":[{\"@type\":\"SearchAction\",\"target\":{\"@type\":\"EntryPoint\",\"urlTemplate\":\"https:\/\/www.lokefoil.com\/es\/?s={search_term_string}\"},\"query-input\":{\"@type\":\"PropertyValueSpecification\",\"valueRequired\":true,\"valueName\":\"search_term_string\"}}],\"inLanguage\":\"es\"},{\"@type\":\"Organization\",\"@id\":\"https:\/\/www.lokefoil.com\/es\/#organization\",\"name\":\"LOKEFOIL\",\"url\":\"https:\/\/www.lokefoil.com\/es\/\",\"logo\":{\"@type\":\"ImageObject\",\"inLanguage\":\"es\",\"@id\":\"https:\/\/www.lokefoil.com\/es\/#\/schema\/logo\/image\/\",\"url\":\"https:\/\/www.lokefoil.com\/wp-content\/uploads\/2025\/08\/logo-seo.png\",\"contentUrl\":\"https:\/\/www.lokefoil.com\/wp-content\/uploads\/2025\/08\/logo-seo.png\",\"width\":696,\"height\":696,\"caption\":\"LOKEFOIL\"},\"image\":{\"@id\":\"https:\/\/www.lokefoil.com\/es\/#\/schema\/logo\/image\/\"}}]}<\/script>\n<meta property=\"product:price:amount\" content=\"348.00\" \/>\n<meta property=\"product:price:currency\" content=\"EUR\" \/>\n<meta property=\"og:availability\" content=\"instock\" \/>\n<meta property=\"product:availability\" content=\"instock\" \/>\n<meta property=\"product:retailer_item_id\" content=\"ultimate-170\" \/>\n<meta property=\"product:condition\" content=\"new\" \/>\n<!-- \/ Yoast SEO Premium plugin. -->","yoast_head_json":{"title":"Estabilizador \u00daLTIMATE 170","description":"Pieza \u00fanica de carbono de m\u00f3dulo ultra alto dedicada a la velocidad del windfoil.","robots":{"index":"index","follow":"follow","max-snippet":"max-snippet:-1","max-image-preview":"max-image-preview:large","max-video-preview":"max-video-preview:-1"},"canonical":"Pieza \u00fanica de carbono de m\u00f3dulo ultra alto dedicada a la velocidad del windfoil.","og_locale":"es_ES","og_type":"article","og_title":"Estabilizador \u00daLTIMATE 170","og_description":"Pieza \u00fanica de carbono de m\u00f3dulo ultra alto dedicada a la velocidad del windfoil.","og_url":"https:\/\/www.lokefoil.com\/es\/store\/ultimate-170\/","og_site_name":"LOKEFOIL","article_modified_time":"2025-06-26T09:19:08+00:00","og_image":[{"width":1599,"height":1850,"url":"https:\/\/www.lokefoil.com\/wp-content\/uploads\/2023\/03\/175_gold_50.jpg","type":"image\/jpeg"}],"twitter_card":"summary_large_image","twitter_misc":{"Precio":"348,00&nbsp;&euro;","Disponibilidad":"Disponible"},"schema":{"@context":"https:\/\/schema.org","@graph":[{"@type":["WebPage","ItemPage"],"@id":"https:\/\/www.lokefoil.com\/es\/store\/ultimate-170\/","url":"https:\/\/www.lokefoil.com\/es\/store\/ultimate-170\/","name":"Stabilisateur GOLD 175 - LOKEFOIL","isPartOf":{"@id":"https:\/\/www.lokefoil.com\/#website"},"primaryImageOfPage":{"@id":"https:\/\/www.lokefoil.com\/es\/store\/ultimate-170\/#primaryimage"},"image":{"@id":"https:\/\/www.lokefoil.com\/es\/store\/ultimate-170\/#primaryimage"},"thumbnailUrl":"https:\/\/www.lokefoil.com\/wp-content\/uploads\/2023\/03\/175_gold_50.jpg","datePublished":"2023-03-09T21:34:30+00:00","dateModified":"2025-06-26T09:19:08+00:00","breadcrumb":{"@id":"https:\/\/www.lokefoil.com\/es\/store\/ultimate-170\/#breadcrumb"},"inLanguage":"es","potentialAction":[{"@type":"ReadAction","target":["https:\/\/www.lokefoil.com\/es\/store\/ultimate-170\/"]}]},{"@type":"ImageObject","inLanguage":"es","@id":"https:\/\/www.lokefoil.com\/es\/store\/ultimate-170\/#primaryimage","url":"https:\/\/www.lokefoil.com\/wp-content\/uploads\/2023\/03\/175_gold_50.jpg","contentUrl":"https:\/\/www.lokefoil.com\/wp-content\/uploads\/2023\/03\/175_gold_50.jpg","width":1599,"height":1850},{"@type":"BreadcrumbList","@id":"https:\/\/www.lokefoil.com\/es\/store\/ultimate-170\/#breadcrumb","itemListElement":[{"@type":"ListItem","position":1,"name":"Hidroalas","item":"https:\/\/www.lokefoil.com\/fr\/"},{"@type":"ListItem","position":2,"name":"Tienda","item":"https:\/\/www.lokefoil.com\/fr\/store\/"},{"@type":"ListItem","position":3,"name":"Estabilizador \u00daLTIMATE 170"}]},{"@type":"WebSite","@id":"https:\/\/www.lokefoil.com\/es\/#website","url":"https:\/\/www.lokefoil.com\/es\/","name":"LOKEFOIL","description":"Foils 100% Made in France","publisher":{"@id":"https:\/\/www.lokefoil.com\/es\/#organization"},"potentialAction":[{"@type":"SearchAction","target":{"@type":"EntryPoint","urlTemplate":"https:\/\/www.lokefoil.com\/es\/?s={search_term_string}"},"query-input":{"@type":"PropertyValueSpecification","valueRequired":true,"valueName":"search_term_string"}}],"inLanguage":"es"},{"@type":"Organization","@id":"https:\/\/www.lokefoil.com\/es\/#organization","name":"LOKEFOIL","url":"https:\/\/www.lokefoil.com\/es\/","logo":{"@type":"ImageObject","inLanguage":"es","@id":"https:\/\/www.lokefoil.com\/es\/#\/schema\/logo\/image\/","url":"https:\/\/www.lokefoil.com\/wp-content\/uploads\/2025\/08\/logo-seo.png","contentUrl":"https:\/\/www.lokefoil.com\/wp-content\/uploads\/2025\/08\/logo-seo.png","width":696,"height":696,"caption":"LOKEFOIL"},"image":{"@id":"https:\/\/www.lokefoil.com\/es\/#\/schema\/logo\/image\/"}}]},"product_price_amount":"348.00","product_price_currency":"EUR","og_availability":"instock","product_availability":"instock","product_retailer_item_id":"ultimate-170","product_condition":"new"},"_links":{"self":[{"href":"https:\/\/www.lokefoil.com\/es\/wp-json\/wp\/v2\/product\/229","targetHints":{"allow":["GET"]}}],"collection":[{"href":"https:\/\/www.lokefoil.com\/es\/wp-json\/wp\/v2\/product"}],"about":[{"href":"https:\/\/www.lokefoil.com\/es\/wp-json\/wp\/v2\/types\/product"}],"replies":[{"embeddable":true,"href":"https:\/\/www.lokefoil.com\/es\/wp-json\/wp\/v2\/comments?post=229"}],"wp:featuredmedia":[{"embeddable":true,"href":"https:\/\/www.lokefoil.com\/es\/wp-json\/wp\/v2\/media\/5374"}],"wp:attachment":[{"href":"https:\/\/www.lokefoil.com\/es\/wp-json\/wp\/v2\/media?parent=229"}],"wp:term":[{"taxonomy":"product_brand","embeddable":true,"href":"https:\/\/www.lokefoil.com\/es\/wp-json\/wp\/v2\/product_brand?post=229"},{"taxonomy":"product_cat","embeddable":true,"href":"https:\/\/www.lokefoil.com\/es\/wp-json\/wp\/v2\/product_cat?post=229"},{"taxonomy":"product_tag","embeddable":true,"href":"https:\/\/www.lokefoil.com\/es\/wp-json\/wp\/v2\/product_tag?post=229"}],"curies":[{"name":"wp","href":"https:\/\/api.w.org\/{rel}","templated":true}]}}