{"id":1297,"date":"2023-11-21T14:15:33","date_gmt":"2023-11-21T13:15:33","guid":{"rendered":"http:\/\/localhost\/loke2foil\/?post_type=product&#038;p=1297"},"modified":"2025-06-17T16:02:54","modified_gmt":"2025-06-17T14:02:54","slug":"bump-1000","status":"publish","type":"product","link":"https:\/\/www.lokefoil.com\/es\/store\/bump-1000\/","title":{"rendered":"Ala BUMP 1000"},"content":{"rendered":"<div class=\"uk-grid-large\" uk-grid=\"\">\n<div class=\"uk-flex-middle uk-width-1-3@m\">\n<h2 class=\"uk-h5 uk-margin-small\">Descripci\u00f3n<\/h2>\n<p>Esta vela, extremadamente maniobrable para su tama\u00f1o, vuela a muy baja velocidad. Es perfecto para condiciones de olas de 0,5 ma 1,5 m. Un aut\u00e9ntico juguete tan placentero en SURF como en WING. Su vuelo a muy baja velocidad y su muy buen agarre incluso en \u00e1ngulos de ataque elevados la convierten en una vela s\u00faper eficiente en los reinicios con bombeo. El vuelo libre y la navegaci\u00f3n se vuelven f\u00e1ciles e intuitivos.<\/p><\/div>\n<div class=\"uk-width-2-3@m\">\n<div>\n<div class=\"uk-child-width-1-2@s uk-grid-small\" uk-grid=\"\">\n<div><img loading=\"lazy\" decoding=\"async\" src=\"wp-content\/uploads\/2024\/01\/pack_hydro_surf_100.jpg\" alt=\"\" width=\"610\" height=\"455\" \/><\/div>\n<div><img loading=\"lazy\" decoding=\"async\" src=\"wp-content\/uploads\/2024\/01\/pack_4all_surf_100.jpg\" alt=\"\" width=\"610\" height=\"455\" \/><\/div>\n<\/div>\n<\/div>\n<\/div>\n<\/div>\n","protected":false},"excerpt":{"rendered":"<p>F\u00e1cil y vers\u00e1til, un concentrado de elevaci\u00f3n y maniobrabilidad.<\/p>\n","protected":false},"featured_media":2434,"comment_status":"open","ping_status":"closed","template":"","meta":{"_acf_changed":false},"product_brand":[],"product_cat":[114],"product_tag":[101,206,204],"class_list":{"0":"post-1297","1":"product","2":"type-product","3":"status-publish","4":"has-post-thumbnail","6":"product_cat-alas-bump","7":"product_tag-surf","8":"product_tag-surffoil","9":"product_tag-wingfoil","10":"product_shipping_class-colis-m","12":"first","13":"instock","14":"taxable","15":"shipping-taxable","16":"purchasable","17":"product-type-variable"},"bundled_by":["613","541","2092","2110","2123","2124","3920","3922","4835"],"bundle_stock_status":"instock","bundle_stock_quantity":13,"bundle_virtual":false,"bundle_layout":"","bundle_add_to_cart_form_location":"","bundle_editable_in_cart":false,"bundle_sold_individually_context":"","bundle_item_grouping":"","bundle_min_size":"","bundle_max_size":"","bundle_price":[],"bundled_items":[],"bundle_sell_ids":[1772],"exclude_global_add_ons":[],"addons":[],"acf":[],"yoast_head":"<!-- This site is optimized with the Yoast SEO Premium plugin v27.0 (Yoast SEO v27.1.1) - https:\/\/yoast.com\/product\/yoast-seo-premium-wordpress\/ -->\n<title>Ala BUMP 1000<\/title>\n<meta name=\"description\" content=\"F\u00e1cil y vers\u00e1til, un concentrado de elevaci\u00f3n y maniobrabilidad.\" \/>\n<meta name=\"robots\" content=\"index, follow, max-snippet:-1, max-image-preview:large, max-video-preview:-1\" \/>\n<link rel=\"canonical\" href=\"http:\/\/F\u00e1cil%20y%20vers\u00e1til,%20un%20concentrado%20de%20elevaci\u00f3n%20y%20maniobrabilidad.\" \/>\n<meta property=\"og:locale\" content=\"es_ES\" \/>\n<meta property=\"og:type\" content=\"article\" \/>\n<meta property=\"og:title\" content=\"Ala BUMP 1000\" \/>\n<meta property=\"og:description\" content=\"F\u00e1cil y vers\u00e1til, un concentrado de elevaci\u00f3n y maniobrabilidad.\" \/>\n<meta property=\"og:url\" content=\"https:\/\/www.lokefoil.com\/es\/store\/bump-1000\/\" \/>\n<meta property=\"og:site_name\" content=\"LOKEFOIL\" \/>\n<meta property=\"article:modified_time\" content=\"2025-06-17T14:02:54+00:00\" \/>\n<meta property=\"og:image\" content=\"https:\/\/www.lokefoil.com\/wp-content\/uploads\/2023\/11\/1000_10-1.jpg\" \/>\n\t<meta property=\"og:image:width\" content=\"1599\" \/>\n\t<meta property=\"og:image:height\" content=\"1850\" \/>\n\t<meta property=\"og:image:type\" content=\"image\/jpeg\" \/>\n<meta name=\"twitter:card\" content=\"summary_large_image\" \/>\n<meta name=\"twitter:label1\" content=\"Disponibilidad\" \/>\n\t<meta name=\"twitter:data1\" content=\"Disponible\" \/>\n<script type=\"application\/ld+json\" class=\"yoast-schema-graph\">{\"@context\":\"https:\/\/schema.org\",\"@graph\":[{\"@type\":[\"WebPage\",\"ItemPage\"],\"@id\":\"https:\/\/www.lokefoil.com\/es\/store\/bump-1000\/\",\"url\":\"https:\/\/www.lokefoil.com\/es\/store\/bump-1000\/\",\"name\":\"Aile BUMP 1000 - LOKEFOIL\",\"isPartOf\":{\"@id\":\"https:\/\/www.lokefoil.com\/#website\"},\"primaryImageOfPage\":{\"@id\":\"https:\/\/www.lokefoil.com\/es\/store\/bump-1000\/#primaryimage\"},\"image\":{\"@id\":\"https:\/\/www.lokefoil.com\/es\/store\/bump-1000\/#primaryimage\"},\"thumbnailUrl\":\"https:\/\/www.lokefoil.com\/wp-content\/uploads\/2023\/11\/1000_10-1.jpg\",\"datePublished\":\"2023-11-21T13:15:33+00:00\",\"dateModified\":\"2025-06-17T14:02:54+00:00\",\"breadcrumb\":{\"@id\":\"https:\/\/www.lokefoil.com\/es\/store\/bump-1000\/#breadcrumb\"},\"inLanguage\":\"es\",\"potentialAction\":[{\"@type\":\"ReadAction\",\"target\":[\"https:\/\/www.lokefoil.com\/es\/store\/bump-1000\/\"]}]},{\"@type\":\"ImageObject\",\"inLanguage\":\"es\",\"@id\":\"https:\/\/www.lokefoil.com\/es\/store\/bump-1000\/#primaryimage\",\"url\":\"https:\/\/www.lokefoil.com\/wp-content\/uploads\/2023\/11\/1000_10-1.jpg\",\"contentUrl\":\"https:\/\/www.lokefoil.com\/wp-content\/uploads\/2023\/11\/1000_10-1.jpg\",\"width\":1599,\"height\":1850},{\"@type\":\"BreadcrumbList\",\"@id\":\"https:\/\/www.lokefoil.com\/es\/store\/bump-1000\/#breadcrumb\",\"itemListElement\":[{\"@type\":\"ListItem\",\"position\":1,\"name\":\"Hidroalas\",\"item\":\"https:\/\/www.lokefoil.com\/fr\/\"},{\"@type\":\"ListItem\",\"position\":2,\"name\":\"Tienda\",\"item\":\"https:\/\/www.lokefoil.com\/fr\/store\/\"},{\"@type\":\"ListItem\",\"position\":3,\"name\":\"Ala BUMP 1000\"}]},{\"@type\":\"WebSite\",\"@id\":\"https:\/\/www.lokefoil.com\/es\/#website\",\"url\":\"https:\/\/www.lokefoil.com\/es\/\",\"name\":\"LOKEFOIL\",\"description\":\"Foils 100% Made in France\",\"publisher\":{\"@id\":\"https:\/\/www.lokefoil.com\/es\/#organization\"},\"potentialAction\":[{\"@type\":\"SearchAction\",\"target\":{\"@type\":\"EntryPoint\",\"urlTemplate\":\"https:\/\/www.lokefoil.com\/es\/?s={search_term_string}\"},\"query-input\":{\"@type\":\"PropertyValueSpecification\",\"valueRequired\":true,\"valueName\":\"search_term_string\"}}],\"inLanguage\":\"es\"},{\"@type\":\"Organization\",\"@id\":\"https:\/\/www.lokefoil.com\/es\/#organization\",\"name\":\"LOKEFOIL\",\"url\":\"https:\/\/www.lokefoil.com\/es\/\",\"logo\":{\"@type\":\"ImageObject\",\"inLanguage\":\"es\",\"@id\":\"https:\/\/www.lokefoil.com\/es\/#\/schema\/logo\/image\/\",\"url\":\"https:\/\/www.lokefoil.com\/wp-content\/uploads\/2025\/08\/logo-seo.png\",\"contentUrl\":\"https:\/\/www.lokefoil.com\/wp-content\/uploads\/2025\/08\/logo-seo.png\",\"width\":696,\"height\":696,\"caption\":\"LOKEFOIL\"},\"image\":{\"@id\":\"https:\/\/www.lokefoil.com\/es\/#\/schema\/logo\/image\/\"}}]}<\/script>\n<meta property=\"og:availability\" content=\"instock\" \/>\n<meta property=\"product:availability\" content=\"instock\" \/>\n<meta property=\"product:retailer_item_id\" content=\"bump-1000\" \/>\n<meta property=\"product:condition\" content=\"new\" \/>\n<!-- \/ Yoast SEO Premium plugin. -->","yoast_head_json":{"title":"Ala BUMP 1000","description":"F\u00e1cil y vers\u00e1til, un concentrado de elevaci\u00f3n y maniobrabilidad.","robots":{"index":"index","follow":"follow","max-snippet":"max-snippet:-1","max-image-preview":"max-image-preview:large","max-video-preview":"max-video-preview:-1"},"canonical":"F\u00e1cil y vers\u00e1til, un concentrado de elevaci\u00f3n y maniobrabilidad.","og_locale":"es_ES","og_type":"article","og_title":"Ala BUMP 1000","og_description":"F\u00e1cil y vers\u00e1til, un concentrado de elevaci\u00f3n y maniobrabilidad.","og_url":"https:\/\/www.lokefoil.com\/es\/store\/bump-1000\/","og_site_name":"LOKEFOIL","article_modified_time":"2025-06-17T14:02:54+00:00","og_image":[{"width":1599,"height":1850,"url":"https:\/\/www.lokefoil.com\/wp-content\/uploads\/2023\/11\/1000_10-1.jpg","type":"image\/jpeg"}],"twitter_card":"summary_large_image","twitter_misc":{"Disponibilidad":"Disponible"},"schema":{"@context":"https:\/\/schema.org","@graph":[{"@type":["WebPage","ItemPage"],"@id":"https:\/\/www.lokefoil.com\/es\/store\/bump-1000\/","url":"https:\/\/www.lokefoil.com\/es\/store\/bump-1000\/","name":"Aile BUMP 1000 - LOKEFOIL","isPartOf":{"@id":"https:\/\/www.lokefoil.com\/#website"},"primaryImageOfPage":{"@id":"https:\/\/www.lokefoil.com\/es\/store\/bump-1000\/#primaryimage"},"image":{"@id":"https:\/\/www.lokefoil.com\/es\/store\/bump-1000\/#primaryimage"},"thumbnailUrl":"https:\/\/www.lokefoil.com\/wp-content\/uploads\/2023\/11\/1000_10-1.jpg","datePublished":"2023-11-21T13:15:33+00:00","dateModified":"2025-06-17T14:02:54+00:00","breadcrumb":{"@id":"https:\/\/www.lokefoil.com\/es\/store\/bump-1000\/#breadcrumb"},"inLanguage":"es","potentialAction":[{"@type":"ReadAction","target":["https:\/\/www.lokefoil.com\/es\/store\/bump-1000\/"]}]},{"@type":"ImageObject","inLanguage":"es","@id":"https:\/\/www.lokefoil.com\/es\/store\/bump-1000\/#primaryimage","url":"https:\/\/www.lokefoil.com\/wp-content\/uploads\/2023\/11\/1000_10-1.jpg","contentUrl":"https:\/\/www.lokefoil.com\/wp-content\/uploads\/2023\/11\/1000_10-1.jpg","width":1599,"height":1850},{"@type":"BreadcrumbList","@id":"https:\/\/www.lokefoil.com\/es\/store\/bump-1000\/#breadcrumb","itemListElement":[{"@type":"ListItem","position":1,"name":"Hidroalas","item":"https:\/\/www.lokefoil.com\/fr\/"},{"@type":"ListItem","position":2,"name":"Tienda","item":"https:\/\/www.lokefoil.com\/fr\/store\/"},{"@type":"ListItem","position":3,"name":"Ala BUMP 1000"}]},{"@type":"WebSite","@id":"https:\/\/www.lokefoil.com\/es\/#website","url":"https:\/\/www.lokefoil.com\/es\/","name":"LOKEFOIL","description":"Foils 100% Made in France","publisher":{"@id":"https:\/\/www.lokefoil.com\/es\/#organization"},"potentialAction":[{"@type":"SearchAction","target":{"@type":"EntryPoint","urlTemplate":"https:\/\/www.lokefoil.com\/es\/?s={search_term_string}"},"query-input":{"@type":"PropertyValueSpecification","valueRequired":true,"valueName":"search_term_string"}}],"inLanguage":"es"},{"@type":"Organization","@id":"https:\/\/www.lokefoil.com\/es\/#organization","name":"LOKEFOIL","url":"https:\/\/www.lokefoil.com\/es\/","logo":{"@type":"ImageObject","inLanguage":"es","@id":"https:\/\/www.lokefoil.com\/es\/#\/schema\/logo\/image\/","url":"https:\/\/www.lokefoil.com\/wp-content\/uploads\/2025\/08\/logo-seo.png","contentUrl":"https:\/\/www.lokefoil.com\/wp-content\/uploads\/2025\/08\/logo-seo.png","width":696,"height":696,"caption":"LOKEFOIL"},"image":{"@id":"https:\/\/www.lokefoil.com\/es\/#\/schema\/logo\/image\/"}}]},"og_availability":"instock","product_availability":"instock","product_retailer_item_id":"bump-1000","product_condition":"new"},"_links":{"self":[{"href":"https:\/\/www.lokefoil.com\/es\/wp-json\/wp\/v2\/product\/1297","targetHints":{"allow":["GET"]}}],"collection":[{"href":"https:\/\/www.lokefoil.com\/es\/wp-json\/wp\/v2\/product"}],"about":[{"href":"https:\/\/www.lokefoil.com\/es\/wp-json\/wp\/v2\/types\/product"}],"replies":[{"embeddable":true,"href":"https:\/\/www.lokefoil.com\/es\/wp-json\/wp\/v2\/comments?post=1297"}],"wp:featuredmedia":[{"embeddable":true,"href":"https:\/\/www.lokefoil.com\/es\/wp-json\/wp\/v2\/media\/2434"}],"wp:attachment":[{"href":"https:\/\/www.lokefoil.com\/es\/wp-json\/wp\/v2\/media?parent=1297"}],"wp:term":[{"taxonomy":"product_brand","embeddable":true,"href":"https:\/\/www.lokefoil.com\/es\/wp-json\/wp\/v2\/product_brand?post=1297"},{"taxonomy":"product_cat","embeddable":true,"href":"https:\/\/www.lokefoil.com\/es\/wp-json\/wp\/v2\/product_cat?post=1297"},{"taxonomy":"product_tag","embeddable":true,"href":"https:\/\/www.lokefoil.com\/es\/wp-json\/wp\/v2\/product_tag?post=1297"}],"curies":[{"name":"wp","href":"https:\/\/api.w.org\/{rel}","templated":true}]}}