{"id":330,"date":"2023-03-14T08:44:26","date_gmt":"2023-03-14T07:44:26","guid":{"rendered":"http:\/\/localhost\/loke2foil\/?page_id=330"},"modified":"2024-01-25T10:23:08","modified_gmt":"2024-01-25T09:23:08","slug":"reparations-garanties","status":"publish","type":"page","link":"https:\/\/www.lokefoil.com\/es\/garantias\/","title":{"rendered":"Garant\u00edas"},"content":{"rendered":"\r\n<p>Los productos LOKEFOIL est\u00e1n garantizados seg\u00fan las leyes vigentes en Francia.<\/p>\r\n\r\n\r\n\r\n<p>Esta garant\u00eda est\u00e1 sujeta a las siguientes cl\u00e1usulas limitantes: la garant\u00eda s\u00f3lo es v\u00e1lida si el producto se utiliza en condiciones normales de uso.<br \/>LOKEFOIL se reserva el derecho de determinar soberanamente si la garant\u00eda est\u00e1 cubierta o no mediante una inspecci\u00f3n visual (foto o inspecci\u00f3n visual del material) que muestre claramente el\/los defecto(s).<br \/>La factura original debe adjuntarse a cualquier solicitud de garant\u00eda. Si el producto es declarado defectuoso por LOKEFOIL, la garant\u00eda cubre la reparaci\u00f3n o sustituci\u00f3n del producto defectuoso durante 24 meses despu\u00e9s de la venta. LOKEFOIL no es responsable de ning\u00fan costo adicional, p\u00e9rdida o da\u00f1o resultante del mal uso de este producto.<br \/>Esta garant\u00eda no cubre da\u00f1os causados por:<br \/>\u2022 Negligencia o mal uso.<br \/>\u2022 Mal almacenamiento y\/o mantenimiento de los equipos.<br \/>\u2022 Cualquier da\u00f1o distinto del resultante de un defecto de fabricaci\u00f3n.<\/p>\r\n\r\n\r\n\r\n<h2 class=\"wp-block-heading has-large-font-size\">Reparar<\/h2>\r\n\r\n\r\n\r\n<p>Reparamos tus productos, no dudes en contactarnos por alg\u00fan producto fuera de garant\u00eda o da\u00f1o causado por un uso inadecuado.<\/p>\r\n\r\n\r\n\r\n<div class=\"wp-block-buttons is-content-justification-center is-layout-flex wp-container-core-buttons-is-layout-16018d1d wp-block-buttons-is-layout-flex\">\r\n<div class=\"wp-block-button\"><a class=\"wp-block-button__link wp-element-button\" href=\"https:\/\/www.lokefoil.com\/?page_id=870\">aprender m\u00e1s<\/a><\/div>\r\n<\/div>\r\n","protected":false},"excerpt":{"rendered":"<p>Los productos LOKEFOIL est\u00e1n garantizados seg\u00fan las leyes vigentes en Francia. Esta garant\u00eda est\u00e1 sujeta a las siguientes cl\u00e1usulas limitantes: la garant\u00eda s\u00f3lo es v\u00e1lida si el producto se utiliza en condiciones normales de uso.LOKEFOIL se reserva el derecho de determinar soberanamente si la garant\u00eda est\u00e1 cubierta o no mediante una inspecci\u00f3n visual (foto o [&hellip;]<\/p>\n","protected":false},"author":1,"featured_media":0,"parent":0,"menu_order":0,"comment_status":"closed","ping_status":"closed","template":"","meta":{"_acf_changed":false,"footnotes":""},"class_list":["post-330","page","type-page","status-publish","hentry"],"acf":[],"yoast_head":"<!-- This site is optimized with the Yoast SEO Premium plugin v27.0 (Yoast SEO v27.1.1) - https:\/\/yoast.com\/product\/yoast-seo-premium-wordpress\/ -->\n<title>Garant\u00edas<\/title>\n<meta name=\"description\" content=\"Los productos LOKEFOIL est\u00e1n garantizados seg\u00fan las leyes vigentes en Francia. Esta garant\u00eda est\u00e1 sujeta a las siguientes cl\u00e1usulas limitantes: la garant\u00eda s\u00f3lo es v\u00e1lida si el producto se utiliza en condiciones normales de uso.LOKEFOIL se reserva el derecho de determinar soberanamente si la garant\u00eda est\u00e1 cubierta o no mediante una inspecci\u00f3n visual (foto o&hellip;\" \/>\n<meta name=\"robots\" content=\"index, follow, max-snippet:-1, max-image-preview:large, max-video-preview:-1\" \/>\n<link rel=\"canonical\" href=\"\" \/>\n<meta property=\"og:locale\" content=\"es_ES\" \/>\n<meta property=\"og:type\" content=\"article\" \/>\n<meta property=\"og:title\" content=\"Garant\u00edas\" \/>\n<meta property=\"og:description\" content=\"Los productos LOKEFOIL est\u00e1n garantizados seg\u00fan las leyes vigentes en Francia. Esta garant\u00eda est\u00e1 sujeta a las siguientes cl\u00e1usulas limitantes: la garant\u00eda s\u00f3lo es v\u00e1lida si el producto se utiliza en condiciones normales de uso.LOKEFOIL se reserva el derecho de determinar soberanamente si la garant\u00eda est\u00e1 cubierta o no mediante una inspecci\u00f3n visual (foto o&hellip;\" \/>\n<meta property=\"og:url\" content=\"https:\/\/www.lokefoil.com\/es\/garantias\/\" \/>\n<meta property=\"og:site_name\" content=\"LOKEFOIL\" \/>\n<meta property=\"article:modified_time\" content=\"2024-01-25T09:23:08+00:00\" \/>\n<meta name=\"twitter:card\" content=\"summary_large_image\" \/>\n<meta name=\"twitter:label1\" content=\"Tiempo de lectura\" \/>\n\t<meta name=\"twitter:data1\" content=\"1 minuto\" \/>\n<script type=\"application\/ld+json\" class=\"yoast-schema-graph\">{\"@context\":\"https:\/\/schema.org\",\"@graph\":[{\"@type\":\"WebPage\",\"@id\":\"https:\/\/www.lokefoil.com\/es\/garantias\/\",\"url\":\"https:\/\/www.lokefoil.com\/es\/garantias\/\",\"name\":\"Garanties - LOKEFOIL\",\"isPartOf\":{\"@id\":\"https:\/\/www.lokefoil.com\/#website\"},\"datePublished\":\"2023-03-14T07:44:26+00:00\",\"dateModified\":\"2024-01-25T09:23:08+00:00\",\"breadcrumb\":{\"@id\":\"https:\/\/www.lokefoil.com\/es\/garantias\/#breadcrumb\"},\"inLanguage\":\"es\",\"potentialAction\":[{\"@type\":\"ReadAction\",\"target\":[\"https:\/\/www.lokefoil.com\/es\/garantias\/\"]}]},{\"@type\":\"BreadcrumbList\",\"@id\":\"https:\/\/www.lokefoil.com\/es\/garantias\/#breadcrumb\",\"itemListElement\":[{\"@type\":\"ListItem\",\"position\":1,\"name\":\"Hidroalas\",\"item\":\"https:\/\/www.lokefoil.com\/fr\/\"},{\"@type\":\"ListItem\",\"position\":2,\"name\":\"Garant\u00edas\"}]},{\"@type\":\"WebSite\",\"@id\":\"https:\/\/www.lokefoil.com\/es\/#website\",\"url\":\"https:\/\/www.lokefoil.com\/es\/\",\"name\":\"LOKEFOIL\",\"description\":\"Foils 100% Made in France\",\"publisher\":{\"@id\":\"https:\/\/www.lokefoil.com\/es\/#organization\"},\"potentialAction\":[{\"@type\":\"SearchAction\",\"target\":{\"@type\":\"EntryPoint\",\"urlTemplate\":\"https:\/\/www.lokefoil.com\/es\/?s={search_term_string}\"},\"query-input\":{\"@type\":\"PropertyValueSpecification\",\"valueRequired\":true,\"valueName\":\"search_term_string\"}}],\"inLanguage\":\"es\"},{\"@type\":\"Organization\",\"@id\":\"https:\/\/www.lokefoil.com\/es\/#organization\",\"name\":\"LOKEFOIL\",\"url\":\"https:\/\/www.lokefoil.com\/es\/\",\"logo\":{\"@type\":\"ImageObject\",\"inLanguage\":\"es\",\"@id\":\"https:\/\/www.lokefoil.com\/es\/#\/schema\/logo\/image\/\",\"url\":\"https:\/\/www.lokefoil.com\/wp-content\/uploads\/2025\/08\/logo-seo.png\",\"contentUrl\":\"https:\/\/www.lokefoil.com\/wp-content\/uploads\/2025\/08\/logo-seo.png\",\"width\":696,\"height\":696,\"caption\":\"LOKEFOIL\"},\"image\":{\"@id\":\"https:\/\/www.lokefoil.com\/es\/#\/schema\/logo\/image\/\"}}]}<\/script>\n<!-- \/ Yoast SEO Premium plugin. -->","yoast_head_json":{"title":"Garant\u00edas","description":"Los productos LOKEFOIL est\u00e1n garantizados seg\u00fan las leyes vigentes en Francia. Esta garant\u00eda est\u00e1 sujeta a las siguientes cl\u00e1usulas limitantes: la garant\u00eda s\u00f3lo es v\u00e1lida si el producto se utiliza en condiciones normales de uso.LOKEFOIL se reserva el derecho de determinar soberanamente si la garant\u00eda est\u00e1 cubierta o no mediante una inspecci\u00f3n visual (foto o&hellip;","robots":{"index":"index","follow":"follow","max-snippet":"max-snippet:-1","max-image-preview":"max-image-preview:large","max-video-preview":"max-video-preview:-1"},"canonical":"Los productos LOKEFOIL est\u00e1n garantizados seg\u00fan las leyes vigentes en Francia. Esta garant\u00eda est\u00e1 sujeta a las siguientes cl\u00e1usulas limitantes: la garant\u00eda s\u00f3lo es v\u00e1lida si el producto se utiliza en condiciones normales de uso.LOKEFOIL se reserva el derecho de determinar soberanamente si la garant\u00eda est\u00e1 cubierta o no mediante una inspecci\u00f3n visual (foto o&hellip;","og_locale":"es_ES","og_type":"article","og_title":"Garant\u00edas","og_description":"Los productos LOKEFOIL est\u00e1n garantizados seg\u00fan las leyes vigentes en Francia. Esta garant\u00eda est\u00e1 sujeta a las siguientes cl\u00e1usulas limitantes: la garant\u00eda s\u00f3lo es v\u00e1lida si el producto se utiliza en condiciones normales de uso.LOKEFOIL se reserva el derecho de determinar soberanamente si la garant\u00eda est\u00e1 cubierta o no mediante una inspecci\u00f3n visual (foto o&hellip;","og_url":"https:\/\/www.lokefoil.com\/es\/garantias\/","og_site_name":"LOKEFOIL","article_modified_time":"2024-01-25T09:23:08+00:00","twitter_card":"summary_large_image","twitter_misc":{"Tiempo de lectura":"1 minuto"},"schema":{"@context":"https:\/\/schema.org","@graph":[{"@type":"WebPage","@id":"https:\/\/www.lokefoil.com\/es\/garantias\/","url":"https:\/\/www.lokefoil.com\/es\/garantias\/","name":"Garanties - LOKEFOIL","isPartOf":{"@id":"https:\/\/www.lokefoil.com\/#website"},"datePublished":"2023-03-14T07:44:26+00:00","dateModified":"2024-01-25T09:23:08+00:00","breadcrumb":{"@id":"https:\/\/www.lokefoil.com\/es\/garantias\/#breadcrumb"},"inLanguage":"es","potentialAction":[{"@type":"ReadAction","target":["https:\/\/www.lokefoil.com\/es\/garantias\/"]}]},{"@type":"BreadcrumbList","@id":"https:\/\/www.lokefoil.com\/es\/garantias\/#breadcrumb","itemListElement":[{"@type":"ListItem","position":1,"name":"Hidroalas","item":"https:\/\/www.lokefoil.com\/fr\/"},{"@type":"ListItem","position":2,"name":"Garant\u00edas"}]},{"@type":"WebSite","@id":"https:\/\/www.lokefoil.com\/es\/#website","url":"https:\/\/www.lokefoil.com\/es\/","name":"LOKEFOIL","description":"Foils 100% Made in France","publisher":{"@id":"https:\/\/www.lokefoil.com\/es\/#organization"},"potentialAction":[{"@type":"SearchAction","target":{"@type":"EntryPoint","urlTemplate":"https:\/\/www.lokefoil.com\/es\/?s={search_term_string}"},"query-input":{"@type":"PropertyValueSpecification","valueRequired":true,"valueName":"search_term_string"}}],"inLanguage":"es"},{"@type":"Organization","@id":"https:\/\/www.lokefoil.com\/es\/#organization","name":"LOKEFOIL","url":"https:\/\/www.lokefoil.com\/es\/","logo":{"@type":"ImageObject","inLanguage":"es","@id":"https:\/\/www.lokefoil.com\/es\/#\/schema\/logo\/image\/","url":"https:\/\/www.lokefoil.com\/wp-content\/uploads\/2025\/08\/logo-seo.png","contentUrl":"https:\/\/www.lokefoil.com\/wp-content\/uploads\/2025\/08\/logo-seo.png","width":696,"height":696,"caption":"LOKEFOIL"},"image":{"@id":"https:\/\/www.lokefoil.com\/es\/#\/schema\/logo\/image\/"}}]}},"_links":{"self":[{"href":"https:\/\/www.lokefoil.com\/es\/wp-json\/wp\/v2\/pages\/330","targetHints":{"allow":["GET"]}}],"collection":[{"href":"https:\/\/www.lokefoil.com\/es\/wp-json\/wp\/v2\/pages"}],"about":[{"href":"https:\/\/www.lokefoil.com\/es\/wp-json\/wp\/v2\/types\/page"}],"author":[{"embeddable":true,"href":"https:\/\/www.lokefoil.com\/es\/wp-json\/wp\/v2\/users\/1"}],"replies":[{"embeddable":true,"href":"https:\/\/www.lokefoil.com\/es\/wp-json\/wp\/v2\/comments?post=330"}],"version-history":[{"count":7,"href":"https:\/\/www.lokefoil.com\/es\/wp-json\/wp\/v2\/pages\/330\/revisions"}],"predecessor-version":[{"id":3384,"href":"https:\/\/www.lokefoil.com\/es\/wp-json\/wp\/v2\/pages\/330\/revisions\/3384"}],"wp:attachment":[{"href":"https:\/\/www.lokefoil.com\/es\/wp-json\/wp\/v2\/media?parent=330"}],"curies":[{"name":"wp","href":"https:\/\/api.w.org\/{rel}","templated":true}]}}