{"id":261,"date":"2023-03-11T01:02:56","date_gmt":"2023-03-11T00:02:56","guid":{"rendered":"http:\/\/localhost\/loke2foil\/?page_id=261"},"modified":"2024-07-15T22:31:34","modified_gmt":"2024-07-15T20:31:34","slug":"contact","status":"publish","type":"page","link":"https:\/\/www.lokefoil.com\/es\/contacto\/","title":{"rendered":"Contacto"},"content":{"rendered":"<p><img decoding=\"async\" src=\"\/wp-content\/uploads\/template\/logo-mobile.svg\" alt=\"\"><\/p>\n<ul>\n<li>\n<h2>Adresse<\/h2>\n<div>6 impasse de l&#8217;Ablette<br \/>\n35400 Saint-Malo<br \/>\nFrance<\/div>\n<\/li>\n<li>\n<h2>Adresse e-mail<\/h2>\n<div><a class=\"uk-link-toggle\" href=\"mailto:contact@lokefoil.com\">contact@lokefoil.com<\/a><\/div>\n<\/li>\n<li>\n<h2>T\u00e9l\u00e9phone<\/h2>\n<div><a class=\"uk-link-toggle\" href=\"tel:+33785808448\">+33 7 85 80 84 48<\/a><br \/>\n<a class=\"uk-link-toggle\" href=\"tel:+33787931993\">+33 7 87 93 19 93<\/a><\/div>\n<\/li>\n<li>\n<h2>@lokefoil<\/h2>\n<div>\n<div uk-grid class=\"uk-flex-center uk-flex-left@m uk-child-width-auto uk-grid-medium\">\n<div>\n    <a href=\"https:\/\/www.facebook.com\/lokecomposite\/\" target=\"_blank\" uk-icon=\"facebook\"><\/a>\n    <\/div>\n<div>\n    <a href=\"https:\/\/www.instagram.com\/lokefoil\" target=\"_blank\" uk-icon=\"instagram\"><\/a>\n    <\/div>\n<div>\n    <a href=\"https:\/\/www.youtube.com\/lokefoil\/\" target=\"_blank\" uk-icon=\"youtube\"><\/a>\n    <\/div>\n<div>\n    <a href=\"https:\/\/www.linkedin.com\/company\/loke-composite\/\" target=\"_blank\" uk-icon=\"linkedin\"><\/a>\n    <\/div>\n<\/div>\n<\/div>\n<\/li>\n<\/ul>\n<div>\n<p>48.637286,-1.974277<\/p>\n<h3>Atelier LOKE COMPOSITE<\/h3>\n<\/div>\n<p><!--more--><br \/>\n<!-- {\"type\":\"layout\",\"children\":[{\"type\":\"section\",\"props\":{\"header_transparent\":true,\"header_transparent_noplaceholder\":false,\"header_transparent_text_color\":\"light\",\"image\":\"wp-content\\\/uploads\\\/template\\\/contact-hero-bg.jpg\",\"image_effect\":\"parallax\",\"image_loading\":true,\"image_parallax_bgy\":\"5vh,-5vh\",\"image_parallax_breakpoint\":\"s\",\"image_parallax_easing\":\"1\",\"image_position\":\"center-center\",\"image_size\":\"cover\",\"image_width\":\"2560\",\"overlap\":true,\"style\":\"default\",\"title_breakpoint\":\"xl\",\"title_position\":\"top-left\",\"title_rotation\":\"left\",\"vertical_align\":\"middle\",\"width\":\"xlarge\"},\"children\":[{\"type\":\"row\",\"props\":{\"column_gap\":\"collapse\",\"layout\":\"1-2,1-2\",\"row_gap\":\"collapse\"},\"children\":[{\"type\":\"column\",\"props\":{\"image_position\":\"center-center\",\"position_sticky_breakpoint\":\"m\",\"style\":\"tile-default\",\"vertical_align\":\"middle\",\"width_medium\":\"1-2\"},\"children\":[{\"type\":\"image\",\"props\":{\"image\":\"wp-content\\\/uploads\\\/template\\\/logo-mobile.svg\",\"image_loading\":true,\"image_svg_color\":\"emphasis\",\"image_svg_inline\":true,\"image_width\":\"150\",\"margin\":\"default\",\"text_align\":\"center\"}},{\"type\":\"grid\",\"props\":{\"block_align\":\"center\",\"block_align_fallback\":\"center\",\"content_column_breakpoint\":\"m\",\"content_margin\":\"small\",\"filter_align\":\"left\",\"filter_all\":true,\"filter_grid_breakpoint\":\"m\",\"filter_grid_width\":\"auto\",\"filter_position\":\"top\",\"filter_style\":\"tab\",\"grid_column_gap\":\"large\",\"grid_default\":\"1\",\"grid_medium\":\"\",\"grid_row_gap\":\"large\",\"grid_small\":\"2\",\"icon_width\":80,\"image_align\":\"top\",\"image_grid_breakpoint\":\"m\",\"image_grid_width\":\"1-2\",\"image_svg_color\":\"emphasis\",\"item_animation\":true,\"link_style\":\"default\",\"link_text\":\"\",\"margin\":\"xlarge\",\"margin_remove_bottom\":false,\"maxwidth\":\"large\",\"meta_align\":\"below-title\",\"meta_element\":\"div\",\"meta_style\":\"text-meta\",\"panel_link\":true,\"parallax_easing\":\"1\",\"show_content\":true,\"show_image\":true,\"show_link\":true,\"show_meta\":true,\"show_title\":true,\"text_align\":\"left\",\"text_align_breakpoint\":\"s\",\"text_align_fallback\":\"center\",\"title_align\":\"top\",\"title_element\":\"h2\",\"title_grid_breakpoint\":\"m\",\"title_grid_width\":\"1-2\",\"title_hover_style\":\"reset\",\"title_style\":\"h5\"},\"children\":[{\"type\":\"grid_item\",\"props\":{\"content\":\"6 impasse de l'Ablette<br \/>\\n35400 Saint-Malo<br \/>\\nFrance\",\"title\":\"Adresse\",\"title_de_de\":\"Postanschrift\",\"title_en_gb\":\"Postal Address\",\"title_es_es\":\"Direcci\\u00f3n postal\"}},{\"type\":\"grid_item\",\"props\":{\"content\":\"<a class=\\\"uk-link-toggle\\\" href=\\\"mailto:contact@lokefoil.com\\\">contact@lokefoil.com<\\\/a>\",\"title\":\"Adresse e-mail\",\"title_de_de\":\"E-Mail-Adresse\",\"title_en_gb\":\"E-mail address\",\"title_es_es\":\"Correo electr\\u00f3nico\"}},{\"type\":\"grid_item\",\"props\":{\"content\":\"<a class=\\\"uk-link-toggle\\\" href=\\\"tel:+33785808448\\\">+33 7 85 80 84 48<\\\/a><br \/>\\n<a class=\\\"uk-link-toggle\\\" href=\\\"tel:+33787931993\\\">+33 7 87 93 19 93<\\\/a>\",\"title\":\"T\\u00e9l\\u00e9phone\",\"title_de_de\":\"Telefon\",\"title_en_gb\":\"Phone\",\"title_es_es\":\"Tel\\u00e9fono\"}},{\"type\":\"grid_item\",\"props\":{\"content\":\"\n\n<div uk-grid class=\\\"uk-flex-center uk-flex-left@m uk-child-width-auto uk-grid-medium\\\">\\n    \n\n<div>\\n    <a href=\\\"https:\\\/\\\/www.facebook.com\\\/lokecomposite\\\/\\\" target=\\\"_blank\\\" uk-icon=\\\"facebook\\\"><\\\/a>\\n    <\\\/div>\\n    \n\n<div>\\n    <a href=\\\"http:\\\/\\\/www.instagram.com\\\/lokefoil\\\" target=\\\"_blank\\\" uk-icon=\\\"instagram\\\"><\\\/a>\\n    <\\\/div>\\n        \n\n<div>\\n    <a href=\\\"https:\\\/\\\/www.youtube.com\\\/lokefoil\\\/\\\" target=\\\"_blank\\\" uk-icon=\\\"youtube\\\"><\\\/a>\\n    <\\\/div>\\n    \n\n<div>\\n    <a href=\\\"https:\\\/\\\/www.linkedin.com\\\/company\\\/loke-composite\\\/\\\" target=\\\"_blank\\\" uk-icon=\\\"linkedin\\\"><\\\/a>\\n    <\\\/div>\\n<\\\/div>\",\"title\":\"@lokefoil\"}}]}]},{\"type\":\"column\",\"props\":{\"image_position\":\"center-center\",\"order_first\":\"m\",\"padding\":\"none\",\"position_sticky_breakpoint\":\"m\",\"style\":\"tile-default\",\"width_medium\":\"1-2\"},\"children\":[{\"type\":\"map\",\"props\":{\"controls\":true,\"dragging\":true,\"height\":\"750\",\"image_svg_color\":\"emphasis\",\"link_style\":\"default\",\"link_text\":\"Read more\",\"link_text_de_de\":\"Workshop LOKE COMPOSITE\",\"link_text_en_gb\":\"LOKE COMPOSITE Workshop\",\"link_text_es_es\":\"Taller LOKE COMPOSITE\",\"margin\":\"default\",\"max_zoom\":18,\"meta_align\":\"below-title\",\"meta_element\":\"div\",\"meta_style\":\"text-meta\",\"min_zoom\":0,\"poi\":false,\"show_content\":true,\"show_image\":true,\"show_link\":true,\"show_meta\":true,\"show_title\":true,\"styler_invert_lightness\":false,\"title_element\":\"h3\",\"title_hover_style\":\"reset\",\"type\":\"roadmap\",\"zoom\":\"7\",\"zooming\":false},\"children\":[{\"type\":\"map_item\",\"props\":{\"location\":\"48.637286,-1.974277\",\"title\":\"Atelier LOKE COMPOSITE\"}}]}]}]}],\"name\":\"Contact\"}],\"version\":\"4.3.4\"} --><\/p>\n","protected":false},"excerpt":{"rendered":"<p>Adresse 6 impasse de l&#8217;Ablette 35400 Saint-Malo France Adresse e-mail contact@lokefoil.com T\u00e9l\u00e9phone +33 7 85 80 84 48 +33 7 87 93 19 93 @lokefoil 48.637286,-1.974277 Atelier LOKE COMPOSITE<\/p>\n","protected":false},"author":1,"featured_media":0,"parent":0,"menu_order":0,"comment_status":"closed","ping_status":"closed","template":"","meta":{"_acf_changed":false,"footnotes":""},"class_list":["post-261","page","type-page","status-publish","hentry"],"acf":[],"yoast_head":"<!-- This site is optimized with the Yoast SEO Premium plugin v27.0 (Yoast SEO v27.1.1) - https:\/\/yoast.com\/product\/yoast-seo-premium-wordpress\/ -->\n<title>Contacto<\/title>\n<meta name=\"robots\" content=\"index, follow, max-snippet:-1, max-image-preview:large, max-video-preview:-1\" \/>\n<meta property=\"og:locale\" content=\"es_ES\" \/>\n<meta property=\"og:type\" content=\"article\" \/>\n<meta property=\"og:title\" content=\"Contacto\" \/>\n<meta property=\"og:url\" content=\"https:\/\/www.lokefoil.com\/es\/contacto\/\" \/>\n<meta property=\"og:site_name\" content=\"LOKEFOIL\" \/>\n<meta property=\"article:modified_time\" content=\"2024-07-15T20:31:34+00:00\" \/>\n<meta name=\"twitter:card\" content=\"summary_large_image\" \/>\n<meta name=\"twitter:label1\" content=\"Tiempo de lectura\" \/>\n\t<meta name=\"twitter:data1\" content=\"1 minuto\" \/>\n<script type=\"application\/ld+json\" class=\"yoast-schema-graph\">{\"@context\":\"https:\/\/schema.org\",\"@graph\":[{\"@type\":[\"WebPage\",\"ContactPage\"],\"@id\":\"https:\/\/www.lokefoil.com\/es\/contacto\/\",\"url\":\"https:\/\/www.lokefoil.com\/es\/contacto\/\",\"name\":\"Nous contacter - LOKEFOIL\",\"isPartOf\":{\"@id\":\"https:\/\/www.lokefoil.com\/#website\"},\"datePublished\":\"2023-03-11T00:02:56+00:00\",\"dateModified\":\"2024-07-15T20:31:34+00:00\",\"description\":\"Toutes les informations n\u00e9cessaires dont vous aurez besoin pour contacter notre \u00e9quipe passionn\u00e9e par l'univers du foil.\",\"breadcrumb\":{\"@id\":\"https:\/\/www.lokefoil.com\/es\/contacto\/#breadcrumb\"},\"inLanguage\":\"es\",\"potentialAction\":[{\"@type\":\"ReadAction\",\"target\":[\"https:\/\/www.lokefoil.com\/es\/contacto\/\"]}]},{\"@type\":\"BreadcrumbList\",\"@id\":\"https:\/\/www.lokefoil.com\/es\/contacto\/#breadcrumb\",\"itemListElement\":[{\"@type\":\"ListItem\",\"position\":1,\"name\":\"Hidroalas\",\"item\":\"https:\/\/www.lokefoil.com\/fr\/\"},{\"@type\":\"ListItem\",\"position\":2,\"name\":\"Contacto\"}]},{\"@type\":\"WebSite\",\"@id\":\"https:\/\/www.lokefoil.com\/es\/#website\",\"url\":\"https:\/\/www.lokefoil.com\/es\/\",\"name\":\"LOKEFOIL\",\"description\":\"Foils 100% Made in France\",\"publisher\":{\"@id\":\"https:\/\/www.lokefoil.com\/es\/#organization\"},\"potentialAction\":[{\"@type\":\"SearchAction\",\"target\":{\"@type\":\"EntryPoint\",\"urlTemplate\":\"https:\/\/www.lokefoil.com\/es\/?s={search_term_string}\"},\"query-input\":{\"@type\":\"PropertyValueSpecification\",\"valueRequired\":true,\"valueName\":\"search_term_string\"}}],\"inLanguage\":\"es\"},{\"@type\":\"Organization\",\"@id\":\"https:\/\/www.lokefoil.com\/es\/#organization\",\"name\":\"LOKEFOIL\",\"url\":\"https:\/\/www.lokefoil.com\/es\/\",\"logo\":{\"@type\":\"ImageObject\",\"inLanguage\":\"es\",\"@id\":\"https:\/\/www.lokefoil.com\/es\/#\/schema\/logo\/image\/\",\"url\":\"https:\/\/www.lokefoil.com\/wp-content\/uploads\/2025\/08\/logo-seo.png\",\"contentUrl\":\"https:\/\/www.lokefoil.com\/wp-content\/uploads\/2025\/08\/logo-seo.png\",\"width\":696,\"height\":696,\"caption\":\"LOKEFOIL\"},\"image\":{\"@id\":\"https:\/\/www.lokefoil.com\/es\/#\/schema\/logo\/image\/\"}}]}<\/script>\n<!-- \/ Yoast SEO Premium plugin. -->","yoast_head_json":{"title":"Contacto","robots":{"index":"index","follow":"follow","max-snippet":"max-snippet:-1","max-image-preview":"max-image-preview:large","max-video-preview":"max-video-preview:-1"},"og_locale":"es_ES","og_type":"article","og_title":"Contacto","og_url":"https:\/\/www.lokefoil.com\/es\/contacto\/","og_site_name":"LOKEFOIL","article_modified_time":"2024-07-15T20:31:34+00:00","twitter_card":"summary_large_image","twitter_misc":{"Tiempo de lectura":"1 minuto"},"schema":{"@context":"https:\/\/schema.org","@graph":[{"@type":["WebPage","ContactPage"],"@id":"https:\/\/www.lokefoil.com\/es\/contacto\/","url":"https:\/\/www.lokefoil.com\/es\/contacto\/","name":"Nous contacter - LOKEFOIL","isPartOf":{"@id":"https:\/\/www.lokefoil.com\/#website"},"datePublished":"2023-03-11T00:02:56+00:00","dateModified":"2024-07-15T20:31:34+00:00","description":"Toutes les informations n\u00e9cessaires dont vous aurez besoin pour contacter notre \u00e9quipe passionn\u00e9e par l'univers du foil.","breadcrumb":{"@id":"https:\/\/www.lokefoil.com\/es\/contacto\/#breadcrumb"},"inLanguage":"es","potentialAction":[{"@type":"ReadAction","target":["https:\/\/www.lokefoil.com\/es\/contacto\/"]}]},{"@type":"BreadcrumbList","@id":"https:\/\/www.lokefoil.com\/es\/contacto\/#breadcrumb","itemListElement":[{"@type":"ListItem","position":1,"name":"Hidroalas","item":"https:\/\/www.lokefoil.com\/fr\/"},{"@type":"ListItem","position":2,"name":"Contacto"}]},{"@type":"WebSite","@id":"https:\/\/www.lokefoil.com\/es\/#website","url":"https:\/\/www.lokefoil.com\/es\/","name":"LOKEFOIL","description":"Foils 100% Made in France","publisher":{"@id":"https:\/\/www.lokefoil.com\/es\/#organization"},"potentialAction":[{"@type":"SearchAction","target":{"@type":"EntryPoint","urlTemplate":"https:\/\/www.lokefoil.com\/es\/?s={search_term_string}"},"query-input":{"@type":"PropertyValueSpecification","valueRequired":true,"valueName":"search_term_string"}}],"inLanguage":"es"},{"@type":"Organization","@id":"https:\/\/www.lokefoil.com\/es\/#organization","name":"LOKEFOIL","url":"https:\/\/www.lokefoil.com\/es\/","logo":{"@type":"ImageObject","inLanguage":"es","@id":"https:\/\/www.lokefoil.com\/es\/#\/schema\/logo\/image\/","url":"https:\/\/www.lokefoil.com\/wp-content\/uploads\/2025\/08\/logo-seo.png","contentUrl":"https:\/\/www.lokefoil.com\/wp-content\/uploads\/2025\/08\/logo-seo.png","width":696,"height":696,"caption":"LOKEFOIL"},"image":{"@id":"https:\/\/www.lokefoil.com\/es\/#\/schema\/logo\/image\/"}}]}},"_links":{"self":[{"href":"https:\/\/www.lokefoil.com\/es\/wp-json\/wp\/v2\/pages\/261","targetHints":{"allow":["GET"]}}],"collection":[{"href":"https:\/\/www.lokefoil.com\/es\/wp-json\/wp\/v2\/pages"}],"about":[{"href":"https:\/\/www.lokefoil.com\/es\/wp-json\/wp\/v2\/types\/page"}],"author":[{"embeddable":true,"href":"https:\/\/www.lokefoil.com\/es\/wp-json\/wp\/v2\/users\/1"}],"replies":[{"embeddable":true,"href":"https:\/\/www.lokefoil.com\/es\/wp-json\/wp\/v2\/comments?post=261"}],"version-history":[{"count":21,"href":"https:\/\/www.lokefoil.com\/es\/wp-json\/wp\/v2\/pages\/261\/revisions"}],"predecessor-version":[{"id":4474,"href":"https:\/\/www.lokefoil.com\/es\/wp-json\/wp\/v2\/pages\/261\/revisions\/4474"}],"wp:attachment":[{"href":"https:\/\/www.lokefoil.com\/es\/wp-json\/wp\/v2\/media?parent=261"}],"curies":[{"name":"wp","href":"https:\/\/api.w.org\/{rel}","templated":true}]}}