{"id":12,"date":"2023-03-06T02:04:33","date_gmt":"2023-03-06T01:04:33","guid":{"rendered":"http:\/\/localhost\/loke2foil\/my-account\/"},"modified":"2024-11-23T16:14:03","modified_gmt":"2024-11-23T15:14:03","slug":"mon-compte","status":"publish","type":"page","link":"https:\/\/www.lokefoil.com\/es\/mi-cuenta\/","title":{"rendered":"Mi Cuenta"},"content":{"rendered":"<div class=\"woocommerce\"><\/div>\n<h1>Mot de passe oubli\u00e9 ?<\/h1>\n<div class=\"woocommerce\"><\/div>\n<h1>Mot de passe oubli\u00e9 ?<\/h1>\n<div class=\"woocommerce\"><\/div>\n<h1>R\u00e9initialisez votre mot de passe<\/h1>\n<div class=\"woocommerce\"><\/div>\n<h1>Mon compte<\/h1>\n<p><div class=\"woocommerce\"><\/div><br \/>\n<!--more--><br \/>\n<!-- {\"type\":\"layout\",\"children\":[{\"type\":\"section\",\"props\":{\"height\":\"page\",\"image_position\":\"center-center\",\"overlap\":true,\"style\":\"default\",\"title_breakpoint\":\"xl\",\"title_position\":\"top-left\",\"title_rotation\":\"left\",\"vertical_align\":\"\",\"width\":\"default\"},\"children\":[{\"type\":\"row\",\"children\":[{\"type\":\"column\",\"props\":{\"image_position\":\"center-center\",\"position_sticky_breakpoint\":\"m\"},\"children\":[{\"type\":\"woo_pages\",\"props\":{\"page\":\"my_account\"}}]}]}],\"name\":\"Connexion\",\"source\":{\"query\":{\"name\":\"site\"},\"props\":{\"_condition\":{\"filters\":{\"condition\":\"!!\"},\"name\":\"woocommerce.login\"}}}},{\"type\":\"section\",\"props\":{\"height\":\"page\",\"image_position\":\"center-center\",\"overlap\":true,\"style\":\"default\",\"title_breakpoint\":\"xl\",\"title_position\":\"top-left\",\"title_rotation\":\"left\",\"vertical_align\":\"\",\"width\":\"small\"},\"children\":[{\"type\":\"row\",\"children\":[{\"type\":\"column\",\"props\":{\"image_position\":\"center-center\",\"position_sticky_breakpoint\":\"m\"},\"children\":[{\"type\":\"headline\",\"props\":{\"block_align\":\"center\",\"content\":\"Mot de passe oubli\\u00e9 ?\",\"content_de_de\":\"Passwort vergessen?\",\"content_en_gb\":\"Forgot your password?\",\"content_es_es\":\"\\u00bfHa olvidado su contrase\\u00f1a?\",\"margin_remove_top\":true,\"maxwidth\":\"large\",\"title_element\":\"h1\",\"title_style\":\"h2\"}},{\"type\":\"woo_pages\",\"props\":{\"block_align\":\"center\",\"maxwidth\":\"large\",\"page\":\"my_account\"}}]}]}],\"name\":\"Mot de passe perdu\",\"source\":{\"query\":{\"name\":\"site\"},\"props\":{\"_condition\":{\"filters\":{\"condition\":\"!!\"},\"name\":\"woocommerce.lost_password\"}}}},{\"type\":\"section\",\"props\":{\"height\":\"page\",\"image_position\":\"center-center\",\"overlap\":true,\"style\":\"default\",\"title_breakpoint\":\"xl\",\"title_position\":\"top-left\",\"title_rotation\":\"left\",\"vertical_align\":\"\",\"width\":\"small\"},\"children\":[{\"type\":\"row\",\"children\":[{\"type\":\"column\",\"props\":{\"image_position\":\"center-center\",\"position_sticky_breakpoint\":\"m\"},\"children\":[{\"type\":\"headline\",\"props\":{\"block_align\":\"center\",\"content\":\"Mot de passe oubli\\u00e9 ?\",\"content_de_de\":\"Passwort vergessen?\",\"content_en_gb\":\"Forgot your password?\",\"content_es_es\":\"\\u00bfHa olvidado su contrase\\u00f1a?\",\"margin_remove_top\":true,\"maxwidth\":\"large\",\"title_element\":\"h1\",\"title_style\":\"h2\"}},{\"type\":\"woo_pages\",\"props\":{\"block_align\":\"center\",\"maxwidth\":\"large\",\"page\":\"my_account\"}}]}]}],\"name\":\"Lien de r\\u00e9initialisation envoy\\u00e9\",\"source\":{\"query\":{\"name\":\"site\"},\"props\":{\"_condition\":{\"filters\":{\"condition\":\"!!\"},\"name\":\"woocommerce.reset_link_sent\"}}}},{\"type\":\"section\",\"props\":{\"height\":\"page\",\"image_position\":\"center-center\",\"overlap\":true,\"style\":\"default\",\"title_breakpoint\":\"xl\",\"title_position\":\"top-left\",\"title_rotation\":\"left\",\"vertical_align\":\"\",\"width\":\"small\"},\"children\":[{\"type\":\"row\",\"children\":[{\"type\":\"column\",\"props\":{\"image_position\":\"center-center\",\"position_sticky_breakpoint\":\"m\"},\"children\":[{\"type\":\"headline\",\"props\":{\"block_align\":\"center\",\"content\":\"R\\u00e9initialisez votre mot de passe\",\"content_de_de\":\"Setzen Sie Ihr Passwort zur\\u00fcck\",\"content_en_gb\":\"Reset your password\",\"content_es_es\":\"Restablece tu contrase\\u00f1a\",\"margin_remove_top\":true,\"maxwidth\":\"large\",\"title_element\":\"h1\",\"title_style\":\"h2\"}},{\"type\":\"woo_pages\",\"props\":{\"block_align\":\"center\",\"maxwidth\":\"large\",\"page\":\"my_account\"}}]}]}],\"name\":\"Confirmation mot de passe perdu\",\"source\":{\"query\":{\"name\":\"site\"},\"props\":{\"_condition\":{\"filters\":{\"condition\":\"!!\"},\"name\":\"woocommerce.lost_password_confirmation\"}}}},{\"type\":\"section\",\"props\":{\"height\":\"page\",\"image_position\":\"center-center\",\"overlap\":true,\"style\":\"default\",\"title_breakpoint\":\"xl\",\"title_position\":\"top-left\",\"title_rotation\":\"left\",\"vertical_align\":\"\",\"width\":\"default\"},\"children\":[{\"type\":\"row\",\"children\":[{\"type\":\"column\",\"props\":{\"image_position\":\"center-center\",\"position_sticky_breakpoint\":\"m\"},\"children\":[{\"type\":\"breadcrumbs\",\"props\":{\"margin\":\"default\",\"show_current\":true,\"show_home\":true}},{\"type\":\"headline\",\"props\":{\"content\":\"Mon compte\",\"content_de_de\":\"Mein Konto\",\"content_en_gb\":\"My Profile\",\"content_es_es\":\"Mi cuenta\",\"margin\":\"medium\",\"margin_remove_top\":true,\"title_element\":\"h1\"}},{\"type\":\"woo_pages\",\"props\":{\"page\":\"my_account\"}}]}]}],\"name\":\"Mon compte\",\"source\":{\"query\":{\"name\":\"site\"},\"props\":{\"_condition\":{\"filters\":{\"condition\":\"!!\"},\"name\":\"woocommerce.my_account\"}}}}],\"version\":\"4.4.15\"} --><\/p>\n","protected":false},"excerpt":{"rendered":"<p>Mot de passe oubli\u00e9 ? Mot de passe oubli\u00e9 ? R\u00e9initialisez votre mot de passe Mon compte<\/p>\n","protected":false},"author":1,"featured_media":0,"parent":0,"menu_order":0,"comment_status":"closed","ping_status":"closed","template":"","meta":{"_acf_changed":false,"footnotes":""},"class_list":["post-12","page","type-page","status-publish","hentry"],"acf":[],"yoast_head":"<!-- This site is optimized with the Yoast SEO Premium plugin v27.0 (Yoast SEO v27.1.1) - https:\/\/yoast.com\/product\/yoast-seo-premium-wordpress\/ -->\n<title>Mi Cuenta<\/title>\n<meta name=\"robots\" content=\"index, follow, max-snippet:-1, max-image-preview:large, max-video-preview:-1\" \/>\n<meta property=\"og:locale\" content=\"es_ES\" \/>\n<meta property=\"og:type\" content=\"article\" \/>\n<meta property=\"og:title\" content=\"Mi Cuenta\" \/>\n<meta property=\"og:url\" content=\"https:\/\/www.lokefoil.com\/es\/mi-cuenta\/\" \/>\n<meta property=\"og:site_name\" content=\"LOKEFOIL\" \/>\n<meta property=\"article:modified_time\" content=\"2024-11-23T15:14:03+00:00\" \/>\n<meta name=\"twitter:card\" content=\"summary_large_image\" \/>\n<script type=\"application\/ld+json\" class=\"yoast-schema-graph\">{\"@context\":\"https:\/\/schema.org\",\"@graph\":[{\"@type\":\"WebPage\",\"@id\":\"https:\/\/www.lokefoil.com\/es\/mi-cuenta\/\",\"url\":\"https:\/\/www.lokefoil.com\/es\/mi-cuenta\/\",\"name\":\"Mon compte - LOKEFOIL\",\"isPartOf\":{\"@id\":\"https:\/\/www.lokefoil.com\/#website\"},\"datePublished\":\"2023-03-06T01:04:33+00:00\",\"dateModified\":\"2024-11-23T15:14:03+00:00\",\"breadcrumb\":{\"@id\":\"https:\/\/www.lokefoil.com\/es\/mi-cuenta\/#breadcrumb\"},\"inLanguage\":\"es\",\"potentialAction\":[{\"@type\":\"ReadAction\",\"target\":[\"https:\/\/www.lokefoil.com\/es\/mi-cuenta\/\"]}]},{\"@type\":\"BreadcrumbList\",\"@id\":\"https:\/\/www.lokefoil.com\/es\/mi-cuenta\/#breadcrumb\",\"itemListElement\":[{\"@type\":\"ListItem\",\"position\":1,\"name\":\"Hidroalas\",\"item\":\"https:\/\/www.lokefoil.com\/fr\/\"},{\"@type\":\"ListItem\",\"position\":2,\"name\":\"Mi Cuenta\"}]},{\"@type\":\"WebSite\",\"@id\":\"https:\/\/www.lokefoil.com\/es\/#website\",\"url\":\"https:\/\/www.lokefoil.com\/es\/\",\"name\":\"LOKEFOIL\",\"description\":\"Foils 100% Made in France\",\"publisher\":{\"@id\":\"https:\/\/www.lokefoil.com\/es\/#organization\"},\"potentialAction\":[{\"@type\":\"SearchAction\",\"target\":{\"@type\":\"EntryPoint\",\"urlTemplate\":\"https:\/\/www.lokefoil.com\/es\/?s={search_term_string}\"},\"query-input\":{\"@type\":\"PropertyValueSpecification\",\"valueRequired\":true,\"valueName\":\"search_term_string\"}}],\"inLanguage\":\"es\"},{\"@type\":\"Organization\",\"@id\":\"https:\/\/www.lokefoil.com\/es\/#organization\",\"name\":\"LOKEFOIL\",\"url\":\"https:\/\/www.lokefoil.com\/es\/\",\"logo\":{\"@type\":\"ImageObject\",\"inLanguage\":\"es\",\"@id\":\"https:\/\/www.lokefoil.com\/es\/#\/schema\/logo\/image\/\",\"url\":\"https:\/\/www.lokefoil.com\/wp-content\/uploads\/2025\/08\/logo-seo.png\",\"contentUrl\":\"https:\/\/www.lokefoil.com\/wp-content\/uploads\/2025\/08\/logo-seo.png\",\"width\":696,\"height\":696,\"caption\":\"LOKEFOIL\"},\"image\":{\"@id\":\"https:\/\/www.lokefoil.com\/es\/#\/schema\/logo\/image\/\"}}]}<\/script>\n<!-- \/ Yoast SEO Premium plugin. -->","yoast_head_json":{"title":"Mi Cuenta","robots":{"index":"index","follow":"follow","max-snippet":"max-snippet:-1","max-image-preview":"max-image-preview:large","max-video-preview":"max-video-preview:-1"},"og_locale":"es_ES","og_type":"article","og_title":"Mi Cuenta","og_url":"https:\/\/www.lokefoil.com\/es\/mi-cuenta\/","og_site_name":"LOKEFOIL","article_modified_time":"2024-11-23T15:14:03+00:00","twitter_card":"summary_large_image","schema":{"@context":"https:\/\/schema.org","@graph":[{"@type":"WebPage","@id":"https:\/\/www.lokefoil.com\/es\/mi-cuenta\/","url":"https:\/\/www.lokefoil.com\/es\/mi-cuenta\/","name":"Mon compte - LOKEFOIL","isPartOf":{"@id":"https:\/\/www.lokefoil.com\/#website"},"datePublished":"2023-03-06T01:04:33+00:00","dateModified":"2024-11-23T15:14:03+00:00","breadcrumb":{"@id":"https:\/\/www.lokefoil.com\/es\/mi-cuenta\/#breadcrumb"},"inLanguage":"es","potentialAction":[{"@type":"ReadAction","target":["https:\/\/www.lokefoil.com\/es\/mi-cuenta\/"]}]},{"@type":"BreadcrumbList","@id":"https:\/\/www.lokefoil.com\/es\/mi-cuenta\/#breadcrumb","itemListElement":[{"@type":"ListItem","position":1,"name":"Hidroalas","item":"https:\/\/www.lokefoil.com\/fr\/"},{"@type":"ListItem","position":2,"name":"Mi Cuenta"}]},{"@type":"WebSite","@id":"https:\/\/www.lokefoil.com\/es\/#website","url":"https:\/\/www.lokefoil.com\/es\/","name":"LOKEFOIL","description":"Foils 100% Made in France","publisher":{"@id":"https:\/\/www.lokefoil.com\/es\/#organization"},"potentialAction":[{"@type":"SearchAction","target":{"@type":"EntryPoint","urlTemplate":"https:\/\/www.lokefoil.com\/es\/?s={search_term_string}"},"query-input":{"@type":"PropertyValueSpecification","valueRequired":true,"valueName":"search_term_string"}}],"inLanguage":"es"},{"@type":"Organization","@id":"https:\/\/www.lokefoil.com\/es\/#organization","name":"LOKEFOIL","url":"https:\/\/www.lokefoil.com\/es\/","logo":{"@type":"ImageObject","inLanguage":"es","@id":"https:\/\/www.lokefoil.com\/es\/#\/schema\/logo\/image\/","url":"https:\/\/www.lokefoil.com\/wp-content\/uploads\/2025\/08\/logo-seo.png","contentUrl":"https:\/\/www.lokefoil.com\/wp-content\/uploads\/2025\/08\/logo-seo.png","width":696,"height":696,"caption":"LOKEFOIL"},"image":{"@id":"https:\/\/www.lokefoil.com\/es\/#\/schema\/logo\/image\/"}}]}},"_links":{"self":[{"href":"https:\/\/www.lokefoil.com\/es\/wp-json\/wp\/v2\/pages\/12","targetHints":{"allow":["GET"]}}],"collection":[{"href":"https:\/\/www.lokefoil.com\/es\/wp-json\/wp\/v2\/pages"}],"about":[{"href":"https:\/\/www.lokefoil.com\/es\/wp-json\/wp\/v2\/types\/page"}],"author":[{"embeddable":true,"href":"https:\/\/www.lokefoil.com\/es\/wp-json\/wp\/v2\/users\/1"}],"replies":[{"embeddable":true,"href":"https:\/\/www.lokefoil.com\/es\/wp-json\/wp\/v2\/comments?post=12"}],"version-history":[{"count":14,"href":"https:\/\/www.lokefoil.com\/es\/wp-json\/wp\/v2\/pages\/12\/revisions"}],"predecessor-version":[{"id":4712,"href":"https:\/\/www.lokefoil.com\/es\/wp-json\/wp\/v2\/pages\/12\/revisions\/4712"}],"wp:attachment":[{"href":"https:\/\/www.lokefoil.com\/es\/wp-json\/wp\/v2\/media?parent=12"}],"curies":[{"name":"wp","href":"https:\/\/api.w.org\/{rel}","templated":true}]}}