{"id":10,"date":"2023-03-06T02:04:33","date_gmt":"2023-03-06T01:04:33","guid":{"rendered":"http:\/\/localhost\/loke2foil\/cart\/"},"modified":"2024-12-05T20:44:12","modified_gmt":"2024-12-05T19:44:12","slug":"panier","status":"publish","type":"page","link":"https:\/\/www.lokefoil.com\/es\/cesta\/","title":{"rendered":"Cesta"},"content":{"rendered":"<h1>Votre panier<\/h1>\n<p><img decoding=\"async\" src=\"\/wp-content\/uploads\/template\/store-alacarte.png\" alt=\"\"><\/p>\n<h2>Vous ne trouvez pas<br class=\"uk-visible@s\"> ce que vous recherchez ?<\/h2>\n<div>\n<p>Vous aurez bient\u00f4t la possibilit\u00e9 d\u2019\u00e9laborer votre pack sur mesure en y ajoutant le nombre d\u2019\u00e9l\u00e9ments n\u00e9cessaires pour satisfaire vos besoins et vos envies.<\/p>\n<\/div>\n<p>\n    <a href=\"\/contact\/\">Nous contacter<\/a>\n<\/p>\n<p><!--more--><br \/>\n<!-- {\"type\":\"layout\",\"children\":[{\"type\":\"section\",\"props\":{\"height\":\"page\",\"image_position\":\"center-center\",\"style\":\"default\",\"title_breakpoint\":\"xl\",\"title_position\":\"top-left\",\"title_rotation\":\"left\",\"vertical_align\":\"\",\"width\":\"default\"},\"children\":[{\"type\":\"row\",\"children\":[{\"type\":\"column\",\"props\":{\"image_position\":\"center-center\",\"position_sticky_breakpoint\":\"m\"},\"children\":[{\"type\":\"headline\",\"props\":{\"content\":\"Votre panier\",\"content_de_de\":\"Ihr Warenkorb\",\"content_en_gb\":\"Your basket\",\"content_es_es\":\"Su cesta\",\"title_element\":\"h1\",\"title_style\":\"h2\"}},{\"type\":\"woo_pages\",\"props\":{\"page\":\"cart\"}}]}]}],\"name\":\"Panier\"},{\"type\":\"section\",\"props\":{\"image_position\":\"top-right\",\"overlap\":true,\"padding\":\"large\",\"padding_remove_bottom\":false,\"padding_remove_top\":true,\"style\":\"primary\",\"title_breakpoint\":\"xl\",\"title_position\":\"top-left\",\"title_rotation\":\"left\",\"vertical_align\":\"\",\"width\":\"default\"},\"children\":[{\"type\":\"row\",\"props\":{\"layout\":\"1-2,1-2\",\"margin_remove_bottom\":false,\"margin_remove_top\":false},\"children\":[{\"type\":\"column\",\"props\":{\"image_position\":\"center-center\",\"position_sticky_breakpoint\":\"m\",\"width_medium\":\"1-2\"},\"children\":[{\"type\":\"image\",\"props\":{\"image\":\"wp-content\\\/uploads\\\/template\\\/store-alacarte.png\",\"image_svg_color\":\"emphasis\",\"image_width\":\"580\",\"margin\":\"default\",\"text_align\":\"center\"}}]},{\"type\":\"column\",\"props\":{\"image_position\":\"center-center\",\"order_first\":\"m\",\"position_sticky_breakpoint\":\"m\",\"vertical_align\":\"middle\",\"width_medium\":\"1-2\"},\"children\":[{\"type\":\"headline\",\"props\":{\"block_align_breakpoint\":\"m\",\"block_align_fallback\":\"center\",\"content\":\"Vous ne trouvez pas<br class=\\\"uk-visible@s\\\"> ce que vous recherchez ?\",\"content_de_de\":\"Sie finden nicht<br class=\\\"uk-visible@s\\\"> das, was Sie suchen?\",\"content_en_gb\":\"Can't find<br class=\\\"uk-visible@s\\\"> what you're looking for?\",\"content_es_es\":\"\\u00bfNo encuentra<br class=\\\"uk-visible@s\\\"> lo que busca?\",\"css\":\"@media (min-width: 960px) {\\n\\t.el-element { margin-top: 140px;}\\n}\",\"maxwidth\":\"xlarge\",\"text_align\":\"left\",\"text_align_breakpoint\":\"m\",\"text_align_fallback\":\"center\",\"title_element\":\"h2\",\"title_style\":\"h1\"}},{\"type\":\"text\",\"props\":{\"block_align_breakpoint\":\"m\",\"block_align_fallback\":\"center\",\"column_breakpoint\":\"m\",\"content\":\"\n\n<p>Vous aurez bient\\u00f4t la possibilit\\u00e9 d\\u2019\\u00e9laborer votre pack sur mesure en y ajoutant le nombre d\\u2019\\u00e9l\\u00e9ments n\\u00e9cessaires pour satisfaire vos besoins et vos envies.<\\\/p>\",\"content_de_de\":\"\n\n<p>Bald haben Sie die M\\u00f6glichkeit, Ihr ma\\u00dfgeschneidertes Paket zusammenzustellen, indem Sie die Anzahl der Elemente hinzuf\\u00fcgen, die Sie ben\\u00f6tigen, um Ihren Bed\\u00fcrfnissen und W\\u00fcnschen gerecht zu werden.<\\\/p>\",\"content_en_gb\":\"\n\n<p>You'll soon be able to build your own customised pack, adding as many elements as you need to satisfy your needs and desires.<\\\/p>\",\"content_es_es\":\"\n\n<p>Pronto podr\\u00e1s construir tu propio pack personalizado, a\\u00f1adiendo tantos elementos como necesites para satisfacer tus necesidades y deseos.<\\\/p>\",\"margin\":\"medium\",\"maxwidth\":\"large\",\"text_align\":\"left\",\"text_align_breakpoint\":\"m\",\"text_align_fallback\":\"center\"}},{\"type\":\"button\",\"props\":{\"button_size\":\"large\",\"grid_column_gap\":\"small\",\"grid_row_gap\":\"small\",\"margin\":\"default\",\"text_align\":\"left\",\"text_align_breakpoint\":\"m\",\"text_align_fallback\":\"center\"},\"children\":[{\"type\":\"button_item\",\"props\":{\"button_style\":\"secondary\",\"content\":\"Nous contacter\",\"content_de_de\":\"Kontaktieren Sie uns\",\"content_en_gb\":\"Contact us\",\"content_es_es\":\"Cont\\u00e1ctenos\",\"icon_align\":\"left\",\"link\":\"contact\\\/\",\"link_de_de\":\"https:\\\/\\\/www.lokefoil.com\\\/de\\\/kontakt\\\/\",\"link_en_gb\":\"https:\\\/\\\/www.lokefoil.com\\\/en\\\/contact\\\/\",\"link_es_es\":\"https:\\\/\\\/www.lokefoil.com\\\/es\\\/contacto\\\/\"}}]}]}]}],\"name\":\"Commander \\u00e0 la carte\"}],\"version\":\"4.4.16\"} --><\/p>\n","protected":false},"excerpt":{"rendered":"<p>Votre panier Vous ne trouvez pas ce que vous recherchez ? Vous aurez bient\u00f4t la possibilit\u00e9 d\u2019\u00e9laborer votre pack sur mesure en y ajoutant le nombre d\u2019\u00e9l\u00e9ments n\u00e9cessaires pour satisfaire vos besoins et vos envies. Nous contacter<\/p>\n","protected":false},"author":1,"featured_media":0,"parent":0,"menu_order":0,"comment_status":"closed","ping_status":"closed","template":"","meta":{"_acf_changed":false,"footnotes":""},"class_list":["post-10","page","type-page","status-publish","hentry"],"acf":[],"yoast_head":"<!-- This site is optimized with the Yoast SEO Premium plugin v27.0 (Yoast SEO v27.1.1) - https:\/\/yoast.com\/product\/yoast-seo-premium-wordpress\/ -->\n<title>Cesta<\/title>\n<meta name=\"robots\" content=\"index, follow, max-snippet:-1, max-image-preview:large, max-video-preview:-1\" \/>\n<meta property=\"og:locale\" content=\"es_ES\" \/>\n<meta property=\"og:type\" content=\"article\" \/>\n<meta property=\"og:title\" content=\"Cesta\" \/>\n<meta property=\"og:url\" content=\"https:\/\/www.lokefoil.com\/es\/cesta\/\" \/>\n<meta property=\"og:site_name\" content=\"LOKEFOIL\" \/>\n<meta property=\"article:modified_time\" content=\"2024-12-05T19:44:12+00:00\" \/>\n<meta name=\"twitter:card\" content=\"summary_large_image\" \/>\n<script type=\"application\/ld+json\" class=\"yoast-schema-graph\">{\"@context\":\"https:\/\/schema.org\",\"@graph\":[{\"@type\":\"WebPage\",\"@id\":\"https:\/\/www.lokefoil.com\/es\/cesta\/\",\"url\":\"https:\/\/www.lokefoil.com\/es\/cesta\/\",\"name\":\"Panier - LOKEFOIL\",\"isPartOf\":{\"@id\":\"https:\/\/www.lokefoil.com\/#website\"},\"datePublished\":\"2023-03-06T01:04:33+00:00\",\"dateModified\":\"2024-12-05T19:44:12+00:00\",\"breadcrumb\":{\"@id\":\"https:\/\/www.lokefoil.com\/es\/cesta\/#breadcrumb\"},\"inLanguage\":\"es\",\"potentialAction\":[{\"@type\":\"ReadAction\",\"target\":[\"https:\/\/www.lokefoil.com\/es\/cesta\/\"]}]},{\"@type\":\"BreadcrumbList\",\"@id\":\"https:\/\/www.lokefoil.com\/es\/cesta\/#breadcrumb\",\"itemListElement\":[{\"@type\":\"ListItem\",\"position\":1,\"name\":\"Hidroalas\",\"item\":\"https:\/\/www.lokefoil.com\/fr\/\"},{\"@type\":\"ListItem\",\"position\":2,\"name\":\"Cesta\"}]},{\"@type\":\"WebSite\",\"@id\":\"https:\/\/www.lokefoil.com\/es\/#website\",\"url\":\"https:\/\/www.lokefoil.com\/es\/\",\"name\":\"LOKEFOIL\",\"description\":\"Foils 100% Made in France\",\"publisher\":{\"@id\":\"https:\/\/www.lokefoil.com\/es\/#organization\"},\"potentialAction\":[{\"@type\":\"SearchAction\",\"target\":{\"@type\":\"EntryPoint\",\"urlTemplate\":\"https:\/\/www.lokefoil.com\/es\/?s={search_term_string}\"},\"query-input\":{\"@type\":\"PropertyValueSpecification\",\"valueRequired\":true,\"valueName\":\"search_term_string\"}}],\"inLanguage\":\"es\"},{\"@type\":\"Organization\",\"@id\":\"https:\/\/www.lokefoil.com\/es\/#organization\",\"name\":\"LOKEFOIL\",\"url\":\"https:\/\/www.lokefoil.com\/es\/\",\"logo\":{\"@type\":\"ImageObject\",\"inLanguage\":\"es\",\"@id\":\"https:\/\/www.lokefoil.com\/es\/#\/schema\/logo\/image\/\",\"url\":\"https:\/\/www.lokefoil.com\/wp-content\/uploads\/2025\/08\/logo-seo.png\",\"contentUrl\":\"https:\/\/www.lokefoil.com\/wp-content\/uploads\/2025\/08\/logo-seo.png\",\"width\":696,\"height\":696,\"caption\":\"LOKEFOIL\"},\"image\":{\"@id\":\"https:\/\/www.lokefoil.com\/es\/#\/schema\/logo\/image\/\"}}]}<\/script>\n<!-- \/ Yoast SEO Premium plugin. -->","yoast_head_json":{"title":"Cesta","robots":{"index":"index","follow":"follow","max-snippet":"max-snippet:-1","max-image-preview":"max-image-preview:large","max-video-preview":"max-video-preview:-1"},"og_locale":"es_ES","og_type":"article","og_title":"Cesta","og_url":"https:\/\/www.lokefoil.com\/es\/cesta\/","og_site_name":"LOKEFOIL","article_modified_time":"2024-12-05T19:44:12+00:00","twitter_card":"summary_large_image","schema":{"@context":"https:\/\/schema.org","@graph":[{"@type":"WebPage","@id":"https:\/\/www.lokefoil.com\/es\/cesta\/","url":"https:\/\/www.lokefoil.com\/es\/cesta\/","name":"Panier - LOKEFOIL","isPartOf":{"@id":"https:\/\/www.lokefoil.com\/#website"},"datePublished":"2023-03-06T01:04:33+00:00","dateModified":"2024-12-05T19:44:12+00:00","breadcrumb":{"@id":"https:\/\/www.lokefoil.com\/es\/cesta\/#breadcrumb"},"inLanguage":"es","potentialAction":[{"@type":"ReadAction","target":["https:\/\/www.lokefoil.com\/es\/cesta\/"]}]},{"@type":"BreadcrumbList","@id":"https:\/\/www.lokefoil.com\/es\/cesta\/#breadcrumb","itemListElement":[{"@type":"ListItem","position":1,"name":"Hidroalas","item":"https:\/\/www.lokefoil.com\/fr\/"},{"@type":"ListItem","position":2,"name":"Cesta"}]},{"@type":"WebSite","@id":"https:\/\/www.lokefoil.com\/es\/#website","url":"https:\/\/www.lokefoil.com\/es\/","name":"LOKEFOIL","description":"Foils 100% Made in France","publisher":{"@id":"https:\/\/www.lokefoil.com\/es\/#organization"},"potentialAction":[{"@type":"SearchAction","target":{"@type":"EntryPoint","urlTemplate":"https:\/\/www.lokefoil.com\/es\/?s={search_term_string}"},"query-input":{"@type":"PropertyValueSpecification","valueRequired":true,"valueName":"search_term_string"}}],"inLanguage":"es"},{"@type":"Organization","@id":"https:\/\/www.lokefoil.com\/es\/#organization","name":"LOKEFOIL","url":"https:\/\/www.lokefoil.com\/es\/","logo":{"@type":"ImageObject","inLanguage":"es","@id":"https:\/\/www.lokefoil.com\/es\/#\/schema\/logo\/image\/","url":"https:\/\/www.lokefoil.com\/wp-content\/uploads\/2025\/08\/logo-seo.png","contentUrl":"https:\/\/www.lokefoil.com\/wp-content\/uploads\/2025\/08\/logo-seo.png","width":696,"height":696,"caption":"LOKEFOIL"},"image":{"@id":"https:\/\/www.lokefoil.com\/es\/#\/schema\/logo\/image\/"}}]}},"_links":{"self":[{"href":"https:\/\/www.lokefoil.com\/es\/wp-json\/wp\/v2\/pages\/10","targetHints":{"allow":["GET"]}}],"collection":[{"href":"https:\/\/www.lokefoil.com\/es\/wp-json\/wp\/v2\/pages"}],"about":[{"href":"https:\/\/www.lokefoil.com\/es\/wp-json\/wp\/v2\/types\/page"}],"author":[{"embeddable":true,"href":"https:\/\/www.lokefoil.com\/es\/wp-json\/wp\/v2\/users\/1"}],"replies":[{"embeddable":true,"href":"https:\/\/www.lokefoil.com\/es\/wp-json\/wp\/v2\/comments?post=10"}],"version-history":[{"count":11,"href":"https:\/\/www.lokefoil.com\/es\/wp-json\/wp\/v2\/pages\/10\/revisions"}],"predecessor-version":[{"id":5003,"href":"https:\/\/www.lokefoil.com\/es\/wp-json\/wp\/v2\/pages\/10\/revisions\/5003"}],"wp:attachment":[{"href":"https:\/\/www.lokefoil.com\/es\/wp-json\/wp\/v2\/media?parent=10"}],"curies":[{"name":"wp","href":"https:\/\/api.w.org\/{rel}","templated":true}]}}