{"id":2148,"date":"2024-01-18T09:07:19","date_gmt":"2024-01-18T08:07:19","guid":{"rendered":"https:\/\/www.lokefoil.com\/?post_type=product&#038;p=2148"},"modified":"2025-06-26T16:57:32","modified_gmt":"2025-06-26T14:57:32","slug":"4all-pumping","status":"publish","type":"product","link":"https:\/\/www.lokefoil.com\/en\/store\/4all-pumping\/","title":{"rendered":"4ALL PUMPING"},"content":{"rendered":"<div class=\"uk-grid-large\" uk-grid=\"\">\n<div class=\"uk-flex-middle uk-width-1-3@m\">\n<h2 class=\"uk-h5 uk-margin-small\">Description<\/h2>\n<p>This 4ALL pack will allow you to easily take your dockstart set up with you. The rigidity and lightness of this full carbon set will allow you to fully enjoy your sessions. The set is perfectly balanced on both legs in order to distribute the efforts to be provided and to extend your ride time as much as possible. The 1450 is the wing to beat your records, go for a stroll for several minutes. Once you have taken the rhythm, you will be able to continue flying with a minimum of effort. The 155 BUMP will allow you to keep a lot of grip at the start at very low speed and will give you the possibility of easily adapting the pumping frequency to the situation.<\/p>\n<\/div>\n<div class=\"uk-width-2-3@m\">\n<div>\n<div class=\"uk-child-width-1-2@s uk-grid-small\" uk-grid=\"\">\n<div><img loading=\"lazy\" decoding=\"async\" src=\"wp-content\/uploads\/2024\/01\/pack_dock_30.jpg\" alt=\"\" width=\"610\" height=\"455\" \/><\/div>\n<div><img loading=\"lazy\" decoding=\"async\" src=\"wp-content\/uploads\/2024\/01\/pack_dock_40.jpg\" alt=\"\" width=\"610\" height=\"455\" \/><\/div>\n<\/div>\n<\/div>\n<\/div>\n<\/div>\n","protected":false},"excerpt":{"rendered":"<p>The removable full-carbon foil dedicated to pumping.<\/p>\n","protected":false},"featured_media":2526,"comment_status":"open","ping_status":"closed","template":"","meta":{"_acf_changed":false},"product_brand":[],"product_cat":[190],"product_tag":[208,209,99],"class_list":{"0":"post-2148","1":"product","2":"type-product","3":"status-publish","4":"has-post-thumbnail","6":"product_cat-pumping","7":"product_tag-dockstart","8":"product_tag-pack","9":"product_tag-pumping","10":"product_shipping_class-colis-l","12":"first","13":"instock","14":"sale","15":"taxable","16":"shipping-taxable","17":"purchasable","18":"product-type-bundle"},"bundled_by":[],"bundle_stock_status":"instock","bundle_stock_quantity":18,"bundle_virtual":false,"bundle_layout":"default","bundle_add_to_cart_form_location":"default","bundle_editable_in_cart":false,"bundle_sold_individually_context":"product","bundle_item_grouping":"parent","bundle_min_size":"","bundle_max_size":"","bundle_price":{"price":{"min":{"incl_tax":"2027.7","excl_tax":"1689.75"},"max":{"incl_tax":"2545.2","excl_tax":"2121"}},"regular_price":{"min":{"incl_tax":"2274","excl_tax":"1895"},"max":{"incl_tax":"2849","excl_tax":"2374.17"}}},"bundled_items":[{"bundled_item_id":236,"product_id":1893,"menu_order":0,"quantity_min":1,"quantity_max":1,"quantity_default":1,"priced_individually":true,"shipped_individually":false,"override_title":false,"title":"M\u00e2t LK4ALL Platine","override_description":false,"description":"","optional":false,"hide_thumbnail":false,"discount":"10","override_variations":false,"allowed_variations":[],"override_default_variation_attributes":true,"default_variation_attributes":[{"id":1,"name":"Construction","option":"carbone-hr"},{"id":6,"name":"Taille de m\u00e2t","option":"87"}],"single_product_visibility":"visible","cart_visibility":"visible","order_visibility":"visible","single_product_price_visibility":"visible","cart_price_visibility":"visible","order_price_visibility":"visible","stock_status":"in_stock"},{"bundled_item_id":253,"product_id":511,"menu_order":1,"quantity_min":1,"quantity_max":1,"quantity_default":1,"priced_individually":true,"shipped_individually":false,"override_title":false,"title":"Fuselage 65","override_description":false,"description":"","optional":false,"hide_thumbnail":false,"discount":"10","override_variations":true,"allowed_variations":[3141],"override_default_variation_attributes":true,"default_variation_attributes":[{"id":18,"name":"Appui","option":"65"}],"single_product_visibility":"visible","cart_visibility":"visible","order_visibility":"visible","single_product_price_visibility":"visible","cart_price_visibility":"visible","order_price_visibility":"visible","stock_status":"in_stock"},{"bundled_item_id":245,"product_id":525,"menu_order":2,"quantity_min":1,"quantity_max":1,"quantity_default":1,"priced_individually":true,"shipped_individually":false,"override_title":false,"title":"Aile ACTIV 1450","override_description":false,"description":"","optional":false,"hide_thumbnail":false,"discount":"10","override_variations":false,"allowed_variations":[1994,1995],"override_default_variation_attributes":true,"default_variation_attributes":[{"id":1,"name":"Construction","option":"carbone-hr"}],"single_product_visibility":"visible","cart_visibility":"visible","order_visibility":"visible","single_product_price_visibility":"visible","cart_price_visibility":"visible","order_price_visibility":"visible","stock_status":"in_stock"},{"bundled_item_id":471,"product_id":5382,"menu_order":3,"quantity_min":1,"quantity_max":1,"quantity_default":1,"priced_individually":false,"shipped_individually":false,"override_title":false,"title":"Stabilisateur HA 170 carbone","override_description":false,"description":"","optional":false,"hide_thumbnail":false,"discount":"","override_variations":false,"allowed_variations":[],"override_default_variation_attributes":false,"default_variation_attributes":[],"single_product_visibility":"visible","cart_visibility":"visible","order_visibility":"visible","single_product_price_visibility":"visible","cart_price_visibility":"visible","order_price_visibility":"visible","stock_status":"in_stock"},{"bundled_item_id":243,"product_id":2010,"menu_order":4,"quantity_min":1,"quantity_max":1,"quantity_default":1,"priced_individually":true,"shipped_individually":false,"override_title":false,"title":"Cales de stabilisateurs","override_description":false,"description":"","optional":false,"hide_thumbnail":false,"discount":"100","override_variations":false,"allowed_variations":[],"override_default_variation_attributes":false,"default_variation_attributes":[],"single_product_visibility":"visible","cart_visibility":"visible","order_visibility":"visible","single_product_price_visibility":"visible","cart_price_visibility":"visible","order_price_visibility":"visible","stock_status":"in_stock"},{"bundled_item_id":244,"product_id":1759,"menu_order":5,"quantity_min":1,"quantity_max":1,"quantity_default":1,"priced_individually":true,"shipped_individually":false,"override_title":false,"title":"Pack de visseries","override_description":false,"description":"","optional":false,"hide_thumbnail":false,"discount":"100","override_variations":false,"allowed_variations":[],"override_default_variation_attributes":false,"default_variation_attributes":[],"single_product_visibility":"visible","cart_visibility":"visible","order_visibility":"visible","single_product_price_visibility":"visible","cart_price_visibility":"visible","order_price_visibility":"visible","stock_status":"in_stock"},{"bundled_item_id":242,"product_id":1752,"menu_order":6,"quantity_min":0,"quantity_max":1,"quantity_default":0,"priced_individually":true,"shipped_individually":false,"override_title":false,"title":"Housse pack","override_description":false,"description":"","optional":false,"hide_thumbnail":false,"discount":"10","override_variations":true,"allowed_variations":[1754,1755],"override_default_variation_attributes":true,"default_variation_attributes":[],"single_product_visibility":"visible","cart_visibility":"visible","order_visibility":"visible","single_product_price_visibility":"visible","cart_price_visibility":"visible","order_price_visibility":"visible","stock_status":"in_stock"}],"bundle_sell_ids":[],"exclude_global_add_ons":[],"addons":[],"acf":[],"yoast_head":"<!-- This site is optimized with the Yoast SEO Premium plugin v27.0 (Yoast SEO v27.1.1) - https:\/\/yoast.com\/product\/yoast-seo-premium-wordpress\/ -->\n<title>4ALL PUMPING<\/title>\n<meta name=\"description\" content=\"The removable full-carbon foil dedicated to pumping.\" \/>\n<meta name=\"robots\" content=\"index, follow, max-snippet:-1, max-image-preview:large, max-video-preview:-1\" \/>\n<link rel=\"canonical\" href=\"http:\/\/The%20removable%20full-carbon%20foil%20dedicated%20to%20pumping.\" \/>\n<meta property=\"og:locale\" content=\"en_GB\" \/>\n<meta property=\"og:type\" content=\"article\" \/>\n<meta property=\"og:title\" content=\"4ALL PUMPING\" \/>\n<meta property=\"og:description\" content=\"The removable full-carbon foil dedicated to pumping.\" \/>\n<meta property=\"og:url\" content=\"https:\/\/www.lokefoil.com\/en\/store\/4all-pumping\/\" \/>\n<meta property=\"og:site_name\" content=\"LOKEFOIL\" \/>\n<meta property=\"article:modified_time\" content=\"2025-06-26T14:57:32+00:00\" \/>\n<meta property=\"og:image\" content=\"https:\/\/www.lokefoil.com\/wp-content\/uploads\/2024\/01\/pack_4all_dock_10.jpg\" \/>\n\t<meta property=\"og:image:width\" content=\"1599\" \/>\n\t<meta property=\"og:image:height\" content=\"1850\" \/>\n\t<meta property=\"og:image:type\" content=\"image\/jpeg\" \/>\n<meta name=\"twitter:card\" content=\"summary_large_image\" \/>\n<meta name=\"twitter:label1\" content=\"Price\" \/>\n\t<meta name=\"twitter:data1\" content=\"0,00&nbsp;&euro;\" \/>\n\t<meta name=\"twitter:label2\" content=\"Availability\" \/>\n\t<meta name=\"twitter:data2\" content=\"In stock\" \/>\n<script type=\"application\/ld+json\" class=\"yoast-schema-graph\">{\"@context\":\"https:\/\/schema.org\",\"@graph\":[{\"@type\":[\"WebPage\",\"ItemPage\"],\"@id\":\"https:\/\/www.lokefoil.com\/en\/store\/4all-pumping\/\",\"url\":\"https:\/\/www.lokefoil.com\/en\/store\/4all-pumping\/\",\"name\":\"4ALL PUMPING - LOKEFOIL\",\"isPartOf\":{\"@id\":\"https:\/\/www.lokefoil.com\/#website\"},\"primaryImageOfPage\":{\"@id\":\"https:\/\/www.lokefoil.com\/en\/store\/4all-pumping\/#primaryimage\"},\"image\":{\"@id\":\"https:\/\/www.lokefoil.com\/en\/store\/4all-pumping\/#primaryimage\"},\"thumbnailUrl\":\"https:\/\/www.lokefoil.com\/wp-content\/uploads\/2024\/01\/pack_4all_dock_10.jpg\",\"datePublished\":\"2024-01-18T08:07:19+00:00\",\"dateModified\":\"2025-06-26T14:57:32+00:00\",\"description\":\"Ce pack 4ALL vous permettra d\u2019emmener facilement avec vous votre set up de dockstart. La rigidit\u00e9 et la l\u00e9g\u00e8ret\u00e9 de cet ensemble full carbone vous permettra de profiter pleinement de vos sessions. L\u2019ensemble est parfaitement \u00e9quilibr\u00e9 sur les deux jambes afin de r\u00e9partir les efforts \u00e0 fournir et d\u2019allonger au maximum votre temps de ride.\",\"breadcrumb\":{\"@id\":\"https:\/\/www.lokefoil.com\/en\/store\/4all-pumping\/#breadcrumb\"},\"inLanguage\":\"en-GB\",\"potentialAction\":[{\"@type\":\"ReadAction\",\"target\":[\"https:\/\/www.lokefoil.com\/en\/store\/4all-pumping\/\"]}]},{\"@type\":\"ImageObject\",\"inLanguage\":\"en-GB\",\"@id\":\"https:\/\/www.lokefoil.com\/en\/store\/4all-pumping\/#primaryimage\",\"url\":\"https:\/\/www.lokefoil.com\/wp-content\/uploads\/2024\/01\/pack_4all_dock_10.jpg\",\"contentUrl\":\"https:\/\/www.lokefoil.com\/wp-content\/uploads\/2024\/01\/pack_4all_dock_10.jpg\",\"width\":1599,\"height\":1850},{\"@type\":\"BreadcrumbList\",\"@id\":\"https:\/\/www.lokefoil.com\/en\/store\/4all-pumping\/#breadcrumb\",\"itemListElement\":[{\"@type\":\"ListItem\",\"position\":1,\"name\":\"Hydrofoils\",\"item\":\"https:\/\/www.lokefoil.com\/fr\/\"},{\"@type\":\"ListItem\",\"position\":2,\"name\":\"Store\",\"item\":\"https:\/\/www.lokefoil.com\/fr\/store\/\"},{\"@type\":\"ListItem\",\"position\":3,\"name\":\"4ALL PUMPING\"}]},{\"@type\":\"WebSite\",\"@id\":\"https:\/\/www.lokefoil.com\/en\/#website\",\"url\":\"https:\/\/www.lokefoil.com\/en\/\",\"name\":\"LOKEFOIL\",\"description\":\"Foils 100% Made in France\",\"publisher\":{\"@id\":\"https:\/\/www.lokefoil.com\/en\/#organization\"},\"potentialAction\":[{\"@type\":\"SearchAction\",\"target\":{\"@type\":\"EntryPoint\",\"urlTemplate\":\"https:\/\/www.lokefoil.com\/en\/?s={search_term_string}\"},\"query-input\":{\"@type\":\"PropertyValueSpecification\",\"valueRequired\":true,\"valueName\":\"search_term_string\"}}],\"inLanguage\":\"en-GB\"},{\"@type\":\"Organization\",\"@id\":\"https:\/\/www.lokefoil.com\/en\/#organization\",\"name\":\"LOKEFOIL\",\"url\":\"https:\/\/www.lokefoil.com\/en\/\",\"logo\":{\"@type\":\"ImageObject\",\"inLanguage\":\"en-GB\",\"@id\":\"https:\/\/www.lokefoil.com\/en\/#\/schema\/logo\/image\/\",\"url\":\"https:\/\/www.lokefoil.com\/wp-content\/uploads\/2025\/08\/logo-seo.png\",\"contentUrl\":\"https:\/\/www.lokefoil.com\/wp-content\/uploads\/2025\/08\/logo-seo.png\",\"width\":696,\"height\":696,\"caption\":\"LOKEFOIL\"},\"image\":{\"@id\":\"https:\/\/www.lokefoil.com\/en\/#\/schema\/logo\/image\/\"}}]}<\/script>\n<meta property=\"product:price:amount\" content=\"0.00\" \/>\n<meta property=\"product:price:currency\" content=\"EUR\" \/>\n<meta property=\"og:availability\" content=\"instock\" \/>\n<meta property=\"product:availability\" content=\"instock\" \/>\n<meta property=\"product:retailer_item_id\" content=\"pack-4all-pumping\" \/>\n<meta property=\"product:condition\" content=\"new\" \/>\n<!-- \/ Yoast SEO Premium plugin. -->","yoast_head_json":{"title":"4ALL PUMPING","description":"The removable full-carbon foil dedicated to pumping.","robots":{"index":"index","follow":"follow","max-snippet":"max-snippet:-1","max-image-preview":"max-image-preview:large","max-video-preview":"max-video-preview:-1"},"canonical":"The removable full-carbon foil dedicated to pumping.","og_locale":"en_GB","og_type":"article","og_title":"4ALL PUMPING","og_description":"The removable full-carbon foil dedicated to pumping.","og_url":"https:\/\/www.lokefoil.com\/en\/store\/4all-pumping\/","og_site_name":"LOKEFOIL","article_modified_time":"2025-06-26T14:57:32+00:00","og_image":[{"width":1599,"height":1850,"url":"https:\/\/www.lokefoil.com\/wp-content\/uploads\/2024\/01\/pack_4all_dock_10.jpg","type":"image\/jpeg"}],"twitter_card":"summary_large_image","twitter_misc":{"Price":"0,00&nbsp;&euro;","Availability":"In stock"},"schema":{"@context":"https:\/\/schema.org","@graph":[{"@type":["WebPage","ItemPage"],"@id":"https:\/\/www.lokefoil.com\/en\/store\/4all-pumping\/","url":"https:\/\/www.lokefoil.com\/en\/store\/4all-pumping\/","name":"4ALL PUMPING - LOKEFOIL","isPartOf":{"@id":"https:\/\/www.lokefoil.com\/#website"},"primaryImageOfPage":{"@id":"https:\/\/www.lokefoil.com\/en\/store\/4all-pumping\/#primaryimage"},"image":{"@id":"https:\/\/www.lokefoil.com\/en\/store\/4all-pumping\/#primaryimage"},"thumbnailUrl":"https:\/\/www.lokefoil.com\/wp-content\/uploads\/2024\/01\/pack_4all_dock_10.jpg","datePublished":"2024-01-18T08:07:19+00:00","dateModified":"2025-06-26T14:57:32+00:00","description":"Ce pack 4ALL vous permettra d\u2019emmener facilement avec vous votre set up de dockstart. La rigidit\u00e9 et la l\u00e9g\u00e8ret\u00e9 de cet ensemble full carbone vous permettra de profiter pleinement de vos sessions. L\u2019ensemble est parfaitement \u00e9quilibr\u00e9 sur les deux jambes afin de r\u00e9partir les efforts \u00e0 fournir et d\u2019allonger au maximum votre temps de ride.","breadcrumb":{"@id":"https:\/\/www.lokefoil.com\/en\/store\/4all-pumping\/#breadcrumb"},"inLanguage":"en-GB","potentialAction":[{"@type":"ReadAction","target":["https:\/\/www.lokefoil.com\/en\/store\/4all-pumping\/"]}]},{"@type":"ImageObject","inLanguage":"en-GB","@id":"https:\/\/www.lokefoil.com\/en\/store\/4all-pumping\/#primaryimage","url":"https:\/\/www.lokefoil.com\/wp-content\/uploads\/2024\/01\/pack_4all_dock_10.jpg","contentUrl":"https:\/\/www.lokefoil.com\/wp-content\/uploads\/2024\/01\/pack_4all_dock_10.jpg","width":1599,"height":1850},{"@type":"BreadcrumbList","@id":"https:\/\/www.lokefoil.com\/en\/store\/4all-pumping\/#breadcrumb","itemListElement":[{"@type":"ListItem","position":1,"name":"Hydrofoils","item":"https:\/\/www.lokefoil.com\/fr\/"},{"@type":"ListItem","position":2,"name":"Store","item":"https:\/\/www.lokefoil.com\/fr\/store\/"},{"@type":"ListItem","position":3,"name":"4ALL PUMPING"}]},{"@type":"WebSite","@id":"https:\/\/www.lokefoil.com\/en\/#website","url":"https:\/\/www.lokefoil.com\/en\/","name":"LOKEFOIL","description":"Foils 100% Made in France","publisher":{"@id":"https:\/\/www.lokefoil.com\/en\/#organization"},"potentialAction":[{"@type":"SearchAction","target":{"@type":"EntryPoint","urlTemplate":"https:\/\/www.lokefoil.com\/en\/?s={search_term_string}"},"query-input":{"@type":"PropertyValueSpecification","valueRequired":true,"valueName":"search_term_string"}}],"inLanguage":"en-GB"},{"@type":"Organization","@id":"https:\/\/www.lokefoil.com\/en\/#organization","name":"LOKEFOIL","url":"https:\/\/www.lokefoil.com\/en\/","logo":{"@type":"ImageObject","inLanguage":"en-GB","@id":"https:\/\/www.lokefoil.com\/en\/#\/schema\/logo\/image\/","url":"https:\/\/www.lokefoil.com\/wp-content\/uploads\/2025\/08\/logo-seo.png","contentUrl":"https:\/\/www.lokefoil.com\/wp-content\/uploads\/2025\/08\/logo-seo.png","width":696,"height":696,"caption":"LOKEFOIL"},"image":{"@id":"https:\/\/www.lokefoil.com\/en\/#\/schema\/logo\/image\/"}}]},"product_price_amount":"0.00","product_price_currency":"EUR","og_availability":"instock","product_availability":"instock","product_retailer_item_id":"pack-4all-pumping","product_condition":"new"},"_links":{"self":[{"href":"https:\/\/www.lokefoil.com\/en\/wp-json\/wp\/v2\/product\/2148","targetHints":{"allow":["GET"]}}],"collection":[{"href":"https:\/\/www.lokefoil.com\/en\/wp-json\/wp\/v2\/product"}],"about":[{"href":"https:\/\/www.lokefoil.com\/en\/wp-json\/wp\/v2\/types\/product"}],"replies":[{"embeddable":true,"href":"https:\/\/www.lokefoil.com\/en\/wp-json\/wp\/v2\/comments?post=2148"}],"wp:featuredmedia":[{"embeddable":true,"href":"https:\/\/www.lokefoil.com\/en\/wp-json\/wp\/v2\/media\/2526"}],"wp:attachment":[{"href":"https:\/\/www.lokefoil.com\/en\/wp-json\/wp\/v2\/media?parent=2148"}],"wp:term":[{"taxonomy":"product_brand","embeddable":true,"href":"https:\/\/www.lokefoil.com\/en\/wp-json\/wp\/v2\/product_brand?post=2148"},{"taxonomy":"product_cat","embeddable":true,"href":"https:\/\/www.lokefoil.com\/en\/wp-json\/wp\/v2\/product_cat?post=2148"},{"taxonomy":"product_tag","embeddable":true,"href":"https:\/\/www.lokefoil.com\/en\/wp-json\/wp\/v2\/product_tag?post=2148"}],"curies":[{"name":"wp","href":"https:\/\/api.w.org\/{rel}","templated":true}]}}