{"id":74,"date":"2023-03-07T05:51:42","date_gmt":"2023-03-07T04:51:42","guid":{"rendered":"http:\/\/localhost\/loke2foil\/?page_id=74"},"modified":"2024-07-30T15:58:23","modified_gmt":"2024-07-30T13:58:23","slug":"assistance","status":"publish","type":"page","link":"https:\/\/www.lokefoil.com\/en\/support\/","title":{"rendered":"Support"},"content":{"rendered":"<div>\n<h2>Vid\u00e9os explicatives<br class=\"uk-visible@l\"> de nos produits<\/h2>\n<p>Tutoriels<\/p>\n<p><a href=\"https:\/\/www.youtube.com\/lokefoil\">Acc\u00e9der \u00e0 la cha\u00eene Youtube<\/a><\/p>\n<\/div>\n<div>\n<h2>Manuels d&#8217;utilisation<br class=\"uk-visible@l\">  des hydrofoils<\/h2>\n<p>Guides &#038; notices<\/p>\n<p><a href=\"\/?cat=104\">Voir plus<\/a><\/p>\n<\/div>\n<div>\n<h2>En cas de dommages<br class=\"uk-visible@l\"> mat\u00e9riel<\/h2>\n<p>R\u00e9parations \u00b7 Garanties<\/p>\n<p><a href=\"\/?page_id=330\">Voir plus<\/a><\/p>\n<\/div>\n<div>\n<h2>Nous contacter<\/h2>\n<p>Besoin de conseils ?<\/p>\n<p><a href=\"\/?page_id=261\">Voir plus<\/a><\/p>\n<\/div>\n<p><!--more--><br \/>\n<!-- {\"type\":\"layout\",\"children\":[{\"name\":\"Tutoriels\",\"type\":\"section\",\"props\":{\"height\":\"viewport\",\"height_offset_top\":true,\"html_element\":\"article\",\"image\":\"wp-content\\\/uploads\\\/2024\\\/01\\\/produit_surffoil_20.jpg\",\"image_effect\":\"parallax\",\"image_loading\":true,\"image_parallax_bgy\":\"-200,0\",\"image_parallax_easing\":\"1\",\"image_position\":\"center-center\",\"image_size\":\"cover\",\"image_width\":\"2560\",\"overlap\":false,\"padding\":\"xlarge\",\"style\":\"default\",\"title_breakpoint\":\"xl\",\"title_position\":\"top-left\",\"title_rotation\":\"left\",\"vertical_align\":\"middle\",\"width\":\"\"},\"children\":[{\"type\":\"row\",\"props\":{\"width\":\"small\"},\"children\":[{\"type\":\"column\",\"props\":{\"image_position\":\"center-center\",\"image_width\":\"820\",\"position_sticky_breakpoint\":\"m\",\"vertical_align\":\"middle\",\"width_medium\":\"1-1\"},\"children\":[{\"type\":\"panel\",\"props\":{\"block_align\":\"center\",\"class\":\"tm-box-decoration-primary tm-box-decoration-inverse\",\"content_column_breakpoint\":\"m\",\"css\":\".el-element::before { display: block; }\",\"icon_width\":80,\"image_align\":\"top\",\"image_grid_breakpoint\":\"m\",\"image_grid_width\":\"1-2\",\"image_svg_color\":\"emphasis\",\"link\":\"https:\\\/\\\/www.youtube.com\\\/lokefoil\",\"link_margin\":\"medium\",\"link_style\":\"text\",\"link_target\":true,\"link_text\":\"Acc\\u00e9der \\u00e0 la cha\\u00eene Youtube\",\"link_text_de_de\":\"Zum Youtube-Kanal\",\"link_text_en_gb\":\"Access the Youtube channel\",\"link_text_es_es\":\"Acceder al canal Youtube\",\"margin\":\"default\",\"maxwidth\":\"2xlarge\",\"meta\":\"Tutoriels\",\"meta_align\":\"above-title\",\"meta_de_de\":\"Tutorials\",\"meta_element\":\"div\",\"meta_en_gb\":\"Tutorials\",\"meta_es_es\":\"Tutoriales\",\"meta_style\":\"h4\",\"panel_padding\":\"large\",\"panel_style\":\"card-default\",\"text_align\":\"center\",\"title\":\"Vid\\u00e9os explicatives<br class=\\\"uk-visible@l\\\"> de nos produits\",\"title_align\":\"top\",\"title_de_de\":\"Erkl\\u00e4rvideos<br class=\\\"uk-visible@l\\\"> zu unseren Produkten\",\"title_element\":\"h2\",\"title_en_gb\":\"Videos<br class=\\\"uk-visible@l\\\"> about our products\",\"title_es_es\":\"V\\u00eddeos explicativos<br class=\\\"uk-visible@l\\\"> sobre nuestros productos\",\"title_grid_breakpoint\":\"m\",\"title_grid_width\":\"1-2\",\"title_hover_style\":\"reset\",\"title_style\":\"h1\"}}]}]}]},{\"name\":\"guides & notices\",\"type\":\"section\",\"props\":{\"height\":\"viewport\",\"html_element\":\"article\",\"image\":\"wp-content\\\/uploads\\\/2024\\\/01\\\/notice_ultimate.jpg\",\"image_effect\":\"parallax\",\"image_loading\":true,\"image_parallax_bgy\":\"-200,0\",\"image_parallax_easing\":\"1\",\"image_position\":\"center-center\",\"image_size\":\"cover\",\"image_width\":\"2560\",\"overlap\":false,\"padding\":\"xlarge\",\"style\":\"default\",\"title_breakpoint\":\"xl\",\"title_position\":\"top-left\",\"title_rotation\":\"left\",\"vertical_align\":\"middle\",\"width\":\"\"},\"children\":[{\"type\":\"row\",\"props\":{\"width\":\"small\"},\"children\":[{\"type\":\"column\",\"props\":{\"image_position\":\"center-center\",\"image_width\":\"820\",\"position_sticky_breakpoint\":\"m\",\"vertical_align\":\"middle\",\"width_medium\":\"1-1\"},\"children\":[{\"type\":\"panel\",\"props\":{\"block_align\":\"center\",\"class\":\"tm-box-decoration-primary tm-box-decoration-inverse\",\"content_column_breakpoint\":\"m\",\"css\":\".el-element::before { display: block; }\",\"icon_width\":80,\"image_align\":\"top\",\"image_grid_breakpoint\":\"m\",\"image_grid_width\":\"1-2\",\"image_svg_color\":\"emphasis\",\"link\":\"?cat=104\",\"link_margin\":\"medium\",\"link_style\":\"text\",\"link_text\":\"Voir plus\",\"margin\":\"default\",\"maxwidth\":\"2xlarge\",\"meta\":\"Guides & notices\",\"meta_align\":\"above-title\",\"meta_element\":\"div\",\"meta_style\":\"h4\",\"panel_padding\":\"large\",\"panel_style\":\"card-default\",\"text_align\":\"center\",\"title\":\"Manuels d'utilisation<br class=\\\"uk-visible@l\\\">  des hydrofoils\",\"title_align\":\"top\",\"title_element\":\"h2\",\"title_grid_breakpoint\":\"m\",\"title_grid_width\":\"1-2\",\"title_hover_style\":\"reset\",\"title_style\":\"h1\"}}]}]}]},{\"name\":\"R\\u00e9parations & Garantie\",\"type\":\"section\",\"props\":{\"height\":\"viewport\",\"html_element\":\"article\",\"image\":\"wp-content\\\/uploads\\\/2024\\\/01\\\/repa_garantie_10.jpg\",\"image_effect\":\"parallax\",\"image_loading\":true,\"image_parallax_bgy\":\"-200,0\",\"image_parallax_easing\":\"1\",\"image_position\":\"center-center\",\"image_size\":\"cover\",\"image_width\":\"2560\",\"overlap\":false,\"padding\":\"xlarge\",\"style\":\"default\",\"title_breakpoint\":\"xl\",\"title_position\":\"top-left\",\"title_rotation\":\"left\",\"vertical_align\":\"middle\",\"width\":\"\"},\"children\":[{\"type\":\"row\",\"props\":{\"width\":\"small\"},\"children\":[{\"type\":\"column\",\"props\":{\"image_position\":\"center-center\",\"image_width\":\"820\",\"position_sticky_breakpoint\":\"m\",\"vertical_align\":\"middle\",\"width_medium\":\"1-1\"},\"children\":[{\"type\":\"panel\",\"props\":{\"block_align\":\"center\",\"class\":\"tm-box-decoration-primary tm-box-decoration-inverse\",\"content_column_breakpoint\":\"m\",\"css\":\".el-element::before { display: block; }\",\"icon_width\":80,\"image_align\":\"top\",\"image_grid_breakpoint\":\"m\",\"image_grid_width\":\"1-2\",\"image_svg_color\":\"emphasis\",\"link\":\"?page_id=330\",\"link_margin\":\"medium\",\"link_style\":\"text\",\"link_text\":\"Voir plus\",\"margin\":\"default\",\"maxwidth\":\"2xlarge\",\"meta\":\"R\\u00e9parations \\u00b7 Garanties\",\"meta_align\":\"above-title\",\"meta_element\":\"div\",\"meta_style\":\"h4\",\"panel_padding\":\"large\",\"panel_style\":\"card-default\",\"text_align\":\"center\",\"title\":\"En cas de dommages<br class=\\\"uk-visible@l\\\"> mat\\u00e9riel\",\"title_align\":\"top\",\"title_element\":\"h2\",\"title_grid_breakpoint\":\"m\",\"title_grid_width\":\"1-2\",\"title_hover_style\":\"reset\",\"title_style\":\"h1\"}}]}]}]},{\"name\":\"Contact\",\"type\":\"section\",\"props\":{\"height\":\"viewport\",\"html_element\":\"article\",\"image\":\"wp-content\\\/uploads\\\/2024\\\/01\\\/nous_contacter_10.jpg\",\"image_effect\":\"parallax\",\"image_loading\":true,\"image_parallax_bgy\":\"-200,0\",\"image_parallax_easing\":\"1\",\"image_position\":\"center-center\",\"image_size\":\"cover\",\"image_width\":\"2560\",\"overlap\":true,\"padding\":\"xlarge\",\"style\":\"default\",\"title_breakpoint\":\"xl\",\"title_position\":\"top-left\",\"title_rotation\":\"left\",\"vertical_align\":\"middle\",\"width\":\"\"},\"children\":[{\"type\":\"row\",\"props\":{\"width\":\"small\"},\"children\":[{\"type\":\"column\",\"props\":{\"image_position\":\"center-center\",\"image_width\":\"820\",\"position_sticky_breakpoint\":\"m\",\"vertical_align\":\"middle\",\"width_medium\":\"1-1\"},\"children\":[{\"type\":\"panel\",\"props\":{\"block_align\":\"center\",\"class\":\"tm-box-decoration-primary tm-box-decoration-inverse\",\"content_column_breakpoint\":\"m\",\"css\":\".el-element::before { display: block; }\",\"icon_width\":80,\"image_align\":\"top\",\"image_grid_breakpoint\":\"m\",\"image_grid_width\":\"1-2\",\"image_svg_color\":\"emphasis\",\"link\":\"?page_id=261\",\"link_margin\":\"medium\",\"link_style\":\"text\",\"link_text\":\"Voir plus\",\"margin\":\"default\",\"maxwidth\":\"2xlarge\",\"meta\":\"Besoin de conseils ?\",\"meta_align\":\"above-title\",\"meta_element\":\"div\",\"meta_style\":\"h4\",\"panel_padding\":\"large\",\"panel_style\":\"card-default\",\"text_align\":\"center\",\"title\":\"Nous contacter\",\"title_align\":\"top\",\"title_element\":\"h2\",\"title_grid_breakpoint\":\"m\",\"title_grid_width\":\"1-2\",\"title_hover_style\":\"reset\",\"title_style\":\"h1\"}}]}]}]}],\"version\":\"4.3.8\"} --><\/p>\n","protected":false},"excerpt":{"rendered":"<p>Vid\u00e9os explicatives de nos produits Tutoriels Acc\u00e9der \u00e0 la cha\u00eene Youtube Manuels d&#8217;utilisation des hydrofoils Guides &#038; notices Voir plus En cas de dommages mat\u00e9riel R\u00e9parations \u00b7 Garanties Voir plus Nous contacter Besoin de conseils ? Voir plus<\/p>\n","protected":false},"author":1,"featured_media":0,"parent":0,"menu_order":0,"comment_status":"closed","ping_status":"closed","template":"","meta":{"_acf_changed":false,"footnotes":""},"class_list":["post-74","page","type-page","status-publish","hentry"],"acf":[],"yoast_head":"<!-- This site is optimized with the Yoast SEO Premium plugin v27.0 (Yoast SEO v27.1.1) - https:\/\/yoast.com\/product\/yoast-seo-premium-wordpress\/ -->\n<title>Support<\/title>\n<meta name=\"robots\" content=\"index, follow, max-snippet:-1, max-image-preview:large, max-video-preview:-1\" \/>\n<meta property=\"og:locale\" content=\"en_GB\" \/>\n<meta property=\"og:type\" content=\"article\" \/>\n<meta property=\"og:title\" content=\"Support\" \/>\n<meta property=\"og:url\" content=\"https:\/\/www.lokefoil.com\/en\/support\/\" \/>\n<meta property=\"og:site_name\" content=\"LOKEFOIL\" \/>\n<meta property=\"article:modified_time\" content=\"2024-07-30T13:58:23+00:00\" \/>\n<meta name=\"twitter:card\" content=\"summary_large_image\" \/>\n<meta name=\"twitter:label1\" content=\"Estimated reading time\" \/>\n\t<meta name=\"twitter:data1\" content=\"1 minute\" \/>\n<script type=\"application\/ld+json\" class=\"yoast-schema-graph\">{\"@context\":\"https:\/\/schema.org\",\"@graph\":[{\"@type\":\"WebPage\",\"@id\":\"https:\/\/www.lokefoil.com\/en\/support\/\",\"url\":\"https:\/\/www.lokefoil.com\/en\/support\/\",\"name\":\"Assistance LOKEFOIL\",\"isPartOf\":{\"@id\":\"https:\/\/www.lokefoil.com\/#website\"},\"datePublished\":\"2023-03-07T04:51:42+00:00\",\"dateModified\":\"2024-07-30T13:58:23+00:00\",\"description\":\"Obtenez de l'aide pour tous vos produits LOKEFOIL depuis un m\u00eame espace, ou contactez directement l'\u00e9quipe.\",\"breadcrumb\":{\"@id\":\"https:\/\/www.lokefoil.com\/en\/support\/#breadcrumb\"},\"inLanguage\":\"en-GB\",\"potentialAction\":[{\"@type\":\"ReadAction\",\"target\":[\"https:\/\/www.lokefoil.com\/en\/support\/\"]}]},{\"@type\":\"BreadcrumbList\",\"@id\":\"https:\/\/www.lokefoil.com\/en\/support\/#breadcrumb\",\"itemListElement\":[{\"@type\":\"ListItem\",\"position\":1,\"name\":\"Hydrofoils\",\"item\":\"https:\/\/www.lokefoil.com\/fr\/\"},{\"@type\":\"ListItem\",\"position\":2,\"name\":\"Support\"}]},{\"@type\":\"WebSite\",\"@id\":\"https:\/\/www.lokefoil.com\/en\/#website\",\"url\":\"https:\/\/www.lokefoil.com\/en\/\",\"name\":\"LOKEFOIL\",\"description\":\"Foils 100% Made in France\",\"publisher\":{\"@id\":\"https:\/\/www.lokefoil.com\/en\/#organization\"},\"potentialAction\":[{\"@type\":\"SearchAction\",\"target\":{\"@type\":\"EntryPoint\",\"urlTemplate\":\"https:\/\/www.lokefoil.com\/en\/?s={search_term_string}\"},\"query-input\":{\"@type\":\"PropertyValueSpecification\",\"valueRequired\":true,\"valueName\":\"search_term_string\"}}],\"inLanguage\":\"en-GB\"},{\"@type\":\"Organization\",\"@id\":\"https:\/\/www.lokefoil.com\/en\/#organization\",\"name\":\"LOKEFOIL\",\"url\":\"https:\/\/www.lokefoil.com\/en\/\",\"logo\":{\"@type\":\"ImageObject\",\"inLanguage\":\"en-GB\",\"@id\":\"https:\/\/www.lokefoil.com\/en\/#\/schema\/logo\/image\/\",\"url\":\"https:\/\/www.lokefoil.com\/wp-content\/uploads\/2025\/08\/logo-seo.png\",\"contentUrl\":\"https:\/\/www.lokefoil.com\/wp-content\/uploads\/2025\/08\/logo-seo.png\",\"width\":696,\"height\":696,\"caption\":\"LOKEFOIL\"},\"image\":{\"@id\":\"https:\/\/www.lokefoil.com\/en\/#\/schema\/logo\/image\/\"}}]}<\/script>\n<!-- \/ Yoast SEO Premium plugin. -->","yoast_head_json":{"title":"Support","robots":{"index":"index","follow":"follow","max-snippet":"max-snippet:-1","max-image-preview":"max-image-preview:large","max-video-preview":"max-video-preview:-1"},"og_locale":"en_GB","og_type":"article","og_title":"Support","og_url":"https:\/\/www.lokefoil.com\/en\/support\/","og_site_name":"LOKEFOIL","article_modified_time":"2024-07-30T13:58:23+00:00","twitter_card":"summary_large_image","twitter_misc":{"Estimated reading time":"1 minute"},"schema":{"@context":"https:\/\/schema.org","@graph":[{"@type":"WebPage","@id":"https:\/\/www.lokefoil.com\/en\/support\/","url":"https:\/\/www.lokefoil.com\/en\/support\/","name":"Assistance LOKEFOIL","isPartOf":{"@id":"https:\/\/www.lokefoil.com\/#website"},"datePublished":"2023-03-07T04:51:42+00:00","dateModified":"2024-07-30T13:58:23+00:00","description":"Obtenez de l'aide pour tous vos produits LOKEFOIL depuis un m\u00eame espace, ou contactez directement l'\u00e9quipe.","breadcrumb":{"@id":"https:\/\/www.lokefoil.com\/en\/support\/#breadcrumb"},"inLanguage":"en-GB","potentialAction":[{"@type":"ReadAction","target":["https:\/\/www.lokefoil.com\/en\/support\/"]}]},{"@type":"BreadcrumbList","@id":"https:\/\/www.lokefoil.com\/en\/support\/#breadcrumb","itemListElement":[{"@type":"ListItem","position":1,"name":"Hydrofoils","item":"https:\/\/www.lokefoil.com\/fr\/"},{"@type":"ListItem","position":2,"name":"Support"}]},{"@type":"WebSite","@id":"https:\/\/www.lokefoil.com\/en\/#website","url":"https:\/\/www.lokefoil.com\/en\/","name":"LOKEFOIL","description":"Foils 100% Made in France","publisher":{"@id":"https:\/\/www.lokefoil.com\/en\/#organization"},"potentialAction":[{"@type":"SearchAction","target":{"@type":"EntryPoint","urlTemplate":"https:\/\/www.lokefoil.com\/en\/?s={search_term_string}"},"query-input":{"@type":"PropertyValueSpecification","valueRequired":true,"valueName":"search_term_string"}}],"inLanguage":"en-GB"},{"@type":"Organization","@id":"https:\/\/www.lokefoil.com\/en\/#organization","name":"LOKEFOIL","url":"https:\/\/www.lokefoil.com\/en\/","logo":{"@type":"ImageObject","inLanguage":"en-GB","@id":"https:\/\/www.lokefoil.com\/en\/#\/schema\/logo\/image\/","url":"https:\/\/www.lokefoil.com\/wp-content\/uploads\/2025\/08\/logo-seo.png","contentUrl":"https:\/\/www.lokefoil.com\/wp-content\/uploads\/2025\/08\/logo-seo.png","width":696,"height":696,"caption":"LOKEFOIL"},"image":{"@id":"https:\/\/www.lokefoil.com\/en\/#\/schema\/logo\/image\/"}}]}},"_links":{"self":[{"href":"https:\/\/www.lokefoil.com\/en\/wp-json\/wp\/v2\/pages\/74","targetHints":{"allow":["GET"]}}],"collection":[{"href":"https:\/\/www.lokefoil.com\/en\/wp-json\/wp\/v2\/pages"}],"about":[{"href":"https:\/\/www.lokefoil.com\/en\/wp-json\/wp\/v2\/types\/page"}],"author":[{"embeddable":true,"href":"https:\/\/www.lokefoil.com\/en\/wp-json\/wp\/v2\/users\/1"}],"replies":[{"embeddable":true,"href":"https:\/\/www.lokefoil.com\/en\/wp-json\/wp\/v2\/comments?post=74"}],"version-history":[{"count":31,"href":"https:\/\/www.lokefoil.com\/en\/wp-json\/wp\/v2\/pages\/74\/revisions"}],"predecessor-version":[{"id":3928,"href":"https:\/\/www.lokefoil.com\/en\/wp-json\/wp\/v2\/pages\/74\/revisions\/3928"}],"wp:attachment":[{"href":"https:\/\/www.lokefoil.com\/en\/wp-json\/wp\/v2\/media?parent=74"}],"curies":[{"name":"wp","href":"https:\/\/api.w.org\/{rel}","templated":true}]}}