{"id":1288,"date":"2023-11-20T21:01:06","date_gmt":"2023-11-20T20:01:06","guid":{"rendered":"http:\/\/localhost\/loke2foil\/?page_id=1288&#038;lang=fr"},"modified":"2024-11-23T23:31:33","modified_gmt":"2024-11-23T22:31:33","slug":"produits","status":"publish","type":"page","link":"https:\/\/www.lokefoil.com\/en\/products\/","title":{"rendered":"Products"},"content":{"rendered":"<div>\n<h2>Wind Foil<\/h2>\n<p><a href=\"\/windfoil\/\">D\u00e9couvrir<\/a><\/p>\n<\/div>\n<div>\n<h2>Wing Foil<\/h2>\n<p><a href=\"\/wingfoil\/\">D\u00e9couvrir<\/a><\/p>\n<\/div>\n<div>\n<h2>Surf Foil<\/h2>\n<p><a href=\"\/surffoil\/\">D\u00e9couvrir<\/a><\/p>\n<\/div>\n<div>\n<h2>Pumping<\/h2>\n<p><a href=\"\/pumping\/\">D\u00e9couvrir<\/a><\/p>\n<\/div>\n<div>\n<h2>Downwind<\/h2>\n<p><a href=\"#\">D\u00e9couvrir<\/a><\/p>\n<\/div>\n<div>\n<h2>Kite Foil<\/h2>\n<p><a href=\"#\">D\u00e9couvrir<\/a><\/p>\n<\/div>\n<p><!--more--><br \/>\n<!-- {\"type\":\"layout\",\"children\":[{\"name\":\"Wind Foil\",\"type\":\"section\",\"props\":{\"height\":\"viewport\",\"height_offset_top\":true,\"html_element\":\"article\",\"image\":\"wp-content\\\/uploads\\\/2024\\\/01\\\/wind_sport_2.jpg\",\"image_effect\":\"parallax\",\"image_loading\":true,\"image_parallax_bgy\":\"-200,0\",\"image_parallax_easing\":\"1\",\"image_position\":\"center-center\",\"image_size\":\"cover\",\"image_width\":\"2560\",\"overlap\":false,\"padding\":\"xlarge\",\"style\":\"default\",\"title_breakpoint\":\"xl\",\"title_position\":\"top-left\",\"title_rotation\":\"left\",\"vertical_align\":\"middle\",\"width\":\"\"},\"children\":[{\"type\":\"row\",\"props\":{\"width\":\"small\"},\"children\":[{\"type\":\"column\",\"props\":{\"image_position\":\"center-center\",\"image_width\":\"820\",\"position_sticky_breakpoint\":\"m\",\"vertical_align\":\"middle\",\"width_medium\":\"1-1\"},\"children\":[{\"type\":\"panel\",\"props\":{\"block_align\":\"center\",\"class\":\"tm-box-decoration-primary tm-box-decoration-inverse\",\"content_column_breakpoint\":\"m\",\"css\":\".el-element::before { display: block; }\",\"icon_width\":80,\"image_align\":\"top\",\"image_grid_breakpoint\":\"m\",\"image_grid_width\":\"1-2\",\"image_svg_color\":\"emphasis\",\"link\":\"windfoil\\\/\",\"link_de_de\":\"https:\\\/\\\/www.lokefoil.com\\\/de\\\/windfoil\\\/\",\"link_en_gb\":\"https:\\\/\\\/www.lokefoil.com\\\/en\\\/windfoil\\\/\",\"link_es_es\":\"https:\\\/\\\/www.lokefoil.com\\\/es\\\/windfoil\\\/\",\"link_margin\":\"medium\",\"link_style\":\"text\",\"link_text\":\"D\\u00e9couvrir\",\"link_text_de_de\":\"Entdecken Sie\",\"link_text_en_gb\":\"Explore\",\"link_text_es_es\":\"Descubra\",\"margin\":\"default\",\"maxwidth\":\"2xlarge\",\"meta\":\"\",\"meta_align\":\"above-title\",\"meta_element\":\"div\",\"meta_style\":\"h4\",\"panel_padding\":\"large\",\"panel_style\":\"card-default\",\"text_align\":\"center\",\"title\":\"Wind Foil\",\"title_align\":\"top\",\"title_element\":\"h2\",\"title_grid_breakpoint\":\"m\",\"title_grid_width\":\"1-2\",\"title_hover_style\":\"reset\",\"title_style\":\"h1\"}}]}]}]},{\"name\":\"Wing Foil\",\"type\":\"section\",\"props\":{\"height\":\"viewport\",\"html_element\":\"article\",\"image\":\"wp-content\\\/uploads\\\/2024\\\/01\\\/produit_winfoil_00.jpg\",\"image_effect\":\"parallax\",\"image_parallax_bgy\":\"-200,0\",\"image_parallax_easing\":\"1\",\"image_position\":\"center-center\",\"image_size\":\"cover\",\"image_width\":\"2560\",\"overlap\":false,\"padding\":\"xlarge\",\"style\":\"default\",\"title_breakpoint\":\"xl\",\"title_position\":\"top-left\",\"title_rotation\":\"left\",\"vertical_align\":\"middle\",\"width\":\"\"},\"children\":[{\"type\":\"row\",\"props\":{\"width\":\"small\"},\"children\":[{\"type\":\"column\",\"props\":{\"image_position\":\"center-center\",\"image_width\":\"820\",\"position_sticky_breakpoint\":\"m\",\"vertical_align\":\"middle\",\"width_medium\":\"1-1\"},\"children\":[{\"type\":\"panel\",\"props\":{\"block_align\":\"center\",\"class\":\"tm-box-decoration-primary tm-box-decoration-inverse\",\"content_column_breakpoint\":\"m\",\"css\":\".el-element::before { display: block; }\",\"icon_width\":80,\"image_align\":\"top\",\"image_grid_breakpoint\":\"m\",\"image_grid_width\":\"1-2\",\"image_svg_color\":\"emphasis\",\"link\":\"wingfoil\\\/\",\"link_de_de\":\"https:\\\/\\\/www.lokefoil.com\\\/de\\\/wingfoil\\\/\",\"link_en_gb\":\"https:\\\/\\\/www.lokefoil.com\\\/en\\\/wingfoil\\\/\",\"link_es_es\":\"https:\\\/\\\/www.lokefoil.com\\\/es\\\/wingfoil\\\/\",\"link_margin\":\"medium\",\"link_style\":\"text\",\"link_text\":\"D\\u00e9couvrir\",\"link_text_de_de\":\"Entdecken Sie\",\"link_text_en_gb\":\"Explore\",\"link_text_es_es\":\"Descubra\",\"margin\":\"default\",\"maxwidth\":\"2xlarge\",\"meta\":\"\",\"meta_align\":\"above-title\",\"meta_element\":\"div\",\"meta_style\":\"h4\",\"panel_padding\":\"large\",\"panel_style\":\"card-default\",\"text_align\":\"center\",\"title\":\"Wing Foil\",\"title_align\":\"top\",\"title_element\":\"h2\",\"title_grid_breakpoint\":\"m\",\"title_grid_width\":\"1-2\",\"title_hover_style\":\"reset\",\"title_style\":\"h1\"}}]}]}]},{\"name\":\"Surf Foil\",\"type\":\"section\",\"props\":{\"height\":\"viewport\",\"html_element\":\"article\",\"image\":\"wp-content\\\/uploads\\\/2024\\\/01\\\/produit_surffoil_20.jpg\",\"image_effect\":\"parallax\",\"image_parallax_bgy\":\"-200,0\",\"image_parallax_easing\":\"1\",\"image_position\":\"center-center\",\"image_size\":\"cover\",\"image_width\":\"2560\",\"overlap\":false,\"padding\":\"xlarge\",\"style\":\"default\",\"title_breakpoint\":\"xl\",\"title_position\":\"top-left\",\"title_rotation\":\"left\",\"vertical_align\":\"middle\",\"width\":\"\"},\"children\":[{\"type\":\"row\",\"props\":{\"width\":\"small\"},\"children\":[{\"type\":\"column\",\"props\":{\"image_position\":\"center-center\",\"image_width\":\"820\",\"position_sticky_breakpoint\":\"m\",\"vertical_align\":\"middle\",\"width_medium\":\"1-1\"},\"children\":[{\"type\":\"panel\",\"props\":{\"block_align\":\"center\",\"class\":\"tm-box-decoration-primary tm-box-decoration-inverse\",\"content_column_breakpoint\":\"m\",\"css\":\".el-element::before { display: block; }\",\"icon_width\":80,\"image_align\":\"top\",\"image_grid_breakpoint\":\"m\",\"image_grid_width\":\"1-2\",\"image_svg_color\":\"emphasis\",\"link\":\"surffoil\\\/\",\"link_de_de\":\"https:\\\/\\\/www.lokefoil.com\\\/de\\\/surffoil\\\/\",\"link_en_gb\":\"https:\\\/\\\/www.lokefoil.com\\\/en\\\/surffoil\\\/\",\"link_es_es\":\"https:\\\/\\\/www.lokefoil.com\\\/es\\\/surffoil\\\/\",\"link_margin\":\"medium\",\"link_style\":\"text\",\"link_text\":\"D\\u00e9couvrir\",\"link_text_de_de\":\"Entdecken Sie\",\"link_text_en_gb\":\"Explore\",\"link_text_es_es\":\"Descubra\",\"margin\":\"default\",\"maxwidth\":\"2xlarge\",\"meta\":\"\",\"meta_align\":\"above-title\",\"meta_element\":\"div\",\"meta_style\":\"h4\",\"panel_padding\":\"large\",\"panel_style\":\"card-default\",\"text_align\":\"center\",\"title\":\"Surf Foil\",\"title_align\":\"top\",\"title_element\":\"h2\",\"title_grid_breakpoint\":\"m\",\"title_grid_width\":\"1-2\",\"title_hover_style\":\"reset\",\"title_style\":\"h1\"}}]}]}]},{\"name\":\"Pumping\",\"type\":\"section\",\"props\":{\"height\":\"viewport\",\"html_element\":\"article\",\"image\":\"wp-content\\\/uploads\\\/template\\\/store-dockair.jpg\",\"image_effect\":\"parallax\",\"image_parallax_bgy\":\"-200,0\",\"image_parallax_easing\":\"1\",\"image_position\":\"center-center\",\"image_size\":\"cover\",\"image_width\":\"2560\",\"overlap\":false,\"padding\":\"xlarge\",\"style\":\"default\",\"title_breakpoint\":\"xl\",\"title_position\":\"top-left\",\"title_rotation\":\"left\",\"vertical_align\":\"middle\",\"width\":\"\"},\"children\":[{\"type\":\"row\",\"props\":{\"width\":\"small\"},\"children\":[{\"type\":\"column\",\"props\":{\"image_position\":\"center-center\",\"image_width\":\"820\",\"position_sticky_breakpoint\":\"m\",\"vertical_align\":\"middle\",\"width_medium\":\"1-1\"},\"children\":[{\"type\":\"panel\",\"props\":{\"block_align\":\"center\",\"class\":\"tm-box-decoration-primary tm-box-decoration-inverse\",\"content_column_breakpoint\":\"m\",\"css\":\".el-element::before { display: block; }\",\"icon_width\":80,\"image_align\":\"top\",\"image_grid_breakpoint\":\"m\",\"image_grid_width\":\"1-2\",\"image_svg_color\":\"emphasis\",\"link\":\"pumping\\\/\",\"link_de_de\":\"https:\\\/\\\/www.lokefoil.com\\\/de\\\/pumping\\\/\",\"link_en_gb\":\"https:\\\/\\\/www.lokefoil.com\\\/en\\\/pumping\\\/\",\"link_es_es\":\"https:\\\/\\\/www.lokefoil.com\\\/es\\\/pumping\\\/\",\"link_margin\":\"medium\",\"link_style\":\"text\",\"link_text\":\"D\\u00e9couvrir\",\"link_text_de_de\":\"Entdecken Sie\",\"link_text_en_gb\":\"Explore\",\"link_text_es_es\":\"Descubra\",\"margin\":\"default\",\"maxwidth\":\"2xlarge\",\"meta\":\"\",\"meta_align\":\"above-title\",\"meta_element\":\"div\",\"meta_style\":\"h4\",\"panel_padding\":\"large\",\"panel_style\":\"card-default\",\"text_align\":\"center\",\"title\":\"Pumping\",\"title_align\":\"top\",\"title_element\":\"h2\",\"title_grid_breakpoint\":\"m\",\"title_grid_width\":\"1-2\",\"title_hover_style\":\"reset\",\"title_style\":\"h1\"}}]}]}]},{\"name\":\"Downwind\",\"type\":\"section\",\"props\":{\"height\":\"viewport\",\"html_element\":\"article\",\"image\":\"wp-content\\\/uploads\\\/template\\\/dev-hero.jpg\",\"image_effect\":\"parallax\",\"image_parallax_bgy\":\"-200,0\",\"image_parallax_easing\":\"1\",\"image_position\":\"center-center\",\"image_size\":\"cover\",\"image_width\":\"2560\",\"overlap\":false,\"padding\":\"xlarge\",\"style\":\"default\",\"title_breakpoint\":\"xl\",\"title_position\":\"top-left\",\"title_rotation\":\"left\",\"vertical_align\":\"middle\",\"width\":\"\"},\"children\":[{\"type\":\"row\",\"props\":{\"width\":\"small\"},\"children\":[{\"type\":\"column\",\"props\":{\"image_position\":\"center-center\",\"image_width\":\"820\",\"position_sticky_breakpoint\":\"m\",\"vertical_align\":\"middle\",\"width_medium\":\"1-1\"},\"children\":[{\"type\":\"panel\",\"props\":{\"block_align\":\"center\",\"class\":\"tm-box-decoration-primary tm-box-decoration-inverse\",\"content_column_breakpoint\":\"m\",\"css\":\".el-element::before { display: block; }\",\"icon_width\":80,\"image_align\":\"top\",\"image_grid_breakpoint\":\"m\",\"image_grid_width\":\"1-2\",\"image_svg_color\":\"emphasis\",\"link\":\"#\",\"link_margin\":\"medium\",\"link_style\":\"text\",\"link_text\":\"D\\u00e9couvrir\",\"link_text_de_de\":\"Entdecken Sie\",\"link_text_en_gb\":\"Explore\",\"link_text_es_es\":\"Descubra\",\"margin\":\"default\",\"maxwidth\":\"2xlarge\",\"meta\":\"\",\"meta_align\":\"above-title\",\"meta_element\":\"div\",\"meta_style\":\"h4\",\"panel_padding\":\"large\",\"panel_style\":\"card-default\",\"text_align\":\"center\",\"title\":\"Downwind\",\"title_align\":\"top\",\"title_element\":\"h2\",\"title_grid_breakpoint\":\"m\",\"title_grid_width\":\"1-2\",\"title_hover_style\":\"reset\",\"title_style\":\"h1\"}}]}]}]},{\"name\":\"Kite Foil\",\"type\":\"section\",\"props\":{\"height\":\"viewport\",\"html_element\":\"article\",\"image\":\"wp-content\\\/uploads\\\/template\\\/dev-hero.jpg\",\"image_effect\":\"parallax\",\"image_parallax_bgy\":\"-200,0\",\"image_parallax_easing\":\"1\",\"image_position\":\"center-center\",\"image_size\":\"cover\",\"image_width\":\"2560\",\"overlap\":true,\"padding\":\"xlarge\",\"style\":\"default\",\"title_breakpoint\":\"xl\",\"title_position\":\"top-left\",\"title_rotation\":\"left\",\"vertical_align\":\"middle\",\"width\":\"\"},\"children\":[{\"type\":\"row\",\"props\":{\"width\":\"small\"},\"children\":[{\"type\":\"column\",\"props\":{\"image_position\":\"center-center\",\"image_width\":\"820\",\"position_sticky_breakpoint\":\"m\",\"vertical_align\":\"middle\",\"width_medium\":\"1-1\"},\"children\":[{\"type\":\"panel\",\"props\":{\"block_align\":\"center\",\"class\":\"tm-box-decoration-primary tm-box-decoration-inverse\",\"content_column_breakpoint\":\"m\",\"css\":\".el-element::before { display: block; }\",\"icon_width\":80,\"image_align\":\"top\",\"image_grid_breakpoint\":\"m\",\"image_grid_width\":\"1-2\",\"image_svg_color\":\"emphasis\",\"link\":\"#\",\"link_margin\":\"medium\",\"link_style\":\"text\",\"link_text\":\"D\\u00e9couvrir\",\"link_text_de_de\":\"Entdecken Sie\",\"link_text_en_gb\":\"Explore\",\"link_text_es_es\":\"Descubra\",\"margin\":\"default\",\"maxwidth\":\"2xlarge\",\"meta\":\"\",\"meta_align\":\"above-title\",\"meta_element\":\"div\",\"meta_style\":\"h4\",\"panel_padding\":\"large\",\"panel_style\":\"card-default\",\"text_align\":\"center\",\"title\":\"Kite Foil\",\"title_align\":\"top\",\"title_element\":\"h2\",\"title_grid_breakpoint\":\"m\",\"title_grid_width\":\"1-2\",\"title_hover_style\":\"reset\",\"title_style\":\"h1\"}}]}]}]}],\"version\":\"4.4.15\"} --><\/p>\n","protected":false},"excerpt":{"rendered":"<p>Wind Foil D\u00e9couvrir Wing Foil D\u00e9couvrir Surf Foil D\u00e9couvrir Pumping D\u00e9couvrir Downwind D\u00e9couvrir Kite Foil D\u00e9couvrir<\/p>\n","protected":false},"author":1,"featured_media":0,"parent":0,"menu_order":0,"comment_status":"closed","ping_status":"closed","template":"","meta":{"_acf_changed":false,"footnotes":""},"class_list":["post-1288","page","type-page","status-publish","hentry"],"acf":[],"yoast_head":"<!-- This site is optimized with the Yoast SEO Premium plugin v27.0 (Yoast SEO v27.1.1) - https:\/\/yoast.com\/product\/yoast-seo-premium-wordpress\/ -->\n<title>Products<\/title>\n<meta name=\"robots\" content=\"index, follow, max-snippet:-1, max-image-preview:large, max-video-preview:-1\" \/>\n<meta property=\"og:locale\" content=\"en_GB\" \/>\n<meta property=\"og:type\" content=\"article\" \/>\n<meta property=\"og:title\" content=\"Products\" \/>\n<meta property=\"og:url\" content=\"https:\/\/www.lokefoil.com\/en\/products\/\" \/>\n<meta property=\"og:site_name\" content=\"LOKEFOIL\" \/>\n<meta property=\"article:modified_time\" content=\"2024-11-23T22:31:33+00:00\" \/>\n<meta name=\"twitter:card\" content=\"summary_large_image\" \/>\n<script type=\"application\/ld+json\" class=\"yoast-schema-graph\">{\"@context\":\"https:\/\/schema.org\",\"@graph\":[{\"@type\":\"WebPage\",\"@id\":\"https:\/\/www.lokefoil.com\/en\/products\/\",\"url\":\"https:\/\/www.lokefoil.com\/en\/products\/\",\"name\":\"Produits - LOKEFOIL\",\"isPartOf\":{\"@id\":\"https:\/\/www.lokefoil.com\/#website\"},\"datePublished\":\"2023-11-20T20:01:06+00:00\",\"dateModified\":\"2024-11-23T22:31:33+00:00\",\"breadcrumb\":{\"@id\":\"https:\/\/www.lokefoil.com\/en\/products\/#breadcrumb\"},\"inLanguage\":\"en-GB\",\"potentialAction\":[{\"@type\":\"ReadAction\",\"target\":[\"https:\/\/www.lokefoil.com\/en\/products\/\"]}]},{\"@type\":\"BreadcrumbList\",\"@id\":\"https:\/\/www.lokefoil.com\/en\/products\/#breadcrumb\",\"itemListElement\":[{\"@type\":\"ListItem\",\"position\":1,\"name\":\"Hydrofoils\",\"item\":\"https:\/\/www.lokefoil.com\/fr\/\"},{\"@type\":\"ListItem\",\"position\":2,\"name\":\"Products\"}]},{\"@type\":\"WebSite\",\"@id\":\"https:\/\/www.lokefoil.com\/en\/#website\",\"url\":\"https:\/\/www.lokefoil.com\/en\/\",\"name\":\"LOKEFOIL\",\"description\":\"Foils 100% Made in France\",\"publisher\":{\"@id\":\"https:\/\/www.lokefoil.com\/en\/#organization\"},\"potentialAction\":[{\"@type\":\"SearchAction\",\"target\":{\"@type\":\"EntryPoint\",\"urlTemplate\":\"https:\/\/www.lokefoil.com\/en\/?s={search_term_string}\"},\"query-input\":{\"@type\":\"PropertyValueSpecification\",\"valueRequired\":true,\"valueName\":\"search_term_string\"}}],\"inLanguage\":\"en-GB\"},{\"@type\":\"Organization\",\"@id\":\"https:\/\/www.lokefoil.com\/en\/#organization\",\"name\":\"LOKEFOIL\",\"url\":\"https:\/\/www.lokefoil.com\/en\/\",\"logo\":{\"@type\":\"ImageObject\",\"inLanguage\":\"en-GB\",\"@id\":\"https:\/\/www.lokefoil.com\/en\/#\/schema\/logo\/image\/\",\"url\":\"https:\/\/www.lokefoil.com\/wp-content\/uploads\/2025\/08\/logo-seo.png\",\"contentUrl\":\"https:\/\/www.lokefoil.com\/wp-content\/uploads\/2025\/08\/logo-seo.png\",\"width\":696,\"height\":696,\"caption\":\"LOKEFOIL\"},\"image\":{\"@id\":\"https:\/\/www.lokefoil.com\/en\/#\/schema\/logo\/image\/\"}}]}<\/script>\n<!-- \/ Yoast SEO Premium plugin. -->","yoast_head_json":{"title":"Products","robots":{"index":"index","follow":"follow","max-snippet":"max-snippet:-1","max-image-preview":"max-image-preview:large","max-video-preview":"max-video-preview:-1"},"og_locale":"en_GB","og_type":"article","og_title":"Products","og_url":"https:\/\/www.lokefoil.com\/en\/products\/","og_site_name":"LOKEFOIL","article_modified_time":"2024-11-23T22:31:33+00:00","twitter_card":"summary_large_image","schema":{"@context":"https:\/\/schema.org","@graph":[{"@type":"WebPage","@id":"https:\/\/www.lokefoil.com\/en\/products\/","url":"https:\/\/www.lokefoil.com\/en\/products\/","name":"Produits - LOKEFOIL","isPartOf":{"@id":"https:\/\/www.lokefoil.com\/#website"},"datePublished":"2023-11-20T20:01:06+00:00","dateModified":"2024-11-23T22:31:33+00:00","breadcrumb":{"@id":"https:\/\/www.lokefoil.com\/en\/products\/#breadcrumb"},"inLanguage":"en-GB","potentialAction":[{"@type":"ReadAction","target":["https:\/\/www.lokefoil.com\/en\/products\/"]}]},{"@type":"BreadcrumbList","@id":"https:\/\/www.lokefoil.com\/en\/products\/#breadcrumb","itemListElement":[{"@type":"ListItem","position":1,"name":"Hydrofoils","item":"https:\/\/www.lokefoil.com\/fr\/"},{"@type":"ListItem","position":2,"name":"Products"}]},{"@type":"WebSite","@id":"https:\/\/www.lokefoil.com\/en\/#website","url":"https:\/\/www.lokefoil.com\/en\/","name":"LOKEFOIL","description":"Foils 100% Made in France","publisher":{"@id":"https:\/\/www.lokefoil.com\/en\/#organization"},"potentialAction":[{"@type":"SearchAction","target":{"@type":"EntryPoint","urlTemplate":"https:\/\/www.lokefoil.com\/en\/?s={search_term_string}"},"query-input":{"@type":"PropertyValueSpecification","valueRequired":true,"valueName":"search_term_string"}}],"inLanguage":"en-GB"},{"@type":"Organization","@id":"https:\/\/www.lokefoil.com\/en\/#organization","name":"LOKEFOIL","url":"https:\/\/www.lokefoil.com\/en\/","logo":{"@type":"ImageObject","inLanguage":"en-GB","@id":"https:\/\/www.lokefoil.com\/en\/#\/schema\/logo\/image\/","url":"https:\/\/www.lokefoil.com\/wp-content\/uploads\/2025\/08\/logo-seo.png","contentUrl":"https:\/\/www.lokefoil.com\/wp-content\/uploads\/2025\/08\/logo-seo.png","width":696,"height":696,"caption":"LOKEFOIL"},"image":{"@id":"https:\/\/www.lokefoil.com\/en\/#\/schema\/logo\/image\/"}}]}},"_links":{"self":[{"href":"https:\/\/www.lokefoil.com\/en\/wp-json\/wp\/v2\/pages\/1288","targetHints":{"allow":["GET"]}}],"collection":[{"href":"https:\/\/www.lokefoil.com\/en\/wp-json\/wp\/v2\/pages"}],"about":[{"href":"https:\/\/www.lokefoil.com\/en\/wp-json\/wp\/v2\/types\/page"}],"author":[{"embeddable":true,"href":"https:\/\/www.lokefoil.com\/en\/wp-json\/wp\/v2\/users\/1"}],"replies":[{"embeddable":true,"href":"https:\/\/www.lokefoil.com\/en\/wp-json\/wp\/v2\/comments?post=1288"}],"version-history":[{"count":33,"href":"https:\/\/www.lokefoil.com\/en\/wp-json\/wp\/v2\/pages\/1288\/revisions"}],"predecessor-version":[{"id":4723,"href":"https:\/\/www.lokefoil.com\/en\/wp-json\/wp\/v2\/pages\/1288\/revisions\/4723"}],"wp:attachment":[{"href":"https:\/\/www.lokefoil.com\/en\/wp-json\/wp\/v2\/media?parent=1288"}],"curies":[{"name":"wp","href":"https:\/\/api.w.org\/{rel}","templated":true}]}}