{"id":525,"date":"2023-03-23T08:27:49","date_gmt":"2023-03-23T07:27:49","guid":{"rendered":"http:\/\/localhost\/loke2foil\/?post_type=product&#038;p=525"},"modified":"2025-08-18T22:58:48","modified_gmt":"2025-08-18T20:58:48","slug":"activ-1450","status":"publish","type":"product","link":"https:\/\/www.lokefoil.com\/de\/store\/activ-1450\/","title":{"rendered":"ACTIV 1450 Fl\u00fcgel"},"content":{"rendered":"<div class=\"uk-grid-large\" uk-grid=\"\">\n<div class=\"uk-flex-middle uk-width-1-3@m\">\n<h2 class=\"uk-h5 uk-margin-small\">Beschreibung<\/h2>\n<p>Es eignet sich perfekt f\u00fcr Dockstarts und Downwinding bei leichten Bedingungen und kann bei sehr leichtem Wind auf einem Fl\u00fcgel segeln. Der ultimative Fl\u00fcgel mit dem gr\u00f6\u00dften Auftrieb und ausgezeichnetem Gleiten.<\/p><\/div>\n<div class=\"uk-width-2-3@m\">\n<div>\n<div class=\"uk-child-width-1-2@s uk-grid-small\" uk-grid=\"\">\n<div><img loading=\"lazy\" decoding=\"async\" src=\"wp-content\/uploads\/2024\/01\/pack_4all_dock_100.jpg\" alt=\"\" width=\"610\" height=\"455\" \/><\/div>\n<div><img loading=\"lazy\" decoding=\"async\" src=\"wp-content\/uploads\/2024\/01\/pack_hydro_dock_100.jpg\" alt=\"\" width=\"610\" height=\"455\" \/><\/div>\n<\/div>\n<\/div>\n<\/div>\n<\/div>\n","protected":false},"excerpt":{"rendered":"<p>Fliegen Sie und bleiben Sie nicht stehen &#8230;<\/p>\n","protected":false},"featured_media":4704,"comment_status":"open","ping_status":"closed","template":"","meta":{"_acf_changed":false},"product_brand":[],"product_cat":[113],"product_tag":[208,207,112,99,204],"class_list":{"0":"post-525","1":"product","2":"type-product","3":"status-publish","4":"has-post-thumbnail","6":"product_cat-flugel-activ","7":"product_tag-dockstart","8":"product_tag-downwind","9":"product_tag-freeride","10":"product_tag-pumping","11":"product_tag-wingfoil","12":"product_shipping_class-colis-m","14":"first","15":"instock","16":"taxable","17":"shipping-taxable","18":"purchasable","19":"product-type-variable","20":"has-default-attributes"},"bundled_by":["2148","2157","4875"],"bundle_stock_status":"instock","bundle_stock_quantity":18,"bundle_virtual":false,"bundle_layout":"","bundle_add_to_cart_form_location":"","bundle_editable_in_cart":false,"bundle_sold_individually_context":"","bundle_item_grouping":"","bundle_min_size":"","bundle_max_size":"","bundle_price":[],"bundled_items":[],"bundle_sell_ids":[1703],"exclude_global_add_ons":[],"addons":[],"acf":[],"yoast_head":"<!-- This site is optimized with the Yoast SEO Premium plugin v27.0 (Yoast SEO v27.1.1) - https:\/\/yoast.com\/product\/yoast-seo-premium-wordpress\/ -->\n<title>ACTIV 1450 Fl\u00fcgel<\/title>\n<meta name=\"description\" content=\"Fliegen Sie und bleiben Sie nicht stehen ...\" \/>\n<meta name=\"robots\" content=\"index, follow, max-snippet:-1, max-image-preview:large, max-video-preview:-1\" \/>\n<link rel=\"canonical\" href=\"http:\/\/Fliegen%20Sie%20und%20bleiben%20Sie%20nicht%20stehen%20...\" \/>\n<meta property=\"og:locale\" content=\"de_DE\" \/>\n<meta property=\"og:type\" content=\"article\" \/>\n<meta property=\"og:title\" content=\"ACTIV 1450 Fl\u00fcgel\" \/>\n<meta property=\"og:description\" content=\"Fliegen Sie und bleiben Sie nicht stehen ...\" \/>\n<meta property=\"og:url\" content=\"https:\/\/www.lokefoil.com\/de\/store\/activ-1450\/\" \/>\n<meta property=\"og:site_name\" content=\"LOKEFOIL\" \/>\n<meta property=\"article:modified_time\" content=\"2025-08-18T20:58:48+00:00\" \/>\n<meta property=\"og:image\" content=\"https:\/\/www.lokefoil.com\/wp-content\/uploads\/2023\/03\/1450_60.png\" \/>\n\t<meta property=\"og:image:width\" content=\"1599\" \/>\n\t<meta property=\"og:image:height\" content=\"1850\" \/>\n\t<meta property=\"og:image:type\" content=\"image\/png\" \/>\n<meta name=\"twitter:card\" content=\"summary_large_image\" \/>\n<meta name=\"twitter:label1\" content=\"Verf\u00fcgbarkeit\" \/>\n\t<meta name=\"twitter:data1\" content=\"Auf Lager\" \/>\n<script type=\"application\/ld+json\" class=\"yoast-schema-graph\">{\"@context\":\"https:\/\/schema.org\",\"@graph\":[{\"@type\":[\"WebPage\",\"ItemPage\"],\"@id\":\"https:\/\/www.lokefoil.com\/de\/store\/activ-1450\/\",\"url\":\"https:\/\/www.lokefoil.com\/de\/store\/activ-1450\/\",\"name\":\"Aile ACTIV 1450 - LOKEFOIL\",\"isPartOf\":{\"@id\":\"https:\/\/www.lokefoil.com\/#website\"},\"primaryImageOfPage\":{\"@id\":\"https:\/\/www.lokefoil.com\/de\/store\/activ-1450\/#primaryimage\"},\"image\":{\"@id\":\"https:\/\/www.lokefoil.com\/de\/store\/activ-1450\/#primaryimage\"},\"thumbnailUrl\":\"https:\/\/www.lokefoil.com\/wp-content\/uploads\/2023\/03\/1450_60.png\",\"datePublished\":\"2023-03-23T07:27:49+00:00\",\"dateModified\":\"2025-08-18T20:58:48+00:00\",\"breadcrumb\":{\"@id\":\"https:\/\/www.lokefoil.com\/de\/store\/activ-1450\/#breadcrumb\"},\"inLanguage\":\"de\",\"potentialAction\":[{\"@type\":\"ReadAction\",\"target\":[\"https:\/\/www.lokefoil.com\/de\/store\/activ-1450\/\"]}]},{\"@type\":\"ImageObject\",\"inLanguage\":\"de\",\"@id\":\"https:\/\/www.lokefoil.com\/de\/store\/activ-1450\/#primaryimage\",\"url\":\"https:\/\/www.lokefoil.com\/wp-content\/uploads\/2023\/03\/1450_60.png\",\"contentUrl\":\"https:\/\/www.lokefoil.com\/wp-content\/uploads\/2023\/03\/1450_60.png\",\"width\":1599,\"height\":1850},{\"@type\":\"BreadcrumbList\",\"@id\":\"https:\/\/www.lokefoil.com\/de\/store\/activ-1450\/#breadcrumb\",\"itemListElement\":[{\"@type\":\"ListItem\",\"position\":1,\"name\":\"Tragfl\u00e4chenboote\",\"item\":\"https:\/\/www.lokefoil.com\/fr\/\"},{\"@type\":\"ListItem\",\"position\":2,\"name\":\"Shop\",\"item\":\"https:\/\/www.lokefoil.com\/fr\/store\/\"},{\"@type\":\"ListItem\",\"position\":3,\"name\":\"ACTIV 1450 Fl\u00fcgel\"}]},{\"@type\":\"WebSite\",\"@id\":\"https:\/\/www.lokefoil.com\/de\/#website\",\"url\":\"https:\/\/www.lokefoil.com\/de\/\",\"name\":\"LOKEFOIL\",\"description\":\"Foils 100% Made in France\",\"publisher\":{\"@id\":\"https:\/\/www.lokefoil.com\/de\/#organization\"},\"potentialAction\":[{\"@type\":\"SearchAction\",\"target\":{\"@type\":\"EntryPoint\",\"urlTemplate\":\"https:\/\/www.lokefoil.com\/de\/?s={search_term_string}\"},\"query-input\":{\"@type\":\"PropertyValueSpecification\",\"valueRequired\":true,\"valueName\":\"search_term_string\"}}],\"inLanguage\":\"de\"},{\"@type\":\"Organization\",\"@id\":\"https:\/\/www.lokefoil.com\/de\/#organization\",\"name\":\"LOKEFOIL\",\"url\":\"https:\/\/www.lokefoil.com\/de\/\",\"logo\":{\"@type\":\"ImageObject\",\"inLanguage\":\"de\",\"@id\":\"https:\/\/www.lokefoil.com\/de\/#\/schema\/logo\/image\/\",\"url\":\"https:\/\/www.lokefoil.com\/wp-content\/uploads\/2025\/08\/logo-seo.png\",\"contentUrl\":\"https:\/\/www.lokefoil.com\/wp-content\/uploads\/2025\/08\/logo-seo.png\",\"width\":696,\"height\":696,\"caption\":\"LOKEFOIL\"},\"image\":{\"@id\":\"https:\/\/www.lokefoil.com\/de\/#\/schema\/logo\/image\/\"}}]}<\/script>\n<meta property=\"og:availability\" content=\"instock\" \/>\n<meta property=\"product:availability\" content=\"instock\" \/>\n<meta property=\"product:retailer_item_id\" content=\"activ-1450\" \/>\n<meta property=\"product:condition\" content=\"new\" \/>\n<!-- \/ Yoast SEO Premium plugin. -->","yoast_head_json":{"title":"ACTIV 1450 Fl\u00fcgel","description":"Fliegen Sie und bleiben Sie nicht stehen ...","robots":{"index":"index","follow":"follow","max-snippet":"max-snippet:-1","max-image-preview":"max-image-preview:large","max-video-preview":"max-video-preview:-1"},"canonical":"Fliegen Sie und bleiben Sie nicht stehen ...","og_locale":"de_DE","og_type":"article","og_title":"ACTIV 1450 Fl\u00fcgel","og_description":"Fliegen Sie und bleiben Sie nicht stehen ...","og_url":"https:\/\/www.lokefoil.com\/de\/store\/activ-1450\/","og_site_name":"LOKEFOIL","article_modified_time":"2025-08-18T20:58:48+00:00","og_image":[{"width":1599,"height":1850,"url":"https:\/\/www.lokefoil.com\/wp-content\/uploads\/2023\/03\/1450_60.png","type":"image\/png"}],"twitter_card":"summary_large_image","twitter_misc":{"Verf\u00fcgbarkeit":"Auf Lager"},"schema":{"@context":"https:\/\/schema.org","@graph":[{"@type":["WebPage","ItemPage"],"@id":"https:\/\/www.lokefoil.com\/de\/store\/activ-1450\/","url":"https:\/\/www.lokefoil.com\/de\/store\/activ-1450\/","name":"Aile ACTIV 1450 - LOKEFOIL","isPartOf":{"@id":"https:\/\/www.lokefoil.com\/#website"},"primaryImageOfPage":{"@id":"https:\/\/www.lokefoil.com\/de\/store\/activ-1450\/#primaryimage"},"image":{"@id":"https:\/\/www.lokefoil.com\/de\/store\/activ-1450\/#primaryimage"},"thumbnailUrl":"https:\/\/www.lokefoil.com\/wp-content\/uploads\/2023\/03\/1450_60.png","datePublished":"2023-03-23T07:27:49+00:00","dateModified":"2025-08-18T20:58:48+00:00","breadcrumb":{"@id":"https:\/\/www.lokefoil.com\/de\/store\/activ-1450\/#breadcrumb"},"inLanguage":"de","potentialAction":[{"@type":"ReadAction","target":["https:\/\/www.lokefoil.com\/de\/store\/activ-1450\/"]}]},{"@type":"ImageObject","inLanguage":"de","@id":"https:\/\/www.lokefoil.com\/de\/store\/activ-1450\/#primaryimage","url":"https:\/\/www.lokefoil.com\/wp-content\/uploads\/2023\/03\/1450_60.png","contentUrl":"https:\/\/www.lokefoil.com\/wp-content\/uploads\/2023\/03\/1450_60.png","width":1599,"height":1850},{"@type":"BreadcrumbList","@id":"https:\/\/www.lokefoil.com\/de\/store\/activ-1450\/#breadcrumb","itemListElement":[{"@type":"ListItem","position":1,"name":"Tragfl\u00e4chenboote","item":"https:\/\/www.lokefoil.com\/fr\/"},{"@type":"ListItem","position":2,"name":"Shop","item":"https:\/\/www.lokefoil.com\/fr\/store\/"},{"@type":"ListItem","position":3,"name":"ACTIV 1450 Fl\u00fcgel"}]},{"@type":"WebSite","@id":"https:\/\/www.lokefoil.com\/de\/#website","url":"https:\/\/www.lokefoil.com\/de\/","name":"LOKEFOIL","description":"Foils 100% Made in France","publisher":{"@id":"https:\/\/www.lokefoil.com\/de\/#organization"},"potentialAction":[{"@type":"SearchAction","target":{"@type":"EntryPoint","urlTemplate":"https:\/\/www.lokefoil.com\/de\/?s={search_term_string}"},"query-input":{"@type":"PropertyValueSpecification","valueRequired":true,"valueName":"search_term_string"}}],"inLanguage":"de"},{"@type":"Organization","@id":"https:\/\/www.lokefoil.com\/de\/#organization","name":"LOKEFOIL","url":"https:\/\/www.lokefoil.com\/de\/","logo":{"@type":"ImageObject","inLanguage":"de","@id":"https:\/\/www.lokefoil.com\/de\/#\/schema\/logo\/image\/","url":"https:\/\/www.lokefoil.com\/wp-content\/uploads\/2025\/08\/logo-seo.png","contentUrl":"https:\/\/www.lokefoil.com\/wp-content\/uploads\/2025\/08\/logo-seo.png","width":696,"height":696,"caption":"LOKEFOIL"},"image":{"@id":"https:\/\/www.lokefoil.com\/de\/#\/schema\/logo\/image\/"}}]},"og_availability":"instock","product_availability":"instock","product_retailer_item_id":"activ-1450","product_condition":"new"},"_links":{"self":[{"href":"https:\/\/www.lokefoil.com\/de\/wp-json\/wp\/v2\/product\/525","targetHints":{"allow":["GET"]}}],"collection":[{"href":"https:\/\/www.lokefoil.com\/de\/wp-json\/wp\/v2\/product"}],"about":[{"href":"https:\/\/www.lokefoil.com\/de\/wp-json\/wp\/v2\/types\/product"}],"replies":[{"embeddable":true,"href":"https:\/\/www.lokefoil.com\/de\/wp-json\/wp\/v2\/comments?post=525"}],"wp:featuredmedia":[{"embeddable":true,"href":"https:\/\/www.lokefoil.com\/de\/wp-json\/wp\/v2\/media\/4704"}],"wp:attachment":[{"href":"https:\/\/www.lokefoil.com\/de\/wp-json\/wp\/v2\/media?parent=525"}],"wp:term":[{"taxonomy":"product_brand","embeddable":true,"href":"https:\/\/www.lokefoil.com\/de\/wp-json\/wp\/v2\/product_brand?post=525"},{"taxonomy":"product_cat","embeddable":true,"href":"https:\/\/www.lokefoil.com\/de\/wp-json\/wp\/v2\/product_cat?post=525"},{"taxonomy":"product_tag","embeddable":true,"href":"https:\/\/www.lokefoil.com\/de\/wp-json\/wp\/v2\/product_tag?post=525"}],"curies":[{"name":"wp","href":"https:\/\/api.w.org\/{rel}","templated":true}]}}