{"id":524,"date":"2023-03-23T08:26:02","date_gmt":"2023-03-23T07:26:02","guid":{"rendered":"http:\/\/localhost\/loke2foil\/?post_type=product&#038;p=524"},"modified":"2025-06-17T16:02:54","modified_gmt":"2025-06-17T14:02:54","slug":"activ-680","status":"publish","type":"product","link":"https:\/\/www.lokefoil.com\/de\/store\/activ-680\/","title":{"rendered":"ACTIV 680 Fl\u00fcgel"},"content":{"rendered":"<div class=\"uk-grid-large\" uk-grid=\"\">\n<div class=\"uk-flex-middle uk-width-1-3@m\">\n<h2 class=\"uk-h5 uk-margin-small\">Beschreibung<\/h2>\n<p>Passend zum Activ 890 vereint der Activ 680-Fl\u00fcgel Geschwindigkeit, Man\u00f6vrierf\u00e4higkeit und Auftrieb bei niedriger Geschwindigkeit. Dank seines reinen Gleitens und seiner hervorragenden Man\u00f6vrierf\u00e4higkeit landen Sie im Freestyle und steigern Ihren Vmax im Freerace. Die Geometrie seiner Spitzen toleriert Wasseraustritt und erm\u00f6glicht enge, kontrollierte Carves ohne Str\u00f6mungsabriss. Sein d\u00fcnnes und gew\u00f6lbtes Profil erm\u00f6glicht Ihnen ein Segeln mit maximaler Stabilit\u00e4t und beeindruckender Fehlertoleranz bei niedrigen Geschwindigkeiten. Zusammenfassend: Sein Programm erm\u00f6glicht die Verwendung in Wingfoil, Windfoil oder Kitefoil. Er ist Ihr Verb\u00fcndeter f\u00fcr Geschwindigkeitsbegeisterte, die Sicherheit und einen fr\u00fchen Start suchen, sowie f\u00fcr Freestyler, die einen wendigen und schnellen Fl\u00fcgel ben\u00f6tigen. Ihr Aktivfl\u00fcgel f\u00fcr Windst\u00e4rken \u00fcber 15 Knoten. Testen bedeutet, es zu \u00fcbernehmen!<\/p><\/div>\n<div class=\"uk-width-2-3@m\">\n<div>\n<div class=\"uk-child-width-1-2@s uk-grid-small\" uk-grid=\"\">\n<div><img loading=\"lazy\" decoding=\"async\" src=\"wp-content\/uploads\/2024\/01\/pack_hydro_dynamic_100.jpg\" alt=\"\" width=\"610\" height=\"455\" \/><\/div>\n<div><img loading=\"lazy\" decoding=\"async\" src=\"wp-content\/uploads\/2024\/01\/pack_4all_dynamic_100.jpg\" alt=\"\" width=\"610\" height=\"455\" \/><\/div>\n<\/div>\n<\/div>\n<\/div>\n<\/div>\n","protected":false},"excerpt":{"rendered":"<p>Sprinten, schnitzen, springen und Spa\u00df haben mit Leichtigkeit!<\/p>\n","protected":false},"featured_media":4315,"comment_status":"open","ping_status":"closed","template":"","meta":{"_acf_changed":false},"product_brand":[],"product_cat":[113],"product_tag":[112,100,203,204],"class_list":{"0":"post-524","1":"product","2":"type-product","3":"status-publish","4":"has-post-thumbnail","6":"product_cat-flugel-activ","7":"product_tag-freeride","8":"product_tag-freestyle","9":"product_tag-windfoil","10":"product_tag-wingfoil","11":"product_shipping_class-colis-m","13":"first","14":"instock","15":"taxable","16":"shipping-taxable","17":"purchasable","18":"product-type-variable","19":"has-default-attributes"},"bundled_by":["624","625","610","2069","2070","2083","2125","3153","4791","5556"],"bundle_stock_status":"instock","bundle_stock_quantity":16,"bundle_virtual":false,"bundle_layout":"","bundle_add_to_cart_form_location":"","bundle_editable_in_cart":false,"bundle_sold_individually_context":"","bundle_item_grouping":"","bundle_min_size":"","bundle_max_size":"","bundle_price":[],"bundled_items":[],"bundle_sell_ids":[1788],"exclude_global_add_ons":[],"addons":[],"acf":[],"yoast_head":"<!-- This site is optimized with the Yoast SEO Premium plugin v27.0 (Yoast SEO v27.1.1) - https:\/\/yoast.com\/product\/yoast-seo-premium-wordpress\/ -->\n<title>ACTIV 680 Fl\u00fcgel<\/title>\n<meta name=\"description\" content=\"Sprinten, schnitzen, springen und Spa\u00df haben mit Leichtigkeit!\" \/>\n<meta name=\"robots\" content=\"index, follow, max-snippet:-1, max-image-preview:large, max-video-preview:-1\" \/>\n<link rel=\"canonical\" href=\"http:\/\/Sprinten,%20schnitzen,%20springen%20und%20Spa\u00df%20haben%20mit%20Leichtigkeit!\" \/>\n<meta property=\"og:locale\" content=\"de_DE\" \/>\n<meta property=\"og:type\" content=\"article\" \/>\n<meta property=\"og:title\" content=\"ACTIV 680 Fl\u00fcgel\" \/>\n<meta property=\"og:description\" content=\"Sprinten, schnitzen, springen und Spa\u00df haben mit Leichtigkeit!\" \/>\n<meta property=\"og:url\" content=\"https:\/\/www.lokefoil.com\/de\/store\/activ-680\/\" \/>\n<meta property=\"og:site_name\" content=\"LOKEFOIL\" \/>\n<meta property=\"article:modified_time\" content=\"2025-06-17T14:02:54+00:00\" \/>\n<meta property=\"og:image\" content=\"https:\/\/www.lokefoil.com\/wp-content\/uploads\/2023\/03\/680_30.jpg\" \/>\n\t<meta property=\"og:image:width\" content=\"1599\" \/>\n\t<meta property=\"og:image:height\" content=\"1850\" \/>\n\t<meta property=\"og:image:type\" content=\"image\/jpeg\" \/>\n<meta name=\"twitter:card\" content=\"summary_large_image\" \/>\n<meta name=\"twitter:label1\" content=\"Verf\u00fcgbarkeit\" \/>\n\t<meta name=\"twitter:data1\" content=\"Auf Lager\" \/>\n<script type=\"application\/ld+json\" class=\"yoast-schema-graph\">{\"@context\":\"https:\/\/schema.org\",\"@graph\":[{\"@type\":[\"WebPage\",\"ItemPage\"],\"@id\":\"https:\/\/www.lokefoil.com\/de\/store\/activ-680\/\",\"url\":\"https:\/\/www.lokefoil.com\/de\/store\/activ-680\/\",\"name\":\"Aile ACTIV 680 - LOKEFOIL\",\"isPartOf\":{\"@id\":\"https:\/\/www.lokefoil.com\/#website\"},\"primaryImageOfPage\":{\"@id\":\"https:\/\/www.lokefoil.com\/de\/store\/activ-680\/#primaryimage\"},\"image\":{\"@id\":\"https:\/\/www.lokefoil.com\/de\/store\/activ-680\/#primaryimage\"},\"thumbnailUrl\":\"https:\/\/www.lokefoil.com\/wp-content\/uploads\/2023\/03\/680_30.jpg\",\"datePublished\":\"2023-03-23T07:26:02+00:00\",\"dateModified\":\"2025-06-17T14:02:54+00:00\",\"breadcrumb\":{\"@id\":\"https:\/\/www.lokefoil.com\/de\/store\/activ-680\/#breadcrumb\"},\"inLanguage\":\"de\",\"potentialAction\":[{\"@type\":\"ReadAction\",\"target\":[\"https:\/\/www.lokefoil.com\/de\/store\/activ-680\/\"]}]},{\"@type\":\"ImageObject\",\"inLanguage\":\"de\",\"@id\":\"https:\/\/www.lokefoil.com\/de\/store\/activ-680\/#primaryimage\",\"url\":\"https:\/\/www.lokefoil.com\/wp-content\/uploads\/2023\/03\/680_30.jpg\",\"contentUrl\":\"https:\/\/www.lokefoil.com\/wp-content\/uploads\/2023\/03\/680_30.jpg\",\"width\":1599,\"height\":1850},{\"@type\":\"BreadcrumbList\",\"@id\":\"https:\/\/www.lokefoil.com\/de\/store\/activ-680\/#breadcrumb\",\"itemListElement\":[{\"@type\":\"ListItem\",\"position\":1,\"name\":\"Tragfl\u00e4chenboote\",\"item\":\"https:\/\/www.lokefoil.com\/fr\/\"},{\"@type\":\"ListItem\",\"position\":2,\"name\":\"Shop\",\"item\":\"https:\/\/www.lokefoil.com\/fr\/store\/\"},{\"@type\":\"ListItem\",\"position\":3,\"name\":\"ACTIV 680 Fl\u00fcgel\"}]},{\"@type\":\"WebSite\",\"@id\":\"https:\/\/www.lokefoil.com\/de\/#website\",\"url\":\"https:\/\/www.lokefoil.com\/de\/\",\"name\":\"LOKEFOIL\",\"description\":\"Foils 100% Made in France\",\"publisher\":{\"@id\":\"https:\/\/www.lokefoil.com\/de\/#organization\"},\"potentialAction\":[{\"@type\":\"SearchAction\",\"target\":{\"@type\":\"EntryPoint\",\"urlTemplate\":\"https:\/\/www.lokefoil.com\/de\/?s={search_term_string}\"},\"query-input\":{\"@type\":\"PropertyValueSpecification\",\"valueRequired\":true,\"valueName\":\"search_term_string\"}}],\"inLanguage\":\"de\"},{\"@type\":\"Organization\",\"@id\":\"https:\/\/www.lokefoil.com\/de\/#organization\",\"name\":\"LOKEFOIL\",\"url\":\"https:\/\/www.lokefoil.com\/de\/\",\"logo\":{\"@type\":\"ImageObject\",\"inLanguage\":\"de\",\"@id\":\"https:\/\/www.lokefoil.com\/de\/#\/schema\/logo\/image\/\",\"url\":\"https:\/\/www.lokefoil.com\/wp-content\/uploads\/2025\/08\/logo-seo.png\",\"contentUrl\":\"https:\/\/www.lokefoil.com\/wp-content\/uploads\/2025\/08\/logo-seo.png\",\"width\":696,\"height\":696,\"caption\":\"LOKEFOIL\"},\"image\":{\"@id\":\"https:\/\/www.lokefoil.com\/de\/#\/schema\/logo\/image\/\"}}]}<\/script>\n<meta property=\"og:availability\" content=\"instock\" \/>\n<meta property=\"product:availability\" content=\"instock\" \/>\n<meta property=\"product:retailer_item_id\" content=\"activ-680\" \/>\n<meta property=\"product:condition\" content=\"new\" \/>\n<!-- \/ Yoast SEO Premium plugin. -->","yoast_head_json":{"title":"ACTIV 680 Fl\u00fcgel","description":"Sprinten, schnitzen, springen und Spa\u00df haben mit Leichtigkeit!","robots":{"index":"index","follow":"follow","max-snippet":"max-snippet:-1","max-image-preview":"max-image-preview:large","max-video-preview":"max-video-preview:-1"},"canonical":"Sprinten, schnitzen, springen und Spa\u00df haben mit Leichtigkeit!","og_locale":"de_DE","og_type":"article","og_title":"ACTIV 680 Fl\u00fcgel","og_description":"Sprinten, schnitzen, springen und Spa\u00df haben mit Leichtigkeit!","og_url":"https:\/\/www.lokefoil.com\/de\/store\/activ-680\/","og_site_name":"LOKEFOIL","article_modified_time":"2025-06-17T14:02:54+00:00","og_image":[{"width":1599,"height":1850,"url":"https:\/\/www.lokefoil.com\/wp-content\/uploads\/2023\/03\/680_30.jpg","type":"image\/jpeg"}],"twitter_card":"summary_large_image","twitter_misc":{"Verf\u00fcgbarkeit":"Auf Lager"},"schema":{"@context":"https:\/\/schema.org","@graph":[{"@type":["WebPage","ItemPage"],"@id":"https:\/\/www.lokefoil.com\/de\/store\/activ-680\/","url":"https:\/\/www.lokefoil.com\/de\/store\/activ-680\/","name":"Aile ACTIV 680 - LOKEFOIL","isPartOf":{"@id":"https:\/\/www.lokefoil.com\/#website"},"primaryImageOfPage":{"@id":"https:\/\/www.lokefoil.com\/de\/store\/activ-680\/#primaryimage"},"image":{"@id":"https:\/\/www.lokefoil.com\/de\/store\/activ-680\/#primaryimage"},"thumbnailUrl":"https:\/\/www.lokefoil.com\/wp-content\/uploads\/2023\/03\/680_30.jpg","datePublished":"2023-03-23T07:26:02+00:00","dateModified":"2025-06-17T14:02:54+00:00","breadcrumb":{"@id":"https:\/\/www.lokefoil.com\/de\/store\/activ-680\/#breadcrumb"},"inLanguage":"de","potentialAction":[{"@type":"ReadAction","target":["https:\/\/www.lokefoil.com\/de\/store\/activ-680\/"]}]},{"@type":"ImageObject","inLanguage":"de","@id":"https:\/\/www.lokefoil.com\/de\/store\/activ-680\/#primaryimage","url":"https:\/\/www.lokefoil.com\/wp-content\/uploads\/2023\/03\/680_30.jpg","contentUrl":"https:\/\/www.lokefoil.com\/wp-content\/uploads\/2023\/03\/680_30.jpg","width":1599,"height":1850},{"@type":"BreadcrumbList","@id":"https:\/\/www.lokefoil.com\/de\/store\/activ-680\/#breadcrumb","itemListElement":[{"@type":"ListItem","position":1,"name":"Tragfl\u00e4chenboote","item":"https:\/\/www.lokefoil.com\/fr\/"},{"@type":"ListItem","position":2,"name":"Shop","item":"https:\/\/www.lokefoil.com\/fr\/store\/"},{"@type":"ListItem","position":3,"name":"ACTIV 680 Fl\u00fcgel"}]},{"@type":"WebSite","@id":"https:\/\/www.lokefoil.com\/de\/#website","url":"https:\/\/www.lokefoil.com\/de\/","name":"LOKEFOIL","description":"Foils 100% Made in France","publisher":{"@id":"https:\/\/www.lokefoil.com\/de\/#organization"},"potentialAction":[{"@type":"SearchAction","target":{"@type":"EntryPoint","urlTemplate":"https:\/\/www.lokefoil.com\/de\/?s={search_term_string}"},"query-input":{"@type":"PropertyValueSpecification","valueRequired":true,"valueName":"search_term_string"}}],"inLanguage":"de"},{"@type":"Organization","@id":"https:\/\/www.lokefoil.com\/de\/#organization","name":"LOKEFOIL","url":"https:\/\/www.lokefoil.com\/de\/","logo":{"@type":"ImageObject","inLanguage":"de","@id":"https:\/\/www.lokefoil.com\/de\/#\/schema\/logo\/image\/","url":"https:\/\/www.lokefoil.com\/wp-content\/uploads\/2025\/08\/logo-seo.png","contentUrl":"https:\/\/www.lokefoil.com\/wp-content\/uploads\/2025\/08\/logo-seo.png","width":696,"height":696,"caption":"LOKEFOIL"},"image":{"@id":"https:\/\/www.lokefoil.com\/de\/#\/schema\/logo\/image\/"}}]},"og_availability":"instock","product_availability":"instock","product_retailer_item_id":"activ-680","product_condition":"new"},"_links":{"self":[{"href":"https:\/\/www.lokefoil.com\/de\/wp-json\/wp\/v2\/product\/524","targetHints":{"allow":["GET"]}}],"collection":[{"href":"https:\/\/www.lokefoil.com\/de\/wp-json\/wp\/v2\/product"}],"about":[{"href":"https:\/\/www.lokefoil.com\/de\/wp-json\/wp\/v2\/types\/product"}],"replies":[{"embeddable":true,"href":"https:\/\/www.lokefoil.com\/de\/wp-json\/wp\/v2\/comments?post=524"}],"wp:featuredmedia":[{"embeddable":true,"href":"https:\/\/www.lokefoil.com\/de\/wp-json\/wp\/v2\/media\/4315"}],"wp:attachment":[{"href":"https:\/\/www.lokefoil.com\/de\/wp-json\/wp\/v2\/media?parent=524"}],"wp:term":[{"taxonomy":"product_brand","embeddable":true,"href":"https:\/\/www.lokefoil.com\/de\/wp-json\/wp\/v2\/product_brand?post=524"},{"taxonomy":"product_cat","embeddable":true,"href":"https:\/\/www.lokefoil.com\/de\/wp-json\/wp\/v2\/product_cat?post=524"},{"taxonomy":"product_tag","embeddable":true,"href":"https:\/\/www.lokefoil.com\/de\/wp-json\/wp\/v2\/product_tag?post=524"}],"curies":[{"name":"wp","href":"https:\/\/api.w.org\/{rel}","templated":true}]}}