{"id":4190,"date":"2024-06-19T12:51:00","date_gmt":"2024-06-19T10:51:00","guid":{"rendered":"https:\/\/www.lokefoil.com\/store\/\/"},"modified":"2025-06-17T16:02:53","modified_gmt":"2025-06-17T14:02:53","slug":"mat-95-race-2021","status":"publish","type":"product","link":"https:\/\/www.lokefoil.com\/de\/store\/mat-95-rennen-2021\/","title":{"rendered":"Mast 95 UHM Rennen 2021"},"content":{"rendered":"<div class=\"uk-grid-large\">\n<div class=\"uk-flex-middle uk-width-1-3@m\">\n<h2 class=\"uk-h5 uk-margin-small\">Description<\/h2>\n<p>Le m\u00e2t 95 race est un T-bar, successeur du LK1 performance. Les mat\u00e9riaux utilis\u00e9s pour sa fabrication ont \u00e9t\u00e9 soigneusement choisis afin d\u2019avoir les meilleurs compromis entre rigidit\u00e9, \u00e9paisseur, r\u00e9sistance et poid. Enfin, dans cette pi\u00e8ce technique, rien n\u2019a \u00e9t\u00e9 laiss\u00e9 au hasard, les \u00e9tats de surfaces sont pr\u00e9par\u00e9s minutieusement en finitions et la d\u00e9coration est int\u00e9gr\u00e9e dans la pi\u00e8ce lors du moulage afin de privil\u00e9gier la glisse.<\/p>\n","protected":false},"excerpt":{"rendered":"<p>Der Loke Race wurde entwickelt, um unter allen Bedingungen Leistung zu erbringen.<\/p>\n","protected":false},"featured_media":4202,"comment_status":"open","ping_status":"closed","template":"","meta":{"_acf_changed":false},"product_brand":[],"product_cat":[15],"product_tag":[],"class_list":{"0":"post-4190","1":"product","2":"type-product","3":"status-publish","4":"has-post-thumbnail","6":"product_cat-ersatzteile","7":"product_shipping_class-colis-l","9":"first","10":"instock","11":"taxable","12":"shipping-taxable","13":"purchasable","14":"product-type-simple"},"bundled_by":[],"bundle_stock_status":"instock","bundle_stock_quantity":19,"bundle_virtual":false,"bundle_layout":"","bundle_add_to_cart_form_location":"","bundle_editable_in_cart":false,"bundle_sold_individually_context":"","bundle_item_grouping":"","bundle_min_size":"","bundle_max_size":"","bundle_price":[],"bundled_items":[],"bundle_sell_ids":[],"exclude_global_add_ons":[],"addons":[],"acf":[],"yoast_head":"<!-- This site is optimized with the Yoast SEO Premium plugin v27.0 (Yoast SEO v27.1.1) - https:\/\/yoast.com\/product\/yoast-seo-premium-wordpress\/ -->\n<title>Mast 95 UHM Rennen 2021<\/title>\n<meta name=\"description\" content=\"Der Loke Race wurde entwickelt, um unter allen Bedingungen Leistung zu erbringen.\" \/>\n<meta name=\"robots\" content=\"index, follow, max-snippet:-1, max-image-preview:large, max-video-preview:-1\" \/>\n<link rel=\"canonical\" href=\"http:\/\/Der%20Loke%20Race%20wurde%20entwickelt,%20um%20unter%20allen%20Bedingungen%20Leistung%20zu%20erbringen.\" \/>\n<meta property=\"og:locale\" content=\"de_DE\" \/>\n<meta property=\"og:type\" content=\"article\" \/>\n<meta property=\"og:title\" content=\"Mast 95 UHM Rennen 2021\" \/>\n<meta property=\"og:description\" content=\"Der Loke Race wurde entwickelt, um unter allen Bedingungen Leistung zu erbringen.\" \/>\n<meta property=\"og:url\" content=\"https:\/\/www.lokefoil.com\/de\/store\/mat-95-rennen-2021\/\" \/>\n<meta property=\"og:site_name\" content=\"LOKEFOIL\" \/>\n<meta property=\"article:modified_time\" content=\"2025-06-17T14:02:53+00:00\" \/>\n<meta property=\"og:image\" content=\"https:\/\/www.lokefoil.com\/wp-content\/uploads\/2024\/06\/mat_race_20.jpg\" \/>\n\t<meta property=\"og:image:width\" content=\"1599\" \/>\n\t<meta property=\"og:image:height\" content=\"1850\" \/>\n\t<meta property=\"og:image:type\" content=\"image\/jpeg\" \/>\n<meta name=\"twitter:card\" content=\"summary_large_image\" \/>\n<meta name=\"twitter:label1\" content=\"Preis\" \/>\n\t<meta name=\"twitter:data1\" content=\"900,00&nbsp;&euro;\" \/>\n\t<meta name=\"twitter:label2\" content=\"Verf\u00fcgbarkeit\" \/>\n\t<meta name=\"twitter:data2\" content=\"Auf Lager\" \/>\n<script type=\"application\/ld+json\" class=\"yoast-schema-graph\">{\"@context\":\"https:\/\/schema.org\",\"@graph\":[{\"@type\":[\"WebPage\",\"ItemPage\"],\"@id\":\"https:\/\/www.lokefoil.com\/de\/store\/mat-95-rennen-2021\/\",\"url\":\"https:\/\/www.lokefoil.com\/de\/store\/mat-95-rennen-2021\/\",\"name\":\"M\u00e2t 95 UHM race 2021 - LOKEFOIL\",\"isPartOf\":{\"@id\":\"https:\/\/www.lokefoil.com\/#website\"},\"primaryImageOfPage\":{\"@id\":\"https:\/\/www.lokefoil.com\/de\/store\/mat-95-rennen-2021\/#primaryimage\"},\"image\":{\"@id\":\"https:\/\/www.lokefoil.com\/de\/store\/mat-95-rennen-2021\/#primaryimage\"},\"thumbnailUrl\":\"https:\/\/www.lokefoil.com\/wp-content\/uploads\/2024\/06\/mat_race_20.jpg\",\"datePublished\":\"2024-06-19T10:51:00+00:00\",\"dateModified\":\"2025-06-17T14:02:53+00:00\",\"breadcrumb\":{\"@id\":\"https:\/\/www.lokefoil.com\/de\/store\/mat-95-rennen-2021\/#breadcrumb\"},\"inLanguage\":\"de\",\"potentialAction\":[{\"@type\":\"ReadAction\",\"target\":[\"https:\/\/www.lokefoil.com\/de\/store\/mat-95-rennen-2021\/\"]}]},{\"@type\":\"ImageObject\",\"inLanguage\":\"de\",\"@id\":\"https:\/\/www.lokefoil.com\/de\/store\/mat-95-rennen-2021\/#primaryimage\",\"url\":\"https:\/\/www.lokefoil.com\/wp-content\/uploads\/2024\/06\/mat_race_20.jpg\",\"contentUrl\":\"https:\/\/www.lokefoil.com\/wp-content\/uploads\/2024\/06\/mat_race_20.jpg\",\"width\":1599,\"height\":1850},{\"@type\":\"BreadcrumbList\",\"@id\":\"https:\/\/www.lokefoil.com\/de\/store\/mat-95-rennen-2021\/#breadcrumb\",\"itemListElement\":[{\"@type\":\"ListItem\",\"position\":1,\"name\":\"Tragfl\u00e4chenboote\",\"item\":\"https:\/\/www.lokefoil.com\/fr\/\"},{\"@type\":\"ListItem\",\"position\":2,\"name\":\"Shop\",\"item\":\"https:\/\/www.lokefoil.com\/fr\/store\/\"},{\"@type\":\"ListItem\",\"position\":3,\"name\":\"Mast 95 UHM Rennen 2021\"}]},{\"@type\":\"WebSite\",\"@id\":\"https:\/\/www.lokefoil.com\/de\/#website\",\"url\":\"https:\/\/www.lokefoil.com\/de\/\",\"name\":\"LOKEFOIL\",\"description\":\"Foils 100% Made in France\",\"publisher\":{\"@id\":\"https:\/\/www.lokefoil.com\/de\/#organization\"},\"potentialAction\":[{\"@type\":\"SearchAction\",\"target\":{\"@type\":\"EntryPoint\",\"urlTemplate\":\"https:\/\/www.lokefoil.com\/de\/?s={search_term_string}\"},\"query-input\":{\"@type\":\"PropertyValueSpecification\",\"valueRequired\":true,\"valueName\":\"search_term_string\"}}],\"inLanguage\":\"de\"},{\"@type\":\"Organization\",\"@id\":\"https:\/\/www.lokefoil.com\/de\/#organization\",\"name\":\"LOKEFOIL\",\"url\":\"https:\/\/www.lokefoil.com\/de\/\",\"logo\":{\"@type\":\"ImageObject\",\"inLanguage\":\"de\",\"@id\":\"https:\/\/www.lokefoil.com\/de\/#\/schema\/logo\/image\/\",\"url\":\"https:\/\/www.lokefoil.com\/wp-content\/uploads\/2025\/08\/logo-seo.png\",\"contentUrl\":\"https:\/\/www.lokefoil.com\/wp-content\/uploads\/2025\/08\/logo-seo.png\",\"width\":696,\"height\":696,\"caption\":\"LOKEFOIL\"},\"image\":{\"@id\":\"https:\/\/www.lokefoil.com\/de\/#\/schema\/logo\/image\/\"}}]}<\/script>\n<meta property=\"product:price:amount\" content=\"900.00\" \/>\n<meta property=\"product:price:currency\" content=\"EUR\" \/>\n<meta property=\"og:availability\" content=\"instock\" \/>\n<meta property=\"product:availability\" content=\"instock\" \/>\n<meta property=\"product:retailer_item_id\" content=\"performance-1\" \/>\n<meta property=\"product:condition\" content=\"new\" \/>\n<!-- \/ Yoast SEO Premium plugin. -->","yoast_head_json":{"title":"Mast 95 UHM Rennen 2021","description":"Der Loke Race wurde entwickelt, um unter allen Bedingungen Leistung zu erbringen.","robots":{"index":"index","follow":"follow","max-snippet":"max-snippet:-1","max-image-preview":"max-image-preview:large","max-video-preview":"max-video-preview:-1"},"canonical":"Der Loke Race wurde entwickelt, um unter allen Bedingungen Leistung zu erbringen.","og_locale":"de_DE","og_type":"article","og_title":"Mast 95 UHM Rennen 2021","og_description":"Der Loke Race wurde entwickelt, um unter allen Bedingungen Leistung zu erbringen.","og_url":"https:\/\/www.lokefoil.com\/de\/store\/mat-95-rennen-2021\/","og_site_name":"LOKEFOIL","article_modified_time":"2025-06-17T14:02:53+00:00","og_image":[{"width":1599,"height":1850,"url":"https:\/\/www.lokefoil.com\/wp-content\/uploads\/2024\/06\/mat_race_20.jpg","type":"image\/jpeg"}],"twitter_card":"summary_large_image","twitter_misc":{"Preis":"900,00&nbsp;&euro;","Verf\u00fcgbarkeit":"Auf Lager"},"schema":{"@context":"https:\/\/schema.org","@graph":[{"@type":["WebPage","ItemPage"],"@id":"https:\/\/www.lokefoil.com\/de\/store\/mat-95-rennen-2021\/","url":"https:\/\/www.lokefoil.com\/de\/store\/mat-95-rennen-2021\/","name":"M\u00e2t 95 UHM race 2021 - LOKEFOIL","isPartOf":{"@id":"https:\/\/www.lokefoil.com\/#website"},"primaryImageOfPage":{"@id":"https:\/\/www.lokefoil.com\/de\/store\/mat-95-rennen-2021\/#primaryimage"},"image":{"@id":"https:\/\/www.lokefoil.com\/de\/store\/mat-95-rennen-2021\/#primaryimage"},"thumbnailUrl":"https:\/\/www.lokefoil.com\/wp-content\/uploads\/2024\/06\/mat_race_20.jpg","datePublished":"2024-06-19T10:51:00+00:00","dateModified":"2025-06-17T14:02:53+00:00","breadcrumb":{"@id":"https:\/\/www.lokefoil.com\/de\/store\/mat-95-rennen-2021\/#breadcrumb"},"inLanguage":"de","potentialAction":[{"@type":"ReadAction","target":["https:\/\/www.lokefoil.com\/de\/store\/mat-95-rennen-2021\/"]}]},{"@type":"ImageObject","inLanguage":"de","@id":"https:\/\/www.lokefoil.com\/de\/store\/mat-95-rennen-2021\/#primaryimage","url":"https:\/\/www.lokefoil.com\/wp-content\/uploads\/2024\/06\/mat_race_20.jpg","contentUrl":"https:\/\/www.lokefoil.com\/wp-content\/uploads\/2024\/06\/mat_race_20.jpg","width":1599,"height":1850},{"@type":"BreadcrumbList","@id":"https:\/\/www.lokefoil.com\/de\/store\/mat-95-rennen-2021\/#breadcrumb","itemListElement":[{"@type":"ListItem","position":1,"name":"Tragfl\u00e4chenboote","item":"https:\/\/www.lokefoil.com\/fr\/"},{"@type":"ListItem","position":2,"name":"Shop","item":"https:\/\/www.lokefoil.com\/fr\/store\/"},{"@type":"ListItem","position":3,"name":"Mast 95 UHM Rennen 2021"}]},{"@type":"WebSite","@id":"https:\/\/www.lokefoil.com\/de\/#website","url":"https:\/\/www.lokefoil.com\/de\/","name":"LOKEFOIL","description":"Foils 100% Made in France","publisher":{"@id":"https:\/\/www.lokefoil.com\/de\/#organization"},"potentialAction":[{"@type":"SearchAction","target":{"@type":"EntryPoint","urlTemplate":"https:\/\/www.lokefoil.com\/de\/?s={search_term_string}"},"query-input":{"@type":"PropertyValueSpecification","valueRequired":true,"valueName":"search_term_string"}}],"inLanguage":"de"},{"@type":"Organization","@id":"https:\/\/www.lokefoil.com\/de\/#organization","name":"LOKEFOIL","url":"https:\/\/www.lokefoil.com\/de\/","logo":{"@type":"ImageObject","inLanguage":"de","@id":"https:\/\/www.lokefoil.com\/de\/#\/schema\/logo\/image\/","url":"https:\/\/www.lokefoil.com\/wp-content\/uploads\/2025\/08\/logo-seo.png","contentUrl":"https:\/\/www.lokefoil.com\/wp-content\/uploads\/2025\/08\/logo-seo.png","width":696,"height":696,"caption":"LOKEFOIL"},"image":{"@id":"https:\/\/www.lokefoil.com\/de\/#\/schema\/logo\/image\/"}}]},"product_price_amount":"900.00","product_price_currency":"EUR","og_availability":"instock","product_availability":"instock","product_retailer_item_id":"performance-1","product_condition":"new"},"_links":{"self":[{"href":"https:\/\/www.lokefoil.com\/de\/wp-json\/wp\/v2\/product\/4190","targetHints":{"allow":["GET"]}}],"collection":[{"href":"https:\/\/www.lokefoil.com\/de\/wp-json\/wp\/v2\/product"}],"about":[{"href":"https:\/\/www.lokefoil.com\/de\/wp-json\/wp\/v2\/types\/product"}],"replies":[{"embeddable":true,"href":"https:\/\/www.lokefoil.com\/de\/wp-json\/wp\/v2\/comments?post=4190"}],"wp:featuredmedia":[{"embeddable":true,"href":"https:\/\/www.lokefoil.com\/de\/wp-json\/wp\/v2\/media\/4202"}],"wp:attachment":[{"href":"https:\/\/www.lokefoil.com\/de\/wp-json\/wp\/v2\/media?parent=4190"}],"wp:term":[{"taxonomy":"product_brand","embeddable":true,"href":"https:\/\/www.lokefoil.com\/de\/wp-json\/wp\/v2\/product_brand?post=4190"},{"taxonomy":"product_cat","embeddable":true,"href":"https:\/\/www.lokefoil.com\/de\/wp-json\/wp\/v2\/product_cat?post=4190"},{"taxonomy":"product_tag","embeddable":true,"href":"https:\/\/www.lokefoil.com\/de\/wp-json\/wp\/v2\/product_tag?post=4190"}],"curies":[{"name":"wp","href":"https:\/\/api.w.org\/{rel}","templated":true}]}}