{"id":3126,"date":"2024-01-23T10:00:03","date_gmt":"2024-01-23T09:00:03","guid":{"rendered":"https:\/\/www.lokefoil.com\/?post_type=product&#038;p=3126"},"modified":"2025-06-17T16:00:51","modified_gmt":"2025-06-17T14:00:51","slug":"fuselage-100-ug10","status":"publish","type":"product","link":"https:\/\/www.lokefoil.com\/de\/store\/rumpf-100-ug10\/","title":{"rendered":"Rumpf 100 ULTIMATE + UG10"},"content":{"rendered":"<div class=\"uk-grid-large\" uk-grid=\"\">\n<div class=\"uk-flex-middle uk-width-1-3@m\">\n<h2 class=\"uk-h5 uk-margin-small\">Beschreibung<\/h2>\n<p><b>Der 100 Ultimate Slalom Carbon-Rumpf<\/b> ist ein Carbon-Rumpf mit einer st\u00e4rker nach hinten gerichteten Balance. Die Verschachtelung des Rumpfes erfolgt nahe am Vorderfl\u00fcgel, um Beschleunigung und Kontrolle bei hoher Geschwindigkeit zu f\u00f6rdern. Dadurch k\u00f6nnen Sie wie im Slalom segeln, wobei die Kante Ihres Segels nahe am Deck Ihres Boards liegt. <b>Der 100 Ultimate MULTIRACE-Rumpf<\/b> ist im Slalom genauso komfortabel wie auf Langstrecken, er ist f\u00fcr die Navigation mit einem Gleichgewicht von 50 % Vorderbein und 50 % Hinterbein optimiert. Es wird f\u00fcr PWA-Rennen oder f\u00fcr Langstrecken bei leichtem bis m\u00e4\u00dfigem Wind verwendet. Seine Ausgewogenheit f\u00f6rdert die Kontrolle und Vielseitigkeit unter verschiedensten Bedingungen. Dieser Rumpf aus hochfestem Carbon erm\u00f6glicht Ihnen eine dauerhaft rostfreie und langlebige Baugruppe mit einem um 50 % geringeren Gewicht als Aluminium. Der 100 Ultimate Carbon-Rumpf ist mit einer Mini-Heckflossenbox ausgestattet, um die Stabilit\u00e4t Ihrer Gierfolie zu maximieren. <b>Der 100 Ultimate VMG-Rumpf<\/b> ist f\u00fcr Auf- und Querwind bei leichtem Wind optimiert. Seine fortschrittliche Balance beg\u00fcnstigt einen fr\u00fchen Abflug und seine Gr\u00f6\u00dfe von 100 cm sorgt f\u00fcr eine direkte Beschleunigung bei der geringsten B\u00f6e. Dieser Rumpf aus hochfestem Carbon erm\u00f6glicht Ihnen eine dauerhaft rostfreie und langlebige Baugruppe mit einem um 50 % geringeren Gewicht als Aluminium. Der 100 Ultimate Carbon-Rumpf ist mit einer Mini-Heckflossenbox ausgestattet, um die Stabilit\u00e4t Ihrer Gierfolie zu maximieren.<\/div>\n<div class=\"uk-width-2-3@m\">\n<div>\n<div class=\"uk-child-width-1-2@s uk-grid-small\" uk-grid=\"\">\n<div><img loading=\"lazy\" decoding=\"async\" src=\"wp-content\/uploads\/2024\/01\/pack_ultimate_races_150.jpg\" alt=\"\" width=\"610\" height=\"455\" \/><\/div>\n<div><img loading=\"lazy\" decoding=\"async\" src=\"wp-content\/uploads\/2024\/01\/pack_4all_freeride_100.jpg\" alt=\"\" width=\"610\" height=\"455\" \/><\/div>\n<\/div>\n<\/div>\n<\/div>\n<\/div>\n","protected":false},"excerpt":{"rendered":"<p>SLALOM \/ MULTIRACE \/ VMG-Varianten<\/p>\n","protected":false},"featured_media":2613,"comment_status":"open","ping_status":"closed","template":"","meta":{"_acf_changed":false},"product_brand":[],"product_cat":[135],"product_tag":[103,203],"class_list":{"0":"post-3126","1":"product","2":"type-product","3":"status-publish","4":"has-post-thumbnail","6":"product_cat-rumpf-ultimate","7":"product_tag-rennen","8":"product_tag-windfoil","9":"product_shipping_class-colis-m","11":"first","12":"instock","13":"sale","14":"sold-individually","15":"taxable","16":"shipping-taxable","17":"purchasable","18":"product-type-bundle"},"bundled_by":[],"bundle_stock_status":"instock","bundle_stock_quantity":"","bundle_virtual":false,"bundle_layout":"default","bundle_add_to_cart_form_location":"default","bundle_editable_in_cart":true,"bundle_sold_individually_context":"product","bundle_item_grouping":"parent","bundle_min_size":"","bundle_max_size":"","bundle_price":{"price":{"min":{"incl_tax":"580","excl_tax":"483.33"},"max":{"incl_tax":"608","excl_tax":"506.67"}},"regular_price":{"min":{"incl_tax":"645","excl_tax":"537.5"},"max":{"incl_tax":"673","excl_tax":"560.84"}}},"bundled_items":[{"bundled_item_id":263,"product_id":495,"menu_order":0,"quantity_min":1,"quantity_max":1,"quantity_default":1,"priced_individually":true,"shipped_individually":false,"override_title":false,"title":"Fuselage 100 ULTIMATE","override_description":false,"description":"","optional":false,"hide_thumbnail":false,"discount":"","override_variations":false,"allowed_variations":[],"override_default_variation_attributes":true,"default_variation_attributes":[{"id":1,"name":"construction","option":"carbone-hr"},{"id":17,"name":"Version","option":"slalom"}],"single_product_visibility":"visible","cart_visibility":"visible","order_visibility":"visible","single_product_price_visibility":"visible","cart_price_visibility":"visible","order_price_visibility":"visible","stock_status":"in_stock"},{"bundled_item_id":264,"product_id":498,"menu_order":1,"quantity_min":1,"quantity_max":1,"quantity_default":1,"priced_individually":true,"shipped_individually":false,"override_title":false,"title":"Aileron UG10","override_description":false,"description":"","optional":false,"hide_thumbnail":false,"discount":"100","override_variations":false,"allowed_variations":[],"override_default_variation_attributes":false,"default_variation_attributes":[],"single_product_visibility":"visible","cart_visibility":"visible","order_visibility":"visible","single_product_price_visibility":"visible","cart_price_visibility":"visible","order_price_visibility":"visible","stock_status":"in_stock"},{"bundled_item_id":265,"product_id":1827,"menu_order":2,"quantity_min":0,"quantity_max":1,"quantity_default":0,"priced_individually":true,"shipped_individually":false,"override_title":false,"title":"Housse fuselage 100","override_description":false,"description":"","optional":false,"hide_thumbnail":false,"discount":"","override_variations":false,"allowed_variations":[],"override_default_variation_attributes":false,"default_variation_attributes":[],"single_product_visibility":"visible","cart_visibility":"visible","order_visibility":"visible","single_product_price_visibility":"visible","cart_price_visibility":"visible","order_price_visibility":"visible","stock_status":"in_stock"},{"bundled_item_id":266,"product_id":2010,"menu_order":3,"quantity_min":0,"quantity_max":1,"quantity_default":0,"priced_individually":true,"shipped_individually":false,"override_title":false,"title":"Cales de stabilisateurs","override_description":false,"description":"","optional":false,"hide_thumbnail":false,"discount":"","override_variations":false,"allowed_variations":[],"override_default_variation_attributes":false,"default_variation_attributes":[],"single_product_visibility":"visible","cart_visibility":"visible","order_visibility":"visible","single_product_price_visibility":"visible","cart_price_visibility":"visible","order_price_visibility":"visible","stock_status":"in_stock"}],"bundle_sell_ids":[],"exclude_global_add_ons":[],"addons":[],"acf":[],"yoast_head":"<!-- This site is optimized with the Yoast SEO Premium plugin v27.0 (Yoast SEO v27.1.1) - https:\/\/yoast.com\/product\/yoast-seo-premium-wordpress\/ -->\n<title>Rumpf 100 ULTIMATE + UG10<\/title>\n<meta name=\"description\" content=\"SLALOM \/ MULTIRACE \/ VMG-Varianten\" \/>\n<meta name=\"robots\" content=\"index, follow, max-snippet:-1, max-image-preview:large, max-video-preview:-1\" \/>\n<link rel=\"canonical\" href=\"http:\/\/SLALOM%20\/%20MULTIRACE%20\/%20VMG-Varianten\" \/>\n<meta property=\"og:locale\" content=\"de_DE\" \/>\n<meta property=\"og:type\" content=\"article\" \/>\n<meta property=\"og:title\" content=\"Rumpf 100 ULTIMATE + UG10\" \/>\n<meta property=\"og:description\" content=\"SLALOM \/ MULTIRACE \/ VMG-Varianten\" \/>\n<meta property=\"og:url\" content=\"https:\/\/www.lokefoil.com\/de\/store\/rumpf-100-ug10\/\" \/>\n<meta property=\"og:site_name\" content=\"LOKEFOIL\" \/>\n<meta property=\"article:modified_time\" content=\"2025-06-17T14:00:51+00:00\" \/>\n<meta property=\"og:image\" content=\"https:\/\/www.lokefoil.com\/wp-content\/uploads\/2023\/03\/fuselage_100_10.jpg\" \/>\n\t<meta property=\"og:image:width\" content=\"1599\" \/>\n\t<meta property=\"og:image:height\" content=\"1850\" \/>\n\t<meta property=\"og:image:type\" content=\"image\/jpeg\" \/>\n<meta name=\"twitter:card\" content=\"summary_large_image\" \/>\n<meta name=\"twitter:label1\" content=\"Preis\" \/>\n\t<meta name=\"twitter:data1\" content=\"0,00&nbsp;&euro;\" \/>\n\t<meta name=\"twitter:label2\" content=\"Verf\u00fcgbarkeit\" \/>\n\t<meta name=\"twitter:data2\" content=\"Auf Lager\" \/>\n<script type=\"application\/ld+json\" class=\"yoast-schema-graph\">{\"@context\":\"https:\/\/schema.org\",\"@graph\":[{\"@type\":[\"WebPage\",\"ItemPage\"],\"@id\":\"https:\/\/www.lokefoil.com\/de\/store\/rumpf-100-ug10\/\",\"url\":\"https:\/\/www.lokefoil.com\/de\/store\/rumpf-100-ug10\/\",\"name\":\"Fuselage 100 ULTIMATE + UG10 - LOKEFOIL\",\"isPartOf\":{\"@id\":\"https:\/\/www.lokefoil.com\/#website\"},\"primaryImageOfPage\":{\"@id\":\"https:\/\/www.lokefoil.com\/de\/store\/rumpf-100-ug10\/#primaryimage\"},\"image\":{\"@id\":\"https:\/\/www.lokefoil.com\/de\/store\/rumpf-100-ug10\/#primaryimage\"},\"thumbnailUrl\":\"https:\/\/www.lokefoil.com\/wp-content\/uploads\/2023\/03\/fuselage_100_10.jpg\",\"datePublished\":\"2024-01-23T09:00:03+00:00\",\"dateModified\":\"2025-06-17T14:00:51+00:00\",\"breadcrumb\":{\"@id\":\"https:\/\/www.lokefoil.com\/de\/store\/rumpf-100-ug10\/#breadcrumb\"},\"inLanguage\":\"de\",\"potentialAction\":[{\"@type\":\"ReadAction\",\"target\":[\"https:\/\/www.lokefoil.com\/de\/store\/rumpf-100-ug10\/\"]}]},{\"@type\":\"ImageObject\",\"inLanguage\":\"de\",\"@id\":\"https:\/\/www.lokefoil.com\/de\/store\/rumpf-100-ug10\/#primaryimage\",\"url\":\"https:\/\/www.lokefoil.com\/wp-content\/uploads\/2023\/03\/fuselage_100_10.jpg\",\"contentUrl\":\"https:\/\/www.lokefoil.com\/wp-content\/uploads\/2023\/03\/fuselage_100_10.jpg\",\"width\":1599,\"height\":1850},{\"@type\":\"BreadcrumbList\",\"@id\":\"https:\/\/www.lokefoil.com\/de\/store\/rumpf-100-ug10\/#breadcrumb\",\"itemListElement\":[{\"@type\":\"ListItem\",\"position\":1,\"name\":\"Tragfl\u00e4chenboote\",\"item\":\"https:\/\/www.lokefoil.com\/fr\/\"},{\"@type\":\"ListItem\",\"position\":2,\"name\":\"Shop\",\"item\":\"https:\/\/www.lokefoil.com\/fr\/store\/\"},{\"@type\":\"ListItem\",\"position\":3,\"name\":\"Rumpf 100 ULTIMATE + UG10\"}]},{\"@type\":\"WebSite\",\"@id\":\"https:\/\/www.lokefoil.com\/de\/#website\",\"url\":\"https:\/\/www.lokefoil.com\/de\/\",\"name\":\"LOKEFOIL\",\"description\":\"Foils 100% Made in France\",\"publisher\":{\"@id\":\"https:\/\/www.lokefoil.com\/de\/#organization\"},\"potentialAction\":[{\"@type\":\"SearchAction\",\"target\":{\"@type\":\"EntryPoint\",\"urlTemplate\":\"https:\/\/www.lokefoil.com\/de\/?s={search_term_string}\"},\"query-input\":{\"@type\":\"PropertyValueSpecification\",\"valueRequired\":true,\"valueName\":\"search_term_string\"}}],\"inLanguage\":\"de\"},{\"@type\":\"Organization\",\"@id\":\"https:\/\/www.lokefoil.com\/de\/#organization\",\"name\":\"LOKEFOIL\",\"url\":\"https:\/\/www.lokefoil.com\/de\/\",\"logo\":{\"@type\":\"ImageObject\",\"inLanguage\":\"de\",\"@id\":\"https:\/\/www.lokefoil.com\/de\/#\/schema\/logo\/image\/\",\"url\":\"https:\/\/www.lokefoil.com\/wp-content\/uploads\/2025\/08\/logo-seo.png\",\"contentUrl\":\"https:\/\/www.lokefoil.com\/wp-content\/uploads\/2025\/08\/logo-seo.png\",\"width\":696,\"height\":696,\"caption\":\"LOKEFOIL\"},\"image\":{\"@id\":\"https:\/\/www.lokefoil.com\/de\/#\/schema\/logo\/image\/\"}}]}<\/script>\n<meta property=\"product:price:amount\" content=\"0.00\" \/>\n<meta property=\"product:price:currency\" content=\"EUR\" \/>\n<meta property=\"og:availability\" content=\"instock\" \/>\n<meta property=\"product:availability\" content=\"instock\" \/>\n<meta property=\"product:retailer_item_id\" content=\"fuselage-100-UG10\" \/>\n<meta property=\"product:condition\" content=\"new\" \/>\n<!-- \/ Yoast SEO Premium plugin. -->","yoast_head_json":{"title":"Rumpf 100 ULTIMATE + UG10","description":"SLALOM \/ MULTIRACE \/ VMG-Varianten","robots":{"index":"index","follow":"follow","max-snippet":"max-snippet:-1","max-image-preview":"max-image-preview:large","max-video-preview":"max-video-preview:-1"},"canonical":"SLALOM \/ MULTIRACE \/ VMG-Varianten","og_locale":"de_DE","og_type":"article","og_title":"Rumpf 100 ULTIMATE + UG10","og_description":"SLALOM \/ MULTIRACE \/ VMG-Varianten","og_url":"https:\/\/www.lokefoil.com\/de\/store\/rumpf-100-ug10\/","og_site_name":"LOKEFOIL","article_modified_time":"2025-06-17T14:00:51+00:00","og_image":[{"width":1599,"height":1850,"url":"https:\/\/www.lokefoil.com\/wp-content\/uploads\/2023\/03\/fuselage_100_10.jpg","type":"image\/jpeg"}],"twitter_card":"summary_large_image","twitter_misc":{"Preis":"0,00&nbsp;&euro;","Verf\u00fcgbarkeit":"Auf Lager"},"schema":{"@context":"https:\/\/schema.org","@graph":[{"@type":["WebPage","ItemPage"],"@id":"https:\/\/www.lokefoil.com\/de\/store\/rumpf-100-ug10\/","url":"https:\/\/www.lokefoil.com\/de\/store\/rumpf-100-ug10\/","name":"Fuselage 100 ULTIMATE + UG10 - LOKEFOIL","isPartOf":{"@id":"https:\/\/www.lokefoil.com\/#website"},"primaryImageOfPage":{"@id":"https:\/\/www.lokefoil.com\/de\/store\/rumpf-100-ug10\/#primaryimage"},"image":{"@id":"https:\/\/www.lokefoil.com\/de\/store\/rumpf-100-ug10\/#primaryimage"},"thumbnailUrl":"https:\/\/www.lokefoil.com\/wp-content\/uploads\/2023\/03\/fuselage_100_10.jpg","datePublished":"2024-01-23T09:00:03+00:00","dateModified":"2025-06-17T14:00:51+00:00","breadcrumb":{"@id":"https:\/\/www.lokefoil.com\/de\/store\/rumpf-100-ug10\/#breadcrumb"},"inLanguage":"de","potentialAction":[{"@type":"ReadAction","target":["https:\/\/www.lokefoil.com\/de\/store\/rumpf-100-ug10\/"]}]},{"@type":"ImageObject","inLanguage":"de","@id":"https:\/\/www.lokefoil.com\/de\/store\/rumpf-100-ug10\/#primaryimage","url":"https:\/\/www.lokefoil.com\/wp-content\/uploads\/2023\/03\/fuselage_100_10.jpg","contentUrl":"https:\/\/www.lokefoil.com\/wp-content\/uploads\/2023\/03\/fuselage_100_10.jpg","width":1599,"height":1850},{"@type":"BreadcrumbList","@id":"https:\/\/www.lokefoil.com\/de\/store\/rumpf-100-ug10\/#breadcrumb","itemListElement":[{"@type":"ListItem","position":1,"name":"Tragfl\u00e4chenboote","item":"https:\/\/www.lokefoil.com\/fr\/"},{"@type":"ListItem","position":2,"name":"Shop","item":"https:\/\/www.lokefoil.com\/fr\/store\/"},{"@type":"ListItem","position":3,"name":"Rumpf 100 ULTIMATE + UG10"}]},{"@type":"WebSite","@id":"https:\/\/www.lokefoil.com\/de\/#website","url":"https:\/\/www.lokefoil.com\/de\/","name":"LOKEFOIL","description":"Foils 100% Made in France","publisher":{"@id":"https:\/\/www.lokefoil.com\/de\/#organization"},"potentialAction":[{"@type":"SearchAction","target":{"@type":"EntryPoint","urlTemplate":"https:\/\/www.lokefoil.com\/de\/?s={search_term_string}"},"query-input":{"@type":"PropertyValueSpecification","valueRequired":true,"valueName":"search_term_string"}}],"inLanguage":"de"},{"@type":"Organization","@id":"https:\/\/www.lokefoil.com\/de\/#organization","name":"LOKEFOIL","url":"https:\/\/www.lokefoil.com\/de\/","logo":{"@type":"ImageObject","inLanguage":"de","@id":"https:\/\/www.lokefoil.com\/de\/#\/schema\/logo\/image\/","url":"https:\/\/www.lokefoil.com\/wp-content\/uploads\/2025\/08\/logo-seo.png","contentUrl":"https:\/\/www.lokefoil.com\/wp-content\/uploads\/2025\/08\/logo-seo.png","width":696,"height":696,"caption":"LOKEFOIL"},"image":{"@id":"https:\/\/www.lokefoil.com\/de\/#\/schema\/logo\/image\/"}}]},"product_price_amount":"0.00","product_price_currency":"EUR","og_availability":"instock","product_availability":"instock","product_retailer_item_id":"fuselage-100-UG10","product_condition":"new"},"_links":{"self":[{"href":"https:\/\/www.lokefoil.com\/de\/wp-json\/wp\/v2\/product\/3126","targetHints":{"allow":["GET"]}}],"collection":[{"href":"https:\/\/www.lokefoil.com\/de\/wp-json\/wp\/v2\/product"}],"about":[{"href":"https:\/\/www.lokefoil.com\/de\/wp-json\/wp\/v2\/types\/product"}],"replies":[{"embeddable":true,"href":"https:\/\/www.lokefoil.com\/de\/wp-json\/wp\/v2\/comments?post=3126"}],"wp:featuredmedia":[{"embeddable":true,"href":"https:\/\/www.lokefoil.com\/de\/wp-json\/wp\/v2\/media\/2613"}],"wp:attachment":[{"href":"https:\/\/www.lokefoil.com\/de\/wp-json\/wp\/v2\/media?parent=3126"}],"wp:term":[{"taxonomy":"product_brand","embeddable":true,"href":"https:\/\/www.lokefoil.com\/de\/wp-json\/wp\/v2\/product_brand?post=3126"},{"taxonomy":"product_cat","embeddable":true,"href":"https:\/\/www.lokefoil.com\/de\/wp-json\/wp\/v2\/product_cat?post=3126"},{"taxonomy":"product_tag","embeddable":true,"href":"https:\/\/www.lokefoil.com\/de\/wp-json\/wp\/v2\/product_tag?post=3126"}],"curies":[{"name":"wp","href":"https:\/\/api.w.org\/{rel}","templated":true}]}}