{"id":2157,"date":"2024-01-18T09:11:23","date_gmt":"2024-01-18T08:11:23","guid":{"rendered":"https:\/\/www.lokefoil.com\/?post_type=product&#038;p=2157"},"modified":"2025-06-26T17:09:04","modified_gmt":"2025-06-26T15:09:04","slug":"hydro-pumping","status":"publish","type":"product","link":"https:\/\/www.lokefoil.com\/de\/store\/hydro-dock\/","title":{"rendered":"HYDRO DOCK"},"content":{"rendered":"<div class=\"uk-grid-large\" uk-grid=\"\">\n<div class=\"uk-flex-middle uk-width-1-3@m\">\n<h2 class=\"uk-h5 uk-margin-small\">Beschreibung<\/h2>\n<p>Der d\u00fcnne, steife und leichte HYDRO T-Bar erm\u00f6glicht es dir, die gesamte Kraft, die du erzeugst, auf dein Foil zu \u00fcbertragen. Das Ganze ist auf beiden Beinen perfekt ausbalanciert, um die zu leistende Kraft zu verteilen und deine Ride-Zeit maximal zu verl\u00e4ngern. Der 1450 ist der Kite, um deine Rekorde zu brechen, geh einfach f\u00fcr mehrere Minuten auf Wanderschaft. Wenn du einmal in Fahrt gekommen bist, kannst du mit minimalem Aufwand weiterfliegen. Der HA 170 G10 sorgt daf\u00fcr, dass du beim Start bei sehr niedrigen Geschwindigkeiten viel Grip beh\u00e4ltst und du kannst die Pumpfrequenz leicht an die Situation anpassen.<\/p>\n<\/div>\n<div class=\"uk-width-2-3@m\">\n<div>\n<div class=\"uk-child-width-1-2@s uk-grid-small\" uk-grid=\"\">\n<div><img loading=\"lazy\" decoding=\"async\" src=\"wp-content\/uploads\/2024\/01\/pack_dock_10.jpg\" alt=\"\" width=\"610\" height=\"455\"><\/div>\n<div><img loading=\"lazy\" decoding=\"async\" src=\"wp-content\/uploads\/2024\/01\/pack_dock_20.jpg\" alt=\"\" width=\"610\" height=\"455\"><\/div>\n<\/div>\n<\/div>\n<\/div>\n<\/div>\n","protected":false},"excerpt":{"rendered":"<p>Verwandle deine Sessions in eine Entdeckungsreise mit der Gleitf\u00e4higkeit und Leichtigkeit des HYDRO.<\/p>\n","protected":false},"featured_media":4862,"comment_status":"open","ping_status":"closed","template":"","meta":{"_acf_changed":false},"product_brand":[],"product_cat":[190],"product_tag":[208,209,99],"class_list":{"0":"post-2157","1":"product","2":"type-product","3":"status-publish","4":"has-post-thumbnail","6":"product_cat-pumping","7":"product_tag-dockstart","8":"product_tag-pack","9":"product_tag-pumping","10":"product_shipping_class-colis-l","12":"first","13":"instock","14":"sale","15":"taxable","16":"shipping-taxable","17":"purchasable","18":"product-type-bundle"},"bundled_by":[],"bundle_stock_status":"instock","bundle_stock_quantity":18,"bundle_virtual":false,"bundle_layout":"default","bundle_add_to_cart_form_location":"default","bundle_editable_in_cart":false,"bundle_sold_individually_context":"product","bundle_item_grouping":"parent","bundle_min_size":"","bundle_max_size":"","bundle_price":{"price":{"min":{"incl_tax":"2203.2","excl_tax":"1836"},"max":{"incl_tax":"2747.7","excl_tax":"2289.75"}},"regular_price":{"min":{"incl_tax":"2469","excl_tax":"2057.5"},"max":{"incl_tax":"3074","excl_tax":"2561.67"}}},"bundled_items":[{"bundled_item_id":252,"product_id":1222,"menu_order":0,"quantity_min":1,"quantity_max":1,"quantity_default":1,"priced_individually":true,"shipped_individually":false,"override_title":false,"title":"T-Bar Hydro","override_description":false,"description":"","optional":false,"hide_thumbnail":false,"discount":"10","override_variations":true,"allowed_variations":[1733,1741,1740,1734,1739,1735],"override_default_variation_attributes":true,"default_variation_attributes":[{"id":1,"name":"Construction","option":"carbone-hm"},{"id":6,"name":"Taille de m\u00e2t","option":"80"}],"single_product_visibility":"visible","cart_visibility":"visible","order_visibility":"visible","single_product_price_visibility":"visible","cart_price_visibility":"visible","order_price_visibility":"visible","stock_status":"in_stock"},{"bundled_item_id":251,"product_id":525,"menu_order":1,"quantity_min":1,"quantity_max":1,"quantity_default":1,"priced_individually":true,"shipped_individually":false,"override_title":false,"title":"Aile ACTIV 1450","override_description":false,"description":"","optional":false,"hide_thumbnail":false,"discount":"10","override_variations":false,"allowed_variations":[],"override_default_variation_attributes":true,"default_variation_attributes":[{"id":1,"name":"Construction","option":"carbone-hr"}],"single_product_visibility":"visible","cart_visibility":"visible","order_visibility":"visible","single_product_price_visibility":"visible","cart_price_visibility":"visible","order_price_visibility":"visible","stock_status":"in_stock"},{"bundled_item_id":470,"product_id":5382,"menu_order":2,"quantity_min":1,"quantity_max":1,"quantity_default":1,"priced_individually":true,"shipped_individually":false,"override_title":false,"title":"Stabilisateur HA 170 carbone","override_description":false,"description":"","optional":false,"hide_thumbnail":false,"discount":"10","override_variations":false,"allowed_variations":[],"override_default_variation_attributes":false,"default_variation_attributes":[],"single_product_visibility":"visible","cart_visibility":"visible","order_visibility":"visible","single_product_price_visibility":"visible","cart_price_visibility":"visible","order_price_visibility":"visible","stock_status":"in_stock"},{"bundled_item_id":249,"product_id":2010,"menu_order":3,"quantity_min":1,"quantity_max":1,"quantity_default":1,"priced_individually":true,"shipped_individually":false,"override_title":false,"title":"Cales de stabilisateurs","override_description":false,"description":"","optional":false,"hide_thumbnail":false,"discount":"100","override_variations":false,"allowed_variations":[],"override_default_variation_attributes":false,"default_variation_attributes":[],"single_product_visibility":"visible","cart_visibility":"visible","order_visibility":"visible","single_product_price_visibility":"visible","cart_price_visibility":"visible","order_price_visibility":"visible","stock_status":"in_stock"},{"bundled_item_id":250,"product_id":1759,"menu_order":4,"quantity_min":1,"quantity_max":1,"quantity_default":1,"priced_individually":true,"shipped_individually":false,"override_title":false,"title":"Pack de visseries","override_description":false,"description":"","optional":false,"hide_thumbnail":false,"discount":"100","override_variations":false,"allowed_variations":[],"override_default_variation_attributes":false,"default_variation_attributes":[],"single_product_visibility":"visible","cart_visibility":"visible","order_visibility":"visible","single_product_price_visibility":"visible","cart_price_visibility":"visible","order_price_visibility":"visible","stock_status":"in_stock"},{"bundled_item_id":248,"product_id":1752,"menu_order":5,"quantity_min":0,"quantity_max":1,"quantity_default":0,"priced_individually":true,"shipped_individually":false,"override_title":false,"title":"Housse pack","override_description":false,"description":"","optional":false,"hide_thumbnail":false,"discount":"10","override_variations":true,"allowed_variations":[1754,1755],"override_default_variation_attributes":true,"default_variation_attributes":[],"single_product_visibility":"visible","cart_visibility":"visible","order_visibility":"visible","single_product_price_visibility":"visible","cart_price_visibility":"visible","order_price_visibility":"visible","stock_status":"in_stock"}],"bundle_sell_ids":[],"exclude_global_add_ons":[],"addons":[],"acf":[],"yoast_head":"<!-- This site is optimized with the Yoast SEO Premium plugin v27.0 (Yoast SEO v27.1.1) - https:\/\/yoast.com\/product\/yoast-seo-premium-wordpress\/ -->\n<title>HYDRO DOCK<\/title>\n<meta name=\"description\" content=\"Verwandle deine Sessions in eine Entdeckungsreise mit der Gleitf\u00e4higkeit und Leichtigkeit des HYDRO.\" \/>\n<meta name=\"robots\" content=\"index, follow, max-snippet:-1, max-image-preview:large, max-video-preview:-1\" \/>\n<link rel=\"canonical\" href=\"http:\/\/Verwandle%20deine%20Sessions%20in%20eine%20Entdeckungsreise%20mit%20der%20Gleitf\u00e4higkeit%20und%20Leichtigkeit%20des%20HYDRO.\" \/>\n<meta property=\"og:locale\" content=\"de_DE\" \/>\n<meta property=\"og:type\" content=\"article\" \/>\n<meta property=\"og:title\" content=\"HYDRO DOCK\" \/>\n<meta property=\"og:description\" content=\"Verwandle deine Sessions in eine Entdeckungsreise mit der Gleitf\u00e4higkeit und Leichtigkeit des HYDRO.\" \/>\n<meta property=\"og:url\" content=\"https:\/\/www.lokefoil.com\/de\/store\/hydro-dock\/\" \/>\n<meta property=\"og:site_name\" content=\"LOKEFOIL\" \/>\n<meta property=\"article:modified_time\" content=\"2025-06-26T15:09:04+00:00\" \/>\n<meta property=\"og:image\" content=\"https:\/\/www.lokefoil.com\/wp-content\/uploads\/2024\/01\/pack_hydro_dock_150.jpg\" \/>\n\t<meta property=\"og:image:width\" content=\"1599\" \/>\n\t<meta property=\"og:image:height\" content=\"1850\" \/>\n\t<meta property=\"og:image:type\" content=\"image\/jpeg\" \/>\n<meta name=\"twitter:card\" content=\"summary_large_image\" \/>\n<meta name=\"twitter:label1\" content=\"Preis\" \/>\n\t<meta name=\"twitter:data1\" content=\"0,00&nbsp;&euro;\" \/>\n\t<meta name=\"twitter:label2\" content=\"Verf\u00fcgbarkeit\" \/>\n\t<meta name=\"twitter:data2\" content=\"Auf Lager\" \/>\n<script type=\"application\/ld+json\" class=\"yoast-schema-graph\">{\"@context\":\"https:\/\/schema.org\",\"@graph\":[{\"@type\":[\"WebPage\",\"ItemPage\"],\"@id\":\"https:\/\/www.lokefoil.com\/de\/store\/hydro-dock\/\",\"url\":\"https:\/\/www.lokefoil.com\/de\/store\/hydro-dock\/\",\"name\":\"HYDRO PUMPING - LOKEFOIL\",\"isPartOf\":{\"@id\":\"https:\/\/www.lokefoil.com\/#website\"},\"primaryImageOfPage\":{\"@id\":\"https:\/\/www.lokefoil.com\/de\/store\/hydro-dock\/#primaryimage\"},\"image\":{\"@id\":\"https:\/\/www.lokefoil.com\/de\/store\/hydro-dock\/#primaryimage\"},\"thumbnailUrl\":\"https:\/\/www.lokefoil.com\/wp-content\/uploads\/2024\/01\/pack_hydro_dock_150.jpg\",\"datePublished\":\"2024-01-18T08:11:23+00:00\",\"dateModified\":\"2025-06-26T15:09:04+00:00\",\"description\":\"Le T-bar HYDRO, fin, rigide et l\u00e9ger vous permet de transmettre tout l\u2019effort que vous produisez \u00e0 votre foil. L\u2019ensemble est parfaitement \u00e9quilibr\u00e9 sur les deux jambes afin de r\u00e9partir les efforts \u00e0 fournir et d\u2019allonger au maximum votre temps de ride. Le T-bar HYDRO, fin, rigide et l\u00e9ger vous permet de transmettre tout l\u2019effort que vous produisez \u00e0 votre foil. L\u2019ensemble est parfaitement \u00e9quilibr\u00e9 sur les deux jambes afin de r\u00e9partir les efforts \u00e0 fournir et d\u2019allonger au maximum votre temps de ride.La 1450 est l\u2019aile pour battre vos records, partez vous balader pendant plusieurs minutes. Une fois que vous avez pris le rythme, vous pourrez continuer \u00e0 voler avec un minimum d\u2019efforts. Le HA 170 vous permettra de garder beaucoup d\u2019accroche au d\u00e9part \u00e0 tr\u00e8s faible vitesse et vous donnera la possibilit\u00e9 de facilement adapter la fr\u00e9quence de pumping \u00e0 la situation.\",\"breadcrumb\":{\"@id\":\"https:\/\/www.lokefoil.com\/de\/store\/hydro-dock\/#breadcrumb\"},\"inLanguage\":\"de\",\"potentialAction\":[{\"@type\":\"ReadAction\",\"target\":[\"https:\/\/www.lokefoil.com\/de\/store\/hydro-dock\/\"]}]},{\"@type\":\"ImageObject\",\"inLanguage\":\"de\",\"@id\":\"https:\/\/www.lokefoil.com\/de\/store\/hydro-dock\/#primaryimage\",\"url\":\"https:\/\/www.lokefoil.com\/wp-content\/uploads\/2024\/01\/pack_hydro_dock_150.jpg\",\"contentUrl\":\"https:\/\/www.lokefoil.com\/wp-content\/uploads\/2024\/01\/pack_hydro_dock_150.jpg\",\"width\":1599,\"height\":1850},{\"@type\":\"BreadcrumbList\",\"@id\":\"https:\/\/www.lokefoil.com\/de\/store\/hydro-dock\/#breadcrumb\",\"itemListElement\":[{\"@type\":\"ListItem\",\"position\":1,\"name\":\"Tragfl\u00e4chenboote\",\"item\":\"https:\/\/www.lokefoil.com\/fr\/\"},{\"@type\":\"ListItem\",\"position\":2,\"name\":\"Shop\",\"item\":\"https:\/\/www.lokefoil.com\/fr\/store\/\"},{\"@type\":\"ListItem\",\"position\":3,\"name\":\"HYDRO DOCK\"}]},{\"@type\":\"WebSite\",\"@id\":\"https:\/\/www.lokefoil.com\/de\/#website\",\"url\":\"https:\/\/www.lokefoil.com\/de\/\",\"name\":\"LOKEFOIL\",\"description\":\"Foils 100% Made in France\",\"publisher\":{\"@id\":\"https:\/\/www.lokefoil.com\/de\/#organization\"},\"potentialAction\":[{\"@type\":\"SearchAction\",\"target\":{\"@type\":\"EntryPoint\",\"urlTemplate\":\"https:\/\/www.lokefoil.com\/de\/?s={search_term_string}\"},\"query-input\":{\"@type\":\"PropertyValueSpecification\",\"valueRequired\":true,\"valueName\":\"search_term_string\"}}],\"inLanguage\":\"de\"},{\"@type\":\"Organization\",\"@id\":\"https:\/\/www.lokefoil.com\/de\/#organization\",\"name\":\"LOKEFOIL\",\"url\":\"https:\/\/www.lokefoil.com\/de\/\",\"logo\":{\"@type\":\"ImageObject\",\"inLanguage\":\"de\",\"@id\":\"https:\/\/www.lokefoil.com\/de\/#\/schema\/logo\/image\/\",\"url\":\"https:\/\/www.lokefoil.com\/wp-content\/uploads\/2025\/08\/logo-seo.png\",\"contentUrl\":\"https:\/\/www.lokefoil.com\/wp-content\/uploads\/2025\/08\/logo-seo.png\",\"width\":696,\"height\":696,\"caption\":\"LOKEFOIL\"},\"image\":{\"@id\":\"https:\/\/www.lokefoil.com\/de\/#\/schema\/logo\/image\/\"}}]}<\/script>\n<meta property=\"product:price:amount\" content=\"0.00\" \/>\n<meta property=\"product:price:currency\" content=\"EUR\" \/>\n<meta property=\"og:availability\" content=\"instock\" \/>\n<meta property=\"product:availability\" content=\"instock\" \/>\n<meta property=\"product:retailer_item_id\" content=\"pack-hydro-pumping\" \/>\n<meta property=\"product:condition\" content=\"new\" \/>\n<!-- \/ Yoast SEO Premium plugin. -->","yoast_head_json":{"title":"HYDRO DOCK","description":"Verwandle deine Sessions in eine Entdeckungsreise mit der Gleitf\u00e4higkeit und Leichtigkeit des HYDRO.","robots":{"index":"index","follow":"follow","max-snippet":"max-snippet:-1","max-image-preview":"max-image-preview:large","max-video-preview":"max-video-preview:-1"},"canonical":"Verwandle deine Sessions in eine Entdeckungsreise mit der Gleitf\u00e4higkeit und Leichtigkeit des HYDRO.","og_locale":"de_DE","og_type":"article","og_title":"HYDRO DOCK","og_description":"Verwandle deine Sessions in eine Entdeckungsreise mit der Gleitf\u00e4higkeit und Leichtigkeit des HYDRO.","og_url":"https:\/\/www.lokefoil.com\/de\/store\/hydro-dock\/","og_site_name":"LOKEFOIL","article_modified_time":"2025-06-26T15:09:04+00:00","og_image":[{"width":1599,"height":1850,"url":"https:\/\/www.lokefoil.com\/wp-content\/uploads\/2024\/01\/pack_hydro_dock_150.jpg","type":"image\/jpeg"}],"twitter_card":"summary_large_image","twitter_misc":{"Preis":"0,00&nbsp;&euro;","Verf\u00fcgbarkeit":"Auf Lager"},"schema":{"@context":"https:\/\/schema.org","@graph":[{"@type":["WebPage","ItemPage"],"@id":"https:\/\/www.lokefoil.com\/de\/store\/hydro-dock\/","url":"https:\/\/www.lokefoil.com\/de\/store\/hydro-dock\/","name":"HYDRO PUMPING - LOKEFOIL","isPartOf":{"@id":"https:\/\/www.lokefoil.com\/#website"},"primaryImageOfPage":{"@id":"https:\/\/www.lokefoil.com\/de\/store\/hydro-dock\/#primaryimage"},"image":{"@id":"https:\/\/www.lokefoil.com\/de\/store\/hydro-dock\/#primaryimage"},"thumbnailUrl":"https:\/\/www.lokefoil.com\/wp-content\/uploads\/2024\/01\/pack_hydro_dock_150.jpg","datePublished":"2024-01-18T08:11:23+00:00","dateModified":"2025-06-26T15:09:04+00:00","description":"Le T-bar HYDRO, fin, rigide et l\u00e9ger vous permet de transmettre tout l\u2019effort que vous produisez \u00e0 votre foil. L\u2019ensemble est parfaitement \u00e9quilibr\u00e9 sur les deux jambes afin de r\u00e9partir les efforts \u00e0 fournir et d\u2019allonger au maximum votre temps de ride. Le T-bar HYDRO, fin, rigide et l\u00e9ger vous permet de transmettre tout l\u2019effort que vous produisez \u00e0 votre foil. L\u2019ensemble est parfaitement \u00e9quilibr\u00e9 sur les deux jambes afin de r\u00e9partir les efforts \u00e0 fournir et d\u2019allonger au maximum votre temps de ride.La 1450 est l\u2019aile pour battre vos records, partez vous balader pendant plusieurs minutes. Une fois que vous avez pris le rythme, vous pourrez continuer \u00e0 voler avec un minimum d\u2019efforts. Le HA 170 vous permettra de garder beaucoup d\u2019accroche au d\u00e9part \u00e0 tr\u00e8s faible vitesse et vous donnera la possibilit\u00e9 de facilement adapter la fr\u00e9quence de pumping \u00e0 la situation.","breadcrumb":{"@id":"https:\/\/www.lokefoil.com\/de\/store\/hydro-dock\/#breadcrumb"},"inLanguage":"de","potentialAction":[{"@type":"ReadAction","target":["https:\/\/www.lokefoil.com\/de\/store\/hydro-dock\/"]}]},{"@type":"ImageObject","inLanguage":"de","@id":"https:\/\/www.lokefoil.com\/de\/store\/hydro-dock\/#primaryimage","url":"https:\/\/www.lokefoil.com\/wp-content\/uploads\/2024\/01\/pack_hydro_dock_150.jpg","contentUrl":"https:\/\/www.lokefoil.com\/wp-content\/uploads\/2024\/01\/pack_hydro_dock_150.jpg","width":1599,"height":1850},{"@type":"BreadcrumbList","@id":"https:\/\/www.lokefoil.com\/de\/store\/hydro-dock\/#breadcrumb","itemListElement":[{"@type":"ListItem","position":1,"name":"Tragfl\u00e4chenboote","item":"https:\/\/www.lokefoil.com\/fr\/"},{"@type":"ListItem","position":2,"name":"Shop","item":"https:\/\/www.lokefoil.com\/fr\/store\/"},{"@type":"ListItem","position":3,"name":"HYDRO DOCK"}]},{"@type":"WebSite","@id":"https:\/\/www.lokefoil.com\/de\/#website","url":"https:\/\/www.lokefoil.com\/de\/","name":"LOKEFOIL","description":"Foils 100% Made in France","publisher":{"@id":"https:\/\/www.lokefoil.com\/de\/#organization"},"potentialAction":[{"@type":"SearchAction","target":{"@type":"EntryPoint","urlTemplate":"https:\/\/www.lokefoil.com\/de\/?s={search_term_string}"},"query-input":{"@type":"PropertyValueSpecification","valueRequired":true,"valueName":"search_term_string"}}],"inLanguage":"de"},{"@type":"Organization","@id":"https:\/\/www.lokefoil.com\/de\/#organization","name":"LOKEFOIL","url":"https:\/\/www.lokefoil.com\/de\/","logo":{"@type":"ImageObject","inLanguage":"de","@id":"https:\/\/www.lokefoil.com\/de\/#\/schema\/logo\/image\/","url":"https:\/\/www.lokefoil.com\/wp-content\/uploads\/2025\/08\/logo-seo.png","contentUrl":"https:\/\/www.lokefoil.com\/wp-content\/uploads\/2025\/08\/logo-seo.png","width":696,"height":696,"caption":"LOKEFOIL"},"image":{"@id":"https:\/\/www.lokefoil.com\/de\/#\/schema\/logo\/image\/"}}]},"product_price_amount":"0.00","product_price_currency":"EUR","og_availability":"instock","product_availability":"instock","product_retailer_item_id":"pack-hydro-pumping","product_condition":"new"},"_links":{"self":[{"href":"https:\/\/www.lokefoil.com\/de\/wp-json\/wp\/v2\/product\/2157","targetHints":{"allow":["GET"]}}],"collection":[{"href":"https:\/\/www.lokefoil.com\/de\/wp-json\/wp\/v2\/product"}],"about":[{"href":"https:\/\/www.lokefoil.com\/de\/wp-json\/wp\/v2\/types\/product"}],"replies":[{"embeddable":true,"href":"https:\/\/www.lokefoil.com\/de\/wp-json\/wp\/v2\/comments?post=2157"}],"wp:featuredmedia":[{"embeddable":true,"href":"https:\/\/www.lokefoil.com\/de\/wp-json\/wp\/v2\/media\/4862"}],"wp:attachment":[{"href":"https:\/\/www.lokefoil.com\/de\/wp-json\/wp\/v2\/media?parent=2157"}],"wp:term":[{"taxonomy":"product_brand","embeddable":true,"href":"https:\/\/www.lokefoil.com\/de\/wp-json\/wp\/v2\/product_brand?post=2157"},{"taxonomy":"product_cat","embeddable":true,"href":"https:\/\/www.lokefoil.com\/de\/wp-json\/wp\/v2\/product_cat?post=2157"},{"taxonomy":"product_tag","embeddable":true,"href":"https:\/\/www.lokefoil.com\/de\/wp-json\/wp\/v2\/product_tag?post=2157"}],"curies":[{"name":"wp","href":"https:\/\/api.w.org\/{rel}","templated":true}]}}