{"id":1598,"date":"2024-01-11T12:34:49","date_gmt":"2024-01-11T11:34:49","guid":{"rendered":"https:\/\/www.lokefoil.com\/?post_type=product&#038;p=1598"},"modified":"2026-02-14T16:58:52","modified_gmt":"2026-02-14T15:58:52","slug":"vis-m8","status":"publish","type":"product","link":"https:\/\/www.lokefoil.com\/de\/store\/schraube-m8\/","title":{"rendered":"M8-Schraube"},"content":{"rendered":"<h2 class=\"uk-h5 uk-margin-small\">Beschreibung<\/h2>\n<p>M8-Schrauben zum Befestigen der Fl\u00fcgel oder R\u00fcmpfe und verwenden Sie einen T45-Schraubendreher. Sehen Sie sich unsere Anweisungen an, um herauszufinden, welche Gr\u00f6\u00dfen Sie je nach Fl\u00fcgel und Rumpf ben\u00f6tigen.<\/p>\n","protected":false},"excerpt":{"rendered":"<p>M8 Senkkopfschraube.<\/p>\n","protected":false},"featured_media":2466,"comment_status":"open","ping_status":"closed","template":"","meta":{"_acf_changed":false},"product_brand":[],"product_cat":[75],"product_tag":[],"class_list":{"0":"post-1598","1":"product","2":"type-product","3":"status-publish","4":"has-post-thumbnail","6":"product_cat-schrauben","7":"product_shipping_class-enveloppes","9":"first","10":"instock","11":"taxable","12":"shipping-taxable","13":"purchasable","14":"product-type-variable"},"bundled_by":[],"bundle_stock_status":"instock","bundle_stock_quantity":158,"bundle_virtual":false,"bundle_layout":"","bundle_add_to_cart_form_location":"","bundle_editable_in_cart":false,"bundle_sold_individually_context":"","bundle_item_grouping":"","bundle_min_size":"","bundle_max_size":"","bundle_price":[],"bundled_items":[],"bundle_sell_ids":[],"exclude_global_add_ons":[],"addons":[],"acf":[],"yoast_head":"<!-- This site is optimized with the Yoast SEO Premium plugin v27.0 (Yoast SEO v27.1.1) - https:\/\/yoast.com\/product\/yoast-seo-premium-wordpress\/ -->\n<title>M8-Schraube<\/title>\n<meta name=\"description\" content=\"M8 Senkkopfschraube.\" \/>\n<meta name=\"robots\" content=\"index, follow, max-snippet:-1, max-image-preview:large, max-video-preview:-1\" \/>\n<link rel=\"canonical\" href=\"http:\/\/M8%20Senkkopfschraube.\" \/>\n<meta property=\"og:locale\" content=\"de_DE\" \/>\n<meta property=\"og:type\" content=\"article\" \/>\n<meta property=\"og:title\" content=\"M8-Schraube\" \/>\n<meta property=\"og:description\" content=\"M8 Senkkopfschraube.\" \/>\n<meta property=\"og:url\" content=\"https:\/\/www.lokefoil.com\/de\/store\/schraube-m8\/\" \/>\n<meta property=\"og:site_name\" content=\"LOKEFOIL\" \/>\n<meta property=\"article:modified_time\" content=\"2026-02-14T15:58:52+00:00\" \/>\n<meta property=\"og:image\" content=\"https:\/\/www.lokefoil.com\/wp-content\/uploads\/2024\/01\/vis_m8_10.jpg\" \/>\n\t<meta property=\"og:image:width\" content=\"1599\" \/>\n\t<meta property=\"og:image:height\" content=\"1850\" \/>\n\t<meta property=\"og:image:type\" content=\"image\/jpeg\" \/>\n<meta name=\"twitter:card\" content=\"summary_large_image\" \/>\n<meta name=\"twitter:label1\" content=\"Verf\u00fcgbarkeit\" \/>\n\t<meta name=\"twitter:data1\" content=\"Auf Lager\" \/>\n<script type=\"application\/ld+json\" class=\"yoast-schema-graph\">{\"@context\":\"https:\/\/schema.org\",\"@graph\":[{\"@type\":[\"WebPage\",\"ItemPage\"],\"@id\":\"https:\/\/www.lokefoil.com\/de\/store\/schraube-m8\/\",\"url\":\"https:\/\/www.lokefoil.com\/de\/store\/schraube-m8\/\",\"name\":\"Vis M8 - LOKEFOIL\",\"isPartOf\":{\"@id\":\"https:\/\/www.lokefoil.com\/#website\"},\"primaryImageOfPage\":{\"@id\":\"https:\/\/www.lokefoil.com\/de\/store\/schraube-m8\/#primaryimage\"},\"image\":{\"@id\":\"https:\/\/www.lokefoil.com\/de\/store\/schraube-m8\/#primaryimage\"},\"thumbnailUrl\":\"https:\/\/www.lokefoil.com\/wp-content\/uploads\/2024\/01\/vis_m8_10.jpg\",\"datePublished\":\"2024-01-11T11:34:49+00:00\",\"dateModified\":\"2026-02-14T15:58:52+00:00\",\"breadcrumb\":{\"@id\":\"https:\/\/www.lokefoil.com\/de\/store\/schraube-m8\/#breadcrumb\"},\"inLanguage\":\"de\",\"potentialAction\":[{\"@type\":\"ReadAction\",\"target\":[\"https:\/\/www.lokefoil.com\/de\/store\/schraube-m8\/\"]}]},{\"@type\":\"ImageObject\",\"inLanguage\":\"de\",\"@id\":\"https:\/\/www.lokefoil.com\/de\/store\/schraube-m8\/#primaryimage\",\"url\":\"https:\/\/www.lokefoil.com\/wp-content\/uploads\/2024\/01\/vis_m8_10.jpg\",\"contentUrl\":\"https:\/\/www.lokefoil.com\/wp-content\/uploads\/2024\/01\/vis_m8_10.jpg\",\"width\":1599,\"height\":1850},{\"@type\":\"BreadcrumbList\",\"@id\":\"https:\/\/www.lokefoil.com\/de\/store\/schraube-m8\/#breadcrumb\",\"itemListElement\":[{\"@type\":\"ListItem\",\"position\":1,\"name\":\"Tragfl\u00e4chenboote\",\"item\":\"https:\/\/www.lokefoil.com\/fr\/\"},{\"@type\":\"ListItem\",\"position\":2,\"name\":\"Shop\",\"item\":\"https:\/\/www.lokefoil.com\/fr\/store\/\"},{\"@type\":\"ListItem\",\"position\":3,\"name\":\"M8-Schraube\"}]},{\"@type\":\"WebSite\",\"@id\":\"https:\/\/www.lokefoil.com\/de\/#website\",\"url\":\"https:\/\/www.lokefoil.com\/de\/\",\"name\":\"LOKEFOIL\",\"description\":\"Foils 100% Made in France\",\"publisher\":{\"@id\":\"https:\/\/www.lokefoil.com\/de\/#organization\"},\"potentialAction\":[{\"@type\":\"SearchAction\",\"target\":{\"@type\":\"EntryPoint\",\"urlTemplate\":\"https:\/\/www.lokefoil.com\/de\/?s={search_term_string}\"},\"query-input\":{\"@type\":\"PropertyValueSpecification\",\"valueRequired\":true,\"valueName\":\"search_term_string\"}}],\"inLanguage\":\"de\"},{\"@type\":\"Organization\",\"@id\":\"https:\/\/www.lokefoil.com\/de\/#organization\",\"name\":\"LOKEFOIL\",\"url\":\"https:\/\/www.lokefoil.com\/de\/\",\"logo\":{\"@type\":\"ImageObject\",\"inLanguage\":\"de\",\"@id\":\"https:\/\/www.lokefoil.com\/de\/#\/schema\/logo\/image\/\",\"url\":\"https:\/\/www.lokefoil.com\/wp-content\/uploads\/2025\/08\/logo-seo.png\",\"contentUrl\":\"https:\/\/www.lokefoil.com\/wp-content\/uploads\/2025\/08\/logo-seo.png\",\"width\":696,\"height\":696,\"caption\":\"LOKEFOIL\"},\"image\":{\"@id\":\"https:\/\/www.lokefoil.com\/de\/#\/schema\/logo\/image\/\"}}]}<\/script>\n<meta property=\"og:availability\" content=\"instock\" \/>\n<meta property=\"product:availability\" content=\"instock\" \/>\n<meta property=\"product:retailer_item_id\" content=\"vis-inox-m8\" \/>\n<meta property=\"product:condition\" content=\"new\" \/>\n<!-- \/ Yoast SEO Premium plugin. -->","yoast_head_json":{"title":"M8-Schraube","description":"M8 Senkkopfschraube.","robots":{"index":"index","follow":"follow","max-snippet":"max-snippet:-1","max-image-preview":"max-image-preview:large","max-video-preview":"max-video-preview:-1"},"canonical":"M8 Senkkopfschraube.","og_locale":"de_DE","og_type":"article","og_title":"M8-Schraube","og_description":"M8 Senkkopfschraube.","og_url":"https:\/\/www.lokefoil.com\/de\/store\/schraube-m8\/","og_site_name":"LOKEFOIL","article_modified_time":"2026-02-14T15:58:52+00:00","og_image":[{"width":1599,"height":1850,"url":"https:\/\/www.lokefoil.com\/wp-content\/uploads\/2024\/01\/vis_m8_10.jpg","type":"image\/jpeg"}],"twitter_card":"summary_large_image","twitter_misc":{"Verf\u00fcgbarkeit":"Auf Lager"},"schema":{"@context":"https:\/\/schema.org","@graph":[{"@type":["WebPage","ItemPage"],"@id":"https:\/\/www.lokefoil.com\/de\/store\/schraube-m8\/","url":"https:\/\/www.lokefoil.com\/de\/store\/schraube-m8\/","name":"Vis M8 - LOKEFOIL","isPartOf":{"@id":"https:\/\/www.lokefoil.com\/#website"},"primaryImageOfPage":{"@id":"https:\/\/www.lokefoil.com\/de\/store\/schraube-m8\/#primaryimage"},"image":{"@id":"https:\/\/www.lokefoil.com\/de\/store\/schraube-m8\/#primaryimage"},"thumbnailUrl":"https:\/\/www.lokefoil.com\/wp-content\/uploads\/2024\/01\/vis_m8_10.jpg","datePublished":"2024-01-11T11:34:49+00:00","dateModified":"2026-02-14T15:58:52+00:00","breadcrumb":{"@id":"https:\/\/www.lokefoil.com\/de\/store\/schraube-m8\/#breadcrumb"},"inLanguage":"de","potentialAction":[{"@type":"ReadAction","target":["https:\/\/www.lokefoil.com\/de\/store\/schraube-m8\/"]}]},{"@type":"ImageObject","inLanguage":"de","@id":"https:\/\/www.lokefoil.com\/de\/store\/schraube-m8\/#primaryimage","url":"https:\/\/www.lokefoil.com\/wp-content\/uploads\/2024\/01\/vis_m8_10.jpg","contentUrl":"https:\/\/www.lokefoil.com\/wp-content\/uploads\/2024\/01\/vis_m8_10.jpg","width":1599,"height":1850},{"@type":"BreadcrumbList","@id":"https:\/\/www.lokefoil.com\/de\/store\/schraube-m8\/#breadcrumb","itemListElement":[{"@type":"ListItem","position":1,"name":"Tragfl\u00e4chenboote","item":"https:\/\/www.lokefoil.com\/fr\/"},{"@type":"ListItem","position":2,"name":"Shop","item":"https:\/\/www.lokefoil.com\/fr\/store\/"},{"@type":"ListItem","position":3,"name":"M8-Schraube"}]},{"@type":"WebSite","@id":"https:\/\/www.lokefoil.com\/de\/#website","url":"https:\/\/www.lokefoil.com\/de\/","name":"LOKEFOIL","description":"Foils 100% Made in France","publisher":{"@id":"https:\/\/www.lokefoil.com\/de\/#organization"},"potentialAction":[{"@type":"SearchAction","target":{"@type":"EntryPoint","urlTemplate":"https:\/\/www.lokefoil.com\/de\/?s={search_term_string}"},"query-input":{"@type":"PropertyValueSpecification","valueRequired":true,"valueName":"search_term_string"}}],"inLanguage":"de"},{"@type":"Organization","@id":"https:\/\/www.lokefoil.com\/de\/#organization","name":"LOKEFOIL","url":"https:\/\/www.lokefoil.com\/de\/","logo":{"@type":"ImageObject","inLanguage":"de","@id":"https:\/\/www.lokefoil.com\/de\/#\/schema\/logo\/image\/","url":"https:\/\/www.lokefoil.com\/wp-content\/uploads\/2025\/08\/logo-seo.png","contentUrl":"https:\/\/www.lokefoil.com\/wp-content\/uploads\/2025\/08\/logo-seo.png","width":696,"height":696,"caption":"LOKEFOIL"},"image":{"@id":"https:\/\/www.lokefoil.com\/de\/#\/schema\/logo\/image\/"}}]},"og_availability":"instock","product_availability":"instock","product_retailer_item_id":"vis-inox-m8","product_condition":"new"},"_links":{"self":[{"href":"https:\/\/www.lokefoil.com\/de\/wp-json\/wp\/v2\/product\/1598","targetHints":{"allow":["GET"]}}],"collection":[{"href":"https:\/\/www.lokefoil.com\/de\/wp-json\/wp\/v2\/product"}],"about":[{"href":"https:\/\/www.lokefoil.com\/de\/wp-json\/wp\/v2\/types\/product"}],"replies":[{"embeddable":true,"href":"https:\/\/www.lokefoil.com\/de\/wp-json\/wp\/v2\/comments?post=1598"}],"wp:featuredmedia":[{"embeddable":true,"href":"https:\/\/www.lokefoil.com\/de\/wp-json\/wp\/v2\/media\/2466"}],"wp:attachment":[{"href":"https:\/\/www.lokefoil.com\/de\/wp-json\/wp\/v2\/media?parent=1598"}],"wp:term":[{"taxonomy":"product_brand","embeddable":true,"href":"https:\/\/www.lokefoil.com\/de\/wp-json\/wp\/v2\/product_brand?post=1598"},{"taxonomy":"product_cat","embeddable":true,"href":"https:\/\/www.lokefoil.com\/de\/wp-json\/wp\/v2\/product_cat?post=1598"},{"taxonomy":"product_tag","embeddable":true,"href":"https:\/\/www.lokefoil.com\/de\/wp-json\/wp\/v2\/product_tag?post=1598"}],"curies":[{"name":"wp","href":"https:\/\/api.w.org\/{rel}","templated":true}]}}