{"id":330,"date":"2023-03-14T08:44:26","date_gmt":"2023-03-14T07:44:26","guid":{"rendered":"http:\/\/localhost\/loke2foil\/?page_id=330"},"modified":"2024-01-25T10:23:08","modified_gmt":"2024-01-25T09:23:08","slug":"reparations-garanties","status":"publish","type":"page","link":"https:\/\/www.lokefoil.com\/de\/garantien\/","title":{"rendered":"Garantien"},"content":{"rendered":"\r\n<p>F\u00fcr LOKEFOIL-Produkte gilt eine Garantie gem\u00e4\u00df den in Frankreich geltenden Gesetzen.<\/p>\r\n\r\n\r\n\r\n<p>Diese Garantie unterliegt den folgenden einschr\u00e4nkenden Klauseln: Die Garantie gilt nur, wenn das Produkt unter normalen Nutzungsbedingungen verwendet wird.<br \/>LOKEFOIL beh\u00e4lt sich das Recht vor, durch eine Sichtpr\u00fcfung (Foto oder Sichtpr\u00fcfung des Materials), die den\/die Mangel(e) deutlich zeigt, selbst zu entscheiden, ob die Garantie gedeckt ist oder nicht.<br \/>Jeder Garantieanfrage muss die Originalrechnung beigef\u00fcgt werden. Wenn das Produkt von LOKEFOIL als defekt erkl\u00e4rt wird, umfasst die Garantie die Reparatur oder den Austausch des defekten Produkts f\u00fcr 24 Monate nach dem Verkauf. LOKEFOIL ist nicht verantwortlich f\u00fcr zus\u00e4tzliche Kosten, Verluste oder Sch\u00e4den, die durch den Missbrauch dieses Produkts entstehen.<br \/>Diese Garantie deckt keine Sch\u00e4den ab, die verursacht wurden durch:<br \/>\u2022 Fahrl\u00e4ssigkeit oder Missbrauch.<br \/>\u2022 Schlechte Lagerung und\/oder Wartung der Ausr\u00fcstung.<br \/>\u2022 Alle Sch\u00e4den, die nicht auf einen Herstellungsfehler zur\u00fcckzuf\u00fchren sind.<\/p>\r\n\r\n\r\n\r\n<h2 class=\"wp-block-heading has-large-font-size\">Reparieren<\/h2>\r\n\r\n\r\n\r\n<p>Wir reparieren Ihre Produkte. Z\u00f6gern Sie nicht, uns zu kontaktieren, wenn die Garantie abgelaufen ist oder Sch\u00e4den durch unsachgem\u00e4\u00dfen Gebrauch entstanden sind.<\/p>\r\n\r\n\r\n\r\n<div class=\"wp-block-buttons is-content-justification-center is-layout-flex wp-container-core-buttons-is-layout-16018d1d wp-block-buttons-is-layout-flex\">\r\n<div class=\"wp-block-button\"><a class=\"wp-block-button__link wp-element-button\" href=\"https:\/\/www.lokefoil.com\/?page_id=870\">Erfahren Sie mehr<\/a><\/div>\r\n<\/div>\r\n","protected":false},"excerpt":{"rendered":"<p>F\u00fcr LOKEFOIL-Produkte gilt eine Garantie gem\u00e4\u00df den in Frankreich geltenden Gesetzen. Diese Garantie unterliegt den folgenden einschr\u00e4nkenden Klauseln: Die Garantie gilt nur, wenn das Produkt unter normalen Nutzungsbedingungen verwendet wird.LOKEFOIL beh\u00e4lt sich das Recht vor, durch eine Sichtpr\u00fcfung (Foto oder Sichtpr\u00fcfung des Materials), die den\/die Mangel(e) deutlich zeigt, selbst zu entscheiden, ob die Garantie gedeckt [&hellip;]<\/p>\n","protected":false},"author":1,"featured_media":0,"parent":0,"menu_order":0,"comment_status":"closed","ping_status":"closed","template":"","meta":{"_acf_changed":false,"footnotes":""},"class_list":["post-330","page","type-page","status-publish","hentry"],"acf":[],"yoast_head":"<!-- This site is optimized with the Yoast SEO Premium plugin v27.0 (Yoast SEO v27.1.1) - https:\/\/yoast.com\/product\/yoast-seo-premium-wordpress\/ -->\n<title>Garantien<\/title>\n<meta name=\"description\" content=\"F\u00fcr LOKEFOIL-Produkte gilt eine Garantie gem\u00e4\u00df den in Frankreich geltenden Gesetzen. Diese Garantie unterliegt den folgenden einschr\u00e4nkenden Klauseln: Die Garantie gilt nur, wenn das Produkt unter normalen Nutzungsbedingungen verwendet wird.LOKEFOIL beh\u00e4lt sich das Recht vor, durch eine Sichtpr\u00fcfung (Foto oder Sichtpr\u00fcfung des Materials), die den\/die Mangel(e) deutlich zeigt, selbst zu entscheiden, ob die Garantie gedeckt&hellip;\" \/>\n<meta name=\"robots\" content=\"index, follow, max-snippet:-1, max-image-preview:large, max-video-preview:-1\" \/>\n<link rel=\"canonical\" href=\"\" \/>\n<meta property=\"og:locale\" content=\"de_DE\" \/>\n<meta property=\"og:type\" content=\"article\" \/>\n<meta property=\"og:title\" content=\"Garantien\" \/>\n<meta property=\"og:description\" content=\"F\u00fcr LOKEFOIL-Produkte gilt eine Garantie gem\u00e4\u00df den in Frankreich geltenden Gesetzen. Diese Garantie unterliegt den folgenden einschr\u00e4nkenden Klauseln: Die Garantie gilt nur, wenn das Produkt unter normalen Nutzungsbedingungen verwendet wird.LOKEFOIL beh\u00e4lt sich das Recht vor, durch eine Sichtpr\u00fcfung (Foto oder Sichtpr\u00fcfung des Materials), die den\/die Mangel(e) deutlich zeigt, selbst zu entscheiden, ob die Garantie gedeckt&hellip;\" \/>\n<meta property=\"og:url\" content=\"https:\/\/www.lokefoil.com\/de\/garantien\/\" \/>\n<meta property=\"og:site_name\" content=\"LOKEFOIL\" \/>\n<meta property=\"article:modified_time\" content=\"2024-01-25T09:23:08+00:00\" \/>\n<meta name=\"twitter:card\" content=\"summary_large_image\" \/>\n<meta name=\"twitter:label1\" content=\"Gesch\u00e4tzte Lesezeit\" \/>\n\t<meta name=\"twitter:data1\" content=\"1\u00a0Minute\" \/>\n<script type=\"application\/ld+json\" class=\"yoast-schema-graph\">{\"@context\":\"https:\/\/schema.org\",\"@graph\":[{\"@type\":\"WebPage\",\"@id\":\"https:\/\/www.lokefoil.com\/de\/garantien\/\",\"url\":\"https:\/\/www.lokefoil.com\/de\/garantien\/\",\"name\":\"Garanties - LOKEFOIL\",\"isPartOf\":{\"@id\":\"https:\/\/www.lokefoil.com\/#website\"},\"datePublished\":\"2023-03-14T07:44:26+00:00\",\"dateModified\":\"2024-01-25T09:23:08+00:00\",\"breadcrumb\":{\"@id\":\"https:\/\/www.lokefoil.com\/de\/garantien\/#breadcrumb\"},\"inLanguage\":\"de\",\"potentialAction\":[{\"@type\":\"ReadAction\",\"target\":[\"https:\/\/www.lokefoil.com\/de\/garantien\/\"]}]},{\"@type\":\"BreadcrumbList\",\"@id\":\"https:\/\/www.lokefoil.com\/de\/garantien\/#breadcrumb\",\"itemListElement\":[{\"@type\":\"ListItem\",\"position\":1,\"name\":\"Tragfl\u00e4chenboote\",\"item\":\"https:\/\/www.lokefoil.com\/fr\/\"},{\"@type\":\"ListItem\",\"position\":2,\"name\":\"Garantien\"}]},{\"@type\":\"WebSite\",\"@id\":\"https:\/\/www.lokefoil.com\/de\/#website\",\"url\":\"https:\/\/www.lokefoil.com\/de\/\",\"name\":\"LOKEFOIL\",\"description\":\"Foils 100% Made in France\",\"publisher\":{\"@id\":\"https:\/\/www.lokefoil.com\/de\/#organization\"},\"potentialAction\":[{\"@type\":\"SearchAction\",\"target\":{\"@type\":\"EntryPoint\",\"urlTemplate\":\"https:\/\/www.lokefoil.com\/de\/?s={search_term_string}\"},\"query-input\":{\"@type\":\"PropertyValueSpecification\",\"valueRequired\":true,\"valueName\":\"search_term_string\"}}],\"inLanguage\":\"de\"},{\"@type\":\"Organization\",\"@id\":\"https:\/\/www.lokefoil.com\/de\/#organization\",\"name\":\"LOKEFOIL\",\"url\":\"https:\/\/www.lokefoil.com\/de\/\",\"logo\":{\"@type\":\"ImageObject\",\"inLanguage\":\"de\",\"@id\":\"https:\/\/www.lokefoil.com\/de\/#\/schema\/logo\/image\/\",\"url\":\"https:\/\/www.lokefoil.com\/wp-content\/uploads\/2025\/08\/logo-seo.png\",\"contentUrl\":\"https:\/\/www.lokefoil.com\/wp-content\/uploads\/2025\/08\/logo-seo.png\",\"width\":696,\"height\":696,\"caption\":\"LOKEFOIL\"},\"image\":{\"@id\":\"https:\/\/www.lokefoil.com\/de\/#\/schema\/logo\/image\/\"}}]}<\/script>\n<!-- \/ Yoast SEO Premium plugin. -->","yoast_head_json":{"title":"Garantien","description":"F\u00fcr LOKEFOIL-Produkte gilt eine Garantie gem\u00e4\u00df den in Frankreich geltenden Gesetzen. Diese Garantie unterliegt den folgenden einschr\u00e4nkenden Klauseln: Die Garantie gilt nur, wenn das Produkt unter normalen Nutzungsbedingungen verwendet wird.LOKEFOIL beh\u00e4lt sich das Recht vor, durch eine Sichtpr\u00fcfung (Foto oder Sichtpr\u00fcfung des Materials), die den\/die Mangel(e) deutlich zeigt, selbst zu entscheiden, ob die Garantie gedeckt&hellip;","robots":{"index":"index","follow":"follow","max-snippet":"max-snippet:-1","max-image-preview":"max-image-preview:large","max-video-preview":"max-video-preview:-1"},"canonical":"F\u00fcr LOKEFOIL-Produkte gilt eine Garantie gem\u00e4\u00df den in Frankreich geltenden Gesetzen. Diese Garantie unterliegt den folgenden einschr\u00e4nkenden Klauseln: Die Garantie gilt nur, wenn das Produkt unter normalen Nutzungsbedingungen verwendet wird.LOKEFOIL beh\u00e4lt sich das Recht vor, durch eine Sichtpr\u00fcfung (Foto oder Sichtpr\u00fcfung des Materials), die den\/die Mangel(e) deutlich zeigt, selbst zu entscheiden, ob die Garantie gedeckt&hellip;","og_locale":"de_DE","og_type":"article","og_title":"Garantien","og_description":"F\u00fcr LOKEFOIL-Produkte gilt eine Garantie gem\u00e4\u00df den in Frankreich geltenden Gesetzen. Diese Garantie unterliegt den folgenden einschr\u00e4nkenden Klauseln: Die Garantie gilt nur, wenn das Produkt unter normalen Nutzungsbedingungen verwendet wird.LOKEFOIL beh\u00e4lt sich das Recht vor, durch eine Sichtpr\u00fcfung (Foto oder Sichtpr\u00fcfung des Materials), die den\/die Mangel(e) deutlich zeigt, selbst zu entscheiden, ob die Garantie gedeckt&hellip;","og_url":"https:\/\/www.lokefoil.com\/de\/garantien\/","og_site_name":"LOKEFOIL","article_modified_time":"2024-01-25T09:23:08+00:00","twitter_card":"summary_large_image","twitter_misc":{"Gesch\u00e4tzte Lesezeit":"1\u00a0Minute"},"schema":{"@context":"https:\/\/schema.org","@graph":[{"@type":"WebPage","@id":"https:\/\/www.lokefoil.com\/de\/garantien\/","url":"https:\/\/www.lokefoil.com\/de\/garantien\/","name":"Garanties - LOKEFOIL","isPartOf":{"@id":"https:\/\/www.lokefoil.com\/#website"},"datePublished":"2023-03-14T07:44:26+00:00","dateModified":"2024-01-25T09:23:08+00:00","breadcrumb":{"@id":"https:\/\/www.lokefoil.com\/de\/garantien\/#breadcrumb"},"inLanguage":"de","potentialAction":[{"@type":"ReadAction","target":["https:\/\/www.lokefoil.com\/de\/garantien\/"]}]},{"@type":"BreadcrumbList","@id":"https:\/\/www.lokefoil.com\/de\/garantien\/#breadcrumb","itemListElement":[{"@type":"ListItem","position":1,"name":"Tragfl\u00e4chenboote","item":"https:\/\/www.lokefoil.com\/fr\/"},{"@type":"ListItem","position":2,"name":"Garantien"}]},{"@type":"WebSite","@id":"https:\/\/www.lokefoil.com\/de\/#website","url":"https:\/\/www.lokefoil.com\/de\/","name":"LOKEFOIL","description":"Foils 100% Made in France","publisher":{"@id":"https:\/\/www.lokefoil.com\/de\/#organization"},"potentialAction":[{"@type":"SearchAction","target":{"@type":"EntryPoint","urlTemplate":"https:\/\/www.lokefoil.com\/de\/?s={search_term_string}"},"query-input":{"@type":"PropertyValueSpecification","valueRequired":true,"valueName":"search_term_string"}}],"inLanguage":"de"},{"@type":"Organization","@id":"https:\/\/www.lokefoil.com\/de\/#organization","name":"LOKEFOIL","url":"https:\/\/www.lokefoil.com\/de\/","logo":{"@type":"ImageObject","inLanguage":"de","@id":"https:\/\/www.lokefoil.com\/de\/#\/schema\/logo\/image\/","url":"https:\/\/www.lokefoil.com\/wp-content\/uploads\/2025\/08\/logo-seo.png","contentUrl":"https:\/\/www.lokefoil.com\/wp-content\/uploads\/2025\/08\/logo-seo.png","width":696,"height":696,"caption":"LOKEFOIL"},"image":{"@id":"https:\/\/www.lokefoil.com\/de\/#\/schema\/logo\/image\/"}}]}},"_links":{"self":[{"href":"https:\/\/www.lokefoil.com\/de\/wp-json\/wp\/v2\/pages\/330","targetHints":{"allow":["GET"]}}],"collection":[{"href":"https:\/\/www.lokefoil.com\/de\/wp-json\/wp\/v2\/pages"}],"about":[{"href":"https:\/\/www.lokefoil.com\/de\/wp-json\/wp\/v2\/types\/page"}],"author":[{"embeddable":true,"href":"https:\/\/www.lokefoil.com\/de\/wp-json\/wp\/v2\/users\/1"}],"replies":[{"embeddable":true,"href":"https:\/\/www.lokefoil.com\/de\/wp-json\/wp\/v2\/comments?post=330"}],"version-history":[{"count":7,"href":"https:\/\/www.lokefoil.com\/de\/wp-json\/wp\/v2\/pages\/330\/revisions"}],"predecessor-version":[{"id":3384,"href":"https:\/\/www.lokefoil.com\/de\/wp-json\/wp\/v2\/pages\/330\/revisions\/3384"}],"wp:attachment":[{"href":"https:\/\/www.lokefoil.com\/de\/wp-json\/wp\/v2\/media?parent=330"}],"curies":[{"name":"wp","href":"https:\/\/api.w.org\/{rel}","templated":true}]}}